{"id":1922,"date":"2024-10-21T11:16:02","date_gmt":"2024-10-21T08:16:02","guid":{"rendered":"https:\/\/chromsword.com\/politica-de-privacidade\/"},"modified":"2025-10-24T10:48:27","modified_gmt":"2025-10-24T07:48:27","slug":"politica-de-privacidade","status":"publish","type":"page","link":"https:\/\/chromsword.com\/pt-pt\/politica-de-privacidade\/","title":{"rendered":"Pol\u00edtica de privacidade"},"content":{"rendered":"\t\t<div data-elementor-type=\"wp-page\" data-elementor-id=\"1922\" class=\"elementor elementor-1922 elementor-3\" data-elementor-post-type=\"page\">\n\t\t\t\t<section class=\"elementor-element elementor-element-fe976aa e-flex e-con-boxed e-con e-parent\" data-id=\"fe976aa\" data-element_type=\"container\" data-e-type=\"container\">\n\t\t\t\t\t<div class=\"e-con-inner\">\n\t\t<div class=\"elementor-element elementor-element-a11d008 e-con-full e-flex e-con e-child\" data-id=\"a11d008\" data-element_type=\"container\" data-e-type=\"container\">\n\t\t<div class=\"elementor-element elementor-element-96545d5 e-con-full e-flex e-con e-child\" data-id=\"96545d5\" data-element_type=\"container\" data-e-type=\"container\">\n\t\t<div class=\"elementor-element elementor-element-e3b66fd e-con-full e-flex e-con e-child\" data-id=\"e3b66fd\" data-element_type=\"container\" data-e-type=\"container\">\n\t\t\t\t<div class=\"elementor-element elementor-element-4244a26 elementor-widget elementor-widget-heading\" data-id=\"4244a26\" data-element_type=\"widget\" data-e-type=\"widget\" data-widget_type=\"heading.default\">\n\t\t\t\t\t<h1 class=\"elementor-heading-title elementor-size-default\">Pol\u00edtica de privacidade<\/h1>\t\t\t\t<\/div>\n\t\t\t\t<div class=\"elementor-element elementor-element-c5e40ec elementor-widget elementor-widget-text-editor\" data-id=\"c5e40ec\" data-element_type=\"widget\" data-e-type=\"widget\" data-widget_type=\"text-editor.default\">\n\t\t\t\t\t\t\t\t\t<p>Data efectiva: 04 de julho de 2018<br><br>A ChromSword (&#8220;n\u00f3s&#8221;, &#8220;n\u00f3s&#8221;, ou &#8220;nosso&#8221;) opera o s\u00edtio Web www.chromsword.com (o &#8220;Servi\u00e7o&#8221;).<br><br>Esta p\u00e1gina informa-o sobre as nossas pol\u00edticas relativas \u00e0 recolha, utiliza\u00e7\u00e3o e divulga\u00e7\u00e3o de dados pessoais quando utiliza o nosso Servi\u00e7o e as op\u00e7\u00f5es que tem associadas a esses dados.<br><br>Utilizamos os seus dados para fornecer e melhorar o Servi\u00e7o. Ao utilizar o Servi\u00e7o, concorda com a recolha e utiliza\u00e7\u00e3o de informa\u00e7\u00f5es de acordo com esta pol\u00edtica. Salvo defini\u00e7\u00e3o em contr\u00e1rio na presente Pol\u00edtica de privacidade, os termos utilizados na presente Pol\u00edtica de privacidade t\u00eam o mesmo significado que nos nossos Termos e condi\u00e7\u00f5es, acess\u00edveis em <a href=\"https:\/\/chromsword.com\/pt-pt\/\">www.chromsword.com<\/a>  <\/p>\t\t\t\t\t\t\t\t<\/div>\n\t\t\t\t<\/div>\n\t\t\t\t<\/div>\n\t\t<div class=\"elementor-element elementor-element-f48391d e-con-full e-flex e-con e-child\" data-id=\"f48391d\" data-element_type=\"container\" data-e-type=\"container\">\n\t\t<div class=\"elementor-element elementor-element-7caf00a e-con-full e-flex e-con e-child\" data-id=\"7caf00a\" data-element_type=\"container\" data-e-type=\"container\">\n\t\t\t\t<div class=\"elementor-element elementor-element-29293d4 elementor-widget elementor-widget-heading\" data-id=\"29293d4\" data-element_type=\"widget\" data-e-type=\"widget\" data-widget_type=\"heading.default\">\n\t\t\t\t\t<h3 class=\"elementor-heading-title elementor-size-default\">Recolha e utiliza\u00e7\u00e3o de informa\u00e7\u00f5es<\/h3>\t\t\t\t<\/div>\n\t\t\t\t<div class=\"elementor-element elementor-element-b23b13c elementor-widget elementor-widget-text-editor\" data-id=\"b23b13c\" data-element_type=\"widget\" data-e-type=\"widget\" data-widget_type=\"text-editor.default\">\n\t\t\t\t\t\t\t\t\t<p>Recolhemos v\u00e1rios tipos diferentes de informa\u00e7\u00f5es para v\u00e1rios fins, a fim de fornecer e melhorar o nosso Servi\u00e7o para si.<\/p>\t\t\t\t\t\t\t\t<\/div>\n\t\t\t\t<\/div>\n\t\t<div class=\"elementor-element elementor-element-7dc5be5 e-con-full e-flex e-con e-child\" data-id=\"7dc5be5\" data-element_type=\"container\" data-e-type=\"container\">\n\t\t\t\t<div class=\"elementor-element elementor-element-9affcce elementor-widget elementor-widget-heading\" data-id=\"9affcce\" data-element_type=\"widget\" data-e-type=\"widget\" data-widget_type=\"heading.default\">\n\t\t\t\t\t<h4 class=\"elementor-heading-title elementor-size-default\">Tipos de dados recolhidos<\/h4>\t\t\t\t<\/div>\n\t\t\t\t<div class=\"elementor-element elementor-element-0d14bfd elementor-widget elementor-widget-text-editor\" data-id=\"0d14bfd\" data-element_type=\"widget\" data-e-type=\"widget\" data-widget_type=\"text-editor.default\">\n\t\t\t\t\t\t\t\t\t<div class=\"sub-section\">\n<h4 class=\"h-6\">Dados pessoais<\/h4>\n<p class=\"p-5\">Ao utilizar o nosso Servi\u00e7o, podemos pedir-lhe que nos forne\u00e7a determinadas informa\u00e7\u00f5es de identifica\u00e7\u00e3o pessoal que podem ser utilizadas para o contactar ou identificar (&#8220;Dados Pessoais&#8221;). As informa\u00e7\u00f5es de identifica\u00e7\u00e3o pessoal podem incluir, mas n\u00e3o se limitam a: <\/p>\n<div class=\"points\">\n<div class=\"point-container\">\n<ul>\n<li>Endere\u00e7o de correio eletr\u00f3nico<\/li>\n<li>Nome pr\u00f3prio e apelido<\/li>\n<li>N\u00famero de telefone<\/li>\n<li>Cookies e dados de utiliza\u00e7\u00e3o<\/li>\n<\/ul>\n<\/div>\n<\/div>\n<\/div>\n<div class=\"sub-section\">\n<h4> <\/h4>\n<h4 class=\"h-6\">Dados de utiliza\u00e7\u00e3o<\/h4>\n<p class=\"p-5\">Tamb\u00e9m podemos recolher informa\u00e7\u00f5es sobre a forma como o Servi\u00e7o \u00e9 acedido e utilizado (&#8220;Dados de utiliza\u00e7\u00e3o&#8221;). Estes Dados de Utiliza\u00e7\u00e3o podem incluir informa\u00e7\u00f5es como o endere\u00e7o de Protocolo de Internet do seu computador (por exemplo, endere\u00e7o IP), tipo de browser, vers\u00e3o do browser, as p\u00e1ginas do nosso Servi\u00e7o que visita, a hora e a data da sua visita, o tempo passado nessas p\u00e1ginas, identificadores \u00fanicos de dispositivos e outros dados de diagn\u00f3stico. <\/p>\n<\/div>\n<div class=\"sub-section\">\n<h4> <\/h4>\n<h4 class=\"h-6\">Dados de rastreio e cookies<\/h4>\n<p class=\"p-5\">Utilizamos cookies e tecnologias de rastreio semelhantes para rastrear a atividade no nosso Servi\u00e7o e guardar determinadas informa\u00e7\u00f5es.<br><br>Os cookies s\u00e3o ficheiros com uma pequena quantidade de dados que podem incluir um identificador \u00fanico an\u00f3nimo. Os cookies s\u00e3o enviados para o seu browser a partir de um s\u00edtio Web e armazenados no seu dispositivo. As tecnologias de rastreio tamb\u00e9m utilizadas s\u00e3o beacons, tags e scripts para recolher e rastrear informa\u00e7\u00f5es e para melhorar e analisar o nosso Servi\u00e7o.  <br><br>Pode dar instru\u00e7\u00f5es ao seu browser para recusar todos os cookies ou para indicar quando um cookie est\u00e1 a ser enviado. No entanto, se n\u00e3o aceitar cookies, poder\u00e1 n\u00e3o conseguir utilizar algumas partes do nosso Servi\u00e7o. <br><br>Exemplos de cookies que utilizamos:<\/p>\n<div class=\"points\">\n<div class=\"point-container\">\n<ul>\n<li class=\"p-5 point-text\"><span class=\"bold\">Cookies de sess\u00e3o.  <\/span>Utilizamos cookies de sess\u00e3o para operar o nosso Servi\u00e7o.<\/li>\n<li class=\"p-5 point-text\">Cookies de prefer\u00eancia. Utilizamos cookies de prefer\u00eancia para recordar as suas prefer\u00eancias e v\u00e1rias defini\u00e7\u00f5es. <\/li>\n<li class=\"p-5 point-text\">Cookies de seguran\u00e7a. Utilizamos cookies de seguran\u00e7a para fins de seguran\u00e7a. <\/li>\n<\/ul>\n<\/div>\n<\/div>\n<\/div>\t\t\t\t\t\t\t\t<\/div>\n\t\t\t\t<\/div>\n\t\t<div class=\"elementor-element elementor-element-8d0ee01 e-con-full e-flex e-con e-child\" data-id=\"8d0ee01\" data-element_type=\"container\" data-e-type=\"container\">\n\t\t\t\t<div class=\"elementor-element elementor-element-76b6e22 elementor-widget elementor-widget-heading\" data-id=\"76b6e22\" data-element_type=\"widget\" data-e-type=\"widget\" data-widget_type=\"heading.default\">\n\t\t\t\t\t<h4 class=\"elementor-heading-title elementor-size-default\">Utiliza\u00e7\u00e3o dos dados<\/h4>\t\t\t\t<\/div>\n\t\t\t\t<div class=\"elementor-element elementor-element-da3d924 elementor-widget elementor-widget-text-editor\" data-id=\"da3d924\" data-element_type=\"widget\" data-e-type=\"widget\" data-widget_type=\"text-editor.default\">\n\t\t\t\t\t\t\t\t\t<div class=\"sub-section\">\n<p class=\"p-4\">A ChromSword utiliza os dados recolhidos para v\u00e1rios fins:<\/p>\n<div class=\"points\">\n<div class=\"point-container\">\n<ul>\n<li class=\"par-2 point-text\">Para fornecer e manter o Servi\u00e7o<\/li>\n<li class=\"par-2 point-text\">Para o notificar sobre altera\u00e7\u00f5es ao nosso Servi\u00e7o<\/li>\n<li class=\"par-2 point-text\">Para lhe permitir participar em funcionalidades interactivas do nosso Servi\u00e7o, quando assim o desejar<\/li>\n<li class=\"par-2 point-text\">Para prestar assist\u00eancia e apoio ao cliente<\/li>\n<li class=\"par-2 point-text\">Para fornecer an\u00e1lises ou informa\u00e7\u00f5es valiosas para que possamos melhorar o Servi\u00e7o<\/li>\n<li class=\"par-2 point-text\">Para monitorizar a utiliza\u00e7\u00e3o do Servi\u00e7o<\/li>\n<li class=\"par-2 point-text\">Para detetar, prevenir e resolver problemas t\u00e9cnicos<\/li>\n<\/ul>\n<\/div>\n<\/div>\n<\/div>\t\t\t\t\t\t\t\t<\/div>\n\t\t\t\t<\/div>\n\t\t<div class=\"elementor-element elementor-element-6b22c52 e-con-full e-flex e-con e-child\" data-id=\"6b22c52\" data-element_type=\"container\" data-e-type=\"container\">\n\t\t\t\t<div class=\"elementor-element elementor-element-a8c645c elementor-widget elementor-widget-heading\" data-id=\"a8c645c\" data-element_type=\"widget\" data-e-type=\"widget\" data-widget_type=\"heading.default\">\n\t\t\t\t\t<h4 class=\"elementor-heading-title elementor-size-default\">Transfer\u00eancia de dados<\/h4>\t\t\t\t<\/div>\n\t\t\t\t<div class=\"elementor-element elementor-element-3e2369f elementor-widget elementor-widget-text-editor\" data-id=\"3e2369f\" data-element_type=\"widget\" data-e-type=\"widget\" data-widget_type=\"text-editor.default\">\n\t\t\t\t\t\t\t\t\t<div class=\"sub-section\">\n<p class=\"p-4\">As suas informa\u00e7\u00f5es, incluindo Dados Pessoais, podem ser transferidas para &#8211; e mantidas em &#8211; computadores localizados fora do seu estado, prov\u00edncia, pa\u00eds ou outra jurisdi\u00e7\u00e3o governamental, onde as leis de prote\u00e7\u00e3o de dados podem ser diferentes das da sua jurisdi\u00e7\u00e3o.<br><br>Se estiver localizado fora da Let\u00f3nia e optar por nos fornecer informa\u00e7\u00f5es, tenha em aten\u00e7\u00e3o que transferimos os dados, incluindo os dados pessoais, para a Let\u00f3nia e processamo-los a\u00ed.<br><br>O seu consentimento para esta Pol\u00edtica de Privacidade, seguido do envio de tais informa\u00e7\u00f5es, representa o seu acordo com essa transfer\u00eancia.<br><br>A ChromSword tomar\u00e1 todas as medidas razoavelmente necess\u00e1rias para garantir que os seus dados s\u00e3o tratados de forma segura e de acordo com esta Pol\u00edtica de Privacidade e nenhuma transfer\u00eancia dos seus Dados Pessoais ter\u00e1 lugar para uma organiza\u00e7\u00e3o ou um pa\u00eds, a menos que existam controlos adequados em vigor, incluindo a seguran\u00e7a dos seus dados e outras informa\u00e7\u00f5es pessoais.<\/p>\n<\/div>\t\t\t\t\t\t\t\t<\/div>\n\t\t\t\t<\/div>\n\t\t<div class=\"elementor-element elementor-element-5339c36 e-con-full e-flex e-con e-child\" data-id=\"5339c36\" data-element_type=\"container\" data-e-type=\"container\">\n\t\t\t\t<div class=\"elementor-element elementor-element-7eb347e elementor-widget elementor-widget-heading\" data-id=\"7eb347e\" data-element_type=\"widget\" data-e-type=\"widget\" data-widget_type=\"heading.default\">\n\t\t\t\t\t<h4 class=\"elementor-heading-title elementor-size-default\">Divulga\u00e7\u00e3o de dados<\/h4>\t\t\t\t<\/div>\n\t\t\t\t<div class=\"elementor-element elementor-element-5f1a34e elementor-widget elementor-widget-text-editor\" data-id=\"5f1a34e\" data-element_type=\"widget\" data-e-type=\"widget\" data-widget_type=\"text-editor.default\">\n\t\t\t\t\t\t\t\t\t<div class=\"sub-section\">\n<p class=\"p-4\">A ChromSword pode divulgar os seus Dados Pessoais na cren\u00e7a de boa f\u00e9 de que tal a\u00e7\u00e3o \u00e9 necess\u00e1ria para:<\/p>\n<h4 class=\"h-5\">Requisitos legais<\/h4>\n<div class=\"points\">\n<div class=\"point-container\">\n<ul>\n<li class=\"par-2 point-text\">Para cumprir uma obriga\u00e7\u00e3o legal<\/li>\n<li class=\"par-2 point-text\">Para proteger e defender os direitos ou a propriedade da ChromSword<\/li>\n<li class=\"par-2 point-text\">Para prevenir ou investigar poss\u00edveis infrac\u00e7\u00f5es relacionadas com o Servi\u00e7o<\/li>\n<li class=\"par-2 point-text\">Para proteger a seguran\u00e7a pessoal dos utilizadores do Servi\u00e7o ou do p\u00fablico<\/li>\n<li class=\"par-2 point-text\">Para prote\u00e7\u00e3o contra responsabilidade legal<\/li>\n<\/ul>\n<\/div>\n<\/div>\n<\/div>\t\t\t\t\t\t\t\t<\/div>\n\t\t\t\t<\/div>\n\t\t<div class=\"elementor-element elementor-element-b849f4a e-con-full e-flex e-con e-child\" data-id=\"b849f4a\" data-element_type=\"container\" data-e-type=\"container\">\n\t\t\t\t<div class=\"elementor-element elementor-element-808a891 elementor-widget elementor-widget-heading\" data-id=\"808a891\" data-element_type=\"widget\" data-e-type=\"widget\" data-widget_type=\"heading.default\">\n\t\t\t\t\t<h4 class=\"elementor-heading-title elementor-size-default\">Seguran\u00e7a dos dados<\/h4>\t\t\t\t<\/div>\n\t\t\t\t<div class=\"elementor-element elementor-element-ab63812 elementor-widget elementor-widget-text-editor\" data-id=\"ab63812\" data-element_type=\"widget\" data-e-type=\"widget\" data-widget_type=\"text-editor.default\">\n\t\t\t\t\t\t\t\t\t<div class=\"sub-section\">\n<p class=\"p-4\">A seguran\u00e7a dos seus dados \u00e9 importante para n\u00f3s, mas lembre-se que nenhum m\u00e9todo de transmiss\u00e3o atrav\u00e9s da Internet ou m\u00e9todo de armazenamento eletr\u00f3nico \u00e9 100% seguro. Embora nos esforcemos por utilizar meios comercialmente aceit\u00e1veis para proteger os seus Dados Pessoais, n\u00e3o podemos garantir a sua seguran\u00e7a absoluta. <\/p>\n<\/div>\t\t\t\t\t\t\t\t<\/div>\n\t\t\t\t<\/div>\n\t\t<div class=\"elementor-element elementor-element-acc091f e-con-full e-flex e-con e-child\" data-id=\"acc091f\" data-element_type=\"container\" data-e-type=\"container\">\n\t\t\t\t<div class=\"elementor-element elementor-element-21e8b8e elementor-widget elementor-widget-heading\" data-id=\"21e8b8e\" data-element_type=\"widget\" data-e-type=\"widget\" data-widget_type=\"heading.default\">\n\t\t\t\t\t<h4 class=\"elementor-heading-title elementor-size-default\">Prestadores de servi\u00e7os<\/h4>\t\t\t\t<\/div>\n\t\t\t\t<div class=\"elementor-element elementor-element-e8c320c elementor-widget elementor-widget-text-editor\" data-id=\"e8c320c\" data-element_type=\"widget\" data-e-type=\"widget\" data-widget_type=\"text-editor.default\">\n\t\t\t\t\t\t\t\t\t<div class=\"sub-section\">\n<p class=\"p-4\">Podemos empregar empresas e indiv\u00edduos terceiros para facilitar o nosso Servi\u00e7o (&#8220;Fornecedores de Servi\u00e7os&#8221;), para fornecer o Servi\u00e7o em nosso nome, para executar servi\u00e7os relacionados com o Servi\u00e7o ou para nos ajudar a analisar a forma como o nosso Servi\u00e7o \u00e9 utilizado.<br><br>Estes terceiros t\u00eam acesso aos seus Dados Pessoais apenas para executar estas tarefas em nosso nome e s\u00e3o obrigados a n\u00e3o os divulgar ou utilizar para qualquer outro fim.<\/p>\n<p> <\/p>\n<h4 class=\"h-5\">An\u00e1lises<\/h4>\n<p class=\"par-2\">Poderemos utilizar fornecedores de servi\u00e7os terceiros para monitorizar e analisar a utiliza\u00e7\u00e3o do nosso Servi\u00e7o.<\/p>\n<div class=\"points\">\n<div class=\"point-container\">\n<ul>\n<li class=\"par-2 point-text bold\">Google Analytics<br><br>O Google Analytics \u00e9 um servi\u00e7o de an\u00e1lise da Web oferecido pela Google que rastreia e comunica o tr\u00e1fego do Web site. A Google utiliza os dados recolhidos para acompanhar e monitorizar a utiliza\u00e7\u00e3o do nosso Servi\u00e7o. Estes dados s\u00e3o partilhados com outros servi\u00e7os da Google. A Google pode utilizar os dados recolhidos para contextualizar e personalizar os an\u00fancios da sua pr\u00f3pria rede de publicidade.   <br><br>Pode optar por n\u00e3o disponibilizar a sua atividade no Servi\u00e7o ao Google Analytics instalando o complemento do navegador para exclus\u00e3o do Google Analytics. O add-on impede que o JavaScript do Google Analytics (ga.js, analytics.js e dc.js) partilhe informa\u00e7\u00f5es com o Google Analytics sobre a atividade das visitas. <br><br>Para obter mais informa\u00e7\u00f5es sobre as pr\u00e1ticas de privacidade da Google, visite a p\u00e1gina Web Privacidade e Termos da Google: <a href=\"https:\/\/policies.google.com\/privacy\" target=\"_blank\" rel=\"noopener nofollow\">https:\/\/policies.google.com\/privacy<\/a><\/li>\n<\/ul>\n<\/div>\n<\/div>\n<\/div>\t\t\t\t\t\t\t\t<\/div>\n\t\t\t\t<\/div>\n\t\t<div class=\"elementor-element elementor-element-a4e0a5b e-con-full e-flex e-con e-child\" data-id=\"a4e0a5b\" data-element_type=\"container\" data-e-type=\"container\">\n\t\t\t\t<div class=\"elementor-element elementor-element-548070c elementor-widget elementor-widget-heading\" data-id=\"548070c\" data-element_type=\"widget\" data-e-type=\"widget\" data-widget_type=\"heading.default\">\n\t\t\t\t\t<h4 class=\"elementor-heading-title elementor-size-default\">Liga\u00e7\u00f5es para outros s\u00edtios<\/h4>\t\t\t\t<\/div>\n\t\t\t\t<div class=\"elementor-element elementor-element-e142022 elementor-widget elementor-widget-text-editor\" data-id=\"e142022\" data-element_type=\"widget\" data-e-type=\"widget\" data-widget_type=\"text-editor.default\">\n\t\t\t\t\t\t\t\t\t<div class=\"sub-section\">\n<p class=\"p-4\">O nosso Servi\u00e7o pode conter liga\u00e7\u00f5es para outros sites que n\u00e3o s\u00e3o operados por n\u00f3s. Se clicar numa liga\u00e7\u00e3o de terceiros, ser\u00e1 direcionado para o site desses terceiros. Aconselhamo-lo vivamente a rever a Pol\u00edtica de Privacidade de todos os sites que visitar.  <br><br>N\u00e3o temos qualquer controlo e n\u00e3o assumimos qualquer responsabilidade pelo conte\u00fado, pol\u00edticas de privacidade ou pr\u00e1ticas de quaisquer sites ou servi\u00e7os de terceiros.<\/p>\n<div class=\"points\">\n<div class=\"point-container\"> <\/div>\n<\/div>\n<\/div>\t\t\t\t\t\t\t\t<\/div>\n\t\t\t\t<\/div>\n\t\t<div class=\"elementor-element elementor-element-e18b5f0 e-con-full e-flex e-con e-child\" data-id=\"e18b5f0\" data-element_type=\"container\" data-e-type=\"container\">\n\t\t\t\t<div class=\"elementor-element elementor-element-a404ed8 elementor-widget elementor-widget-heading\" data-id=\"a404ed8\" data-element_type=\"widget\" data-e-type=\"widget\" data-widget_type=\"heading.default\">\n\t\t\t\t\t<h4 class=\"elementor-heading-title elementor-size-default\">Privacidade das crian\u00e7as<\/h4>\t\t\t\t<\/div>\n\t\t\t\t<div class=\"elementor-element elementor-element-c9413b1 elementor-widget elementor-widget-text-editor\" data-id=\"c9413b1\" data-element_type=\"widget\" data-e-type=\"widget\" data-widget_type=\"text-editor.default\">\n\t\t\t\t\t\t\t\t\t<div class=\"sub-section\">\n<p class=\"p-4\">O nosso Servi\u00e7o n\u00e3o se dirige a pessoas com menos de 18 anos (&#8220;Crian\u00e7as&#8221;).<br><br>N\u00e3o recolhemos intencionalmente informa\u00e7\u00f5es de identifica\u00e7\u00e3o pessoal de pessoas com idade inferior a 18 anos. Se for pai ou tutor e tiver conhecimento de que os seus filhos nos forneceram dados pessoais, contacte-nos. Se tivermos conhecimento de que recolhemos Dados Pessoais de crian\u00e7as sem verifica\u00e7\u00e3o do consentimento parental, tomaremos medidas para remover essas informa\u00e7\u00f5es dos nossos servidores.  <\/p>\n<\/div>\t\t\t\t\t\t\t\t<\/div>\n\t\t\t\t<\/div>\n\t\t<div class=\"elementor-element elementor-element-1ee43bf e-con-full e-flex e-con e-child\" data-id=\"1ee43bf\" data-element_type=\"container\" data-e-type=\"container\">\n\t\t\t\t<div class=\"elementor-element elementor-element-6d6df0b elementor-widget elementor-widget-heading\" data-id=\"6d6df0b\" data-element_type=\"widget\" data-e-type=\"widget\" data-widget_type=\"heading.default\">\n\t\t\t\t\t<h4 class=\"elementor-heading-title elementor-size-default\">Altera\u00e7\u00f5es a esta pol\u00edtica de privacidade<\/h4>\t\t\t\t<\/div>\n\t\t\t\t<div class=\"elementor-element elementor-element-f5a6090 elementor-widget elementor-widget-text-editor\" data-id=\"f5a6090\" data-element_type=\"widget\" data-e-type=\"widget\" data-widget_type=\"text-editor.default\">\n\t\t\t\t\t\t\t\t\t<div class=\"sub-section\">\n<p class=\"p-4\">Poderemos atualizar a nossa Pol\u00edtica de Privacidade periodicamente. Notific\u00e1-lo-emos de quaisquer altera\u00e7\u00f5es, publicando a nova Pol\u00edtica de Privacidade nesta p\u00e1gina. <br><br>Inform\u00e1-lo-emos por e-mail e\/ou atrav\u00e9s de um aviso destacado no nosso Servi\u00e7o, antes de a altera\u00e7\u00e3o entrar em vigor e actualizaremos a &#8220;data efectiva&#8221; no topo desta Pol\u00edtica de Privacidade.<br><br>Aconselhamo-lo a rever periodicamente esta Pol\u00edtica de Privacidade para verificar se existem altera\u00e7\u00f5es. As altera\u00e7\u00f5es a esta Pol\u00edtica de Privacidade entram em vigor quando s\u00e3o publicadas nesta p\u00e1gina. <\/p>\n<\/div>\t\t\t\t\t\t\t\t<\/div>\n\t\t\t\t<\/div>\n\t\t\t\t<\/div>\n\t\t\t\t<\/div>\n\t\t\t\t\t<\/div>\n\t\t\t\t<\/section>\n\t\t\t\t<\/div>\n\t\t","protected":false},"excerpt":{"rendered":"<p>Data efectiva: 04 de julho de 2018 A ChromSword (&#8220;n\u00f3s&#8221;, &#8220;n\u00f3s&#8221;, ou &#8220;nosso&#8221;) opera o s\u00edtio Web www.chromsword.com (o &#8220;Servi\u00e7o&#8221;). Esta p\u00e1gina informa-o sobre as nossas pol\u00edticas relativas \u00e0 recolha, utiliza\u00e7\u00e3o e divulga\u00e7\u00e3o de dados pessoais quando utiliza o nosso Servi\u00e7o e as op\u00e7\u00f5es que tem associadas a esses dados. Utilizamos os seus dados para [&hellip;]<\/p>\n","protected":false},"author":1,"featured_media":0,"parent":0,"menu_order":0,"comment_status":"closed","ping_status":"open","template":"","meta":{"_acf_changed":false,"inline_featured_image":false,"footnotes":""},"class_list":["post-1922","page","type-page","status-publish","hentry"],"acf":[],"_links":{"self":[{"href":"https:\/\/chromsword.com\/pt-pt\/wp-json\/wp\/v2\/pages\/1922","targetHints":{"allow":["GET"]}}],"collection":[{"href":"https:\/\/chromsword.com\/pt-pt\/wp-json\/wp\/v2\/pages"}],"about":[{"href":"https:\/\/chromsword.com\/pt-pt\/wp-json\/wp\/v2\/types\/page"}],"author":[{"embeddable":true,"href":"https:\/\/chromsword.com\/pt-pt\/wp-json\/wp\/v2\/users\/1"}],"replies":[{"embeddable":true,"href":"https:\/\/chromsword.com\/pt-pt\/wp-json\/wp\/v2\/comments?post=1922"}],"version-history":[{"count":2,"href":"https:\/\/chromsword.com\/pt-pt\/wp-json\/wp\/v2\/pages\/1922\/revisions"}],"predecessor-version":[{"id":2032,"href":"https:\/\/chromsword.com\/pt-pt\/wp-json\/wp\/v2\/pages\/1922\/revisions\/2032"}],"wp:attachment":[{"href":"https:\/\/chromsword.com\/pt-pt\/wp-json\/wp\/v2\/media?parent=1922"}],"curies":[{"name":"wp","href":"https:\/\/api.w.org\/{rel}","templated":true}]}}