{"id":1592,"date":"2024-10-25T15:04:52","date_gmt":"2024-10-25T12:04:52","guid":{"rendered":"https:\/\/chromsword.com\/produtos\/reportviewer\/"},"modified":"2025-10-24T09:51:55","modified_gmt":"2025-10-24T06:51:55","slug":"reportviewer","status":"publish","type":"page","link":"https:\/\/chromsword.com\/pt-pt\/produtos\/reportviewer\/","title":{"rendered":"ReportViewer"},"content":{"rendered":"\t\t<div data-elementor-type=\"wp-page\" data-elementor-id=\"1592\" class=\"elementor elementor-1592 elementor-452\" data-elementor-post-type=\"page\">\n\t\t\t\t<section class=\"elementor-element elementor-element-08f0ab4 e-flex e-con-boxed e-con e-parent\" data-id=\"08f0ab4\" data-element_type=\"container\" data-e-type=\"container\" data-settings=\"{&quot;background_background&quot;:&quot;gradient&quot;}\">\n\t\t\t\t\t<div class=\"e-con-inner\">\n\t\t<div class=\"elementor-element elementor-element-d7880f7 e-con-full e-flex e-con e-child\" data-id=\"d7880f7\" data-element_type=\"container\" data-e-type=\"container\">\n\t\t<div class=\"elementor-element elementor-element-982ac6b e-con-full e-flex e-con e-child\" data-id=\"982ac6b\" data-element_type=\"container\" data-e-type=\"container\">\n\t\t<div class=\"elementor-element elementor-element-b2e5762 e-con-full e-flex e-con e-child\" data-id=\"b2e5762\" data-element_type=\"container\" data-e-type=\"container\">\n\t\t\t\t<div class=\"elementor-element elementor-element-3b2b482 elementor-widget elementor-widget-heading\" data-id=\"3b2b482\" data-element_type=\"widget\" data-e-type=\"widget\" data-widget_type=\"heading.default\">\n\t\t\t\t\t<h1 class=\"elementor-heading-title elementor-size-default\">ReportViewer<\/h1>\t\t\t\t<\/div>\n\t\t\t\t<div class=\"elementor-element elementor-element-5bc56ce elementor-widget elementor-widget-heading\" data-id=\"5bc56ce\" data-element_type=\"widget\" data-e-type=\"widget\" data-widget_type=\"heading.default\">\n\t\t\t\t\t<h3 class=\"elementor-heading-title elementor-size-default\">Navegue seus dados com mais efici\u00eancia e prepare relat\u00f3rios personalizados<\/h3>\t\t\t\t<\/div>\n\t\t\t\t<div class=\"elementor-element elementor-element-f316b23 elementor-tablet-align-center elementor-icon-list--layout-traditional elementor-list-item-link-full_width elementor-widget elementor-widget-icon-list\" data-id=\"f316b23\" data-element_type=\"widget\" data-e-type=\"widget\" data-widget_type=\"icon-list.default\">\n\t\t\t\t\t\t\t<ul class=\"elementor-icon-list-items\">\n\t\t\t\t\t\t\t<li class=\"elementor-icon-list-item\">\n\t\t\t\t\t\t\t\t\t\t\t<span class=\"elementor-icon-list-icon\">\n\t\t\t\t\t\t\t<svg aria-hidden=\"true\" class=\"e-font-icon-svg e-fas-angle-right\" viewBox=\"0 0 256 512\" xmlns=\"http:\/\/www.w3.org\/2000\/svg\"><path d=\"M224.3 273l-136 136c-9.4 9.4-24.6 9.4-33.9 0l-22.6-22.6c-9.4-9.4-9.4-24.6 0-33.9l96.4-96.4-96.4-96.4c-9.4-9.4-9.4-24.6 0-33.9L54.3 103c9.4-9.4 24.6-9.4 33.9 0l136 136c9.5 9.4 9.5 24.6.1 34z\"><\/path><\/svg>\t\t\t\t\t\t<\/span>\n\t\t\t\t\t\t\t\t\t\t<span class=\"elementor-icon-list-text\">Relat\u00f3rios universais para todos os sistemas de dados<\/span>\n\t\t\t\t\t\t\t\t\t<\/li>\n\t\t\t\t\t\t\t\t<li class=\"elementor-icon-list-item\">\n\t\t\t\t\t\t\t\t\t\t\t<span class=\"elementor-icon-list-icon\">\n\t\t\t\t\t\t\t<svg aria-hidden=\"true\" class=\"e-font-icon-svg e-fas-angle-right\" viewBox=\"0 0 256 512\" xmlns=\"http:\/\/www.w3.org\/2000\/svg\"><path d=\"M224.3 273l-136 136c-9.4 9.4-24.6 9.4-33.9 0l-22.6-22.6c-9.4-9.4-9.4-24.6 0-33.9l96.4-96.4-96.4-96.4c-9.4-9.4-9.4-24.6 0-33.9L54.3 103c9.4-9.4 24.6-9.4 33.9 0l136 136c9.5 9.4 9.5 24.6.1 34z\"><\/path><\/svg>\t\t\t\t\t\t<\/span>\n\t\t\t\t\t\t\t\t\t\t<span class=\"elementor-icon-list-text\">Caracter\u00edsticas \u00fanicas para an\u00e1lise espectral<\/span>\n\t\t\t\t\t\t\t\t\t<\/li>\n\t\t\t\t\t\t\t\t<li class=\"elementor-icon-list-item\">\n\t\t\t\t\t\t\t\t\t\t\t<span class=\"elementor-icon-list-icon\">\n\t\t\t\t\t\t\t<svg aria-hidden=\"true\" class=\"e-font-icon-svg e-fas-angle-right\" viewBox=\"0 0 256 512\" xmlns=\"http:\/\/www.w3.org\/2000\/svg\"><path d=\"M224.3 273l-136 136c-9.4 9.4-24.6 9.4-33.9 0l-22.6-22.6c-9.4-9.4-9.4-24.6 0-33.9l96.4-96.4-96.4-96.4c-9.4-9.4-9.4-24.6 0-33.9L54.3 103c9.4-9.4 24.6-9.4 33.9 0l136 136c9.5 9.4 9.5 24.6.1 34z\"><\/path><\/svg>\t\t\t\t\t\t<\/span>\n\t\t\t\t\t\t\t\t\t\t<span class=\"elementor-icon-list-text\">Suporte ao processo AQbD<\/span>\n\t\t\t\t\t\t\t\t\t<\/li>\n\t\t\t\t\t\t\t\t<li class=\"elementor-icon-list-item\">\n\t\t\t\t\t\t\t\t\t\t\t<span class=\"elementor-icon-list-icon\">\n\t\t\t\t\t\t\t<svg aria-hidden=\"true\" class=\"e-font-icon-svg e-fas-angle-right\" viewBox=\"0 0 256 512\" xmlns=\"http:\/\/www.w3.org\/2000\/svg\"><path d=\"M224.3 273l-136 136c-9.4 9.4-24.6 9.4-33.9 0l-22.6-22.6c-9.4-9.4-9.4-24.6 0-33.9l96.4-96.4-96.4-96.4c-9.4-9.4-9.4-24.6 0-33.9L54.3 103c9.4-9.4 24.6-9.4 33.9 0l136 136c9.5 9.4 9.5 24.6.1 34z\"><\/path><\/svg>\t\t\t\t\t\t<\/span>\n\t\t\t\t\t\t\t\t\t\t<span class=\"elementor-icon-list-text\">Exporta\u00e7\u00e3o avan\u00e7ada de dados e prepara\u00e7\u00e3o de relat\u00f3rios<\/span>\n\t\t\t\t\t\t\t\t\t<\/li>\n\t\t\t\t\t\t\t\t<li class=\"elementor-icon-list-item\">\n\t\t\t\t\t\t\t\t\t\t\t<span class=\"elementor-icon-list-icon\">\n\t\t\t\t\t\t\t<svg aria-hidden=\"true\" class=\"e-font-icon-svg e-fas-angle-right\" viewBox=\"0 0 256 512\" xmlns=\"http:\/\/www.w3.org\/2000\/svg\"><path d=\"M224.3 273l-136 136c-9.4 9.4-24.6 9.4-33.9 0l-22.6-22.6c-9.4-9.4-9.4-24.6 0-33.9l96.4-96.4-96.4-96.4c-9.4-9.4-9.4-24.6 0-33.9L54.3 103c9.4-9.4 24.6-9.4 33.9 0l136 136c9.5 9.4 9.5 24.6.1 34z\"><\/path><\/svg>\t\t\t\t\t\t<\/span>\n\t\t\t\t\t\t\t\t\t\t<span class=\"elementor-icon-list-text\">Abra o relat\u00f3rio e veja tudo integrado e calculado<\/span>\n\t\t\t\t\t\t\t\t\t<\/li>\n\t\t\t\t\t\t<\/ul>\n\t\t\t\t\t\t<\/div>\n\t\t\t\t<div class=\"elementor-element elementor-element-0573295 elementor-tablet-align-center elementor-widget elementor-widget-button\" data-id=\"0573295\" data-element_type=\"widget\" data-e-type=\"widget\" data-widget_type=\"button.default\">\n\t\t\t\t\t\t\t\t\t\t<a class=\"elementor-button elementor-button-link elementor-size-sm\" href=\"https:\/\/chromsword.com\/pt-pt\/solicite-uma-demonstracao\/\">\n\t\t\t\t\t\t<span class=\"elementor-button-content-wrapper\">\n\t\t\t\t\t\t\t\t\t<span class=\"elementor-button-text\">Solicite uma demonstra\u00e7\u00e3o<\/span>\n\t\t\t\t\t<\/span>\n\t\t\t\t\t<\/a>\n\t\t\t\t\t\t\t\t<\/div>\n\t\t\t\t<\/div>\n\t\t<div class=\"elementor-element elementor-element-0835edf e-con-full e-flex e-con e-child\" data-id=\"0835edf\" data-element_type=\"container\" data-e-type=\"container\">\n\t\t\t\t<div class=\"elementor-element elementor-element-3c62106 elementor-widget elementor-widget-image\" data-id=\"3c62106\" data-element_type=\"widget\" data-e-type=\"widget\" data-widget_type=\"image.default\">\n\t\t\t\t\t\t\t\t\t\t\t\t\t\t\t<img decoding=\"async\" width=\"599\" height=\"669\" src=\"https:\/\/chromsword.com\/wp-content\/uploads\/2024\/10\/autorobust-image1.png\" class=\"attachment-full size-full wp-image-1555\" alt=\"AutoRobust\" srcset=\"https:\/\/chromsword.com\/wp-content\/uploads\/2024\/10\/autorobust-image1.png 599w, https:\/\/chromsword.com\/wp-content\/uploads\/2024\/10\/autorobust-image1-269x300.png 269w\" sizes=\"(max-width: 599px) 100vw, 599px\" title=\"AutoRobust\" \/>\t\t\t\t\t\t\t\t\t\t\t\t\t\t\t<\/div>\n\t\t\t\t<\/div>\n\t\t\t\t<\/div>\n\t\t\t\t<\/div>\n\t\t<div class=\"elementor-element elementor-element-4d5c94f e-con-full e-flex e-con e-child\" data-id=\"4d5c94f\" data-element_type=\"container\" data-e-type=\"container\">\n\t\t<div class=\"elementor-element elementor-element-2c9188b e-con-full e-flex e-con e-child\" data-id=\"2c9188b\" data-element_type=\"container\" data-e-type=\"container\">\n\t\t\t\t<div class=\"elementor-element elementor-element-d0dc736 elementor-widget elementor-widget-heading\" data-id=\"d0dc736\" data-element_type=\"widget\" data-e-type=\"widget\" data-widget_type=\"heading.default\">\n\t\t\t\t\t<h1 class=\"elementor-heading-title elementor-size-default\">Interface comum de usu\u00e1rio<\/h1>\t\t\t\t<\/div>\n\t\t\t\t<div class=\"elementor-element elementor-element-ee66d22 elementor-widget elementor-widget-text-editor\" data-id=\"ee66d22\" data-element_type=\"widget\" data-e-type=\"widget\" data-widget_type=\"text-editor.default\">\n\t\t\t\t\t\t\t\t\t<p>Nossa interface de usu\u00e1rio apresenta um design profissional e simplificado, apresentando elementos e fun\u00e7\u00f5es populares comumente usados em aplica\u00e7\u00f5es baseadas no Windows, incluindo desfazer e refazer, copiar e colar, e muito mais. Estas fun\u00e7\u00f5es foram especificamente otimizadas para a an\u00e1lise por HPLC. Voc\u00ea tem a flexibilidade de personalizar a apar\u00eancia e o layout de seu espa\u00e7o de trabalho para atender \u00e0s suas prefer\u00eancias.  <\/p>\t\t\t\t\t\t\t\t<\/div>\n\t\t\t\t<\/div>\n\t\t<div class=\"elementor-element elementor-element-0e73e46 e-con-full e-flex e-con e-child\" data-id=\"0e73e46\" data-element_type=\"container\" data-e-type=\"container\">\n\t\t\t\t<div class=\"elementor-element elementor-element-c876e45 elementor-widget elementor-widget-image\" data-id=\"c876e45\" data-element_type=\"widget\" data-e-type=\"widget\" data-widget_type=\"image.default\">\n\t\t\t\t\t\t\t\t\t\t\t\t\t\t\t<img decoding=\"async\" width=\"1180\" height=\"605\" src=\"https:\/\/chromsword.com\/wp-content\/uploads\/2024\/10\/reportviewer-image1.png\" class=\"attachment-full size-full wp-image-1586\" alt=\"ReportViewer UI\" srcset=\"https:\/\/chromsword.com\/wp-content\/uploads\/2024\/10\/reportviewer-image1.png 1180w, https:\/\/chromsword.com\/wp-content\/uploads\/2024\/10\/reportviewer-image1-300x154.png 300w, https:\/\/chromsword.com\/wp-content\/uploads\/2024\/10\/reportviewer-image1-1024x525.png 1024w, https:\/\/chromsword.com\/wp-content\/uploads\/2024\/10\/reportviewer-image1-768x394.png 768w\" sizes=\"(max-width: 1180px) 100vw, 1180px\" title=\"ReportViewer UI\" \/>\t\t\t\t\t\t\t\t\t\t\t\t\t\t\t<\/div>\n\t\t\t\t<\/div>\n\t\t\t\t<\/div>\n\t\t<div class=\"elementor-element elementor-element-44f501e e-con-full e-flex e-con e-child\" data-id=\"44f501e\" data-element_type=\"container\" data-e-type=\"container\">\n\t\t<div class=\"elementor-element elementor-element-430d627 e-con-full e-flex e-con e-child\" data-id=\"430d627\" data-element_type=\"container\" data-e-type=\"container\">\n\t\t\t\t<div class=\"elementor-element elementor-element-d3d4ea4 elementor-widget elementor-widget-image\" data-id=\"d3d4ea4\" data-element_type=\"widget\" data-e-type=\"widget\" data-widget_type=\"image.default\">\n\t\t\t\t\t\t\t\t\t\t\t\t\t\t\t<img decoding=\"async\" width=\"672\" height=\"573\" src=\"https:\/\/chromsword.com\/wp-content\/uploads\/2024\/10\/reportviewer-image2.png\" class=\"attachment-full size-full wp-image-1565\" alt=\"ReportViewer\" srcset=\"https:\/\/chromsword.com\/wp-content\/uploads\/2024\/10\/reportviewer-image2.png 672w, https:\/\/chromsword.com\/wp-content\/uploads\/2024\/10\/reportviewer-image2-300x256.png 300w\" sizes=\"(max-width: 672px) 100vw, 672px\" title=\"ReportViewer\" \/>\t\t\t\t\t\t\t\t\t\t\t\t\t\t\t<\/div>\n\t\t\t\t<\/div>\n\t\t<div class=\"elementor-element elementor-element-2e42a94 e-con-full e-flex e-con e-child\" data-id=\"2e42a94\" data-element_type=\"container\" data-e-type=\"container\">\n\t\t\t\t<div class=\"elementor-element elementor-element-cef9af4 elementor-widget elementor-widget-heading\" data-id=\"cef9af4\" data-element_type=\"widget\" data-e-type=\"widget\" data-widget_type=\"heading.default\">\n\t\t\t\t\t<h1 class=\"elementor-heading-title elementor-size-default\">Suporte extensivo \u00e0 an\u00e1lise de espectros<\/h1>\t\t\t\t<\/div>\n\t\t\t\t<div class=\"elementor-element elementor-element-b563a6a elementor-widget elementor-widget-text-editor\" data-id=\"b563a6a\" data-element_type=\"widget\" data-e-type=\"widget\" data-widget_type=\"text-editor.default\">\n\t\t\t\t\t\t\t\t\tCom nossa plataforma, voc\u00ea pode trabalhar facilmente com dados espectrais, incluindo gr\u00e1ficos ISO e dados 3D. Isto permite analisar e comparar os dados de picos dentro de uma \u00fanica corrida ou entre diferentes corridas em seu projeto. Voc\u00ea ter\u00e1 tudo o que precisa para tomar decis\u00f5es assertivas e obter informa\u00e7\u00f5es valiosas a partir de seus dados.  \t\t\t\t\t\t\t\t<\/div>\n\t\t\t\t<\/div>\n\t\t\t\t<\/div>\n\t\t\t\t\t<\/div>\n\t\t\t\t<\/section>\n\t\t<section class=\"elementor-element elementor-element-2968c94 e-con-full e-flex e-con e-parent\" data-id=\"2968c94\" data-element_type=\"container\" data-e-type=\"container\" data-settings=\"{&quot;background_background&quot;:&quot;classic&quot;}\">\n\t\t<div class=\"elementor-element elementor-element-e0b5f96 e-con-full e-flex e-con e-child\" data-id=\"e0b5f96\" data-element_type=\"container\" data-e-type=\"container\">\n\t\t<div class=\"elementor-element elementor-element-5fa3851 e-flex e-con-boxed e-con e-child\" data-id=\"5fa3851\" data-element_type=\"container\" data-e-type=\"container\">\n\t\t\t\t\t<div class=\"e-con-inner\">\n\t\t\t\t<div class=\"elementor-element elementor-element-6b8453a elementor-widget elementor-widget-heading\" data-id=\"6b8453a\" data-element_type=\"widget\" data-e-type=\"widget\" data-widget_type=\"heading.default\">\n\t\t\t\t\t<h1 class=\"elementor-heading-title elementor-size-default\">Caracter\u00edsticas de compara\u00e7\u00e3o dos melhores resultados<\/h1>\t\t\t\t<\/div>\n\t\t\t\t<div class=\"elementor-element elementor-element-ef25d3b elementor-widget elementor-widget-text-editor\" data-id=\"ef25d3b\" data-element_type=\"widget\" data-e-type=\"widget\" data-widget_type=\"text-editor.default\">\n\t\t\t\t\t\t\t\t\t<p>Com o ReportViewer, voc\u00ea ter\u00e1 acesso a uma poderosa plataforma para revisar e comparar dados dentro de uma \u00fanica corrida ou entre v\u00e1rias corridas. Nossa plataforma fornece todas as ferramentas necess\u00e1rias para avaliar os efeitos espectrais nos resultados cromatogr\u00e1ficos e para comparar e rastrear picos com base em seus espectros. Voc\u00ea ser\u00e1 capaz de avaliar r\u00e1pida e facilmente os dados de diferentes corridas dentro de seu projeto, ajudando-o a tomar mais decis\u00f5es baseadas na ci\u00eancia.  <\/p>\t\t\t\t\t\t\t\t<\/div>\n\t\t\t\t\t<\/div>\n\t\t\t\t<\/div>\n\t\t\t\t<\/div>\n\t\t\t\t<\/section>\n\t\t<section class=\"elementor-element elementor-element-13ba1f8 e-flex e-con-boxed e-con e-parent\" data-id=\"13ba1f8\" data-element_type=\"container\" data-e-type=\"container\" data-settings=\"{&quot;background_background&quot;:&quot;gradient&quot;}\">\n\t\t\t\t\t<div class=\"e-con-inner\">\n\t\t<div class=\"elementor-element elementor-element-aecfa8a e-con-full e-flex e-con e-child\" data-id=\"aecfa8a\" data-element_type=\"container\" data-e-type=\"container\">\n\t\t<div class=\"elementor-element elementor-element-9287adb e-con-full e-flex e-con e-child\" data-id=\"9287adb\" data-element_type=\"container\" data-e-type=\"container\">\n\t\t\t\t<div class=\"elementor-element elementor-element-97b1d35 elementor-widget elementor-widget-heading\" data-id=\"97b1d35\" data-element_type=\"widget\" data-e-type=\"widget\" data-widget_type=\"heading.default\">\n\t\t\t\t\t<h1 class=\"elementor-heading-title elementor-size-default\">Relat\u00f3rios Abrangentes para AQbD<\/h1>\t\t\t\t<\/div>\n\t\t\t\t<div class=\"elementor-element elementor-element-6c5e54d elementor-widget elementor-widget-text-editor\" data-id=\"6c5e54d\" data-element_type=\"widget\" data-e-type=\"widget\" data-widget_type=\"text-editor.default\">\n\t\t\t\t\t\t\t\t\t<p>O ReportViewer oferece o suporte abrangente para a implementa\u00e7\u00e3o dos procedimentos AQbD, documentando e relatando todas as etapas e condi\u00e7\u00f5es de desenvolvimento do m\u00e9todo. Nosso software apresenta algoritmos avan\u00e7ados, dando aos usu\u00e1rios acesso a fun\u00e7\u00f5es avan\u00e7adas de exporta\u00e7\u00e3o de dados e relat\u00f3rios que podem ser usados at\u00e9 mesmo para projetos de desenvolvimento complexos. <\/p>\t\t\t\t\t\t\t\t<\/div>\n\t\t\t\t<\/div>\n\t\t<div class=\"elementor-element elementor-element-dad98a4 e-con-full e-flex e-con e-child\" data-id=\"dad98a4\" data-element_type=\"container\" data-e-type=\"container\">\n\t\t\t\t<div class=\"elementor-element elementor-element-0872157 elementor-widget elementor-widget-image\" data-id=\"0872157\" data-element_type=\"widget\" data-e-type=\"widget\" data-widget_type=\"image.default\">\n\t\t\t\t\t\t\t\t\t\t\t\t\t\t\t<img decoding=\"async\" width=\"781\" height=\"760\" src=\"https:\/\/chromsword.com\/wp-content\/uploads\/2024\/10\/reportviewer-image4.png\" class=\"attachment-full size-full wp-image-1588\" alt=\"ReportViewer\" srcset=\"https:\/\/chromsword.com\/wp-content\/uploads\/2024\/10\/reportviewer-image4.png 781w, https:\/\/chromsword.com\/wp-content\/uploads\/2024\/10\/reportviewer-image4-300x292.png 300w, https:\/\/chromsword.com\/wp-content\/uploads\/2024\/10\/reportviewer-image4-768x747.png 768w\" sizes=\"(max-width: 781px) 100vw, 781px\" title=\"ReportViewer\" \/>\t\t\t\t\t\t\t\t\t\t\t\t\t\t\t<\/div>\n\t\t\t\t<\/div>\n\t\t\t\t<\/div>\n\t\t<div class=\"elementor-element elementor-element-2e7462d e-con-full e-flex e-con e-child\" data-id=\"2e7462d\" data-element_type=\"container\" data-e-type=\"container\">\n\t\t<div class=\"elementor-element elementor-element-59df34d e-con-full e-flex e-con e-child\" data-id=\"59df34d\" data-element_type=\"container\" data-e-type=\"container\">\n\t\t\t\t<div class=\"elementor-element elementor-element-3ed4869 elementor-widget elementor-widget-heading\" data-id=\"3ed4869\" data-element_type=\"widget\" data-e-type=\"widget\" data-widget_type=\"heading.default\">\n\t\t\t\t\t<h1 class=\"elementor-heading-title elementor-size-default\">Projeto orientado<\/h1>\t\t\t\t<\/div>\n\t\t\t\t<div class=\"elementor-element elementor-element-ab7bf79 elementor-widget elementor-widget-text-editor\" data-id=\"ab7bf79\" data-element_type=\"widget\" data-e-type=\"widget\" data-widget_type=\"text-editor.default\">\n\t\t\t\t\t\t\t\t\t<p>Nosso software permite criar e fundir projetos a partir de m\u00faltiplos experimentos diferentes. O ReportViewer simplifica a compara\u00e7\u00e3o e avalia\u00e7\u00e3o dos dados de triagem, desenvolvimento, melhoria de m\u00e9todos e testes de robustez, fornecendo uma interface de f\u00e1cil utiliza\u00e7\u00e3o. <\/p>\t\t\t\t\t\t\t\t<\/div>\n\t\t\t\t<\/div>\n\t\t<div class=\"elementor-element elementor-element-7ce565d e-con-full e-flex e-con e-child\" data-id=\"7ce565d\" data-element_type=\"container\" data-e-type=\"container\">\n\t\t\t\t<div class=\"elementor-element elementor-element-39189bd elementor-widget elementor-widget-image\" data-id=\"39189bd\" data-element_type=\"widget\" data-e-type=\"widget\" data-widget_type=\"image.default\">\n\t\t\t\t\t\t\t\t\t\t\t\t\t\t\t<img decoding=\"async\" width=\"974\" height=\"572\" src=\"https:\/\/chromsword.com\/wp-content\/uploads\/2024\/10\/reportviewer-image5.png\" class=\"attachment-full size-full wp-image-1589\" alt=\"ReportViewer\" srcset=\"https:\/\/chromsword.com\/wp-content\/uploads\/2024\/10\/reportviewer-image5.png 974w, https:\/\/chromsword.com\/wp-content\/uploads\/2024\/10\/reportviewer-image5-300x176.png 300w, https:\/\/chromsword.com\/wp-content\/uploads\/2024\/10\/reportviewer-image5-768x451.png 768w\" sizes=\"(max-width: 974px) 100vw, 974px\" title=\"ReportViewer\" \/>\t\t\t\t\t\t\t\t\t\t\t\t\t\t\t<\/div>\n\t\t\t\t<\/div>\n\t\t\t\t<\/div>\n\t\t<div class=\"elementor-element elementor-element-921903b e-con-full e-flex e-con e-child\" data-id=\"921903b\" data-element_type=\"container\" data-e-type=\"container\">\n\t\t<div class=\"elementor-element elementor-element-1cf5548 e-con-full e-flex e-con e-child\" data-id=\"1cf5548\" data-element_type=\"container\" data-e-type=\"container\">\n\t\t\t\t<div class=\"elementor-element elementor-element-6a65c9c elementor-widget elementor-widget-heading\" data-id=\"6a65c9c\" data-element_type=\"widget\" data-e-type=\"widget\" data-widget_type=\"heading.default\">\n\t\t\t\t\t<h1 class=\"elementor-heading-title elementor-size-default\">Suporte a m\u00faltiplas fontes de dados<\/h1>\t\t\t\t<\/div>\n\t\t\t\t<div class=\"elementor-element elementor-element-6bd66e3 elementor-widget elementor-widget-text-editor\" data-id=\"6bd66e3\" data-element_type=\"widget\" data-e-type=\"widget\" data-widget_type=\"text-editor.default\">\n\t\t\t\t\t\t\t\t\t<p>O ChromSword ReportViewer pode analisar dados gerados a partir de todas as plataformas ChromSword, assim como pode abrir resultados de outros sistemas de dados cromatogr\u00e1ficos como Chemstation, OpenLab e Chromeleon.<\/p>\t\t\t\t\t\t\t\t<\/div>\n\t\t\t\t<\/div>\n\t\t<div class=\"elementor-element elementor-element-b9cb777 e-con-full e-flex e-con e-child\" data-id=\"b9cb777\" data-element_type=\"container\" data-e-type=\"container\">\n\t\t\t\t<div class=\"elementor-element elementor-element-f6c31c4 elementor-widget elementor-widget-image\" data-id=\"f6c31c4\" data-element_type=\"widget\" data-e-type=\"widget\" data-widget_type=\"image.default\">\n\t\t\t\t\t\t\t\t\t\t\t\t\t\t\t<img decoding=\"async\" width=\"1268\" height=\"499\" src=\"https:\/\/chromsword.com\/wp-content\/uploads\/2024\/10\/reportviewer-image6.png\" class=\"attachment-full size-full wp-image-1590\" alt=\"ReportViewer\" srcset=\"https:\/\/chromsword.com\/wp-content\/uploads\/2024\/10\/reportviewer-image6.png 1268w, https:\/\/chromsword.com\/wp-content\/uploads\/2024\/10\/reportviewer-image6-300x118.png 300w, https:\/\/chromsword.com\/wp-content\/uploads\/2024\/10\/reportviewer-image6-1024x403.png 1024w, https:\/\/chromsword.com\/wp-content\/uploads\/2024\/10\/reportviewer-image6-768x302.png 768w\" sizes=\"(max-width: 1268px) 100vw, 1268px\" title=\"ReportViewer\" \/>\t\t\t\t\t\t\t\t\t\t\t\t\t\t\t<\/div>\n\t\t\t\t<\/div>\n\t\t\t\t<\/div>\n\t\t\t\t\t<\/div>\n\t\t\t\t<\/section>\n\t\t\t\t<\/div>\n\t\t","protected":false},"excerpt":{"rendered":"<p>ReportViewer Navegue seus dados com mais efici\u00eancia e prepare relat\u00f3rios personalizados Relat\u00f3rios universais para todos os sistemas de dados Caracter\u00edsticas \u00fanicas para an\u00e1lise espectral Suporte ao processo AQbD Exporta\u00e7\u00e3o avan\u00e7ada de dados e prepara\u00e7\u00e3o de relat\u00f3rios Abra o relat\u00f3rio e veja tudo integrado e calculado Solicite uma demonstra\u00e7\u00e3o Interface comum de usu\u00e1rio Nossa interface de [&hellip;]<\/p>\n","protected":false},"author":1,"featured_media":0,"parent":1553,"menu_order":0,"comment_status":"closed","ping_status":"closed","template":"","meta":{"_acf_changed":false,"inline_featured_image":false,"footnotes":""},"class_list":["post-1592","page","type-page","status-publish","hentry"],"acf":[],"_links":{"self":[{"href":"https:\/\/chromsword.com\/pt-pt\/wp-json\/wp\/v2\/pages\/1592","targetHints":{"allow":["GET"]}}],"collection":[{"href":"https:\/\/chromsword.com\/pt-pt\/wp-json\/wp\/v2\/pages"}],"about":[{"href":"https:\/\/chromsword.com\/pt-pt\/wp-json\/wp\/v2\/types\/page"}],"author":[{"embeddable":true,"href":"https:\/\/chromsword.com\/pt-pt\/wp-json\/wp\/v2\/users\/1"}],"replies":[{"embeddable":true,"href":"https:\/\/chromsword.com\/pt-pt\/wp-json\/wp\/v2\/comments?post=1592"}],"version-history":[{"count":0,"href":"https:\/\/chromsword.com\/pt-pt\/wp-json\/wp\/v2\/pages\/1592\/revisions"}],"up":[{"embeddable":true,"href":"https:\/\/chromsword.com\/pt-pt\/wp-json\/wp\/v2\/pages\/1553"}],"wp:attachment":[{"href":"https:\/\/chromsword.com\/pt-pt\/wp-json\/wp\/v2\/media?parent=1592"}],"curies":[{"name":"wp","href":"https:\/\/api.w.org\/{rel}","templated":true}]}}