{"id":1566,"date":"2024-10-25T15:05:06","date_gmt":"2024-10-25T12:05:06","guid":{"rendered":"https:\/\/chromsword.com\/produtos\/datasystem\/"},"modified":"2025-10-24T10:14:08","modified_gmt":"2025-10-24T07:14:08","slug":"datasystem","status":"publish","type":"page","link":"https:\/\/chromsword.com\/pt-pt\/produtos\/datasystem\/","title":{"rendered":"DataSystem"},"content":{"rendered":"\t\t<div data-elementor-type=\"wp-page\" data-elementor-id=\"1566\" class=\"elementor elementor-1566 elementor-456\" data-elementor-post-type=\"page\">\n\t\t\t\t<section class=\"elementor-element elementor-element-c2436e6 e-flex e-con-boxed e-con e-parent\" data-id=\"c2436e6\" data-element_type=\"container\" data-e-type=\"container\" data-settings=\"{&quot;background_background&quot;:&quot;gradient&quot;}\">\n\t\t\t\t\t<div class=\"e-con-inner\">\n\t\t<div class=\"elementor-element elementor-element-24fe2c1 e-con-full e-flex e-con e-child\" data-id=\"24fe2c1\" data-element_type=\"container\" data-e-type=\"container\">\n\t\t<div class=\"elementor-element elementor-element-d3a14a6 e-con-full e-flex e-con e-child\" data-id=\"d3a14a6\" data-element_type=\"container\" data-e-type=\"container\">\n\t\t<div class=\"elementor-element elementor-element-3fd8b59 e-con-full e-flex e-con e-child\" data-id=\"3fd8b59\" data-element_type=\"container\" data-e-type=\"container\">\n\t\t\t\t<div class=\"elementor-element elementor-element-cce3fe4 elementor-widget elementor-widget-heading\" data-id=\"cce3fe4\" data-element_type=\"widget\" data-e-type=\"widget\" data-widget_type=\"heading.default\">\n\t\t\t\t\t<h1 class=\"elementor-heading-title elementor-size-default\">DataSystem<\/h1>\t\t\t\t<\/div>\n\t\t\t\t<div class=\"elementor-element elementor-element-06cb8de elementor-widget elementor-widget-heading\" data-id=\"06cb8de\" data-element_type=\"widget\" data-e-type=\"widget\" data-widget_type=\"heading.default\">\n\t\t\t\t\t<h3 class=\"elementor-heading-title elementor-size-default\">Sistema de dados cromatogr\u00e1ficos para execu\u00e7\u00e3o de amostras<\/h3>\t\t\t\t<\/div>\n\t\t\t\t<div class=\"elementor-element elementor-element-a880c0c elementor-tablet-align-center elementor-icon-list--layout-traditional elementor-list-item-link-full_width elementor-widget elementor-widget-icon-list\" data-id=\"a880c0c\" data-element_type=\"widget\" data-e-type=\"widget\" data-widget_type=\"icon-list.default\">\n\t\t\t\t\t\t\t<ul class=\"elementor-icon-list-items\">\n\t\t\t\t\t\t\t<li class=\"elementor-icon-list-item\">\n\t\t\t\t\t\t\t\t\t\t\t<span class=\"elementor-icon-list-icon\">\n\t\t\t\t\t\t\t<svg aria-hidden=\"true\" class=\"e-font-icon-svg e-fas-angle-right\" viewBox=\"0 0 256 512\" xmlns=\"http:\/\/www.w3.org\/2000\/svg\"><path d=\"M224.3 273l-136 136c-9.4 9.4-24.6 9.4-33.9 0l-22.6-22.6c-9.4-9.4-9.4-24.6 0-33.9l96.4-96.4-96.4-96.4c-9.4-9.4-9.4-24.6 0-33.9L54.3 103c9.4-9.4 24.6-9.4 33.9 0l136 136c9.5 9.4 9.5 24.6.1 34z\"><\/path><\/svg>\t\t\t\t\t\t<\/span>\n\t\t\t\t\t\t\t\t\t\t<span class=\"elementor-icon-list-text\">Assistente de configura\u00e7\u00e3o do projeto para uma configura\u00e7\u00e3o r\u00e1pida e simples de seus experimentos<\/span>\n\t\t\t\t\t\t\t\t\t<\/li>\n\t\t\t\t\t\t\t\t<li class=\"elementor-icon-list-item\">\n\t\t\t\t\t\t\t\t\t\t\t<span class=\"elementor-icon-list-icon\">\n\t\t\t\t\t\t\t<svg aria-hidden=\"true\" class=\"e-font-icon-svg e-fas-angle-right\" viewBox=\"0 0 256 512\" xmlns=\"http:\/\/www.w3.org\/2000\/svg\"><path d=\"M224.3 273l-136 136c-9.4 9.4-24.6 9.4-33.9 0l-22.6-22.6c-9.4-9.4-9.4-24.6 0-33.9l96.4-96.4-96.4-96.4c-9.4-9.4-9.4-24.6 0-33.9L54.3 103c9.4-9.4 24.6-9.4 33.9 0l136 136c9.5 9.4 9.5 24.6.1 34z\"><\/path><\/svg>\t\t\t\t\t\t<\/span>\n\t\t\t\t\t\t\t\t\t\t<span class=\"elementor-icon-list-text\">Calibra\u00e7\u00e3o - m\u00e9todos padr\u00e3o interno e externo<\/span>\n\t\t\t\t\t\t\t\t\t<\/li>\n\t\t\t\t\t\t\t\t<li class=\"elementor-icon-list-item\">\n\t\t\t\t\t\t\t\t\t\t\t<span class=\"elementor-icon-list-icon\">\n\t\t\t\t\t\t\t<svg aria-hidden=\"true\" class=\"e-font-icon-svg e-fas-angle-right\" viewBox=\"0 0 256 512\" xmlns=\"http:\/\/www.w3.org\/2000\/svg\"><path d=\"M224.3 273l-136 136c-9.4 9.4-24.6 9.4-33.9 0l-22.6-22.6c-9.4-9.4-9.4-24.6 0-33.9l96.4-96.4-96.4-96.4c-9.4-9.4-9.4-24.6 0-33.9L54.3 103c9.4-9.4 24.6-9.4 33.9 0l136 136c9.5 9.4 9.5 24.6.1 34z\"><\/path><\/svg>\t\t\t\t\t\t<\/span>\n\t\t\t\t\t\t\t\t\t\t<span class=\"elementor-icon-list-text\">Testes de estabilidade do sistema<\/span>\n\t\t\t\t\t\t\t\t\t<\/li>\n\t\t\t\t\t\t\t\t<li class=\"elementor-icon-list-item\">\n\t\t\t\t\t\t\t\t\t\t\t<span class=\"elementor-icon-list-icon\">\n\t\t\t\t\t\t\t<svg aria-hidden=\"true\" class=\"e-font-icon-svg e-fas-angle-right\" viewBox=\"0 0 256 512\" xmlns=\"http:\/\/www.w3.org\/2000\/svg\"><path d=\"M224.3 273l-136 136c-9.4 9.4-24.6 9.4-33.9 0l-22.6-22.6c-9.4-9.4-9.4-24.6 0-33.9l96.4-96.4-96.4-96.4c-9.4-9.4-9.4-24.6 0-33.9L54.3 103c9.4-9.4 24.6-9.4 33.9 0l136 136c9.5 9.4 9.5 24.6.1 34z\"><\/path><\/svg>\t\t\t\t\t\t<\/span>\n\t\t\t\t\t\t\t\t\t\t<span class=\"elementor-icon-list-text\">An\u00e1lise de dados e cria\u00e7\u00e3o de relat\u00f3rios<\/span>\n\t\t\t\t\t\t\t\t\t<\/li>\n\t\t\t\t\t\t\t\t<li class=\"elementor-icon-list-item\">\n\t\t\t\t\t\t\t\t\t\t\t<span class=\"elementor-icon-list-icon\">\n\t\t\t\t\t\t\t<svg aria-hidden=\"true\" class=\"e-font-icon-svg e-fas-angle-right\" viewBox=\"0 0 256 512\" xmlns=\"http:\/\/www.w3.org\/2000\/svg\"><path d=\"M224.3 273l-136 136c-9.4 9.4-24.6 9.4-33.9 0l-22.6-22.6c-9.4-9.4-9.4-24.6 0-33.9l96.4-96.4-96.4-96.4c-9.4-9.4-9.4-24.6 0-33.9L54.3 103c9.4-9.4 24.6-9.4 33.9 0l136 136c9.5 9.4 9.5 24.6.1 34z\"><\/path><\/svg>\t\t\t\t\t\t<\/span>\n\t\t\t\t\t\t\t\t\t\t<span class=\"elementor-icon-list-text\">Ferramentas Spectra inclu\u00eddas<\/span>\n\t\t\t\t\t\t\t\t\t<\/li>\n\t\t\t\t\t\t\t\t<li class=\"elementor-icon-list-item\">\n\t\t\t\t\t\t\t\t\t\t\t<span class=\"elementor-icon-list-icon\">\n\t\t\t\t\t\t\t<svg aria-hidden=\"true\" class=\"e-font-icon-svg e-fas-angle-right\" viewBox=\"0 0 256 512\" xmlns=\"http:\/\/www.w3.org\/2000\/svg\"><path d=\"M224.3 273l-136 136c-9.4 9.4-24.6 9.4-33.9 0l-22.6-22.6c-9.4-9.4-9.4-24.6 0-33.9l96.4-96.4-96.4-96.4c-9.4-9.4-9.4-24.6 0-33.9L54.3 103c9.4-9.4 24.6-9.4 33.9 0l136 136c9.5 9.4 9.5 24.6.1 34z\"><\/path><\/svg>\t\t\t\t\t\t<\/span>\n\t\t\t\t\t\t\t\t\t\t<span class=\"elementor-icon-list-text\">A sa\u00edda de relat\u00f3rios permite utilizar todos os benef\u00edcios do software ReportViewer<\/span>\n\t\t\t\t\t\t\t\t\t<\/li>\n\t\t\t\t\t\t<\/ul>\n\t\t\t\t\t\t<\/div>\n\t\t\t\t<div class=\"elementor-element elementor-element-668de39 elementor-tablet-align-center elementor-widget elementor-widget-button\" data-id=\"668de39\" data-element_type=\"widget\" data-e-type=\"widget\" data-widget_type=\"button.default\">\n\t\t\t\t\t\t\t\t\t\t<a class=\"elementor-button elementor-button-link elementor-size-sm\" href=\"https:\/\/chromsword.com\/pt-pt\/solicite-uma-demonstracao\/\">\n\t\t\t\t\t\t<span class=\"elementor-button-content-wrapper\">\n\t\t\t\t\t\t\t\t\t<span class=\"elementor-button-text\">Solicite uma demonstra\u00e7\u00e3o<\/span>\n\t\t\t\t\t<\/span>\n\t\t\t\t\t<\/a>\n\t\t\t\t\t\t\t\t<\/div>\n\t\t\t\t<\/div>\n\t\t<div class=\"elementor-element elementor-element-4c0d850 e-con-full e-flex e-con e-child\" data-id=\"4c0d850\" data-element_type=\"container\" data-e-type=\"container\">\n\t\t\t\t<div class=\"elementor-element elementor-element-30e30a3 elementor-widget elementor-widget-image\" data-id=\"30e30a3\" data-element_type=\"widget\" data-e-type=\"widget\" data-widget_type=\"image.default\">\n\t\t\t\t\t\t\t\t\t\t\t\t\t\t\t<img decoding=\"async\" width=\"803\" height=\"626\" src=\"https:\/\/chromsword.com\/wp-content\/uploads\/2024\/10\/datasystem.png\" class=\"attachment-full size-full wp-image-1562\" alt=\"DataSystem\" srcset=\"https:\/\/chromsword.com\/wp-content\/uploads\/2024\/10\/datasystem.png 803w, https:\/\/chromsword.com\/wp-content\/uploads\/2024\/10\/datasystem-300x234.png 300w, https:\/\/chromsword.com\/wp-content\/uploads\/2024\/10\/datasystem-768x599.png 768w\" sizes=\"(max-width: 803px) 100vw, 803px\" title=\"DataSystem\" \/>\t\t\t\t\t\t\t\t\t\t\t\t\t\t\t<\/div>\n\t\t\t\t<\/div>\n\t\t\t\t<\/div>\n\t\t\t\t<\/div>\n\t\t<div class=\"elementor-element elementor-element-5045fa5 e-con-full e-flex e-con e-child\" data-id=\"5045fa5\" data-element_type=\"container\" data-e-type=\"container\">\n\t\t<div class=\"elementor-element elementor-element-fc22073 e-con-full e-flex e-con e-child\" data-id=\"fc22073\" data-element_type=\"container\" data-e-type=\"container\">\n\t\t\t\t<div class=\"elementor-element elementor-element-f97f7ca elementor-widget elementor-widget-heading\" data-id=\"f97f7ca\" data-element_type=\"widget\" data-e-type=\"widget\" data-widget_type=\"heading.default\">\n\t\t\t\t\t<h1 class=\"elementor-heading-title elementor-size-default\">Criar seq\u00fc\u00eancias em segundos<\/h1>\t\t\t\t<\/div>\n\t\t\t\t<div class=\"elementor-element elementor-element-5fd186b elementor-widget elementor-widget-text-editor\" data-id=\"5fd186b\" data-element_type=\"widget\" data-e-type=\"widget\" data-widget_type=\"text-editor.default\">\n\t\t\t\t\t\t\t\t\tChromSword DataSystem permite modificar at\u00e9 mesmo as sequ\u00eancias mais complicadas em poucos segundos com ajustes autom\u00e1ticos para a troca de colunas, solventes, tamp\u00f5es e outros par\u00e2metros cromatogr\u00e1ficos.\t\t\t\t\t\t\t\t<\/div>\n\t\t\t\t<\/div>\n\t\t<div class=\"elementor-element elementor-element-ab10261 e-con-full e-flex e-con e-child\" data-id=\"ab10261\" data-element_type=\"container\" data-e-type=\"container\">\n\t\t\t\t<div class=\"elementor-element elementor-element-17f817c elementor-widget elementor-widget-image\" data-id=\"17f817c\" data-element_type=\"widget\" data-e-type=\"widget\" data-widget_type=\"image.default\">\n\t\t\t\t\t\t\t\t\t\t\t\t\t\t\t<img decoding=\"async\" width=\"1470\" height=\"764\" src=\"https:\/\/chromsword.com\/wp-content\/uploads\/2024\/10\/create-sequesnce-datasystem_1.png\" class=\"attachment-full size-full wp-image-1563\" alt=\"\" srcset=\"https:\/\/chromsword.com\/wp-content\/uploads\/2024\/10\/create-sequesnce-datasystem_1.png 1470w, https:\/\/chromsword.com\/wp-content\/uploads\/2024\/10\/create-sequesnce-datasystem_1-300x156.png 300w, https:\/\/chromsword.com\/wp-content\/uploads\/2024\/10\/create-sequesnce-datasystem_1-1024x532.png 1024w, https:\/\/chromsword.com\/wp-content\/uploads\/2024\/10\/create-sequesnce-datasystem_1-768x399.png 768w\" sizes=\"(max-width: 1470px) 100vw, 1470px\" \/>\t\t\t\t\t\t\t\t\t\t\t\t\t\t\t<\/div>\n\t\t\t\t<\/div>\n\t\t\t\t<\/div>\n\t\t<div class=\"elementor-element elementor-element-ca641e2 e-con-full e-flex e-con e-child\" data-id=\"ca641e2\" data-element_type=\"container\" data-e-type=\"container\">\n\t\t<div class=\"elementor-element elementor-element-5d44197 e-con-full e-flex e-con e-child\" data-id=\"5d44197\" data-element_type=\"container\" data-e-type=\"container\">\n\t\t\t\t<div class=\"elementor-element elementor-element-9ec6541 elementor-widget elementor-widget-heading\" data-id=\"9ec6541\" data-element_type=\"widget\" data-e-type=\"widget\" data-widget_type=\"heading.default\">\n\t\t\t\t\t<h1 class=\"elementor-heading-title elementor-size-default\">Modificar as seq\u00fc\u00eancias de execu\u00e7\u00e3o<\/h1>\t\t\t\t<\/div>\n\t\t\t\t<div class=\"elementor-element elementor-element-ad293cd elementor-widget elementor-widget-text-editor\" data-id=\"ad293cd\" data-element_type=\"widget\" data-e-type=\"widget\" data-widget_type=\"text-editor.default\">\n\t\t\t\t\t\t\t\t\t<p>ChromSword oferece a m\u00e1xima flexibilidade aos usu\u00e1rios, permitindo criar, modificar, apagar seq\u00fc\u00eancias enquanto o sistema est\u00e1 em funcionamento.<\/p>\t\t\t\t\t\t\t\t<\/div>\n\t\t\t\t<\/div>\n\t\t<div class=\"elementor-element elementor-element-755e9a8 e-con-full e-flex e-con e-child\" data-id=\"755e9a8\" data-element_type=\"container\" data-e-type=\"container\">\n\t\t\t\t<div class=\"elementor-element elementor-element-78df3f4 elementor-widget elementor-widget-image\" data-id=\"78df3f4\" data-element_type=\"widget\" data-e-type=\"widget\" data-widget_type=\"image.default\">\n\t\t\t\t\t\t\t\t\t\t\t\t\t\t\t<img decoding=\"async\" width=\"1207\" height=\"574\" src=\"https:\/\/chromsword.com\/wp-content\/uploads\/2024\/10\/scout-image4.png\" class=\"attachment-full size-full wp-image-1564\" alt=\"Scout\" srcset=\"https:\/\/chromsword.com\/wp-content\/uploads\/2024\/10\/scout-image4.png 1207w, https:\/\/chromsword.com\/wp-content\/uploads\/2024\/10\/scout-image4-300x143.png 300w, https:\/\/chromsword.com\/wp-content\/uploads\/2024\/10\/scout-image4-1024x487.png 1024w, https:\/\/chromsword.com\/wp-content\/uploads\/2024\/10\/scout-image4-768x365.png 768w\" sizes=\"(max-width: 1207px) 100vw, 1207px\" title=\"Scout\" \/>\t\t\t\t\t\t\t\t\t\t\t\t\t\t\t<\/div>\n\t\t\t\t<\/div>\n\t\t\t\t<\/div>\n\t\t<div class=\"elementor-element elementor-element-bd63c40 e-con-full e-flex e-con e-child\" data-id=\"bd63c40\" data-element_type=\"container\" data-e-type=\"container\">\n\t\t<div class=\"elementor-element elementor-element-bd9bf79 e-con-full e-flex e-con e-child\" data-id=\"bd9bf79\" data-element_type=\"container\" data-e-type=\"container\">\n\t\t\t\t<div class=\"elementor-element elementor-element-c7fa4a1 elementor-widget elementor-widget-heading\" data-id=\"c7fa4a1\" data-element_type=\"widget\" data-e-type=\"widget\" data-widget_type=\"heading.default\">\n\t\t\t\t\t<h1 class=\"elementor-heading-title elementor-size-default\">Ferramentas avan\u00e7adas de relat\u00f3rios que simplificam a an\u00e1lise de dados<\/h1>\t\t\t\t<\/div>\n\t\t\t\t<div class=\"elementor-element elementor-element-9b7b0fc elementor-widget elementor-widget-text-editor\" data-id=\"9b7b0fc\" data-element_type=\"widget\" data-e-type=\"widget\" data-widget_type=\"text-editor.default\">\n\t\t\t\t\t\t\t\t\t<p>Veja as capacidades <a href=\"https:\/\/chromsword.com\/pt-pt\/produtos\/reportviewer\/\">aqui<\/a>.<\/p>\t\t\t\t\t\t\t\t<\/div>\n\t\t\t\t<\/div>\n\t\t<div class=\"elementor-element elementor-element-004fb15 e-con-full e-flex e-con e-child\" data-id=\"004fb15\" data-element_type=\"container\" data-e-type=\"container\">\n\t\t\t\t<div class=\"elementor-element elementor-element-71cf319 elementor-widget elementor-widget-image\" data-id=\"71cf319\" data-element_type=\"widget\" data-e-type=\"widget\" data-widget_type=\"image.default\">\n\t\t\t\t\t\t\t\t\t\t\t\t\t\t\t<img decoding=\"async\" width=\"672\" height=\"573\" src=\"https:\/\/chromsword.com\/wp-content\/uploads\/2024\/10\/reportviewer-image2.png\" class=\"attachment-full size-full wp-image-1565\" alt=\"ReportViewer\" srcset=\"https:\/\/chromsword.com\/wp-content\/uploads\/2024\/10\/reportviewer-image2.png 672w, https:\/\/chromsword.com\/wp-content\/uploads\/2024\/10\/reportviewer-image2-300x256.png 300w\" sizes=\"(max-width: 672px) 100vw, 672px\" title=\"ReportViewer\" \/>\t\t\t\t\t\t\t\t\t\t\t\t\t\t\t<\/div>\n\t\t\t\t<\/div>\n\t\t\t\t<\/div>\n\t\t\t\t\t<\/div>\n\t\t\t\t<\/section>\n\t\t\t\t<\/div>\n\t\t","protected":false},"excerpt":{"rendered":"<p>DataSystem Sistema de dados cromatogr\u00e1ficos para execu\u00e7\u00e3o de amostras Assistente de configura\u00e7\u00e3o do projeto para uma configura\u00e7\u00e3o r\u00e1pida e simples de seus experimentos Calibra\u00e7\u00e3o &#8211; m\u00e9todos padr\u00e3o interno e externo Testes de estabilidade do sistema An\u00e1lise de dados e cria\u00e7\u00e3o de relat\u00f3rios Ferramentas Spectra inclu\u00eddas A sa\u00edda de relat\u00f3rios permite utilizar todos os benef\u00edcios do [&hellip;]<\/p>\n","protected":false},"author":1,"featured_media":0,"parent":1553,"menu_order":0,"comment_status":"closed","ping_status":"closed","template":"","meta":{"_acf_changed":false,"inline_featured_image":false,"footnotes":""},"class_list":["post-1566","page","type-page","status-publish","hentry"],"acf":[],"_links":{"self":[{"href":"https:\/\/chromsword.com\/pt-pt\/wp-json\/wp\/v2\/pages\/1566","targetHints":{"allow":["GET"]}}],"collection":[{"href":"https:\/\/chromsword.com\/pt-pt\/wp-json\/wp\/v2\/pages"}],"about":[{"href":"https:\/\/chromsword.com\/pt-pt\/wp-json\/wp\/v2\/types\/page"}],"author":[{"embeddable":true,"href":"https:\/\/chromsword.com\/pt-pt\/wp-json\/wp\/v2\/users\/1"}],"replies":[{"embeddable":true,"href":"https:\/\/chromsword.com\/pt-pt\/wp-json\/wp\/v2\/comments?post=1566"}],"version-history":[{"count":0,"href":"https:\/\/chromsword.com\/pt-pt\/wp-json\/wp\/v2\/pages\/1566\/revisions"}],"up":[{"embeddable":true,"href":"https:\/\/chromsword.com\/pt-pt\/wp-json\/wp\/v2\/pages\/1553"}],"wp:attachment":[{"href":"https:\/\/chromsword.com\/pt-pt\/wp-json\/wp\/v2\/media?parent=1566"}],"curies":[{"name":"wp","href":"https:\/\/api.w.org\/{rel}","templated":true}]}}