{"id":1528,"date":"2024-10-23T14:40:29","date_gmt":"2024-10-23T11:40:29","guid":{"rendered":"https:\/\/chromsword.com\/sobre-nos\/"},"modified":"2025-11-05T22:05:33","modified_gmt":"2025-11-05T20:05:33","slug":"sobre-nos","status":"publish","type":"page","link":"https:\/\/chromsword.com\/pt-pt\/sobre-nos\/","title":{"rendered":"Sobre n\u00f3s"},"content":{"rendered":"\t\t<div data-elementor-type=\"wp-page\" data-elementor-id=\"1528\" class=\"elementor elementor-1528 elementor-16\" data-elementor-post-type=\"page\">\n\t\t\t\t<section class=\"elementor-element elementor-element-99db3ff e-flex e-con-boxed e-con e-parent\" data-id=\"99db3ff\" data-element_type=\"container\" data-e-type=\"container\" data-settings=\"{&quot;background_background&quot;:&quot;gradient&quot;}\">\n\t\t\t\t\t<div class=\"e-con-inner\">\n\t\t<div class=\"elementor-element elementor-element-1f886b5 e-con-full e-flex e-con e-child\" data-id=\"1f886b5\" data-element_type=\"container\" data-e-type=\"container\">\n\t\t<div class=\"elementor-element elementor-element-27efb14 e-con-full e-flex e-con e-child\" data-id=\"27efb14\" data-element_type=\"container\" data-e-type=\"container\">\n\t\t\t\t<div class=\"elementor-element elementor-element-8a4af7f elementor-widget elementor-widget-heading\" data-id=\"8a4af7f\" data-element_type=\"widget\" data-e-type=\"widget\" data-widget_type=\"heading.default\">\n\t\t\t\t\t<h1 class=\"elementor-heading-title elementor-size-default\">Sobre n\u00f3s<\/h1>\t\t\t\t<\/div>\n\t\t\t\t<div class=\"elementor-element elementor-element-ed6b6e6 elementor-widget elementor-widget-text-editor\" data-id=\"ed6b6e6\" data-element_type=\"widget\" data-e-type=\"widget\" data-widget_type=\"text-editor.default\">\n\t\t\t\t\t\t\t\t\t<p>H\u00e1 mais de 30 anos, temos desenvolvido produtos de software inovadores para apoiar o desenvolvimento de m\u00e9todos em cromatografia l\u00edquida.<br><br>Na ChromSword somos motivados pela forma como nossos clientes utilizam nosso software para encontrar solu\u00e7\u00f5es para problemas de separa\u00e7\u00e3o e permanecer conectados ao que \u00e9 mais importante para eles.<br><br>ChromSword det\u00e9m posi\u00e7\u00f5es de lideran\u00e7a na automa\u00e7\u00e3o do desenvolvimento de m\u00e9todos. Nosso software inteligente \u00e9 utilizado em diferentes dos maiores laborat\u00f3rios farmac\u00eauticos do mundo. A equipe ChromSword \u00e9 um grupo de especialistas em HPLC e TI altamente qualificados que transferem seus conhecimentos em poderoso software de desenvolvimento e valida\u00e7\u00e3o de m\u00e9todos.  <br><br>A miss\u00e3o do ChromSword \u00e9 fornecer um fluxo de trabalho de desenvolvimento de m\u00e9todos HPLC totalmente integrado e automatizado, de acordo com as tend\u00eancias do setor e as exig\u00eancias regulat\u00f3rias.<\/p>\t\t\t\t\t\t\t\t<\/div>\n\t\t\t\t<\/div>\n\t\t<div class=\"elementor-element elementor-element-44ef9a0 e-con-full e-flex e-con e-child\" data-id=\"44ef9a0\" data-element_type=\"container\" data-e-type=\"container\">\n\t\t\t\t<div class=\"elementor-element elementor-element-0d5115c elementor-widget elementor-widget-image\" data-id=\"0d5115c\" data-element_type=\"widget\" data-e-type=\"widget\" data-widget_type=\"image.default\">\n\t\t\t\t\t\t\t\t\t\t\t\t\t\t\t<img decoding=\"async\" width=\"628\" height=\"725\" src=\"https:\/\/chromsword.com\/wp-content\/uploads\/2024\/10\/about-1.png\" class=\"attachment-full size-full wp-image-1522\" alt=\"Sobre n\u00f3s\" srcset=\"https:\/\/chromsword.com\/wp-content\/uploads\/2024\/10\/about-1.png 628w, https:\/\/chromsword.com\/wp-content\/uploads\/2024\/10\/about-1-260x300.png 260w\" sizes=\"(max-width: 628px) 100vw, 628px\" title=\"Sobre n\u00f3s\" \/>\t\t\t\t\t\t\t\t\t\t\t\t\t\t\t<\/div>\n\t\t\t\t<\/div>\n\t\t\t\t<\/div>\n\t\t\t\t\t<\/div>\n\t\t\t\t<\/section>\n\t\t<section class=\"elementor-element elementor-element-0e85f5a e-flex e-con-boxed e-con e-parent\" data-id=\"0e85f5a\" data-element_type=\"container\" data-e-type=\"container\" data-settings=\"{&quot;background_background&quot;:&quot;classic&quot;}\">\n\t\t\t\t\t<div class=\"e-con-inner\">\n\t\t<div class=\"elementor-element elementor-element-5ba70d2 e-con-full e-flex e-con e-child\" data-id=\"5ba70d2\" data-element_type=\"container\" data-e-type=\"container\">\n\t\t<div class=\"elementor-element elementor-element-be80ef7 e-con-full e-flex e-con e-child\" data-id=\"be80ef7\" data-element_type=\"container\" data-e-type=\"container\">\n\t\t\t\t<div class=\"elementor-element elementor-element-b264ed6 elementor-widget elementor-widget-heading\" data-id=\"b264ed6\" data-element_type=\"widget\" data-e-type=\"widget\" data-widget_type=\"heading.default\">\n\t\t\t\t\t<h1 class=\"elementor-heading-title elementor-size-default\">Hist\u00f3ria<\/h1>\t\t\t\t<\/div>\n\t\t\t\t<\/div>\n\t\t<div class=\"elementor-element elementor-element-2190d9b e-con-full e-flex e-con e-child\" data-id=\"2190d9b\" data-element_type=\"container\" data-e-type=\"container\">\n\t\t<div class=\"elementor-element elementor-element-5e0c381 e-con-full e-flex e-con e-child\" data-id=\"5e0c381\" data-element_type=\"container\" data-e-type=\"container\">\n\t\t\t\t<div class=\"elementor-element elementor-element-9bfe988 elementor-widget elementor-widget-text-editor\" data-id=\"9bfe988\" data-element_type=\"widget\" data-e-type=\"widget\" data-widget_type=\"text-editor.default\">\n\t\t\t\t\t\t\t\t\t<p>O desenvolvimento de uma teoria e do primeiro software ChromDream que previa as condi\u00e7\u00f5es iniciais na cromatografia l\u00edquida de fase reversa a partir da f\u00f3rmula estrutural dos compostos e das propriedades da coluna foi iniciado em 1990 pelo Dr. Sergey Galushko.<\/p><p>ChromSword\u00ae para o desenvolvimento do m\u00e9todo HPLC assistido por computador foi desenvolvido entre 1990 e 1995 como uma extens\u00e3o do software de desenvolvimento do m\u00e9todo ChromDream\u00ae HPLC.<\/p><p>Em 1999, a primeira vers\u00e3o para otimiza\u00e7\u00e3o autom\u00e1tica de HPLC foi desenvolvida e lan\u00e7ada em colabora\u00e7\u00e3o com a Merck KGaA (Darmstadt, Alemanha). Como resultado da coopera\u00e7\u00e3o com VWR International Scientific Instruments, Darmstadt, Alemanha, Hitachi High Technologies America, San Jose, CA, EUA, e Scientific Software Inc., Pleasanton, CA, EUA, foram lan\u00e7adas vers\u00f5es para hardware Hitachi LaChrom e LaChromElite e software EZChromElite. <\/p><p>Em 2000, foi lan\u00e7ada a primeira vers\u00e3o do ChromSwordAuto para apoiar a Waters Millennium e o sistema LC da Alliance. A parceria posterior com a Agilent Technologies resultou na cria\u00e7\u00e3o de uma vers\u00e3o mais potente que suportava os sistemas Agilent 1100\/1200\/1290 LC e LC\/MS com at\u00e9 8 colunas e at\u00e9 15 seletores de solventes.<\/p><p>A coopera\u00e7\u00e3o com a Dionex ajudou na cria\u00e7\u00e3o das vers\u00f5es ChromSwordAuto e AutoRobust que suportaram o desenvolvimento de m\u00e9todos autom\u00e1ticos e testes de robustez usando o sistema de dados Chromeleon, Dionex Ultimate e sistemas Agilent LC.<\/p>\t\t\t\t\t\t\t\t<\/div>\n\t\t\t\t<\/div>\n\t\t<div class=\"elementor-element elementor-element-a25b35f e-con-full e-flex e-con e-child\" data-id=\"a25b35f\" data-element_type=\"container\" data-e-type=\"container\">\n\t\t\t\t<div class=\"elementor-element elementor-element-ed29960 elementor-widget elementor-widget-text-editor\" data-id=\"ed29960\" data-element_type=\"widget\" data-e-type=\"widget\" data-widget_type=\"text-editor.default\">\n\t\t\t\t\t\t\t\t\t<p>Atualmente a Chromsword tem forte parceria e apoio ao desenvolvimento de m\u00e9todos autom\u00e1ticos com os instrumentos Agilent, Hitachi, Thermo e Waters.<\/p><p>Em 2009 foi lan\u00e7ada a vers\u00e3o do ChromSwordAuto 4.0 Professional com suporte multi-instrumento. Esta vers\u00e3o executou tarefas de desenvolvimento de m\u00e9todos totalmente automatizadas, como o reconhecimento de m\u00e9todos (triagem), otimiza\u00e7\u00e3o r\u00e1pida do gradiente, otimiza\u00e7\u00e3o fina do gradiente, estudos de robustez e gera\u00e7\u00e3o de relat\u00f3rios. ChromSwordAuto 4.0 controla os instrumentos Hitachi, Waters, Agilent, Knauer, Dionex HPLC e UHPLC e os seguintes sistemas de dados: Agilent EZchromElite, ChemStation, Waters Empower, Dionex Chromeleon e Knauer ChromGate.  <\/p><p>Em 2015 foi lan\u00e7ada a nova vers\u00e3o do ChromSword 5.0. Esta vers\u00e3o foi desenvolvida sobre uma plataforma completamente nova foi um grande passo para o ChromSword, fornecendo controle direto sobre os instrumentos HPLC. A vers\u00e3o tem grande foco na efici\u00eancia do trabalho e facilidade de uso para o usu\u00e1rio final. Ao mesmo tempo, foi feito um grande trabalho para melhorar os algoritmos com foco especial em mol\u00e9culas grandes.   <\/p><p>Em 2005 uma nova empresa &#8220;ChromSword Baltic HPLC Specialists&#8221; Ltd foi registrada. A empresa est\u00e1 focada no desenvolvimento de novos produtos e distribui\u00e7\u00e3o global. <\/p><p>Em 2022, a licen\u00e7a do Site foi introduzida com o objetivo de proporcionar total flexibilidade e efici\u00eancia aos laborat\u00f3rios de an\u00e1lise de acordo com as exig\u00eancias da AQbD e as diretrizes da ICH.<\/p><p>O objetivo da empresa \u00e9 fornecer aos clientes as mais inteligentes solu\u00e7\u00f5es de desenvolvimento do m\u00e9todo HPLC. N\u00f3s atualizamos e melhoramos constantemente nosso software. <\/p>\t\t\t\t\t\t\t\t<\/div>\n\t\t\t\t<\/div>\n\t\t\t\t<\/div>\n\t\t\t\t<\/div>\n\t\t\t\t\t<\/div>\n\t\t\t\t<\/section>\n\t\t\t\t<\/div>\n\t\t","protected":false},"excerpt":{"rendered":"<p>Sobre n\u00f3s H\u00e1 mais de 30 anos, temos desenvolvido produtos de software inovadores para apoiar o desenvolvimento de m\u00e9todos em cromatografia l\u00edquida. Na ChromSword somos motivados pela forma como nossos clientes utilizam nosso software para encontrar solu\u00e7\u00f5es para problemas de separa\u00e7\u00e3o e permanecer conectados ao que \u00e9 mais importante para eles. ChromSword det\u00e9m posi\u00e7\u00f5es de [&hellip;]<\/p>\n","protected":false},"author":1,"featured_media":0,"parent":0,"menu_order":0,"comment_status":"closed","ping_status":"closed","template":"","meta":{"_acf_changed":false,"inline_featured_image":false,"footnotes":""},"class_list":["post-1528","page","type-page","status-publish","hentry"],"acf":[],"_links":{"self":[{"href":"https:\/\/chromsword.com\/pt-pt\/wp-json\/wp\/v2\/pages\/1528","targetHints":{"allow":["GET"]}}],"collection":[{"href":"https:\/\/chromsword.com\/pt-pt\/wp-json\/wp\/v2\/pages"}],"about":[{"href":"https:\/\/chromsword.com\/pt-pt\/wp-json\/wp\/v2\/types\/page"}],"author":[{"embeddable":true,"href":"https:\/\/chromsword.com\/pt-pt\/wp-json\/wp\/v2\/users\/1"}],"replies":[{"embeddable":true,"href":"https:\/\/chromsword.com\/pt-pt\/wp-json\/wp\/v2\/comments?post=1528"}],"version-history":[{"count":1,"href":"https:\/\/chromsword.com\/pt-pt\/wp-json\/wp\/v2\/pages\/1528\/revisions"}],"predecessor-version":[{"id":2131,"href":"https:\/\/chromsword.com\/pt-pt\/wp-json\/wp\/v2\/pages\/1528\/revisions\/2131"}],"wp:attachment":[{"href":"https:\/\/chromsword.com\/pt-pt\/wp-json\/wp\/v2\/media?parent=1528"}],"curies":[{"name":"wp","href":"https:\/\/api.w.org\/{rel}","templated":true}]}}