{"id":1924,"date":"2024-10-21T11:16:02","date_gmt":"2024-10-21T08:16:02","guid":{"rendered":"https:\/\/chromsword.com\/informativa-sulla-privacy\/"},"modified":"2025-10-24T10:48:27","modified_gmt":"2025-10-24T07:48:27","slug":"informativa-sulla-privacy","status":"publish","type":"page","link":"https:\/\/chromsword.com\/it\/informativa-sulla-privacy\/","title":{"rendered":"Informativa sulla privacy"},"content":{"rendered":"\t\t<div data-elementor-type=\"wp-page\" data-elementor-id=\"1924\" class=\"elementor elementor-1924 elementor-3\" data-elementor-post-type=\"page\">\n\t\t\t\t<section class=\"elementor-element elementor-element-fe976aa e-flex e-con-boxed e-con e-parent\" data-id=\"fe976aa\" data-element_type=\"container\" data-e-type=\"container\">\n\t\t\t\t\t<div class=\"e-con-inner\">\n\t\t<div class=\"elementor-element elementor-element-a11d008 e-con-full e-flex e-con e-child\" data-id=\"a11d008\" data-element_type=\"container\" data-e-type=\"container\">\n\t\t<div class=\"elementor-element elementor-element-96545d5 e-con-full e-flex e-con e-child\" data-id=\"96545d5\" data-element_type=\"container\" data-e-type=\"container\">\n\t\t<div class=\"elementor-element elementor-element-e3b66fd e-con-full e-flex e-con e-child\" data-id=\"e3b66fd\" data-element_type=\"container\" data-e-type=\"container\">\n\t\t\t\t<div class=\"elementor-element elementor-element-4244a26 elementor-widget elementor-widget-heading\" data-id=\"4244a26\" data-element_type=\"widget\" data-e-type=\"widget\" data-widget_type=\"heading.default\">\n\t\t\t\t\t<h1 class=\"elementor-heading-title elementor-size-default\">Informativa sulla privacy<\/h1>\t\t\t\t<\/div>\n\t\t\t\t<div class=\"elementor-element elementor-element-c5e40ec elementor-widget elementor-widget-text-editor\" data-id=\"c5e40ec\" data-element_type=\"widget\" data-e-type=\"widget\" data-widget_type=\"text-editor.default\">\n\t\t\t\t\t\t\t\t\t<p>Data di entrata in vigore: 04 luglio 2018<br><br>ChromSword (&#8220;noi&#8221;, &#8220;ci&#8221; o &#8220;nostro&#8221;) gestisce il sito web www.chromsword.com (il &#8220;Servizio&#8221;).<br><br>Questa pagina la informa sulle nostre politiche relative alla raccolta, all&#8217;uso e alla divulgazione dei dati personali quando utilizza il nostro Servizio e sulle scelte che ha associato a tali dati.<br><br>Utilizziamo i suoi dati per fornire e migliorare il Servizio. Utilizzando il Servizio, lei accetta la raccolta e l&#8217;utilizzo delle informazioni in conformit\u00e0 con la presente politica. Se non diversamente definito nella presente Informativa sulla privacy, i termini utilizzati nella presente Informativa sulla privacy hanno lo stesso significato dei nostri Termini e condizioni, accessibili dal sito <a href=\"https:\/\/chromsword.com\/it\/\">www.chromsword.com<\/a>.  <\/p>\t\t\t\t\t\t\t\t<\/div>\n\t\t\t\t<\/div>\n\t\t\t\t<\/div>\n\t\t<div class=\"elementor-element elementor-element-f48391d e-con-full e-flex e-con e-child\" data-id=\"f48391d\" data-element_type=\"container\" data-e-type=\"container\">\n\t\t<div class=\"elementor-element elementor-element-7caf00a e-con-full e-flex e-con e-child\" data-id=\"7caf00a\" data-element_type=\"container\" data-e-type=\"container\">\n\t\t\t\t<div class=\"elementor-element elementor-element-29293d4 elementor-widget elementor-widget-heading\" data-id=\"29293d4\" data-element_type=\"widget\" data-e-type=\"widget\" data-widget_type=\"heading.default\">\n\t\t\t\t\t<h3 class=\"elementor-heading-title elementor-size-default\">Raccolta e utilizzo delle informazioni<\/h3>\t\t\t\t<\/div>\n\t\t\t\t<div class=\"elementor-element elementor-element-b23b13c elementor-widget elementor-widget-text-editor\" data-id=\"b23b13c\" data-element_type=\"widget\" data-e-type=\"widget\" data-widget_type=\"text-editor.default\">\n\t\t\t\t\t\t\t\t\t<p>Raccogliamo diversi tipi di informazioni per vari scopi, al fine di fornire e migliorare il nostro Servizio a lei.<\/p>\t\t\t\t\t\t\t\t<\/div>\n\t\t\t\t<\/div>\n\t\t<div class=\"elementor-element elementor-element-7dc5be5 e-con-full e-flex e-con e-child\" data-id=\"7dc5be5\" data-element_type=\"container\" data-e-type=\"container\">\n\t\t\t\t<div class=\"elementor-element elementor-element-9affcce elementor-widget elementor-widget-heading\" data-id=\"9affcce\" data-element_type=\"widget\" data-e-type=\"widget\" data-widget_type=\"heading.default\">\n\t\t\t\t\t<h4 class=\"elementor-heading-title elementor-size-default\">Tipi di dati raccolti<\/h4>\t\t\t\t<\/div>\n\t\t\t\t<div class=\"elementor-element elementor-element-0d14bfd elementor-widget elementor-widget-text-editor\" data-id=\"0d14bfd\" data-element_type=\"widget\" data-e-type=\"widget\" data-widget_type=\"text-editor.default\">\n\t\t\t\t\t\t\t\t\t<div class=\"sub-section\">\n<h4 class=\"h-6\">Dati personali<\/h4>\n<p class=\"p-5\">Durante l&#8217;utilizzo del nostro Servizio, potremmo chiederle di fornirci alcune informazioni di identificazione personale che possono essere utilizzate per contattarla o identificarla (&#8220;Dati personali&#8221;). Le informazioni di identificazione personale possono includere, ma non sono limitate a: <\/p>\n<div class=\"points\">\n<div class=\"point-container\">\n<ul>\n<li>Indirizzo e-mail<\/li>\n<li>Nome e cognome<\/li>\n<li>Numero di telefono<\/li>\n<li>Cookie e dati di utilizzo<\/li>\n<\/ul>\n<\/div>\n<\/div>\n<\/div>\n<div class=\"sub-section\">\n<h4> <\/h4>\n<h4 class=\"h-6\">Dati di utilizzo<\/h4>\n<p class=\"p-5\">Possiamo anche raccogliere informazioni sulle modalit\u00e0 di accesso e utilizzo del Servizio (&#8220;Dati di utilizzo&#8221;). Questi Dati di utilizzo possono includere informazioni quali l&#8217;indirizzo del Protocollo Internet del suo computer (ad esempio, l&#8217;indirizzo IP), il tipo di browser, la versione del browser, le pagine del nostro Servizio che lei visita, l&#8217;ora e la data della sua visita, il tempo trascorso su tali pagine, gli identificatori unici del dispositivo e altri dati diagnostici. <\/p>\n<\/div>\n<div class=\"sub-section\">\n<h4> <\/h4>\n<h4 class=\"h-6\">Dati di tracciamento e cookie<\/h4>\n<p class=\"p-5\">Utilizziamo cookie e tecnologie di tracciamento simili per tracciare l&#8217;attivit\u00e0 sul nostro Servizio e conservare determinate informazioni.<br><br>I cookie sono file con una piccola quantit\u00e0 di dati che possono includere un identificatore unico anonimo. I cookie vengono inviati al suo browser da un sito web e memorizzati sul suo dispositivo. Le tecnologie di tracciamento utilizzate sono anche beacon, tag e script per raccogliere e tracciare informazioni e per migliorare e analizzare il nostro Servizio.  <br><br>Pu\u00f2 indicare al suo browser di rifiutare tutti i cookie o di indicare quando un cookie viene inviato. Tuttavia, se non accetta i cookie, potrebbe non essere in grado di utilizzare alcune parti del nostro Servizio. <br><br>Esempi di cookie che utilizziamo:<\/p>\n<div class=\"points\">\n<div class=\"point-container\">\n<ul>\n<li class=\"p-5 point-text\"><span class=\"bold\">Cookie di sessione.  <\/span>Utilizziamo i cookie di sessione per far funzionare il nostro Servizio.<\/li>\n<li class=\"p-5 point-text\">Cookie di preferenza. Utilizziamo i cookie di preferenza per ricordare le sue preferenze e le varie impostazioni. <\/li>\n<li class=\"p-5 point-text\">Cookie di sicurezza. Utilizziamo i cookie di sicurezza per scopi di sicurezza. <\/li>\n<\/ul>\n<\/div>\n<\/div>\n<\/div>\t\t\t\t\t\t\t\t<\/div>\n\t\t\t\t<\/div>\n\t\t<div class=\"elementor-element elementor-element-8d0ee01 e-con-full e-flex e-con e-child\" data-id=\"8d0ee01\" data-element_type=\"container\" data-e-type=\"container\">\n\t\t\t\t<div class=\"elementor-element elementor-element-76b6e22 elementor-widget elementor-widget-heading\" data-id=\"76b6e22\" data-element_type=\"widget\" data-e-type=\"widget\" data-widget_type=\"heading.default\">\n\t\t\t\t\t<h4 class=\"elementor-heading-title elementor-size-default\">Uso dei dati<\/h4>\t\t\t\t<\/div>\n\t\t\t\t<div class=\"elementor-element elementor-element-da3d924 elementor-widget elementor-widget-text-editor\" data-id=\"da3d924\" data-element_type=\"widget\" data-e-type=\"widget\" data-widget_type=\"text-editor.default\">\n\t\t\t\t\t\t\t\t\t<div class=\"sub-section\">\n<p class=\"p-4\">ChromSword utilizza i dati raccolti per vari scopi:<\/p>\n<div class=\"points\">\n<div class=\"point-container\">\n<ul>\n<li class=\"par-2 point-text\">Per fornire e mantenere il Servizio<\/li>\n<li class=\"par-2 point-text\">Per notificarle le modifiche al nostro Servizio<\/li>\n<li class=\"par-2 point-text\">Per consentirle di partecipare alle funzioni interattive del nostro Servizio quando sceglie di farlo<\/li>\n<li class=\"par-2 point-text\">Fornire assistenza e supporto ai clienti<\/li>\n<li class=\"par-2 point-text\">Per fornire analisi o informazioni preziose in modo da poter migliorare il Servizio.<\/li>\n<li class=\"par-2 point-text\">Per monitorare l&#8217;utilizzo del Servizio<\/li>\n<li class=\"par-2 point-text\">Per individuare, prevenire e risolvere i problemi tecnici<\/li>\n<\/ul>\n<\/div>\n<\/div>\n<\/div>\t\t\t\t\t\t\t\t<\/div>\n\t\t\t\t<\/div>\n\t\t<div class=\"elementor-element elementor-element-6b22c52 e-con-full e-flex e-con e-child\" data-id=\"6b22c52\" data-element_type=\"container\" data-e-type=\"container\">\n\t\t\t\t<div class=\"elementor-element elementor-element-a8c645c elementor-widget elementor-widget-heading\" data-id=\"a8c645c\" data-element_type=\"widget\" data-e-type=\"widget\" data-widget_type=\"heading.default\">\n\t\t\t\t\t<h4 class=\"elementor-heading-title elementor-size-default\">Trasferimento di dati<\/h4>\t\t\t\t<\/div>\n\t\t\t\t<div class=\"elementor-element elementor-element-3e2369f elementor-widget elementor-widget-text-editor\" data-id=\"3e2369f\" data-element_type=\"widget\" data-e-type=\"widget\" data-widget_type=\"text-editor.default\">\n\t\t\t\t\t\t\t\t\t<div class=\"sub-section\">\n<p class=\"p-4\">Le sue informazioni, compresi i Dati personali, possono essere trasferite a &#8211; e mantenute su &#8211; computer situati al di fuori del suo Stato, provincia, Paese o altra giurisdizione governativa dove le leggi sulla protezione dei dati possono essere diverse da quelle della sua giurisdizione.<br><br>Se si trova al di fuori della Lettonia e sceglie di fornirci informazioni, tenga presente che trasferiamo i dati, compresi i Dati personali, in Lettonia e li elaboriamo l\u00ec.<br><br>Il suo consenso alla presente Informativa sulla privacy seguito dall&#8217;invio di tali informazioni rappresenta il suo consenso a tale trasferimento.<br><br>ChromSword adotter\u00e0 tutte le misure ragionevolmente necessarie per garantire che i suoi dati siano trattati in modo sicuro e in conformit\u00e0 con la presente Informativa sulla privacy e nessun trasferimento dei suoi Dati personali avverr\u00e0 a un&#8217;organizzazione o a un Paese a meno che non vi siano controlli adeguati in atto, compresa la sicurezza dei suoi dati e di altre informazioni personali.<\/p>\n<\/div>\t\t\t\t\t\t\t\t<\/div>\n\t\t\t\t<\/div>\n\t\t<div class=\"elementor-element elementor-element-5339c36 e-con-full e-flex e-con e-child\" data-id=\"5339c36\" data-element_type=\"container\" data-e-type=\"container\">\n\t\t\t\t<div class=\"elementor-element elementor-element-7eb347e elementor-widget elementor-widget-heading\" data-id=\"7eb347e\" data-element_type=\"widget\" data-e-type=\"widget\" data-widget_type=\"heading.default\">\n\t\t\t\t\t<h4 class=\"elementor-heading-title elementor-size-default\">Divulgazione dei dati<\/h4>\t\t\t\t<\/div>\n\t\t\t\t<div class=\"elementor-element elementor-element-5f1a34e elementor-widget elementor-widget-text-editor\" data-id=\"5f1a34e\" data-element_type=\"widget\" data-e-type=\"widget\" data-widget_type=\"text-editor.default\">\n\t\t\t\t\t\t\t\t\t<div class=\"sub-section\">\n<p class=\"p-4\">ChromSword pu\u00f2 divulgare i suoi Dati personali nella convinzione in buona fede che tale azione sia necessaria per:<\/p>\n<h4 class=\"h-5\">Requisiti legali<\/h4>\n<div class=\"points\">\n<div class=\"point-container\">\n<ul>\n<li class=\"par-2 point-text\">Per adempiere a un obbligo legale<\/li>\n<li class=\"par-2 point-text\">Per proteggere e difendere i diritti o la propriet\u00e0 di ChromSword<\/li>\n<li class=\"par-2 point-text\">Per prevenire o indagare su eventuali illeciti in relazione al Servizio.<\/li>\n<li class=\"par-2 point-text\">Per proteggere la sicurezza personale degli utenti del Servizio o del pubblico.<\/li>\n<li class=\"par-2 point-text\">Per proteggersi dalla responsabilit\u00e0 legale<\/li>\n<\/ul>\n<\/div>\n<\/div>\n<\/div>\t\t\t\t\t\t\t\t<\/div>\n\t\t\t\t<\/div>\n\t\t<div class=\"elementor-element elementor-element-b849f4a e-con-full e-flex e-con e-child\" data-id=\"b849f4a\" data-element_type=\"container\" data-e-type=\"container\">\n\t\t\t\t<div class=\"elementor-element elementor-element-808a891 elementor-widget elementor-widget-heading\" data-id=\"808a891\" data-element_type=\"widget\" data-e-type=\"widget\" data-widget_type=\"heading.default\">\n\t\t\t\t\t<h4 class=\"elementor-heading-title elementor-size-default\">Sicurezza dei dati<\/h4>\t\t\t\t<\/div>\n\t\t\t\t<div class=\"elementor-element elementor-element-ab63812 elementor-widget elementor-widget-text-editor\" data-id=\"ab63812\" data-element_type=\"widget\" data-e-type=\"widget\" data-widget_type=\"text-editor.default\">\n\t\t\t\t\t\t\t\t\t<div class=\"sub-section\">\n<p class=\"p-4\">La sicurezza dei suoi dati \u00e8 importante per noi, ma si ricordi che nessun metodo di trasmissione su Internet o di archiviazione elettronica \u00e8 sicuro al 100%. Sebbene ci sforziamo di utilizzare mezzi commercialmente accettabili per proteggere i suoi Dati personali, non possiamo garantirne la sicurezza assoluta. <\/p>\n<\/div>\t\t\t\t\t\t\t\t<\/div>\n\t\t\t\t<\/div>\n\t\t<div class=\"elementor-element elementor-element-acc091f e-con-full e-flex e-con e-child\" data-id=\"acc091f\" data-element_type=\"container\" data-e-type=\"container\">\n\t\t\t\t<div class=\"elementor-element elementor-element-21e8b8e elementor-widget elementor-widget-heading\" data-id=\"21e8b8e\" data-element_type=\"widget\" data-e-type=\"widget\" data-widget_type=\"heading.default\">\n\t\t\t\t\t<h4 class=\"elementor-heading-title elementor-size-default\">Fornitori di servizi<\/h4>\t\t\t\t<\/div>\n\t\t\t\t<div class=\"elementor-element elementor-element-e8c320c elementor-widget elementor-widget-text-editor\" data-id=\"e8c320c\" data-element_type=\"widget\" data-e-type=\"widget\" data-widget_type=\"text-editor.default\">\n\t\t\t\t\t\t\t\t\t<div class=\"sub-section\">\n<p class=\"p-4\">Possiamo impiegare societ\u00e0 e persone terze per facilitare il nostro Servizio (&#8220;Fornitori di Servizi&#8221;), per fornire il Servizio per nostro conto, per eseguire servizi correlati al Servizio o per assisterci nell&#8217;analisi dell&#8217;utilizzo del nostro Servizio.<br><br>Queste terze parti hanno accesso ai suoi Dati Personali solo per eseguire questi compiti per nostro conto e sono obbligate a non divulgarli o utilizzarli per qualsiasi altro scopo.<\/p>\n<p> <\/p>\n<h4 class=\"h-5\">Analisi<\/h4>\n<p class=\"par-2\">Possiamo utilizzare fornitori di servizi terzi per monitorare e analizzare l&#8217;uso del nostro Servizio.<\/p>\n<div class=\"points\">\n<div class=\"point-container\">\n<ul>\n<li class=\"par-2 point-text bold\">Google Analytics<br><br>Google Analytics \u00e8 un servizio di analisi web offerto da Google che traccia e riporta il traffico del sito web. Google utilizza i dati raccolti per tracciare e monitorare l&#8217;uso del nostro Servizio. Questi dati vengono condivisi con altri servizi di Google. Google pu\u00f2 utilizzare i dati raccolti per contestualizzare e personalizzare gli annunci della propria rete pubblicitaria.   <br><br>Pu\u00f2 scegliere di non rendere disponibile la sua attivit\u00e0 sul Servizio a Google Analytics installando il componente aggiuntivo del browser Google Analytics. Il componente aggiuntivo impedisce ai JavaScript di Google Analytics (ga.js, analytics.js e dc.js) di condividere con Google Analytics le informazioni sull&#8217;attivit\u00e0 delle visite. <br><br>Per ulteriori informazioni sulle pratiche di privacy di Google, la invitiamo a visitare la pagina web sulla privacy e i termini di Google: <a href=\"https:\/\/policies.google.com\/privacy\" target=\"_blank\" rel=\"noopener nofollow\">https:\/\/policies.google.com\/privacy<\/a>.<\/li>\n<\/ul>\n<\/div>\n<\/div>\n<\/div>\t\t\t\t\t\t\t\t<\/div>\n\t\t\t\t<\/div>\n\t\t<div class=\"elementor-element elementor-element-a4e0a5b e-con-full e-flex e-con e-child\" data-id=\"a4e0a5b\" data-element_type=\"container\" data-e-type=\"container\">\n\t\t\t\t<div class=\"elementor-element elementor-element-548070c elementor-widget elementor-widget-heading\" data-id=\"548070c\" data-element_type=\"widget\" data-e-type=\"widget\" data-widget_type=\"heading.default\">\n\t\t\t\t\t<h4 class=\"elementor-heading-title elementor-size-default\">Collegamenti ad altri siti<\/h4>\t\t\t\t<\/div>\n\t\t\t\t<div class=\"elementor-element elementor-element-e142022 elementor-widget elementor-widget-text-editor\" data-id=\"e142022\" data-element_type=\"widget\" data-e-type=\"widget\" data-widget_type=\"text-editor.default\">\n\t\t\t\t\t\t\t\t\t<div class=\"sub-section\">\n<p class=\"p-4\">Il nostro Servizio pu\u00f2 contenere link ad altri siti che non sono gestiti da noi. Se clicca su un link di terzi, sar\u00e0 indirizzato al sito di questi ultimi. Le consigliamo vivamente di esaminare l&#8217;Informativa sulla privacy di ogni sito che visita.  <br><br>Non abbiamo alcun controllo e non ci assumiamo alcuna responsabilit\u00e0 per il contenuto, le politiche sulla privacy o le pratiche di siti o servizi di terzi.<\/p>\n<div class=\"points\">\n<div class=\"point-container\"> <\/div>\n<\/div>\n<\/div>\t\t\t\t\t\t\t\t<\/div>\n\t\t\t\t<\/div>\n\t\t<div class=\"elementor-element elementor-element-e18b5f0 e-con-full e-flex e-con e-child\" data-id=\"e18b5f0\" data-element_type=\"container\" data-e-type=\"container\">\n\t\t\t\t<div class=\"elementor-element elementor-element-a404ed8 elementor-widget elementor-widget-heading\" data-id=\"a404ed8\" data-element_type=\"widget\" data-e-type=\"widget\" data-widget_type=\"heading.default\">\n\t\t\t\t\t<h4 class=\"elementor-heading-title elementor-size-default\">Privacy dei bambini<\/h4>\t\t\t\t<\/div>\n\t\t\t\t<div class=\"elementor-element elementor-element-c9413b1 elementor-widget elementor-widget-text-editor\" data-id=\"c9413b1\" data-element_type=\"widget\" data-e-type=\"widget\" data-widget_type=\"text-editor.default\">\n\t\t\t\t\t\t\t\t\t<div class=\"sub-section\">\n<p class=\"p-4\">Il nostro Servizio non si rivolge a persone di et\u00e0 inferiore ai 18 anni (&#8220;Bambini&#8221;).<br><br>Non raccogliamo consapevolmente informazioni di identificazione personale da persone di et\u00e0 inferiore ai 18 anni. Se lei \u00e8 un genitore o un tutore e sa che i suoi figli ci hanno fornito dei Dati personali, ci contatti. Se veniamo a conoscenza di aver raccolto Dati personali di bambini senza la verifica del consenso dei genitori, ci attiviamo per rimuovere tali informazioni dai nostri server.  <\/p>\n<\/div>\t\t\t\t\t\t\t\t<\/div>\n\t\t\t\t<\/div>\n\t\t<div class=\"elementor-element elementor-element-1ee43bf e-con-full e-flex e-con e-child\" data-id=\"1ee43bf\" data-element_type=\"container\" data-e-type=\"container\">\n\t\t\t\t<div class=\"elementor-element elementor-element-6d6df0b elementor-widget elementor-widget-heading\" data-id=\"6d6df0b\" data-element_type=\"widget\" data-e-type=\"widget\" data-widget_type=\"heading.default\">\n\t\t\t\t\t<h4 class=\"elementor-heading-title elementor-size-default\">Modifiche alla presente Informativa sulla privacy<\/h4>\t\t\t\t<\/div>\n\t\t\t\t<div class=\"elementor-element elementor-element-f5a6090 elementor-widget elementor-widget-text-editor\" data-id=\"f5a6090\" data-element_type=\"widget\" data-e-type=\"widget\" data-widget_type=\"text-editor.default\">\n\t\t\t\t\t\t\t\t\t<div class=\"sub-section\">\n<p class=\"p-4\">Possiamo aggiornare la nostra Informativa sulla privacy di tanto in tanto. La informeremo di eventuali modifiche pubblicando la nuova Informativa sulla privacy su questa pagina. <br><br>La informeremo via e-mail e\/o con un avviso ben visibile sul nostro Servizio, prima che la modifica diventi effettiva e aggiorneremo la &#8220;data di entrata in vigore&#8221; nella parte superiore della presente Informativa sulla privacy.<br><br>Si consiglia di rivedere periodicamente la presente Informativa sulla privacy per eventuali modifiche. Le modifiche alla presente Informativa sulla privacy entrano in vigore quando vengono pubblicate su questa pagina. <\/p>\n<\/div>\t\t\t\t\t\t\t\t<\/div>\n\t\t\t\t<\/div>\n\t\t\t\t<\/div>\n\t\t\t\t<\/div>\n\t\t\t\t\t<\/div>\n\t\t\t\t<\/section>\n\t\t\t\t<\/div>\n\t\t","protected":false},"excerpt":{"rendered":"<p>Data di entrata in vigore: 04 luglio 2018 ChromSword (&#8220;noi&#8221;, &#8220;ci&#8221; o &#8220;nostro&#8221;) gestisce il sito web www.chromsword.com (il &#8220;Servizio&#8221;). Questa pagina la informa sulle nostre politiche relative alla raccolta, all&#8217;uso e alla divulgazione dei dati personali quando utilizza il nostro Servizio e sulle scelte che ha associato a tali dati. Utilizziamo i suoi dati [&hellip;]<\/p>\n","protected":false},"author":1,"featured_media":0,"parent":0,"menu_order":0,"comment_status":"closed","ping_status":"open","template":"","meta":{"_acf_changed":false,"inline_featured_image":false,"footnotes":""},"class_list":["post-1924","page","type-page","status-publish","hentry"],"acf":[],"_links":{"self":[{"href":"https:\/\/chromsword.com\/it\/wp-json\/wp\/v2\/pages\/1924","targetHints":{"allow":["GET"]}}],"collection":[{"href":"https:\/\/chromsword.com\/it\/wp-json\/wp\/v2\/pages"}],"about":[{"href":"https:\/\/chromsword.com\/it\/wp-json\/wp\/v2\/types\/page"}],"author":[{"embeddable":true,"href":"https:\/\/chromsword.com\/it\/wp-json\/wp\/v2\/users\/1"}],"replies":[{"embeddable":true,"href":"https:\/\/chromsword.com\/it\/wp-json\/wp\/v2\/comments?post=1924"}],"version-history":[{"count":2,"href":"https:\/\/chromsword.com\/it\/wp-json\/wp\/v2\/pages\/1924\/revisions"}],"predecessor-version":[{"id":2034,"href":"https:\/\/chromsword.com\/it\/wp-json\/wp\/v2\/pages\/1924\/revisions\/2034"}],"wp:attachment":[{"href":"https:\/\/chromsword.com\/it\/wp-json\/wp\/v2\/media?parent=1924"}],"curies":[{"name":"wp","href":"https:\/\/api.w.org\/{rel}","templated":true}]}}