{"id":1352,"date":"2024-10-23T14:40:34","date_gmt":"2024-10-23T11:40:34","guid":{"rendered":"https:\/\/chromsword.com\/progetti-ue\/"},"modified":"2025-10-23T11:54:50","modified_gmt":"2025-10-23T08:54:50","slug":"progetti-ue","status":"publish","type":"page","link":"https:\/\/chromsword.com\/it\/progetti-ue\/","title":{"rendered":"Progetti UE"},"content":{"rendered":"\t\t<div data-elementor-type=\"wp-page\" data-elementor-id=\"1352\" class=\"elementor elementor-1352 elementor-18\" data-elementor-post-type=\"page\">\n\t\t\t\t<section class=\"elementor-element elementor-element-fbb9c69 e-flex e-con-boxed e-con e-parent\" data-id=\"fbb9c69\" data-element_type=\"container\" data-e-type=\"container\" data-settings=\"{&quot;background_background&quot;:&quot;gradient&quot;}\">\n\t\t\t\t\t<div class=\"e-con-inner\">\n\t\t<div class=\"elementor-element elementor-element-9a6b96d e-con-full e-flex e-con e-child\" data-id=\"9a6b96d\" data-element_type=\"container\" data-e-type=\"container\">\n\t\t\t\t<div class=\"elementor-element elementor-element-aa87bd6 elementor-widget elementor-widget-heading\" data-id=\"aa87bd6\" data-element_type=\"widget\" data-e-type=\"widget\" data-widget_type=\"heading.default\">\n\t\t\t\t\t<h1 class=\"elementor-heading-title elementor-size-default\">Progetti UE<\/h1>\t\t\t\t<\/div>\n\t\t\t\t<div class=\"elementor-element elementor-element-a5e44ca elementor-grid-1 elementor-grid-tablet-1 elementor-grid-mobile-1 elementor-widget elementor-widget-loop-grid\" data-id=\"a5e44ca\" data-element_type=\"widget\" data-e-type=\"widget\" data-settings=\"{&quot;template_id&quot;:943,&quot;columns&quot;:1,&quot;pagination_type&quot;:&quot;numbers_and_prev_next&quot;,&quot;pagination_load_type&quot;:&quot;ajax&quot;,&quot;columns_tablet&quot;:1,&quot;row_gap&quot;:{&quot;unit&quot;:&quot;em&quot;,&quot;size&quot;:5,&quot;sizes&quot;:[]},&quot;row_gap_tablet&quot;:{&quot;unit&quot;:&quot;em&quot;,&quot;size&quot;:&quot;&quot;,&quot;sizes&quot;:[]},&quot;row_gap_mobile&quot;:{&quot;unit&quot;:&quot;em&quot;,&quot;size&quot;:&quot;&quot;,&quot;sizes&quot;:[]},&quot;_skin&quot;:&quot;post&quot;,&quot;columns_mobile&quot;:&quot;1&quot;,&quot;edit_handle_selector&quot;:&quot;[data-elementor-type=\\&quot;loop-item\\&quot;]&quot;}\" data-widget_type=\"loop-grid.post\">\n\t\t\t\t<div class=\"elementor-widget-container\">\n\t\t\t\t\t\t\t<div class=\"elementor-loop-container elementor-grid\" role=\"list\">\n\t\t<style id=\"loop-943\">.elementor-943 .elementor-element.elementor-element-57050d9{--display:flex;--flex-direction:row;--container-widget-width:initial;--container-widget-height:100%;--container-widget-flex-grow:1;--container-widget-align-self:stretch;--flex-wrap-mobile:wrap;--padding-top:0px;--padding-bottom:0px;--padding-left:0px;--padding-right:0px;}.elementor-943 .elementor-element.elementor-element-1a8aec3{--display:flex;--justify-content:space-between;--padding-top:0px;--padding-bottom:0px;--padding-left:0px;--padding-right:0px;}.elementor-943 .elementor-element.elementor-element-20ac539 .elementor-heading-title{font-size:3rem;}.elementor-943 .elementor-element.elementor-element-8b1c50a{text-align:start;}.elementor-943 .elementor-element.elementor-element-8b1c50a img{width:400px;max-width:100%;}.elementor-943 .elementor-element.elementor-element-d82200c{--display:flex;--justify-content:space-between;--padding-top:0px;--padding-bottom:0px;--padding-left:0px;--padding-right:0px;}.elementor-943 .elementor-element.elementor-element-9674fbe{text-align:end;}@media(max-width:1024px){.elementor-943 .elementor-element.elementor-element-57050d9{--flex-direction:column;--container-widget-width:100%;--container-widget-height:initial;--container-widget-flex-grow:0;--container-widget-align-self:initial;--flex-wrap-mobile:wrap;}.elementor-943 .elementor-element.elementor-element-20ac539{text-align:center;}.elementor-943 .elementor-element.elementor-element-20ac539 .elementor-heading-title{font-size:2rem;}.elementor-943 .elementor-element.elementor-element-8b1c50a{text-align:center;}.elementor-943 .elementor-element.elementor-element-8b1c50a.elementor-element{--order:-99999 \/* order start hack *\/;}.elementor-943 .elementor-element.elementor-element-9674fbe{text-align:center;}}@media(max-width:767px){.elementor-943 .elementor-element.elementor-element-20ac539{text-align:center;}.elementor-943 .elementor-element.elementor-element-8b1c50a.elementor-element{--order:-99999 \/* order start hack *\/;}.elementor-943 .elementor-element.elementor-element-9674fbe{text-align:center;}}<\/style>\t\t<div data-elementor-type=\"loop-item\" data-elementor-id=\"943\" class=\"elementor elementor-943 elementor-389 elementor-389 e-loop-item e-loop-item-366 post-366 project type-project status-publish has-post-thumbnail hentry\" data-elementor-post-type=\"elementor_library\" data-custom-edit-handle=\"1\">\n\t\t\t<div class=\"elementor-element elementor-element-57050d9 e-flex e-con-boxed e-con e-parent\" data-id=\"57050d9\" data-element_type=\"container\" data-e-type=\"container\">\n\t\t\t\t\t<div class=\"e-con-inner\">\n\t\t<div class=\"elementor-element elementor-element-1a8aec3 e-con-full e-flex e-con e-child\" data-id=\"1a8aec3\" data-element_type=\"container\" data-e-type=\"container\">\n\t\t\t\t<div class=\"elementor-element elementor-element-20ac539 elementor-widget elementor-widget-heading\" data-id=\"20ac539\" data-element_type=\"widget\" data-e-type=\"widget\" data-widget_type=\"heading.default\">\n\t\t\t\t\t<h2 class=\"elementor-heading-title elementor-size-default\">L\u012bgums nr. 17.2-5-L-2024\/178, Atbalsts procesu digitaliz\u0101cijai<\/h2>\t\t\t\t<\/div>\n\t\t\t\t<div class=\"elementor-element elementor-element-8b1c50a elementor-widget elementor-widget-image\" data-id=\"8b1c50a\" data-element_type=\"widget\" data-e-type=\"widget\" data-widget_type=\"image.default\">\n\t\t\t\t\t\t\t\t\t\t\t\t\t\t\t<img decoding=\"async\" width=\"459\" height=\"240\" src=\"https:\/\/chromsword.com\/wp-content\/uploads\/2024\/10\/finanse-2027.png\" class=\"attachment-large size-large wp-image-85\" alt=\"\" srcset=\"https:\/\/chromsword.com\/wp-content\/uploads\/2024\/10\/finanse-2027.png 459w, https:\/\/chromsword.com\/wp-content\/uploads\/2024\/10\/finanse-2027-300x157.png 300w\" sizes=\"(max-width: 459px) 100vw, 459px\" \/>\t\t\t\t\t\t\t\t\t\t\t\t\t\t\t<\/div>\n\t\t\t\t<\/div>\n\t\t<div class=\"elementor-element elementor-element-d82200c e-con-full e-flex e-con e-child\" data-id=\"d82200c\" data-element_type=\"container\" data-e-type=\"container\">\n\t\t\t\t<div class=\"elementor-element elementor-element-9674fbe elementor-widget elementor-widget-heading\" data-id=\"9674fbe\" data-element_type=\"widget\" data-e-type=\"widget\" data-widget_type=\"heading.default\">\n\t\t\t\t\t<h6 class=\"elementor-heading-title elementor-size-default\">03.04.2024<\/h6>\t\t\t\t<\/div>\n\t\t\t\t<div class=\"elementor-element elementor-element-15e19be elementor-align-right elementor-mobile-align-center elementor-tablet-align-center elementor-widget elementor-widget-button\" data-id=\"15e19be\" data-element_type=\"widget\" data-e-type=\"widget\" data-widget_type=\"button.default\">\n\t\t\t\t\t\t\t\t\t\t<a class=\"elementor-button elementor-button-link elementor-size-sm\" href=\"https:\/\/chromsword.com\/it\/project\/ligums-nr-17-2-5-l-2024-178-atbalsts-procesu-digitalizacijai\/\">\n\t\t\t\t\t\t<span class=\"elementor-button-content-wrapper\">\n\t\t\t\t\t\t\t\t\t<span class=\"elementor-button-text\">Leggi di pi\u00f9<\/span>\n\t\t\t\t\t<\/span>\n\t\t\t\t\t<\/a>\n\t\t\t\t\t\t\t\t<\/div>\n\t\t\t\t<\/div>\n\t\t\t\t\t<\/div>\n\t\t\t\t<\/div>\n\t\t\t\t<\/div>\n\t\t\t\t<div data-elementor-type=\"loop-item\" data-elementor-id=\"943\" class=\"elementor elementor-943 elementor-389 elementor-389 e-loop-item e-loop-item-368 post-368 project type-project status-publish has-post-thumbnail hentry\" data-elementor-post-type=\"elementor_library\" data-custom-edit-handle=\"1\">\n\t\t\t<div class=\"elementor-element elementor-element-57050d9 e-flex e-con-boxed e-con e-parent\" data-id=\"57050d9\" data-element_type=\"container\" data-e-type=\"container\">\n\t\t\t\t\t<div class=\"e-con-inner\">\n\t\t<div class=\"elementor-element elementor-element-1a8aec3 e-con-full e-flex e-con e-child\" data-id=\"1a8aec3\" data-element_type=\"container\" data-e-type=\"container\">\n\t\t\t\t<div class=\"elementor-element elementor-element-20ac539 elementor-widget elementor-widget-heading\" data-id=\"20ac539\" data-element_type=\"widget\" data-e-type=\"widget\" data-widget_type=\"heading.default\">\n\t\t\t\t\t<h2 class=\"elementor-heading-title elementor-size-default\">Nr. 17.2-5-L-2024\/178<\/h2>\t\t\t\t<\/div>\n\t\t\t\t<div class=\"elementor-element elementor-element-8b1c50a elementor-widget elementor-widget-image\" data-id=\"8b1c50a\" data-element_type=\"widget\" data-e-type=\"widget\" data-widget_type=\"image.default\">\n\t\t\t\t\t\t\t\t\t\t\t\t\t\t\t<img decoding=\"async\" width=\"459\" height=\"240\" src=\"https:\/\/chromsword.com\/wp-content\/uploads\/2024\/10\/finanse-2027.png\" class=\"attachment-large size-large wp-image-85\" alt=\"\" srcset=\"https:\/\/chromsword.com\/wp-content\/uploads\/2024\/10\/finanse-2027.png 459w, https:\/\/chromsword.com\/wp-content\/uploads\/2024\/10\/finanse-2027-300x157.png 300w\" sizes=\"(max-width: 459px) 100vw, 459px\" \/>\t\t\t\t\t\t\t\t\t\t\t\t\t\t\t<\/div>\n\t\t\t\t<\/div>\n\t\t<div class=\"elementor-element elementor-element-d82200c e-con-full e-flex e-con e-child\" data-id=\"d82200c\" data-element_type=\"container\" data-e-type=\"container\">\n\t\t\t\t<div class=\"elementor-element elementor-element-9674fbe elementor-widget elementor-widget-heading\" data-id=\"9674fbe\" data-element_type=\"widget\" data-e-type=\"widget\" data-widget_type=\"heading.default\">\n\t\t\t\t\t<h6 class=\"elementor-heading-title elementor-size-default\">03.04.2024<\/h6>\t\t\t\t<\/div>\n\t\t\t\t<div class=\"elementor-element elementor-element-15e19be elementor-align-right elementor-mobile-align-center elementor-tablet-align-center elementor-widget elementor-widget-button\" data-id=\"15e19be\" data-element_type=\"widget\" data-e-type=\"widget\" data-widget_type=\"button.default\">\n\t\t\t\t\t\t\t\t\t\t<a class=\"elementor-button elementor-button-link elementor-size-sm\" href=\"https:\/\/chromsword.com\/it\/project\/nr-17-2-5-l-2024-178\/\">\n\t\t\t\t\t\t<span class=\"elementor-button-content-wrapper\">\n\t\t\t\t\t\t\t\t\t<span class=\"elementor-button-text\">Leggi di pi\u00f9<\/span>\n\t\t\t\t\t<\/span>\n\t\t\t\t\t<\/a>\n\t\t\t\t\t\t\t\t<\/div>\n\t\t\t\t<\/div>\n\t\t\t\t\t<\/div>\n\t\t\t\t<\/div>\n\t\t\t\t<\/div>\n\t\t\t\t<div data-elementor-type=\"loop-item\" data-elementor-id=\"943\" class=\"elementor elementor-943 elementor-389 elementor-389 e-loop-item e-loop-item-367 post-367 project type-project status-publish has-post-thumbnail hentry\" data-elementor-post-type=\"elementor_library\" data-custom-edit-handle=\"1\">\n\t\t\t<div class=\"elementor-element elementor-element-57050d9 e-flex e-con-boxed e-con e-parent\" data-id=\"57050d9\" data-element_type=\"container\" data-e-type=\"container\">\n\t\t\t\t\t<div class=\"e-con-inner\">\n\t\t<div class=\"elementor-element elementor-element-1a8aec3 e-con-full e-flex e-con e-child\" data-id=\"1a8aec3\" data-element_type=\"container\" data-e-type=\"container\">\n\t\t\t\t<div class=\"elementor-element elementor-element-20ac539 elementor-widget elementor-widget-heading\" data-id=\"20ac539\" data-element_type=\"widget\" data-e-type=\"widget\" data-widget_type=\"heading.default\">\n\t\t\t\t\t<h2 class=\"elementor-heading-title elementor-size-default\">Contract no 17.1-1-L-2024\/163, SME Innovative Business Development<\/h2>\t\t\t\t<\/div>\n\t\t\t\t<div class=\"elementor-element elementor-element-8b1c50a elementor-widget elementor-widget-image\" data-id=\"8b1c50a\" data-element_type=\"widget\" data-e-type=\"widget\" data-widget_type=\"image.default\">\n\t\t\t\t\t\t\t\t\t\t\t\t\t\t\t<img decoding=\"async\" width=\"459\" height=\"240\" src=\"https:\/\/chromsword.com\/wp-content\/uploads\/2024\/10\/finanse-2027.png\" class=\"attachment-large size-large wp-image-85\" alt=\"\" srcset=\"https:\/\/chromsword.com\/wp-content\/uploads\/2024\/10\/finanse-2027.png 459w, https:\/\/chromsword.com\/wp-content\/uploads\/2024\/10\/finanse-2027-300x157.png 300w\" sizes=\"(max-width: 459px) 100vw, 459px\" \/>\t\t\t\t\t\t\t\t\t\t\t\t\t\t\t<\/div>\n\t\t\t\t<\/div>\n\t\t<div class=\"elementor-element elementor-element-d82200c e-con-full e-flex e-con e-child\" data-id=\"d82200c\" data-element_type=\"container\" data-e-type=\"container\">\n\t\t\t\t<div class=\"elementor-element elementor-element-9674fbe elementor-widget elementor-widget-heading\" data-id=\"9674fbe\" data-element_type=\"widget\" data-e-type=\"widget\" data-widget_type=\"heading.default\">\n\t\t\t\t\t<h6 class=\"elementor-heading-title elementor-size-default\">21.03.2024<\/h6>\t\t\t\t<\/div>\n\t\t\t\t<div class=\"elementor-element elementor-element-15e19be elementor-align-right elementor-mobile-align-center elementor-tablet-align-center elementor-widget elementor-widget-button\" data-id=\"15e19be\" data-element_type=\"widget\" data-e-type=\"widget\" data-widget_type=\"button.default\">\n\t\t\t\t\t\t\t\t\t\t<a class=\"elementor-button elementor-button-link elementor-size-sm\" href=\"https:\/\/chromsword.com\/it\/project\/contract-no-17-1-1-l-2024-163-sme-innovative-business-development\/\">\n\t\t\t\t\t\t<span class=\"elementor-button-content-wrapper\">\n\t\t\t\t\t\t\t\t\t<span class=\"elementor-button-text\">Leggi di pi\u00f9<\/span>\n\t\t\t\t\t<\/span>\n\t\t\t\t\t<\/a>\n\t\t\t\t\t\t\t\t<\/div>\n\t\t\t\t<\/div>\n\t\t\t\t\t<\/div>\n\t\t\t\t<\/div>\n\t\t\t\t<\/div>\n\t\t\t\t<div data-elementor-type=\"loop-item\" data-elementor-id=\"943\" class=\"elementor elementor-943 elementor-389 elementor-389 e-loop-item e-loop-item-369 post-369 project type-project status-publish has-post-thumbnail hentry\" data-elementor-post-type=\"elementor_library\" data-custom-edit-handle=\"1\">\n\t\t\t<div class=\"elementor-element elementor-element-57050d9 e-flex e-con-boxed e-con e-parent\" data-id=\"57050d9\" data-element_type=\"container\" data-e-type=\"container\">\n\t\t\t\t\t<div class=\"e-con-inner\">\n\t\t<div class=\"elementor-element elementor-element-1a8aec3 e-con-full e-flex e-con e-child\" data-id=\"1a8aec3\" data-element_type=\"container\" data-e-type=\"container\">\n\t\t\t\t<div class=\"elementor-element elementor-element-20ac539 elementor-widget elementor-widget-heading\" data-id=\"20ac539\" data-element_type=\"widget\" data-e-type=\"widget\" data-widget_type=\"heading.default\">\n\t\t\t\t\t<h2 class=\"elementor-heading-title elementor-size-default\">Nr.1.2.1.2\/16\/I\/001 Tehnolo\u0123iju p\u0101rneses programma<\/h2>\t\t\t\t<\/div>\n\t\t\t\t<div class=\"elementor-element elementor-element-8b1c50a elementor-widget elementor-widget-image\" data-id=\"8b1c50a\" data-element_type=\"widget\" data-e-type=\"widget\" data-widget_type=\"image.default\">\n\t\t\t\t\t\t\t\t\t\t\t\t\t\t\t<img decoding=\"async\" width=\"800\" height=\"224\" src=\"https:\/\/chromsword.com\/wp-content\/uploads\/2024\/10\/Frame-130-1024x287.png\" class=\"attachment-large size-large wp-image-87\" alt=\"\" srcset=\"https:\/\/chromsword.com\/wp-content\/uploads\/2024\/10\/Frame-130-1024x287.png 1024w, https:\/\/chromsword.com\/wp-content\/uploads\/2024\/10\/Frame-130-300x84.png 300w, https:\/\/chromsword.com\/wp-content\/uploads\/2024\/10\/Frame-130-768x216.png 768w, https:\/\/chromsword.com\/wp-content\/uploads\/2024\/10\/Frame-130.png 1190w\" sizes=\"(max-width: 800px) 100vw, 800px\" \/>\t\t\t\t\t\t\t\t\t\t\t\t\t\t\t<\/div>\n\t\t\t\t<\/div>\n\t\t<div class=\"elementor-element elementor-element-d82200c e-con-full e-flex e-con e-child\" data-id=\"d82200c\" data-element_type=\"container\" data-e-type=\"container\">\n\t\t\t\t<div class=\"elementor-element elementor-element-9674fbe elementor-widget elementor-widget-heading\" data-id=\"9674fbe\" data-element_type=\"widget\" data-e-type=\"widget\" data-widget_type=\"heading.default\">\n\t\t\t\t\t<h6 class=\"elementor-heading-title elementor-size-default\">02.2023 - 10.2023<\/h6>\t\t\t\t<\/div>\n\t\t\t\t<div class=\"elementor-element elementor-element-15e19be elementor-align-right elementor-mobile-align-center elementor-tablet-align-center elementor-widget elementor-widget-button\" data-id=\"15e19be\" data-element_type=\"widget\" data-e-type=\"widget\" data-widget_type=\"button.default\">\n\t\t\t\t\t\t\t\t\t\t<a class=\"elementor-button elementor-button-link elementor-size-sm\" href=\"https:\/\/chromsword.com\/it\/project\/nr-1-2-1-2-16-i-001-tehnologiju-parneses-programma\/\">\n\t\t\t\t\t\t<span class=\"elementor-button-content-wrapper\">\n\t\t\t\t\t\t\t\t\t<span class=\"elementor-button-text\">Leggi di pi\u00f9<\/span>\n\t\t\t\t\t<\/span>\n\t\t\t\t\t<\/a>\n\t\t\t\t\t\t\t\t<\/div>\n\t\t\t\t<\/div>\n\t\t\t\t\t<\/div>\n\t\t\t\t<\/div>\n\t\t\t\t<\/div>\n\t\t\t\t<div data-elementor-type=\"loop-item\" data-elementor-id=\"943\" class=\"elementor elementor-943 elementor-389 elementor-389 e-loop-item e-loop-item-372 post-372 project type-project status-publish has-post-thumbnail hentry\" data-elementor-post-type=\"elementor_library\" data-custom-edit-handle=\"1\">\n\t\t\t<div class=\"elementor-element elementor-element-57050d9 e-flex e-con-boxed e-con e-parent\" data-id=\"57050d9\" data-element_type=\"container\" data-e-type=\"container\">\n\t\t\t\t\t<div class=\"e-con-inner\">\n\t\t<div class=\"elementor-element elementor-element-1a8aec3 e-con-full e-flex e-con e-child\" data-id=\"1a8aec3\" data-element_type=\"container\" data-e-type=\"container\">\n\t\t\t\t<div class=\"elementor-element elementor-element-20ac539 elementor-widget elementor-widget-heading\" data-id=\"20ac539\" data-element_type=\"widget\" data-e-type=\"widget\" data-widget_type=\"heading.default\">\n\t\t\t\t\t<h2 class=\"elementor-heading-title elementor-size-default\">Nr.1.2.1.1\/18\/A\/007 Hromotogr\u0101fisk\u0101s uzved\u012bbas p\u0113t\u012bjums tirg\u016b pla\u0161i pielietojam\u0101m akt\u012bv\u0101m farmaceitisk\u0101m viel\u0101m<\/h2>\t\t\t\t<\/div>\n\t\t\t\t<div class=\"elementor-element elementor-element-8b1c50a elementor-widget elementor-widget-image\" data-id=\"8b1c50a\" data-element_type=\"widget\" data-e-type=\"widget\" data-widget_type=\"image.default\">\n\t\t\t\t\t\t\t\t\t\t\t\t\t\t\t<img decoding=\"async\" width=\"800\" height=\"224\" src=\"https:\/\/chromsword.com\/wp-content\/uploads\/2024\/10\/Frame-130-1024x287.png\" class=\"attachment-large size-large wp-image-87\" alt=\"\" srcset=\"https:\/\/chromsword.com\/wp-content\/uploads\/2024\/10\/Frame-130-1024x287.png 1024w, https:\/\/chromsword.com\/wp-content\/uploads\/2024\/10\/Frame-130-300x84.png 300w, https:\/\/chromsword.com\/wp-content\/uploads\/2024\/10\/Frame-130-768x216.png 768w, https:\/\/chromsword.com\/wp-content\/uploads\/2024\/10\/Frame-130.png 1190w\" sizes=\"(max-width: 800px) 100vw, 800px\" \/>\t\t\t\t\t\t\t\t\t\t\t\t\t\t\t<\/div>\n\t\t\t\t<\/div>\n\t\t<div class=\"elementor-element elementor-element-d82200c e-con-full e-flex e-con e-child\" data-id=\"d82200c\" data-element_type=\"container\" data-e-type=\"container\">\n\t\t\t\t<div class=\"elementor-element elementor-element-9674fbe elementor-widget elementor-widget-heading\" data-id=\"9674fbe\" data-element_type=\"widget\" data-e-type=\"widget\" data-widget_type=\"heading.default\">\n\t\t\t\t\t<h6 class=\"elementor-heading-title elementor-size-default\">01.05.2019<\/h6>\t\t\t\t<\/div>\n\t\t\t\t<div class=\"elementor-element elementor-element-15e19be elementor-align-right elementor-mobile-align-center elementor-tablet-align-center elementor-widget elementor-widget-button\" data-id=\"15e19be\" data-element_type=\"widget\" data-e-type=\"widget\" data-widget_type=\"button.default\">\n\t\t\t\t\t\t\t\t\t\t<a class=\"elementor-button elementor-button-link elementor-size-sm\" href=\"https:\/\/chromsword.com\/it\/project\/nr-1-2-1-1-18-a-007-hromotografiskas-uzvedibas-petijums-tirgu-plasi-pielietojamam-aktivam-farmaceitiskam-vielam\/\">\n\t\t\t\t\t\t<span class=\"elementor-button-content-wrapper\">\n\t\t\t\t\t\t\t\t\t<span class=\"elementor-button-text\">Leggi di pi\u00f9<\/span>\n\t\t\t\t\t<\/span>\n\t\t\t\t\t<\/a>\n\t\t\t\t\t\t\t\t<\/div>\n\t\t\t\t<\/div>\n\t\t\t\t\t<\/div>\n\t\t\t\t<\/div>\n\t\t\t\t<\/div>\n\t\t\t\t<\/div>\n\t\t\n\t\t\t\t<div class=\"e-load-more-anchor\" data-page=\"1\" data-max-page=\"5\" data-next-page=\"https:\/\/chromsword.com\/it\/?e-page-a5e44ca=2\"><\/div>\n\t\t\t\t<nav class=\"elementor-pagination\" aria-label=\"Paginazione\">\n\t\t\t<span class=\"page-numbers prev\">Precedente<\/span>\n<span aria-current=\"page\" class=\"page-numbers current\"><span class=\"elementor-screen-only\">Pagina<\/span>1<\/span>\n<a class=\"page-numbers\" href=\"https:\/\/chromsword.com\/it\/wp-json\/wp\/v2\/pages\/1352\/?e-page-a5e44ca=2\"><span class=\"elementor-screen-only\">Pagina<\/span>2<\/a>\n<a class=\"page-numbers\" href=\"https:\/\/chromsword.com\/it\/wp-json\/wp\/v2\/pages\/1352\/?e-page-a5e44ca=3\"><span class=\"elementor-screen-only\">Pagina<\/span>3<\/a>\n<span class=\"page-numbers dots\">&hellip;<\/span>\n<a class=\"page-numbers\" href=\"https:\/\/chromsword.com\/it\/wp-json\/wp\/v2\/pages\/1352\/?e-page-a5e44ca=5\"><span class=\"elementor-screen-only\">Pagina<\/span>5<\/a>\n<a class=\"page-numbers next\" href=\"https:\/\/chromsword.com\/it\/?e-page-a5e44ca=2\">Avanti<\/a>\t\t<\/nav>\n\t\t\t\t\t\t<\/div>\n\t\t\t\t<\/div>\n\t\t\t\t<\/div>\n\t\t\t\t\t<\/div>\n\t\t\t\t<\/section>\n\t\t\t\t<\/div>\n\t\t","protected":false},"excerpt":{"rendered":"","protected":false},"author":1,"featured_media":0,"parent":0,"menu_order":0,"comment_status":"closed","ping_status":"closed","template":"","meta":{"_acf_changed":false,"inline_featured_image":false,"footnotes":""},"class_list":["post-1352","page","type-page","status-publish","hentry"],"acf":[],"_links":{"self":[{"href":"https:\/\/chromsword.com\/it\/wp-json\/wp\/v2\/pages\/1352","targetHints":{"allow":["GET"]}}],"collection":[{"href":"https:\/\/chromsword.com\/it\/wp-json\/wp\/v2\/pages"}],"about":[{"href":"https:\/\/chromsword.com\/it\/wp-json\/wp\/v2\/types\/page"}],"author":[{"embeddable":true,"href":"https:\/\/chromsword.com\/it\/wp-json\/wp\/v2\/users\/1"}],"replies":[{"embeddable":true,"href":"https:\/\/chromsword.com\/it\/wp-json\/wp\/v2\/comments?post=1352"}],"version-history":[{"count":0,"href":"https:\/\/chromsword.com\/it\/wp-json\/wp\/v2\/pages\/1352\/revisions"}],"wp:attachment":[{"href":"https:\/\/chromsword.com\/it\/wp-json\/wp\/v2\/media?parent=1352"}],"curies":[{"name":"wp","href":"https:\/\/api.w.org\/{rel}","templated":true}]}}