{"id":1349,"date":"2024-10-23T14:40:29","date_gmt":"2024-10-23T11:40:29","guid":{"rendered":"https:\/\/chromsword.com\/chi-siamo\/"},"modified":"2025-11-05T22:05:33","modified_gmt":"2025-11-05T20:05:33","slug":"chi-siamo","status":"publish","type":"page","link":"https:\/\/chromsword.com\/it\/chi-siamo\/","title":{"rendered":"Chi siamo"},"content":{"rendered":"\t\t<div data-elementor-type=\"wp-page\" data-elementor-id=\"1349\" class=\"elementor elementor-1349 elementor-16\" data-elementor-post-type=\"page\">\n\t\t\t\t<section class=\"elementor-element elementor-element-99db3ff e-flex e-con-boxed e-con e-parent\" data-id=\"99db3ff\" data-element_type=\"container\" data-e-type=\"container\" data-settings=\"{&quot;background_background&quot;:&quot;gradient&quot;}\">\n\t\t\t\t\t<div class=\"e-con-inner\">\n\t\t<div class=\"elementor-element elementor-element-1f886b5 e-con-full e-flex e-con e-child\" data-id=\"1f886b5\" data-element_type=\"container\" data-e-type=\"container\">\n\t\t<div class=\"elementor-element elementor-element-27efb14 e-con-full e-flex e-con e-child\" data-id=\"27efb14\" data-element_type=\"container\" data-e-type=\"container\">\n\t\t\t\t<div class=\"elementor-element elementor-element-8a4af7f elementor-widget elementor-widget-heading\" data-id=\"8a4af7f\" data-element_type=\"widget\" data-e-type=\"widget\" data-widget_type=\"heading.default\">\n\t\t\t\t\t<h1 class=\"elementor-heading-title elementor-size-default\">Chi siamo<\/h1>\t\t\t\t<\/div>\n\t\t\t\t<div class=\"elementor-element elementor-element-ed6b6e6 elementor-widget elementor-widget-text-editor\" data-id=\"ed6b6e6\" data-element_type=\"widget\" data-e-type=\"widget\" data-widget_type=\"text-editor.default\">\n\t\t\t\t\t\t\t\t\t<p>Da oltre 30 anni sviluppiamo prodotti software innovativi a supporto dello sviluppo di metodi in cromatografia liquida.<br><br>In ChromSword siamo motivati dal modo in cui i nostri clienti utilizzano il nostro software per trovare soluzioni ai problemi di separazione e rimanere connessi a ci\u00f2 che \u00e8 pi\u00f9 importante per loro.<br><br>ChromSword detiene posizioni di leadership nell&#8217;automazione dello sviluppo dei metodi. Il nostro software intelligente \u00e8 utilizzato nei pi\u00f9 grandi laboratori farmaceutici del mondo. Il team di ChromSword \u00e8 costituito da un gruppo di specialisti HPLC e IT altamente qualificati che trasferiscono le loro conoscenze in un potente software di sviluppo e convalida dei metodi.  <br><br>La missione di ChromSword \u00e8 quella di fornire un flusso di lavoro completamente integrato e automatizzato per lo sviluppo di metodi HPLC in conformit\u00e0 alle tendenze del settore e ai requisiti normativi.<\/p>\t\t\t\t\t\t\t\t<\/div>\n\t\t\t\t<\/div>\n\t\t<div class=\"elementor-element elementor-element-44ef9a0 e-con-full e-flex e-con e-child\" data-id=\"44ef9a0\" data-element_type=\"container\" data-e-type=\"container\">\n\t\t\t\t<div class=\"elementor-element elementor-element-0d5115c elementor-widget elementor-widget-image\" data-id=\"0d5115c\" data-element_type=\"widget\" data-e-type=\"widget\" data-widget_type=\"image.default\">\n\t\t\t\t\t\t\t\t\t\t\t\t\t\t\t<img decoding=\"async\" width=\"628\" height=\"725\" src=\"https:\/\/chromsword.com\/wp-content\/uploads\/2024\/10\/about-1.png\" class=\"attachment-full size-full wp-image-1343\" alt=\"Chi siamo\" srcset=\"https:\/\/chromsword.com\/wp-content\/uploads\/2024\/10\/about-1.png 628w, https:\/\/chromsword.com\/wp-content\/uploads\/2024\/10\/about-1-260x300.png 260w\" sizes=\"(max-width: 628px) 100vw, 628px\" title=\"Chi siamo\" \/>\t\t\t\t\t\t\t\t\t\t\t\t\t\t\t<\/div>\n\t\t\t\t<\/div>\n\t\t\t\t<\/div>\n\t\t\t\t\t<\/div>\n\t\t\t\t<\/section>\n\t\t<section class=\"elementor-element elementor-element-0e85f5a e-flex e-con-boxed e-con e-parent\" data-id=\"0e85f5a\" data-element_type=\"container\" data-e-type=\"container\" data-settings=\"{&quot;background_background&quot;:&quot;classic&quot;}\">\n\t\t\t\t\t<div class=\"e-con-inner\">\n\t\t<div class=\"elementor-element elementor-element-5ba70d2 e-con-full e-flex e-con e-child\" data-id=\"5ba70d2\" data-element_type=\"container\" data-e-type=\"container\">\n\t\t<div class=\"elementor-element elementor-element-be80ef7 e-con-full e-flex e-con e-child\" data-id=\"be80ef7\" data-element_type=\"container\" data-e-type=\"container\">\n\t\t\t\t<div class=\"elementor-element elementor-element-b264ed6 elementor-widget elementor-widget-heading\" data-id=\"b264ed6\" data-element_type=\"widget\" data-e-type=\"widget\" data-widget_type=\"heading.default\">\n\t\t\t\t\t<h1 class=\"elementor-heading-title elementor-size-default\">La storia<\/h1>\t\t\t\t<\/div>\n\t\t\t\t<\/div>\n\t\t<div class=\"elementor-element elementor-element-2190d9b e-con-full e-flex e-con e-child\" data-id=\"2190d9b\" data-element_type=\"container\" data-e-type=\"container\">\n\t\t<div class=\"elementor-element elementor-element-5e0c381 e-con-full e-flex e-con e-child\" data-id=\"5e0c381\" data-element_type=\"container\" data-e-type=\"container\">\n\t\t\t\t<div class=\"elementor-element elementor-element-9bfe988 elementor-widget elementor-widget-text-editor\" data-id=\"9bfe988\" data-element_type=\"widget\" data-e-type=\"widget\" data-widget_type=\"text-editor.default\">\n\t\t\t\t\t\t\t\t\t<p>Lo sviluppo di una teoria e del primo software ChromDream, che prevede le condizioni iniziali nella cromatografia liquida in fase inversa dalla formula strutturale dei composti e dalle propriet\u00e0 della colonna, \u00e8 stato avviato nel 1990 dal Dr. Sergey Galushko.<\/p><p>ChromSword\u00ae per lo sviluppo di metodi HPLC assistito da computer \u00e8 stato sviluppato tra il 1990 e il 1995 come estensione del software di sviluppo di metodi HPLC ChromDream\u00ae.<\/p><p>Nel 1999 \u00e8 stata sviluppata e lanciata la prima versione per l&#8217;ottimizzazione automatica di HPLC in collaborazione con Merck KGaA (Darmstadt, Germania). Grazie alla collaborazione con VWR International Scientific Instruments, Darmstadt, Germania, Hitachi High Technologies America, San Jose, CA, USA, e Scientific Software Inc, Pleasanton, CA, USA, sono state lanciate le versioni per gli hardware Hitachi LaChrom e LaChromElite e per il software EZChromElite. <\/p><p>Nel 2000 \u00e8 stata lanciata la prima versione di ChromSwordAuto per supportare i sistemi Waters Millennium e Alliance LC. La successiva collaborazione con Agilent Technologies ha portato alla creazione di una versione pi\u00f9 potente che supporta i sistemi LC e LC\/MS Agilent 1100\/1200\/1290 con un massimo di 8 colonne e 15 selettori di solventi.<\/p><p>La collaborazione con Dionex ha contribuito alla creazione delle versioni ChromSwordAuto e AutoRobust che supportano lo sviluppo automatico dei metodi e i test di robustezza utilizzando il sistema di dati Chromeleon, i sistemi LC Dionex Ultimate e Agilent.<\/p>\t\t\t\t\t\t\t\t<\/div>\n\t\t\t\t<\/div>\n\t\t<div class=\"elementor-element elementor-element-a25b35f e-con-full e-flex e-con e-child\" data-id=\"a25b35f\" data-element_type=\"container\" data-e-type=\"container\">\n\t\t\t\t<div class=\"elementor-element elementor-element-ed29960 elementor-widget elementor-widget-text-editor\" data-id=\"ed29960\" data-element_type=\"widget\" data-e-type=\"widget\" data-widget_type=\"text-editor.default\">\n\t\t\t\t\t\t\t\t\t<p>Attualmente Chromsword ha una forte partnership e supporto per lo sviluppo di metodi automatici con strumenti Agilent, Hitachi, Thermo e Waters.<\/p><p>Nel 2009 \u00e8 stata lanciata la versione di ChromSwordAuto 4.0 Professional con supporto multistrumentale. Questa versione esegue attivit\u00e0 di sviluppo del metodo completamente automatizzate come lo scouting del metodo (screening), l&#8217;ottimizzazione rapida del gradiente, l&#8217;ottimizzazione fine del gradiente, gli studi di robustezza e la generazione di report. ChromSwordAuto 4.0 controlla gli strumenti HPLC e UHPLC di Hitachi, Waters, Agilent, Knauer, Thermo e i seguenti sistemi di dati: Agilent EZchromElite, ChemStation, Waters Empower, Thermo Chromeleon e Knauer ChromGate.  <\/p><p>Nel 2015 \u00e8 stata rilasciata la nuova versione di ChromSword 5.0. Questa versione \u00e8 stata sviluppata su una piattaforma completamente nuova e ha rappresentato un grande passo avanti per ChromSword, fornendo un controllo diretto sugli strumenti HPLC. La versione si \u00e8 concentrata sull&#8217;efficienza del lavoro e sulla facilit\u00e0 d&#8217;uso per l&#8217;utente finale. Allo stesso tempo \u00e8 stato fatto un grande lavoro per migliorare gli algoritmi con particolare attenzione alle molecole di grandi dimensioni.   <\/p><p>Nel 2005 \u00e8 stata registrata una nuova societ\u00e0, la &#8220;ChromSword Baltic HPLC Specialists&#8221; Ltd. L&#8217;azienda si concentra sullo sviluppo di nuovi prodotti e sulla distribuzione globale. <\/p><p>L&#8217;obiettivo dell&#8217;azienda \u00e8 fornire ai clienti le soluzioni pi\u00f9 intelligenti per lo sviluppo di metodi HPLC. Aggiorniamo e miglioriamo costantemente il nostro software.<\/p><p>Nel 2022 \u00e8 stata introdotta la licenza del sito con l&#8217;obiettivo di fornire piena flessibilit\u00e0 ed efficienza ai laboratori analitici in conformit\u00e0 con i requisiti dell&#8217;AQbD e le linee guida ICH. <\/p>\t\t\t\t\t\t\t\t<\/div>\n\t\t\t\t<\/div>\n\t\t\t\t<\/div>\n\t\t\t\t<\/div>\n\t\t\t\t\t<\/div>\n\t\t\t\t<\/section>\n\t\t\t\t<\/div>\n\t\t","protected":false},"excerpt":{"rendered":"<p>Chi siamo Da oltre 30 anni sviluppiamo prodotti software innovativi a supporto dello sviluppo di metodi in cromatografia liquida. In ChromSword siamo motivati dal modo in cui i nostri clienti utilizzano il nostro software per trovare soluzioni ai problemi di separazione e rimanere connessi a ci\u00f2 che \u00e8 pi\u00f9 importante per loro. ChromSword detiene posizioni [&hellip;]<\/p>\n","protected":false},"author":1,"featured_media":0,"parent":0,"menu_order":0,"comment_status":"closed","ping_status":"closed","template":"","meta":{"_acf_changed":false,"inline_featured_image":false,"footnotes":""},"class_list":["post-1349","page","type-page","status-publish","hentry"],"acf":[],"_links":{"self":[{"href":"https:\/\/chromsword.com\/it\/wp-json\/wp\/v2\/pages\/1349","targetHints":{"allow":["GET"]}}],"collection":[{"href":"https:\/\/chromsword.com\/it\/wp-json\/wp\/v2\/pages"}],"about":[{"href":"https:\/\/chromsword.com\/it\/wp-json\/wp\/v2\/types\/page"}],"author":[{"embeddable":true,"href":"https:\/\/chromsword.com\/it\/wp-json\/wp\/v2\/users\/1"}],"replies":[{"embeddable":true,"href":"https:\/\/chromsword.com\/it\/wp-json\/wp\/v2\/comments?post=1349"}],"version-history":[{"count":1,"href":"https:\/\/chromsword.com\/it\/wp-json\/wp\/v2\/pages\/1349\/revisions"}],"predecessor-version":[{"id":2130,"href":"https:\/\/chromsword.com\/it\/wp-json\/wp\/v2\/pages\/1349\/revisions\/2130"}],"wp:attachment":[{"href":"https:\/\/chromsword.com\/it\/wp-json\/wp\/v2\/media?parent=1349"}],"curies":[{"name":"wp","href":"https:\/\/api.w.org\/{rel}","templated":true}]}}