{"id":1833,"date":"2024-10-21T11:16:02","date_gmt":"2024-10-21T08:16:02","guid":{"rendered":"https:\/\/chromsword.com\/politique-de-confidentialite\/"},"modified":"2025-10-24T10:47:25","modified_gmt":"2025-10-24T07:47:25","slug":"politique-de-confidentialite","status":"publish","type":"page","link":"https:\/\/chromsword.com\/fr\/politique-de-confidentialite\/","title":{"rendered":"Politique de confidentialit\u00e9"},"content":{"rendered":"\t\t<div data-elementor-type=\"wp-page\" data-elementor-id=\"1833\" class=\"elementor elementor-1833 elementor-3\" data-elementor-post-type=\"page\">\n\t\t\t\t<section class=\"elementor-element elementor-element-fe976aa e-flex e-con-boxed e-con e-parent\" data-id=\"fe976aa\" data-element_type=\"container\" data-e-type=\"container\">\n\t\t\t\t\t<div class=\"e-con-inner\">\n\t\t<div class=\"elementor-element elementor-element-a11d008 e-con-full e-flex e-con e-child\" data-id=\"a11d008\" data-element_type=\"container\" data-e-type=\"container\">\n\t\t<div class=\"elementor-element elementor-element-96545d5 e-con-full e-flex e-con e-child\" data-id=\"96545d5\" data-element_type=\"container\" data-e-type=\"container\">\n\t\t<div class=\"elementor-element elementor-element-e3b66fd e-con-full e-flex e-con e-child\" data-id=\"e3b66fd\" data-element_type=\"container\" data-e-type=\"container\">\n\t\t\t\t<div class=\"elementor-element elementor-element-4244a26 elementor-widget elementor-widget-heading\" data-id=\"4244a26\" data-element_type=\"widget\" data-e-type=\"widget\" data-widget_type=\"heading.default\">\n\t\t\t\t\t<h1 class=\"elementor-heading-title elementor-size-default\">Politique de confidentialit\u00e9<\/h1>\t\t\t\t<\/div>\n\t\t\t\t<div class=\"elementor-element elementor-element-c5e40ec elementor-widget elementor-widget-text-editor\" data-id=\"c5e40ec\" data-element_type=\"widget\" data-e-type=\"widget\" data-widget_type=\"text-editor.default\">\n\t\t\t\t\t\t\t\t\t<p>Date d&rsquo;entr\u00e9e en vigueur : 04 juillet 2018<br><br>ChromSword (\u00a0\u00bb nous \u00ab\u00a0, \u00a0\u00bb nous \u00a0\u00bb ou \u00a0\u00bb notre \u00ab\u00a0) exploite le site Web www.chromsword.com (le \u00a0\u00bb Service \u00ab\u00a0).<br><br>Cette page vous informe de nos politiques concernant la collecte, l&rsquo;utilisation et la divulgation de donn\u00e9es personnelles lorsque vous utilisez notre service et des choix que vous avez associ\u00e9s \u00e0 ces donn\u00e9es.<br><br>Nous utilisons vos donn\u00e9es pour fournir et am\u00e9liorer le service. En utilisant le service, vous acceptez la collecte et l&rsquo;utilisation des informations conform\u00e9ment \u00e0 la pr\u00e9sente politique. Sauf d\u00e9finition contraire, les termes utilis\u00e9s dans la pr\u00e9sente politique de confidentialit\u00e9 ont la m\u00eame signification que dans nos conditions g\u00e9n\u00e9rales, accessibles \u00e0 l&rsquo;<a href=\"https:\/\/chromsword.com\/fr\/\">adresse www.chromsword.com<\/a>.  <\/p>\t\t\t\t\t\t\t\t<\/div>\n\t\t\t\t<\/div>\n\t\t\t\t<\/div>\n\t\t<div class=\"elementor-element elementor-element-f48391d e-con-full e-flex e-con e-child\" data-id=\"f48391d\" data-element_type=\"container\" data-e-type=\"container\">\n\t\t<div class=\"elementor-element elementor-element-7caf00a e-con-full e-flex e-con e-child\" data-id=\"7caf00a\" data-element_type=\"container\" data-e-type=\"container\">\n\t\t\t\t<div class=\"elementor-element elementor-element-29293d4 elementor-widget elementor-widget-heading\" data-id=\"29293d4\" data-element_type=\"widget\" data-e-type=\"widget\" data-widget_type=\"heading.default\">\n\t\t\t\t\t<h3 class=\"elementor-heading-title elementor-size-default\">Collecte et utilisation des informations<\/h3>\t\t\t\t<\/div>\n\t\t\t\t<div class=\"elementor-element elementor-element-b23b13c elementor-widget elementor-widget-text-editor\" data-id=\"b23b13c\" data-element_type=\"widget\" data-e-type=\"widget\" data-widget_type=\"text-editor.default\">\n\t\t\t\t\t\t\t\t\t<p>Nous recueillons diff\u00e9rents types d&rsquo;informations \u00e0 des fins diverses pour vous fournir et am\u00e9liorer notre service.<\/p>\t\t\t\t\t\t\t\t<\/div>\n\t\t\t\t<\/div>\n\t\t<div class=\"elementor-element elementor-element-7dc5be5 e-con-full e-flex e-con e-child\" data-id=\"7dc5be5\" data-element_type=\"container\" data-e-type=\"container\">\n\t\t\t\t<div class=\"elementor-element elementor-element-9affcce elementor-widget elementor-widget-heading\" data-id=\"9affcce\" data-element_type=\"widget\" data-e-type=\"widget\" data-widget_type=\"heading.default\">\n\t\t\t\t\t<h4 class=\"elementor-heading-title elementor-size-default\">Types de donn\u00e9es collect\u00e9es<\/h4>\t\t\t\t<\/div>\n\t\t\t\t<div class=\"elementor-element elementor-element-0d14bfd elementor-widget elementor-widget-text-editor\" data-id=\"0d14bfd\" data-element_type=\"widget\" data-e-type=\"widget\" data-widget_type=\"text-editor.default\">\n\t\t\t\t\t\t\t\t\t<div class=\"sub-section\">\n<h4 class=\"h-6\">Donn\u00e9es personnelles<\/h4>\n<p class=\"p-5\">Lors de l&rsquo;utilisation de notre service, nous pouvons vous demander de nous fournir certaines informations personnellement identifiables qui peuvent \u00eatre utilis\u00e9es pour vous contacter ou vous identifier (\u00ab\u00a0donn\u00e9es personnelles\u00a0\u00bb). Les donn\u00e9es personnelles identifiables peuvent inclure, sans s&rsquo;y limiter, les \u00e9l\u00e9ments suivants : <\/p>\n<div class=\"points\">\n<div class=\"point-container\">\n<ul>\n<li>Adresse \u00e9lectronique<\/li>\n<li>Pr\u00e9nom et nom de famille<\/li>\n<li>Num\u00e9ro de t\u00e9l\u00e9phone<\/li>\n<li>Cookies et donn\u00e9es d&rsquo;utilisation<\/li>\n<\/ul>\n<\/div>\n<\/div>\n<\/div>\n<div class=\"sub-section\">\n<h4> <\/h4>\n<h4 class=\"h-6\">Donn\u00e9es d&rsquo;utilisation<\/h4>\n<p class=\"p-5\">Nous pouvons \u00e9galement recueillir des informations sur l&rsquo;acc\u00e8s au service et son utilisation (\u00ab\u00a0donn\u00e9es d&rsquo;utilisation\u00a0\u00bb). Ces donn\u00e9es d&rsquo;utilisation peuvent inclure des informations telles que l&rsquo;adresse IP de votre ordinateur, le type et la version de votre navigateur, les pages de notre service que vous visitez, l&rsquo;heure et la date de votre visite, le temps pass\u00e9 sur ces pages, les identifiants uniques de l&rsquo;appareil et d&rsquo;autres donn\u00e9es de diagnostic. <\/p>\n<\/div>\n<div class=\"sub-section\">\n<h4> <\/h4>\n<h4 class=\"h-6\">Donn\u00e9es sur le suivi et les cookies<\/h4>\n<p class=\"p-5\">Nous utilisons des cookies et des technologies de suivi similaires pour suivre l&rsquo;activit\u00e9 sur notre service et conserver certaines informations.<br><br>Les cookies sont des fichiers contenant une petite quantit\u00e9 de donn\u00e9es qui peuvent inclure un identifiant unique anonyme. Les cookies sont envoy\u00e9s \u00e0 votre navigateur par un site web et stock\u00e9s sur votre appareil. Les technologies de suivi \u00e9galement utilis\u00e9es sont les balises, les tags et les scripts pour collecter et suivre les informations et pour am\u00e9liorer et analyser notre service.  <br><br>Vous pouvez configurer votre navigateur pour qu&rsquo;il refuse tous les cookies ou pour qu&rsquo;il vous indique quand un cookie est envoy\u00e9. Toutefois, si vous n&rsquo;acceptez pas les cookies, il se peut que vous ne puissiez pas utiliser certaines parties de notre service. <br><br>Exemples de cookies que nous utilisons :<\/p>\n<div class=\"points\">\n<div class=\"point-container\">\n<ul>\n<li class=\"p-5 point-text\"><span class=\"bold\">Cookies de session.  <\/span>Nous utilisons des cookies de session pour faire fonctionner notre service.<\/li>\n<li class=\"p-5 point-text\">Cookies de pr\u00e9f\u00e9rence. Nous utilisons des cookies de pr\u00e9f\u00e9rence pour m\u00e9moriser vos pr\u00e9f\u00e9rences et divers param\u00e8tres. <\/li>\n<li class=\"p-5 point-text\">Cookies de s\u00e9curit\u00e9. Nous utilisons des cookies de s\u00e9curit\u00e9 \u00e0 des fins de s\u00e9curit\u00e9. <\/li>\n<\/ul>\n<\/div>\n<\/div>\n<\/div>\t\t\t\t\t\t\t\t<\/div>\n\t\t\t\t<\/div>\n\t\t<div class=\"elementor-element elementor-element-8d0ee01 e-con-full e-flex e-con e-child\" data-id=\"8d0ee01\" data-element_type=\"container\" data-e-type=\"container\">\n\t\t\t\t<div class=\"elementor-element elementor-element-76b6e22 elementor-widget elementor-widget-heading\" data-id=\"76b6e22\" data-element_type=\"widget\" data-e-type=\"widget\" data-widget_type=\"heading.default\">\n\t\t\t\t\t<h4 class=\"elementor-heading-title elementor-size-default\">Utilisation des donn\u00e9es<\/h4>\t\t\t\t<\/div>\n\t\t\t\t<div class=\"elementor-element elementor-element-da3d924 elementor-widget elementor-widget-text-editor\" data-id=\"da3d924\" data-element_type=\"widget\" data-e-type=\"widget\" data-widget_type=\"text-editor.default\">\n\t\t\t\t\t\t\t\t\t<div class=\"sub-section\">\n<p class=\"p-4\">ChromSword utilise les donn\u00e9es collect\u00e9es \u00e0 diverses fins :<\/p>\n<div class=\"points\">\n<div class=\"point-container\">\n<ul>\n<li class=\"par-2 point-text\">Fournir et maintenir le service<\/li>\n<li class=\"par-2 point-text\">Pour vous informer des modifications apport\u00e9es \u00e0 notre service<\/li>\n<li class=\"par-2 point-text\">pour vous permettre de participer aux fonctions interactives de notre service lorsque vous le souhaitez<\/li>\n<li class=\"par-2 point-text\">Fournir un service d&rsquo;assistance et de soutien \u00e0 la client\u00e8le<\/li>\n<li class=\"par-2 point-text\">Fournir des analyses ou des informations pr\u00e9cieuses afin que nous puissions am\u00e9liorer le service.<\/li>\n<li class=\"par-2 point-text\">Contr\u00f4ler l&rsquo;utilisation du service<\/li>\n<li class=\"par-2 point-text\">D\u00e9tecter, pr\u00e9venir et traiter les probl\u00e8mes techniques<\/li>\n<\/ul>\n<\/div>\n<\/div>\n<\/div>\t\t\t\t\t\t\t\t<\/div>\n\t\t\t\t<\/div>\n\t\t<div class=\"elementor-element elementor-element-6b22c52 e-con-full e-flex e-con e-child\" data-id=\"6b22c52\" data-element_type=\"container\" data-e-type=\"container\">\n\t\t\t\t<div class=\"elementor-element elementor-element-a8c645c elementor-widget elementor-widget-heading\" data-id=\"a8c645c\" data-element_type=\"widget\" data-e-type=\"widget\" data-widget_type=\"heading.default\">\n\t\t\t\t\t<h4 class=\"elementor-heading-title elementor-size-default\">Transfert de donn\u00e9es<\/h4>\t\t\t\t<\/div>\n\t\t\t\t<div class=\"elementor-element elementor-element-3e2369f elementor-widget elementor-widget-text-editor\" data-id=\"3e2369f\" data-element_type=\"widget\" data-e-type=\"widget\" data-widget_type=\"text-editor.default\">\n\t\t\t\t\t\t\t\t\t<div class=\"sub-section\">\n<p class=\"p-4\">Vos informations, y compris les donn\u00e9es personnelles, peuvent \u00eatre transf\u00e9r\u00e9es et conserv\u00e9es sur des ordinateurs situ\u00e9s en dehors de votre \u00c9tat, province, pays ou autre juridiction gouvernementale o\u00f9 les lois sur la protection des donn\u00e9es peuvent diff\u00e9rer de celles de votre juridiction.<br><br>Si vous \u00eates situ\u00e9 en dehors de la Lettonie et que vous choisissez de nous fournir des informations, veuillez noter que nous transf\u00e9rons les donn\u00e9es, y compris les donn\u00e9es \u00e0 caract\u00e8re personnel, en Lettonie et que nous les traitons dans ce pays.<br><br>Votre consentement \u00e0 la pr\u00e9sente politique de protection de la vie priv\u00e9e suivi de votre soumission de ces informations repr\u00e9sente votre accord \u00e0 ce transfert.<br><br>ChromSword prendra toutes les mesures raisonnablement n\u00e9cessaires pour s&rsquo;assurer que vos donn\u00e9es sont trait\u00e9es en toute s\u00e9curit\u00e9 et conform\u00e9ment \u00e0 la pr\u00e9sente politique de confidentialit\u00e9 et aucun transfert de vos donn\u00e9es personnelles n&rsquo;aura lieu vers une organisation ou un pays \u00e0 moins qu&rsquo;il n&rsquo;y ait des contr\u00f4les ad\u00e9quats en place, y compris la s\u00e9curit\u00e9 de vos donn\u00e9es et autres informations personnelles.<\/p>\n<\/div>\t\t\t\t\t\t\t\t<\/div>\n\t\t\t\t<\/div>\n\t\t<div class=\"elementor-element elementor-element-5339c36 e-con-full e-flex e-con e-child\" data-id=\"5339c36\" data-element_type=\"container\" data-e-type=\"container\">\n\t\t\t\t<div class=\"elementor-element elementor-element-7eb347e elementor-widget elementor-widget-heading\" data-id=\"7eb347e\" data-element_type=\"widget\" data-e-type=\"widget\" data-widget_type=\"heading.default\">\n\t\t\t\t\t<h4 class=\"elementor-heading-title elementor-size-default\">Divulgation des donn\u00e9es<\/h4>\t\t\t\t<\/div>\n\t\t\t\t<div class=\"elementor-element elementor-element-5f1a34e elementor-widget elementor-widget-text-editor\" data-id=\"5f1a34e\" data-element_type=\"widget\" data-e-type=\"widget\" data-widget_type=\"text-editor.default\">\n\t\t\t\t\t\t\t\t\t<div class=\"sub-section\">\n<p class=\"p-4\">ChromSword peut divulguer vos donn\u00e9es personnelles en croyant de bonne foi qu&rsquo;une telle action est n\u00e9cessaire pour :<\/p>\n<h4 class=\"h-5\">Exigences l\u00e9gales<\/h4>\n<div class=\"points\">\n<div class=\"point-container\">\n<ul>\n<li class=\"par-2 point-text\">Pour se conformer \u00e0 une obligation l\u00e9gale<\/li>\n<li class=\"par-2 point-text\">Prot\u00e9ger et d\u00e9fendre les droits ou la propri\u00e9t\u00e9 de ChromSword<\/li>\n<li class=\"par-2 point-text\">pr\u00e9venir ou enqu\u00eater sur d&rsquo;\u00e9ventuels actes r\u00e9pr\u00e9hensibles en rapport avec le service<\/li>\n<li class=\"par-2 point-text\">prot\u00e9ger la s\u00e9curit\u00e9 personnelle des utilisateurs du service ou du public<\/li>\n<li class=\"par-2 point-text\">Se prot\u00e9ger contre la responsabilit\u00e9 juridique<\/li>\n<\/ul>\n<\/div>\n<\/div>\n<\/div>\t\t\t\t\t\t\t\t<\/div>\n\t\t\t\t<\/div>\n\t\t<div class=\"elementor-element elementor-element-b849f4a e-con-full e-flex e-con e-child\" data-id=\"b849f4a\" data-element_type=\"container\" data-e-type=\"container\">\n\t\t\t\t<div class=\"elementor-element elementor-element-808a891 elementor-widget elementor-widget-heading\" data-id=\"808a891\" data-element_type=\"widget\" data-e-type=\"widget\" data-widget_type=\"heading.default\">\n\t\t\t\t\t<h4 class=\"elementor-heading-title elementor-size-default\">S\u00e9curit\u00e9 des donn\u00e9es<\/h4>\t\t\t\t<\/div>\n\t\t\t\t<div class=\"elementor-element elementor-element-ab63812 elementor-widget elementor-widget-text-editor\" data-id=\"ab63812\" data-element_type=\"widget\" data-e-type=\"widget\" data-widget_type=\"text-editor.default\">\n\t\t\t\t\t\t\t\t\t<div class=\"sub-section\">\n<p class=\"p-4\">La s\u00e9curit\u00e9 de vos donn\u00e9es est importante pour nous, mais n&rsquo;oubliez pas qu&rsquo;aucune m\u00e9thode de transmission sur Internet ou de stockage \u00e9lectronique n&rsquo;est s\u00fbre \u00e0 100 %. Bien que nous nous efforcions d&rsquo;utiliser des moyens commercialement acceptables pour prot\u00e9ger vos donn\u00e9es personnelles, nous ne pouvons pas garantir leur s\u00e9curit\u00e9 absolue. <\/p>\n<\/div>\t\t\t\t\t\t\t\t<\/div>\n\t\t\t\t<\/div>\n\t\t<div class=\"elementor-element elementor-element-acc091f e-con-full e-flex e-con e-child\" data-id=\"acc091f\" data-element_type=\"container\" data-e-type=\"container\">\n\t\t\t\t<div class=\"elementor-element elementor-element-21e8b8e elementor-widget elementor-widget-heading\" data-id=\"21e8b8e\" data-element_type=\"widget\" data-e-type=\"widget\" data-widget_type=\"heading.default\">\n\t\t\t\t\t<h4 class=\"elementor-heading-title elementor-size-default\">Prestataires de services<\/h4>\t\t\t\t<\/div>\n\t\t\t\t<div class=\"elementor-element elementor-element-e8c320c elementor-widget elementor-widget-text-editor\" data-id=\"e8c320c\" data-element_type=\"widget\" data-e-type=\"widget\" data-widget_type=\"text-editor.default\">\n\t\t\t\t\t\t\t\t\t<div class=\"sub-section\">\n<p class=\"p-4\">Nous pouvons employer des soci\u00e9t\u00e9s et des personnes tierces pour faciliter notre service (\u00ab\u00a0fournisseurs de services\u00a0\u00bb), pour fournir le service en notre nom, pour effectuer des services li\u00e9s au service ou pour nous aider \u00e0 analyser la fa\u00e7on dont notre service est utilis\u00e9.<br><br>Ces tiers ont acc\u00e8s \u00e0 vos donn\u00e9es personnelles uniquement pour effectuer ces t\u00e2ches en notre nom et sont tenus de ne pas les divulguer ou les utiliser \u00e0 d&rsquo;autres fins.<\/p>\n<p> <\/p>\n<h4 class=\"h-5\">Analyse<\/h4>\n<p class=\"par-2\">Nous pouvons faire appel \u00e0 des prestataires de services tiers pour contr\u00f4ler et analyser l&rsquo;utilisation de notre service.<\/p>\n<div class=\"points\">\n<div class=\"point-container\">\n<ul>\n<li class=\"par-2 point-text bold\">Google Analytics<br><br>Google Analytics est un service d&rsquo;analyse du Web offert par Google qui permet de suivre et de rapporter le trafic sur les sites Web. Google utilise les donn\u00e9es collect\u00e9es pour suivre et contr\u00f4ler l&rsquo;utilisation de notre service. Ces donn\u00e9es sont partag\u00e9es avec d&rsquo;autres services de Google. Google peut utiliser les donn\u00e9es collect\u00e9es pour contextualiser et personnaliser les annonces de son propre r\u00e9seau publicitaire.   <br><br>Vous pouvez refuser que votre activit\u00e9 sur le Service soit mise \u00e0 la disposition de Google Analytics en installant le module compl\u00e9mentaire de navigateur pour la d\u00e9sactivation de Google Analytics. Ce module emp\u00eache le JavaScript de Google Analytics (ga.js, analytics.js et dc.js) de partager avec Google Analytics des informations sur l&rsquo;activit\u00e9 des visiteurs. <br><br>Pour plus d&rsquo;informations sur les pratiques de Google en mati\u00e8re de confidentialit\u00e9, veuillez consulter la page Web Google Privacy &amp; Terms (Confidentialit\u00e9 et conditions d&rsquo;utilisation) <a href=\"https:\/\/policies.google.com\/privacy\" target=\"_blank\" rel=\"noopener nofollow\">: https:\/\/policies.google.com\/privacy<\/a><\/li>\n<\/ul>\n<\/div>\n<\/div>\n<\/div>\t\t\t\t\t\t\t\t<\/div>\n\t\t\t\t<\/div>\n\t\t<div class=\"elementor-element elementor-element-a4e0a5b e-con-full e-flex e-con e-child\" data-id=\"a4e0a5b\" data-element_type=\"container\" data-e-type=\"container\">\n\t\t\t\t<div class=\"elementor-element elementor-element-548070c elementor-widget elementor-widget-heading\" data-id=\"548070c\" data-element_type=\"widget\" data-e-type=\"widget\" data-widget_type=\"heading.default\">\n\t\t\t\t\t<h4 class=\"elementor-heading-title elementor-size-default\">Liens vers d'autres sites<\/h4>\t\t\t\t<\/div>\n\t\t\t\t<div class=\"elementor-element elementor-element-e142022 elementor-widget elementor-widget-text-editor\" data-id=\"e142022\" data-element_type=\"widget\" data-e-type=\"widget\" data-widget_type=\"text-editor.default\">\n\t\t\t\t\t\t\t\t\t<div class=\"sub-section\">\n<p class=\"p-4\">Notre service peut contenir des liens vers d&rsquo;autres sites qui ne sont pas exploit\u00e9s par nous. Si vous cliquez sur le lien d&rsquo;un tiers, vous serez dirig\u00e9 vers le site de ce tiers. Nous vous conseillons vivement de consulter la politique de confidentialit\u00e9 de chaque site que vous visitez.  <br><br>Nous n&rsquo;avons aucun contr\u00f4le et n&rsquo;assumons aucune responsabilit\u00e9 quant au contenu, aux politiques de confidentialit\u00e9 ou aux pratiques des sites ou services tiers.<\/p>\n<div class=\"points\">\n<div class=\"point-container\"> <\/div>\n<\/div>\n<\/div>\t\t\t\t\t\t\t\t<\/div>\n\t\t\t\t<\/div>\n\t\t<div class=\"elementor-element elementor-element-e18b5f0 e-con-full e-flex e-con e-child\" data-id=\"e18b5f0\" data-element_type=\"container\" data-e-type=\"container\">\n\t\t\t\t<div class=\"elementor-element elementor-element-a404ed8 elementor-widget elementor-widget-heading\" data-id=\"a404ed8\" data-element_type=\"widget\" data-e-type=\"widget\" data-widget_type=\"heading.default\">\n\t\t\t\t\t<h4 class=\"elementor-heading-title elementor-size-default\">Vie priv\u00e9e des enfants<\/h4>\t\t\t\t<\/div>\n\t\t\t\t<div class=\"elementor-element elementor-element-c9413b1 elementor-widget elementor-widget-text-editor\" data-id=\"c9413b1\" data-element_type=\"widget\" data-e-type=\"widget\" data-widget_type=\"text-editor.default\">\n\t\t\t\t\t\t\t\t\t<div class=\"sub-section\">\n<p class=\"p-4\">Notre service ne s&rsquo;adresse pas aux personnes \u00e2g\u00e9es de moins de 18 ans (\u00ab\u00a0enfants\u00a0\u00bb).<br><br>Nous ne recueillons pas sciemment d&rsquo;informations personnellement identifiables aupr\u00e8s de personnes \u00e2g\u00e9es de moins de 18 ans. Si vous \u00eates un parent ou un tuteur et que vous savez que votre enfant nous a fourni des donn\u00e9es personnelles, veuillez nous contacter. Si nous apprenons que nous avons collect\u00e9 des donn\u00e9es personnelles aupr\u00e8s d&rsquo;enfants sans v\u00e9rification du consentement parental, nous prenons des mesures pour supprimer ces informations de nos serveurs.  <\/p>\n<\/div>\t\t\t\t\t\t\t\t<\/div>\n\t\t\t\t<\/div>\n\t\t<div class=\"elementor-element elementor-element-1ee43bf e-con-full e-flex e-con e-child\" data-id=\"1ee43bf\" data-element_type=\"container\" data-e-type=\"container\">\n\t\t\t\t<div class=\"elementor-element elementor-element-6d6df0b elementor-widget elementor-widget-heading\" data-id=\"6d6df0b\" data-element_type=\"widget\" data-e-type=\"widget\" data-widget_type=\"heading.default\">\n\t\t\t\t\t<h4 class=\"elementor-heading-title elementor-size-default\">Modifications de la pr\u00e9sente politique de confidentialit\u00e9<\/h4>\t\t\t\t<\/div>\n\t\t\t\t<div class=\"elementor-element elementor-element-f5a6090 elementor-widget elementor-widget-text-editor\" data-id=\"f5a6090\" data-element_type=\"widget\" data-e-type=\"widget\" data-widget_type=\"text-editor.default\">\n\t\t\t\t\t\t\t\t\t<div class=\"sub-section\">\n<p class=\"p-4\">Nous pouvons mettre \u00e0 jour notre politique de confidentialit\u00e9 de temps \u00e0 autre. Nous vous informerons de toute modification en publiant la nouvelle politique de confidentialit\u00e9 sur cette page. <br><br>Nous vous en informerons par courrier \u00e9lectronique et\/ou par un avis bien visible sur notre service, avant que la modification n&rsquo;entre en vigueur et nous mettrons \u00e0 jour la \u00ab\u00a0date d&rsquo;entr\u00e9e en vigueur\u00a0\u00bb en haut de la pr\u00e9sente politique de confidentialit\u00e9.<br><br>Nous vous conseillons de consulter r\u00e9guli\u00e8rement la pr\u00e9sente politique de confidentialit\u00e9 afin de prendre connaissance des \u00e9ventuelles modifications. Les modifications apport\u00e9es \u00e0 la pr\u00e9sente politique de protection de la vie priv\u00e9e entrent en vigueur au moment o\u00f9 elles sont publi\u00e9es sur cette page. <\/p>\n<\/div>\t\t\t\t\t\t\t\t<\/div>\n\t\t\t\t<\/div>\n\t\t\t\t<\/div>\n\t\t\t\t<\/div>\n\t\t\t\t\t<\/div>\n\t\t\t\t<\/section>\n\t\t\t\t<\/div>\n\t\t","protected":false},"excerpt":{"rendered":"<p>Date d&rsquo;entr\u00e9e en vigueur : 04 juillet 2018 ChromSword (\u00a0\u00bb nous \u00ab\u00a0, \u00a0\u00bb nous \u00a0\u00bb ou \u00a0\u00bb notre \u00ab\u00a0) exploite le site Web www.chromsword.com (le \u00a0\u00bb Service \u00ab\u00a0). Cette page vous informe de nos politiques concernant la collecte, l&rsquo;utilisation et la divulgation de donn\u00e9es personnelles lorsque vous utilisez notre service et des choix que vous [&hellip;]<\/p>\n","protected":false},"author":1,"featured_media":0,"parent":0,"menu_order":0,"comment_status":"closed","ping_status":"open","template":"","meta":{"_acf_changed":false,"inline_featured_image":false,"footnotes":""},"class_list":["post-1833","page","type-page","status-publish","hentry"],"acf":[],"_links":{"self":[{"href":"https:\/\/chromsword.com\/fr\/wp-json\/wp\/v2\/pages\/1833","targetHints":{"allow":["GET"]}}],"collection":[{"href":"https:\/\/chromsword.com\/fr\/wp-json\/wp\/v2\/pages"}],"about":[{"href":"https:\/\/chromsword.com\/fr\/wp-json\/wp\/v2\/types\/page"}],"author":[{"embeddable":true,"href":"https:\/\/chromsword.com\/fr\/wp-json\/wp\/v2\/users\/1"}],"replies":[{"embeddable":true,"href":"https:\/\/chromsword.com\/fr\/wp-json\/wp\/v2\/comments?post=1833"}],"version-history":[{"count":2,"href":"https:\/\/chromsword.com\/fr\/wp-json\/wp\/v2\/pages\/1833\/revisions"}],"predecessor-version":[{"id":2023,"href":"https:\/\/chromsword.com\/fr\/wp-json\/wp\/v2\/pages\/1833\/revisions\/2023"}],"wp:attachment":[{"href":"https:\/\/chromsword.com\/fr\/wp-json\/wp\/v2\/media?parent=1833"}],"curies":[{"name":"wp","href":"https:\/\/api.w.org\/{rel}","templated":true}]}}