{"id":1159,"date":"2024-10-25T15:05:13","date_gmt":"2024-10-25T12:05:13","guid":{"rendered":"https:\/\/chromsword.com\/produits\/scout\/"},"modified":"2025-10-24T10:14:16","modified_gmt":"2025-10-24T07:14:16","slug":"scout","status":"publish","type":"page","link":"https:\/\/chromsword.com\/fr\/produits\/scout\/","title":{"rendered":"Scout"},"content":{"rendered":"\t\t<div data-elementor-type=\"wp-page\" data-elementor-id=\"1159\" class=\"elementor elementor-1159 elementor-458\" data-elementor-post-type=\"page\">\n\t\t\t\t<section class=\"elementor-element elementor-element-aaacbf9 e-flex e-con-boxed e-con e-parent\" data-id=\"aaacbf9\" data-element_type=\"container\" data-e-type=\"container\" data-settings=\"{&quot;background_background&quot;:&quot;gradient&quot;}\">\n\t\t\t\t\t<div class=\"e-con-inner\">\n\t\t<div class=\"elementor-element elementor-element-5b098cb e-con-full e-flex e-con e-child\" data-id=\"5b098cb\" data-element_type=\"container\" data-e-type=\"container\">\n\t\t<div class=\"elementor-element elementor-element-32658b8 e-con-full e-flex e-con e-child\" data-id=\"32658b8\" data-element_type=\"container\" data-e-type=\"container\">\n\t\t<div class=\"elementor-element elementor-element-9e6e23e e-con-full e-flex e-con e-child\" data-id=\"9e6e23e\" data-element_type=\"container\" data-e-type=\"container\">\n\t\t\t\t<div class=\"elementor-element elementor-element-ccd778c elementor-widget elementor-widget-heading\" data-id=\"ccd778c\" data-element_type=\"widget\" data-e-type=\"widget\" data-widget_type=\"heading.default\">\n\t\t\t\t\t<h1 class=\"elementor-heading-title elementor-size-default\">Scout<\/h1>\t\t\t\t<\/div>\n\t\t\t\t<div class=\"elementor-element elementor-element-8ce99bb elementor-widget elementor-widget-heading\" data-id=\"8ce99bb\" data-element_type=\"widget\" data-e-type=\"widget\" data-widget_type=\"heading.default\">\n\t\t\t\t\t<h3 class=\"elementor-heading-title elementor-size-default\">ChromSword offre un outil puissant pour g\u00e9n\u00e9rer rapidement des plans de recherche afin de tester efficacement l'effet de diff\u00e9rents param\u00e8tres:<\/h3>\t\t\t\t<\/div>\n\t\t\t\t<div class=\"elementor-element elementor-element-c8524f1 elementor-tablet-align-center elementor-icon-list--layout-traditional elementor-list-item-link-full_width elementor-widget elementor-widget-icon-list\" data-id=\"c8524f1\" data-element_type=\"widget\" data-e-type=\"widget\" data-widget_type=\"icon-list.default\">\n\t\t\t\t\t\t\t<ul class=\"elementor-icon-list-items\">\n\t\t\t\t\t\t\t<li class=\"elementor-icon-list-item\">\n\t\t\t\t\t\t\t\t\t\t\t<span class=\"elementor-icon-list-icon\">\n\t\t\t\t\t\t\t<svg aria-hidden=\"true\" class=\"e-font-icon-svg e-fas-angle-right\" viewBox=\"0 0 256 512\" xmlns=\"http:\/\/www.w3.org\/2000\/svg\"><path d=\"M224.3 273l-136 136c-9.4 9.4-24.6 9.4-33.9 0l-22.6-22.6c-9.4-9.4-9.4-24.6 0-33.9l96.4-96.4-96.4-96.4c-9.4-9.4-9.4-24.6 0-33.9L54.3 103c9.4-9.4 24.6-9.4 33.9 0l136 136c9.5 9.4 9.5 24.6.1 34z\"><\/path><\/svg>\t\t\t\t\t\t<\/span>\n\t\t\t\t\t\t\t\t\t\t<span class=\"elementor-icon-list-text\"> Solvant<\/span>\n\t\t\t\t\t\t\t\t\t<\/li>\n\t\t\t\t\t\t\t\t<li class=\"elementor-icon-list-item\">\n\t\t\t\t\t\t\t\t\t\t\t<span class=\"elementor-icon-list-icon\">\n\t\t\t\t\t\t\t<svg aria-hidden=\"true\" class=\"e-font-icon-svg e-fas-angle-right\" viewBox=\"0 0 256 512\" xmlns=\"http:\/\/www.w3.org\/2000\/svg\"><path d=\"M224.3 273l-136 136c-9.4 9.4-24.6 9.4-33.9 0l-22.6-22.6c-9.4-9.4-9.4-24.6 0-33.9l96.4-96.4-96.4-96.4c-9.4-9.4-9.4-24.6 0-33.9L54.3 103c9.4-9.4 24.6-9.4 33.9 0l136 136c9.5 9.4 9.5 24.6.1 34z\"><\/path><\/svg>\t\t\t\t\t\t<\/span>\n\t\t\t\t\t\t\t\t\t\t<span class=\"elementor-icon-list-text\">Tampon pH<\/span>\n\t\t\t\t\t\t\t\t\t<\/li>\n\t\t\t\t\t\t\t\t<li class=\"elementor-icon-list-item\">\n\t\t\t\t\t\t\t\t\t\t\t<span class=\"elementor-icon-list-icon\">\n\t\t\t\t\t\t\t<svg aria-hidden=\"true\" class=\"e-font-icon-svg e-fas-angle-right\" viewBox=\"0 0 256 512\" xmlns=\"http:\/\/www.w3.org\/2000\/svg\"><path d=\"M224.3 273l-136 136c-9.4 9.4-24.6 9.4-33.9 0l-22.6-22.6c-9.4-9.4-9.4-24.6 0-33.9l96.4-96.4-96.4-96.4c-9.4-9.4-9.4-24.6 0-33.9L54.3 103c9.4-9.4 24.6-9.4 33.9 0l136 136c9.5 9.4 9.5 24.6.1 34z\"><\/path><\/svg>\t\t\t\t\t\t<\/span>\n\t\t\t\t\t\t\t\t\t\t<span class=\"elementor-icon-list-text\">Gradient<\/span>\n\t\t\t\t\t\t\t\t\t<\/li>\n\t\t\t\t\t\t\t\t<li class=\"elementor-icon-list-item\">\n\t\t\t\t\t\t\t\t\t\t\t<span class=\"elementor-icon-list-icon\">\n\t\t\t\t\t\t\t<svg aria-hidden=\"true\" class=\"e-font-icon-svg e-fas-angle-right\" viewBox=\"0 0 256 512\" xmlns=\"http:\/\/www.w3.org\/2000\/svg\"><path d=\"M224.3 273l-136 136c-9.4 9.4-24.6 9.4-33.9 0l-22.6-22.6c-9.4-9.4-9.4-24.6 0-33.9l96.4-96.4-96.4-96.4c-9.4-9.4-9.4-24.6 0-33.9L54.3 103c9.4-9.4 24.6-9.4 33.9 0l136 136c9.5 9.4 9.5 24.6.1 34z\"><\/path><\/svg>\t\t\t\t\t\t<\/span>\n\t\t\t\t\t\t\t\t\t\t<span class=\"elementor-icon-list-text\">Colonne<\/span>\n\t\t\t\t\t\t\t\t\t<\/li>\n\t\t\t\t\t\t\t\t<li class=\"elementor-icon-list-item\">\n\t\t\t\t\t\t\t\t\t\t\t<span class=\"elementor-icon-list-icon\">\n\t\t\t\t\t\t\t<svg aria-hidden=\"true\" class=\"e-font-icon-svg e-fas-angle-right\" viewBox=\"0 0 256 512\" xmlns=\"http:\/\/www.w3.org\/2000\/svg\"><path d=\"M224.3 273l-136 136c-9.4 9.4-24.6 9.4-33.9 0l-22.6-22.6c-9.4-9.4-9.4-24.6 0-33.9l96.4-96.4-96.4-96.4c-9.4-9.4-9.4-24.6 0-33.9L54.3 103c9.4-9.4 24.6-9.4 33.9 0l136 136c9.5 9.4 9.5 24.6.1 34z\"><\/path><\/svg>\t\t\t\t\t\t<\/span>\n\t\t\t\t\t\t\t\t\t\t<span class=\"elementor-icon-list-text\">D\u00e9bit<\/span>\n\t\t\t\t\t\t\t\t\t<\/li>\n\t\t\t\t\t\t\t\t<li class=\"elementor-icon-list-item\">\n\t\t\t\t\t\t\t\t\t\t\t<span class=\"elementor-icon-list-icon\">\n\t\t\t\t\t\t\t<svg aria-hidden=\"true\" class=\"e-font-icon-svg e-fas-angle-right\" viewBox=\"0 0 256 512\" xmlns=\"http:\/\/www.w3.org\/2000\/svg\"><path d=\"M224.3 273l-136 136c-9.4 9.4-24.6 9.4-33.9 0l-22.6-22.6c-9.4-9.4-9.4-24.6 0-33.9l96.4-96.4-96.4-96.4c-9.4-9.4-9.4-24.6 0-33.9L54.3 103c9.4-9.4 24.6-9.4 33.9 0l136 136c9.5 9.4 9.5 24.6.1 34z\"><\/path><\/svg>\t\t\t\t\t\t<\/span>\n\t\t\t\t\t\t\t\t\t\t<span class=\"elementor-icon-list-text\">Temp\u00e9rature<\/span>\n\t\t\t\t\t\t\t\t\t<\/li>\n\t\t\t\t\t\t\t\t<li class=\"elementor-icon-list-item\">\n\t\t\t\t\t\t\t\t\t\t\t<span class=\"elementor-icon-list-icon\">\n\t\t\t\t\t\t\t<svg aria-hidden=\"true\" class=\"e-font-icon-svg e-fas-angle-right\" viewBox=\"0 0 256 512\" xmlns=\"http:\/\/www.w3.org\/2000\/svg\"><path d=\"M224.3 273l-136 136c-9.4 9.4-24.6 9.4-33.9 0l-22.6-22.6c-9.4-9.4-9.4-24.6 0-33.9l96.4-96.4-96.4-96.4c-9.4-9.4-9.4-24.6 0-33.9L54.3 103c9.4-9.4 24.6-9.4 33.9 0l136 136c9.5 9.4 9.5 24.6.1 34z\"><\/path><\/svg>\t\t\t\t\t\t<\/span>\n\t\t\t\t\t\t\t\t\t\t<span class=\"elementor-icon-list-text\">et d'autres param\u00e8tres de la m\u00e9thode<\/span>\n\t\t\t\t\t\t\t\t\t<\/li>\n\t\t\t\t\t\t<\/ul>\n\t\t\t\t\t\t<\/div>\n\t\t\t\t<div class=\"elementor-element elementor-element-701fea6 elementor-tablet-align-center elementor-widget elementor-widget-button\" data-id=\"701fea6\" data-element_type=\"widget\" data-e-type=\"widget\" data-widget_type=\"button.default\">\n\t\t\t\t\t\t\t\t\t\t<a class=\"elementor-button elementor-button-link elementor-size-sm\" href=\"https:\/\/chromsword.com\/fr\/demande-de-demo-presentation\/\">\n\t\t\t\t\t\t<span class=\"elementor-button-content-wrapper\">\n\t\t\t\t\t\t\t\t\t<span class=\"elementor-button-text\">Demande de d\u00e9mo pr\u00e9sentation<\/span>\n\t\t\t\t\t<\/span>\n\t\t\t\t\t<\/a>\n\t\t\t\t\t\t\t\t<\/div>\n\t\t\t\t<\/div>\n\t\t<div class=\"elementor-element elementor-element-af81842 e-con-full e-flex e-con e-child\" data-id=\"af81842\" data-element_type=\"container\" data-e-type=\"container\">\n\t\t\t\t<div class=\"elementor-element elementor-element-e967386 elementor-widget elementor-widget-image\" data-id=\"e967386\" data-element_type=\"widget\" data-e-type=\"widget\" data-widget_type=\"image.default\">\n\t\t\t\t\t\t\t\t\t\t\t\t\t\t\t<img decoding=\"async\" width=\"467\" height=\"501\" src=\"https:\/\/chromsword.com\/wp-content\/uploads\/2024\/10\/scout-image1.png\" class=\"attachment-full size-full wp-image-1156\" alt=\"Scout\" srcset=\"https:\/\/chromsword.com\/wp-content\/uploads\/2024\/10\/scout-image1.png 467w, https:\/\/chromsword.com\/wp-content\/uploads\/2024\/10\/scout-image1-280x300.png 280w\" sizes=\"(max-width: 467px) 100vw, 467px\" title=\"Scout\" \/>\t\t\t\t\t\t\t\t\t\t\t\t\t\t\t<\/div>\n\t\t\t\t<\/div>\n\t\t\t\t<\/div>\n\t\t\t\t<\/div>\n\t\t<div class=\"elementor-element elementor-element-7b87fe7 e-con-full e-flex e-con e-child\" data-id=\"7b87fe7\" data-element_type=\"container\" data-e-type=\"container\">\n\t\t<div class=\"elementor-element elementor-element-a467b66 e-con-full e-flex e-con e-child\" data-id=\"a467b66\" data-element_type=\"container\" data-e-type=\"container\">\n\t\t\t\t<div class=\"elementor-element elementor-element-b417bad elementor-widget elementor-widget-heading\" data-id=\"b417bad\" data-element_type=\"widget\" data-e-type=\"widget\" data-widget_type=\"heading.default\">\n\t\t\t\t\t<h1 class=\"elementor-heading-title elementor-size-default\">G\u00e9n\u00e9rer une biblioth\u00e8que de d\u00e9grad\u00e9s en quelques clics<\/h1>\t\t\t\t<\/div>\n\t\t\t\t<div class=\"elementor-element elementor-element-10fb3c0 elementor-widget elementor-widget-text-editor\" data-id=\"10fb3c0\" data-element_type=\"widget\" data-e-type=\"widget\" data-widget_type=\"text-editor.default\">\n\t\t\t\t\t\t\t\t\tScout a la fonction de g\u00e9n\u00e9rer une biblioth\u00e8que de diff\u00e9rents gradients en un seul clic de souris en appliquant diff\u00e9rentes \u00e9tapes de changement de concentration et de temps.\t\t\t\t\t\t\t\t<\/div>\n\t\t\t\t<\/div>\n\t\t<div class=\"elementor-element elementor-element-78fd3fb e-con-full e-flex e-con e-child\" data-id=\"78fd3fb\" data-element_type=\"container\" data-e-type=\"container\">\n\t\t\t\t<div class=\"elementor-element elementor-element-1a94aae elementor-widget elementor-widget-image\" data-id=\"1a94aae\" data-element_type=\"widget\" data-e-type=\"widget\" data-widget_type=\"image.default\">\n\t\t\t\t\t\t\t\t\t\t\t\t\t\t\t<img decoding=\"async\" width=\"1330\" height=\"533\" src=\"https:\/\/chromsword.com\/wp-content\/uploads\/2024\/10\/scout-image-2.png\" class=\"attachment-full size-full wp-image-1157\" alt=\"Scout\" srcset=\"https:\/\/chromsword.com\/wp-content\/uploads\/2024\/10\/scout-image-2.png 1330w, https:\/\/chromsword.com\/wp-content\/uploads\/2024\/10\/scout-image-2-300x120.png 300w, https:\/\/chromsword.com\/wp-content\/uploads\/2024\/10\/scout-image-2-1024x410.png 1024w, https:\/\/chromsword.com\/wp-content\/uploads\/2024\/10\/scout-image-2-768x308.png 768w\" sizes=\"(max-width: 1330px) 100vw, 1330px\" title=\"Scout\" \/>\t\t\t\t\t\t\t\t\t\t\t\t\t\t\t<\/div>\n\t\t\t\t<\/div>\n\t\t\t\t<\/div>\n\t\t<div class=\"elementor-element elementor-element-5802833 e-con-full e-flex e-con e-child\" data-id=\"5802833\" data-element_type=\"container\" data-e-type=\"container\">\n\t\t<div class=\"elementor-element elementor-element-025dc2b e-con-full e-flex e-con e-child\" data-id=\"025dc2b\" data-element_type=\"container\" data-e-type=\"container\">\n\t\t\t\t<div class=\"elementor-element elementor-element-0a5488a elementor-widget elementor-widget-heading\" data-id=\"0a5488a\" data-element_type=\"widget\" data-e-type=\"widget\" data-widget_type=\"heading.default\">\n\t\t\t\t\t<h1 class=\"elementor-heading-title elementor-size-default\">Planifier le test avec plusieurs variables<\/h1>\t\t\t\t<\/div>\n\t\t\t\t<div class=\"elementor-element elementor-element-e6fc8fd elementor-widget elementor-widget-text-editor\" data-id=\"e6fc8fd\" data-element_type=\"widget\" data-e-type=\"widget\" data-widget_type=\"text-editor.default\">\n\t\t\t\t\t\t\t\t\tMoyen pratique de d\u00e9velopper un plan de recherche pour toutes les variables, y compris le profil du gradient, la colonne, le solvant, le tampon, la temp\u00e9rature et le d\u00e9bit.\t\t\t\t\t\t\t\t<\/div>\n\t\t\t\t<\/div>\n\t\t<div class=\"elementor-element elementor-element-746f413 e-con-full e-flex e-con e-child\" data-id=\"746f413\" data-element_type=\"container\" data-e-type=\"container\">\n\t\t\t\t<div class=\"elementor-element elementor-element-bb45305 elementor-widget elementor-widget-image\" data-id=\"bb45305\" data-element_type=\"widget\" data-e-type=\"widget\" data-widget_type=\"image.default\">\n\t\t\t\t\t\t\t\t\t\t\t\t\t\t\t<img decoding=\"async\" width=\"1440\" height=\"671\" src=\"https:\/\/chromsword.com\/wp-content\/uploads\/2024\/10\/scout-image3.png\" class=\"attachment-full size-full wp-image-1158\" alt=\"Scout\" srcset=\"https:\/\/chromsword.com\/wp-content\/uploads\/2024\/10\/scout-image3.png 1440w, https:\/\/chromsword.com\/wp-content\/uploads\/2024\/10\/scout-image3-300x140.png 300w, https:\/\/chromsword.com\/wp-content\/uploads\/2024\/10\/scout-image3-1024x477.png 1024w, https:\/\/chromsword.com\/wp-content\/uploads\/2024\/10\/scout-image3-768x358.png 768w\" sizes=\"(max-width: 1440px) 100vw, 1440px\" title=\"Scout\" \/>\t\t\t\t\t\t\t\t\t\t\t\t\t\t\t<\/div>\n\t\t\t\t<\/div>\n\t\t\t\t<\/div>\n\t\t<div class=\"elementor-element elementor-element-bf44807 e-con-full e-flex e-con e-child\" data-id=\"bf44807\" data-element_type=\"container\" data-e-type=\"container\">\n\t\t<div class=\"elementor-element elementor-element-9c31114 e-con-full e-flex e-con e-child\" data-id=\"9c31114\" data-element_type=\"container\" data-e-type=\"container\">\n\t\t\t\t<div class=\"elementor-element elementor-element-ec1d759 elementor-widget elementor-widget-heading\" data-id=\"ec1d759\" data-element_type=\"widget\" data-e-type=\"widget\" data-widget_type=\"heading.default\">\n\t\t\t\t\t<h1 class=\"elementor-heading-title elementor-size-default\">Modifier les s\u00e9quences d'ex\u00e9cution<\/h1>\t\t\t\t<\/div>\n\t\t\t\t<div class=\"elementor-element elementor-element-6340682 elementor-widget elementor-widget-text-editor\" data-id=\"6340682\" data-element_type=\"widget\" data-e-type=\"widget\" data-widget_type=\"text-editor.default\">\n\t\t\t\t\t\t\t\t\tChromSword offre une flexibilit\u00e9 maximale aux utilisateurs, permettant de cr\u00e9er, modifier, supprimer des s\u00e9quences pendant que le syst\u00e8me fonctionne.\t\t\t\t\t\t\t\t<\/div>\n\t\t\t\t<\/div>\n\t\t<div class=\"elementor-element elementor-element-34bbd57 e-con-full e-flex e-con e-child\" data-id=\"34bbd57\" data-element_type=\"container\" data-e-type=\"container\">\n\t\t\t\t<div class=\"elementor-element elementor-element-bc623fd elementor-widget elementor-widget-image\" data-id=\"bc623fd\" data-element_type=\"widget\" data-e-type=\"widget\" data-widget_type=\"image.default\">\n\t\t\t\t\t\t\t\t\t\t\t\t\t\t\t<img decoding=\"async\" width=\"1207\" height=\"574\" src=\"https:\/\/chromsword.com\/wp-content\/uploads\/2024\/10\/scout-image4.png\" class=\"attachment-full size-full wp-image-1130\" alt=\"Scout\" srcset=\"https:\/\/chromsword.com\/wp-content\/uploads\/2024\/10\/scout-image4.png 1207w, https:\/\/chromsword.com\/wp-content\/uploads\/2024\/10\/scout-image4-300x143.png 300w, https:\/\/chromsword.com\/wp-content\/uploads\/2024\/10\/scout-image4-1024x487.png 1024w, https:\/\/chromsword.com\/wp-content\/uploads\/2024\/10\/scout-image4-768x365.png 768w\" sizes=\"(max-width: 1207px) 100vw, 1207px\" title=\"Scout\" \/>\t\t\t\t\t\t\t\t\t\t\t\t\t\t\t<\/div>\n\t\t\t\t<\/div>\n\t\t\t\t<\/div>\n\t\t<div class=\"elementor-element elementor-element-3b601cb e-con-full e-flex e-con e-child\" data-id=\"3b601cb\" data-element_type=\"container\" data-e-type=\"container\">\n\t\t<div class=\"elementor-element elementor-element-0283e84 e-con-full e-flex e-con e-child\" data-id=\"0283e84\" data-element_type=\"container\" data-e-type=\"container\">\n\t\t\t\t<div class=\"elementor-element elementor-element-1663a25 elementor-widget elementor-widget-image\" data-id=\"1663a25\" data-element_type=\"widget\" data-e-type=\"widget\" data-widget_type=\"image.default\">\n\t\t\t\t\t\t\t\t\t\t\t\t\t\t\t<img decoding=\"async\" width=\"672\" height=\"573\" src=\"https:\/\/chromsword.com\/wp-content\/uploads\/2024\/10\/reportviewer-image2.png\" class=\"attachment-full size-full wp-image-1105\" alt=\"ReportViewer\" srcset=\"https:\/\/chromsword.com\/wp-content\/uploads\/2024\/10\/reportviewer-image2.png 672w, https:\/\/chromsword.com\/wp-content\/uploads\/2024\/10\/reportviewer-image2-300x256.png 300w\" sizes=\"(max-width: 672px) 100vw, 672px\" title=\"ReportViewer\" \/>\t\t\t\t\t\t\t\t\t\t\t\t\t\t\t<\/div>\n\t\t\t\t<\/div>\n\t\t<div class=\"elementor-element elementor-element-d21ceb8 e-con-full e-flex e-con e-child\" data-id=\"d21ceb8\" data-element_type=\"container\" data-e-type=\"container\">\n\t\t\t\t<div class=\"elementor-element elementor-element-70b4a16 elementor-widget elementor-widget-heading\" data-id=\"70b4a16\" data-element_type=\"widget\" data-e-type=\"widget\" data-widget_type=\"heading.default\">\n\t\t\t\t\t<h1 class=\"elementor-heading-title elementor-size-default\">Des outils de reporting avanc\u00e9s qui simplifient l'analyse des donn\u00e9es<\/h1>\t\t\t\t<\/div>\n\t\t\t\t<div class=\"elementor-element elementor-element-432845c elementor-widget elementor-widget-text-editor\" data-id=\"432845c\" data-element_type=\"widget\" data-e-type=\"widget\" data-widget_type=\"text-editor.default\">\n\t\t\t\t\t\t\t\t\t<p>Voir les capacit\u00e9s <a href=\"https:\/\/chromsword.com\/fr\/produits\/reportviewer\/\">ici<\/a>.<\/p>\t\t\t\t\t\t\t\t<\/div>\n\t\t\t\t<\/div>\n\t\t\t\t<\/div>\n\t\t\t\t\t<\/div>\n\t\t\t\t<\/section>\n\t\t\t\t<\/div>\n\t\t","protected":false},"excerpt":{"rendered":"<p>Scout ChromSword offre un outil puissant pour g\u00e9n\u00e9rer rapidement des plans de recherche afin de tester efficacement l&rsquo;effet de diff\u00e9rents param\u00e8tres: Solvant Tampon pH Gradient Colonne D\u00e9bit Temp\u00e9rature et d&rsquo;autres param\u00e8tres de la m\u00e9thode Demande de d\u00e9mo pr\u00e9sentation G\u00e9n\u00e9rer une biblioth\u00e8que de d\u00e9grad\u00e9s en quelques clics Scout a la fonction de g\u00e9n\u00e9rer une biblioth\u00e8que de [&hellip;]<\/p>\n","protected":false},"author":1,"featured_media":0,"parent":1116,"menu_order":0,"comment_status":"closed","ping_status":"closed","template":"","meta":{"_acf_changed":false,"inline_featured_image":false,"footnotes":""},"class_list":["post-1159","page","type-page","status-publish","hentry"],"acf":[],"_links":{"self":[{"href":"https:\/\/chromsword.com\/fr\/wp-json\/wp\/v2\/pages\/1159","targetHints":{"allow":["GET"]}}],"collection":[{"href":"https:\/\/chromsword.com\/fr\/wp-json\/wp\/v2\/pages"}],"about":[{"href":"https:\/\/chromsword.com\/fr\/wp-json\/wp\/v2\/types\/page"}],"author":[{"embeddable":true,"href":"https:\/\/chromsword.com\/fr\/wp-json\/wp\/v2\/users\/1"}],"replies":[{"embeddable":true,"href":"https:\/\/chromsword.com\/fr\/wp-json\/wp\/v2\/comments?post=1159"}],"version-history":[{"count":0,"href":"https:\/\/chromsword.com\/fr\/wp-json\/wp\/v2\/pages\/1159\/revisions"}],"up":[{"embeddable":true,"href":"https:\/\/chromsword.com\/fr\/wp-json\/wp\/v2\/pages\/1116"}],"wp:attachment":[{"href":"https:\/\/chromsword.com\/fr\/wp-json\/wp\/v2\/media?parent=1159"}],"curies":[{"name":"wp","href":"https:\/\/api.w.org\/{rel}","templated":true}]}}