{"id":1154,"date":"2024-10-25T15:04:52","date_gmt":"2024-10-25T12:04:52","guid":{"rendered":"https:\/\/chromsword.com\/produits\/reportviewer\/"},"modified":"2025-10-24T09:51:54","modified_gmt":"2025-10-24T06:51:54","slug":"reportviewer","status":"publish","type":"page","link":"https:\/\/chromsword.com\/fr\/produits\/reportviewer\/","title":{"rendered":"ReportViewer"},"content":{"rendered":"\t\t<div data-elementor-type=\"wp-page\" data-elementor-id=\"1154\" class=\"elementor elementor-1154 elementor-452\" data-elementor-post-type=\"page\">\n\t\t\t\t<section class=\"elementor-element elementor-element-08f0ab4 e-flex e-con-boxed e-con e-parent\" data-id=\"08f0ab4\" data-element_type=\"container\" data-e-type=\"container\" data-settings=\"{&quot;background_background&quot;:&quot;gradient&quot;}\">\n\t\t\t\t\t<div class=\"e-con-inner\">\n\t\t<div class=\"elementor-element elementor-element-d7880f7 e-con-full e-flex e-con e-child\" data-id=\"d7880f7\" data-element_type=\"container\" data-e-type=\"container\">\n\t\t<div class=\"elementor-element elementor-element-982ac6b e-con-full e-flex e-con e-child\" data-id=\"982ac6b\" data-element_type=\"container\" data-e-type=\"container\">\n\t\t<div class=\"elementor-element elementor-element-b2e5762 e-con-full e-flex e-con e-child\" data-id=\"b2e5762\" data-element_type=\"container\" data-e-type=\"container\">\n\t\t\t\t<div class=\"elementor-element elementor-element-3b2b482 elementor-widget elementor-widget-heading\" data-id=\"3b2b482\" data-element_type=\"widget\" data-e-type=\"widget\" data-widget_type=\"heading.default\">\n\t\t\t\t\t<h1 class=\"elementor-heading-title elementor-size-default\">ReportViewer<\/h1>\t\t\t\t<\/div>\n\t\t\t\t<div class=\"elementor-element elementor-element-5bc56ce elementor-widget elementor-widget-heading\" data-id=\"5bc56ce\" data-element_type=\"widget\" data-e-type=\"widget\" data-widget_type=\"heading.default\">\n\t\t\t\t\t<h3 class=\"elementor-heading-title elementor-size-default\">Parcourez vos donn\u00e9es plus efficacement et pr\u00e9parez des rapports personnalis\u00e9s<\/h3>\t\t\t\t<\/div>\n\t\t\t\t<div class=\"elementor-element elementor-element-f316b23 elementor-tablet-align-center elementor-icon-list--layout-traditional elementor-list-item-link-full_width elementor-widget elementor-widget-icon-list\" data-id=\"f316b23\" data-element_type=\"widget\" data-e-type=\"widget\" data-widget_type=\"icon-list.default\">\n\t\t\t\t\t\t\t<ul class=\"elementor-icon-list-items\">\n\t\t\t\t\t\t\t<li class=\"elementor-icon-list-item\">\n\t\t\t\t\t\t\t\t\t\t\t<span class=\"elementor-icon-list-icon\">\n\t\t\t\t\t\t\t<svg aria-hidden=\"true\" class=\"e-font-icon-svg e-fas-angle-right\" viewBox=\"0 0 256 512\" xmlns=\"http:\/\/www.w3.org\/2000\/svg\"><path d=\"M224.3 273l-136 136c-9.4 9.4-24.6 9.4-33.9 0l-22.6-22.6c-9.4-9.4-9.4-24.6 0-33.9l96.4-96.4-96.4-96.4c-9.4-9.4-9.4-24.6 0-33.9L54.3 103c9.4-9.4 24.6-9.4 33.9 0l136 136c9.5 9.4 9.5 24.6.1 34z\"><\/path><\/svg>\t\t\t\t\t\t<\/span>\n\t\t\t\t\t\t\t\t\t\t<span class=\"elementor-icon-list-text\">Rapport universel pour tous les syst\u00e8mes de donn\u00e9es<\/span>\n\t\t\t\t\t\t\t\t\t<\/li>\n\t\t\t\t\t\t\t\t<li class=\"elementor-icon-list-item\">\n\t\t\t\t\t\t\t\t\t\t\t<span class=\"elementor-icon-list-icon\">\n\t\t\t\t\t\t\t<svg aria-hidden=\"true\" class=\"e-font-icon-svg e-fas-angle-right\" viewBox=\"0 0 256 512\" xmlns=\"http:\/\/www.w3.org\/2000\/svg\"><path d=\"M224.3 273l-136 136c-9.4 9.4-24.6 9.4-33.9 0l-22.6-22.6c-9.4-9.4-9.4-24.6 0-33.9l96.4-96.4-96.4-96.4c-9.4-9.4-9.4-24.6 0-33.9L54.3 103c9.4-9.4 24.6-9.4 33.9 0l136 136c9.5 9.4 9.5 24.6.1 34z\"><\/path><\/svg>\t\t\t\t\t\t<\/span>\n\t\t\t\t\t\t\t\t\t\t<span class=\"elementor-icon-list-text\">Caract\u00e9ristiques uniques pour l'analyse spectrale<\/span>\n\t\t\t\t\t\t\t\t\t<\/li>\n\t\t\t\t\t\t\t\t<li class=\"elementor-icon-list-item\">\n\t\t\t\t\t\t\t\t\t\t\t<span class=\"elementor-icon-list-icon\">\n\t\t\t\t\t\t\t<svg aria-hidden=\"true\" class=\"e-font-icon-svg e-fas-angle-right\" viewBox=\"0 0 256 512\" xmlns=\"http:\/\/www.w3.org\/2000\/svg\"><path d=\"M224.3 273l-136 136c-9.4 9.4-24.6 9.4-33.9 0l-22.6-22.6c-9.4-9.4-9.4-24.6 0-33.9l96.4-96.4-96.4-96.4c-9.4-9.4-9.4-24.6 0-33.9L54.3 103c9.4-9.4 24.6-9.4 33.9 0l136 136c9.5 9.4 9.5 24.6.1 34z\"><\/path><\/svg>\t\t\t\t\t\t<\/span>\n\t\t\t\t\t\t\t\t\t\t<span class=\"elementor-icon-list-text\">Soutien au processus AQbD<\/span>\n\t\t\t\t\t\t\t\t\t<\/li>\n\t\t\t\t\t\t\t\t<li class=\"elementor-icon-list-item\">\n\t\t\t\t\t\t\t\t\t\t\t<span class=\"elementor-icon-list-icon\">\n\t\t\t\t\t\t\t<svg aria-hidden=\"true\" class=\"e-font-icon-svg e-fas-angle-right\" viewBox=\"0 0 256 512\" xmlns=\"http:\/\/www.w3.org\/2000\/svg\"><path d=\"M224.3 273l-136 136c-9.4 9.4-24.6 9.4-33.9 0l-22.6-22.6c-9.4-9.4-9.4-24.6 0-33.9l96.4-96.4-96.4-96.4c-9.4-9.4-9.4-24.6 0-33.9L54.3 103c9.4-9.4 24.6-9.4 33.9 0l136 136c9.5 9.4 9.5 24.6.1 34z\"><\/path><\/svg>\t\t\t\t\t\t<\/span>\n\t\t\t\t\t\t\t\t\t\t<span class=\"elementor-icon-list-text\">Exportation de donn\u00e9es et pr\u00e9paration de rapports avanc\u00e9s<\/span>\n\t\t\t\t\t\t\t\t\t<\/li>\n\t\t\t\t\t\t\t\t<li class=\"elementor-icon-list-item\">\n\t\t\t\t\t\t\t\t\t\t\t<span class=\"elementor-icon-list-icon\">\n\t\t\t\t\t\t\t<svg aria-hidden=\"true\" class=\"e-font-icon-svg e-fas-angle-right\" viewBox=\"0 0 256 512\" xmlns=\"http:\/\/www.w3.org\/2000\/svg\"><path d=\"M224.3 273l-136 136c-9.4 9.4-24.6 9.4-33.9 0l-22.6-22.6c-9.4-9.4-9.4-24.6 0-33.9l96.4-96.4-96.4-96.4c-9.4-9.4-9.4-24.6 0-33.9L54.3 103c9.4-9.4 24.6-9.4 33.9 0l136 136c9.5 9.4 9.5 24.6.1 34z\"><\/path><\/svg>\t\t\t\t\t\t<\/span>\n\t\t\t\t\t\t\t\t\t\t<span class=\"elementor-icon-list-text\">Ouvrez le rapport et voyez tout ce qui a \u00e9t\u00e9 int\u00e9gr\u00e9 et calcul\u00e9<\/span>\n\t\t\t\t\t\t\t\t\t<\/li>\n\t\t\t\t\t\t<\/ul>\n\t\t\t\t\t\t<\/div>\n\t\t\t\t<div class=\"elementor-element elementor-element-0573295 elementor-tablet-align-center elementor-widget elementor-widget-button\" data-id=\"0573295\" data-element_type=\"widget\" data-e-type=\"widget\" data-widget_type=\"button.default\">\n\t\t\t\t\t\t\t\t\t\t<a class=\"elementor-button elementor-button-link elementor-size-sm\" href=\"https:\/\/chromsword.com\/fr\/demande-de-demo-presentation\/\">\n\t\t\t\t\t\t<span class=\"elementor-button-content-wrapper\">\n\t\t\t\t\t\t\t\t\t<span class=\"elementor-button-text\">Demande de d\u00e9mo pr\u00e9sentation<\/span>\n\t\t\t\t\t<\/span>\n\t\t\t\t\t<\/a>\n\t\t\t\t\t\t\t\t<\/div>\n\t\t\t\t<\/div>\n\t\t<div class=\"elementor-element elementor-element-0835edf e-con-full e-flex e-con e-child\" data-id=\"0835edf\" data-element_type=\"container\" data-e-type=\"container\">\n\t\t\t\t<div class=\"elementor-element elementor-element-3c62106 elementor-widget elementor-widget-image\" data-id=\"3c62106\" data-element_type=\"widget\" data-e-type=\"widget\" data-widget_type=\"image.default\">\n\t\t\t\t\t\t\t\t\t\t\t\t\t\t\t<img decoding=\"async\" width=\"599\" height=\"669\" src=\"https:\/\/chromsword.com\/wp-content\/uploads\/2024\/10\/autorobust-image1.png\" class=\"attachment-full size-full wp-image-1119\" alt=\"AutoRobust\" srcset=\"https:\/\/chromsword.com\/wp-content\/uploads\/2024\/10\/autorobust-image1.png 599w, https:\/\/chromsword.com\/wp-content\/uploads\/2024\/10\/autorobust-image1-269x300.png 269w\" sizes=\"(max-width: 599px) 100vw, 599px\" title=\"AutoRobust\" \/>\t\t\t\t\t\t\t\t\t\t\t\t\t\t\t<\/div>\n\t\t\t\t<\/div>\n\t\t\t\t<\/div>\n\t\t\t\t<\/div>\n\t\t<div class=\"elementor-element elementor-element-4d5c94f e-con-full e-flex e-con e-child\" data-id=\"4d5c94f\" data-element_type=\"container\" data-e-type=\"container\">\n\t\t<div class=\"elementor-element elementor-element-2c9188b e-con-full e-flex e-con e-child\" data-id=\"2c9188b\" data-element_type=\"container\" data-e-type=\"container\">\n\t\t\t\t<div class=\"elementor-element elementor-element-d0dc736 elementor-widget elementor-widget-heading\" data-id=\"d0dc736\" data-element_type=\"widget\" data-e-type=\"widget\" data-widget_type=\"heading.default\">\n\t\t\t\t\t<h1 class=\"elementor-heading-title elementor-size-default\">Interface utilisateur commune<\/h1>\t\t\t\t<\/div>\n\t\t\t\t<div class=\"elementor-element elementor-element-ee66d22 elementor-widget elementor-widget-text-editor\" data-id=\"ee66d22\" data-element_type=\"widget\" data-e-type=\"widget\" data-widget_type=\"text-editor.default\">\n\t\t\t\t\t\t\t\t\t<p>Notre interface utilisateur pr\u00e9sente un design professionnel et rationalis\u00e9, avec des \u00e9l\u00e9ments et des fonctions couramment utilis\u00e9s dans les applications bas\u00e9es sur Windows, y compris annuler et r\u00e9tablir, copier et coller, et plus encore. Ces fonctions ont \u00e9t\u00e9 sp\u00e9cifiquement optimis\u00e9es pour l&rsquo;analyse HPLC. Vous avez la possibilit\u00e9 de personnaliser l&rsquo;apparence et la disposition de votre espace de travail en fonction de vos pr\u00e9f\u00e9rences.  <\/p>\t\t\t\t\t\t\t\t<\/div>\n\t\t\t\t<\/div>\n\t\t<div class=\"elementor-element elementor-element-0e73e46 e-con-full e-flex e-con e-child\" data-id=\"0e73e46\" data-element_type=\"container\" data-e-type=\"container\">\n\t\t\t\t<div class=\"elementor-element elementor-element-c876e45 elementor-widget elementor-widget-image\" data-id=\"c876e45\" data-element_type=\"widget\" data-e-type=\"widget\" data-widget_type=\"image.default\">\n\t\t\t\t\t\t\t\t\t\t\t\t\t\t\t<img decoding=\"async\" width=\"1180\" height=\"605\" src=\"https:\/\/chromsword.com\/wp-content\/uploads\/2024\/10\/reportviewer-image1.png\" class=\"attachment-full size-full wp-image-1149\" alt=\"ReportViewer UI\" srcset=\"https:\/\/chromsword.com\/wp-content\/uploads\/2024\/10\/reportviewer-image1.png 1180w, https:\/\/chromsword.com\/wp-content\/uploads\/2024\/10\/reportviewer-image1-300x154.png 300w, https:\/\/chromsword.com\/wp-content\/uploads\/2024\/10\/reportviewer-image1-1024x525.png 1024w, https:\/\/chromsword.com\/wp-content\/uploads\/2024\/10\/reportviewer-image1-768x394.png 768w\" sizes=\"(max-width: 1180px) 100vw, 1180px\" title=\"ReportViewer UI\" \/>\t\t\t\t\t\t\t\t\t\t\t\t\t\t\t<\/div>\n\t\t\t\t<\/div>\n\t\t\t\t<\/div>\n\t\t<div class=\"elementor-element elementor-element-44f501e e-con-full e-flex e-con e-child\" data-id=\"44f501e\" data-element_type=\"container\" data-e-type=\"container\">\n\t\t<div class=\"elementor-element elementor-element-430d627 e-con-full e-flex e-con e-child\" data-id=\"430d627\" data-element_type=\"container\" data-e-type=\"container\">\n\t\t\t\t<div class=\"elementor-element elementor-element-d3d4ea4 elementor-widget elementor-widget-image\" data-id=\"d3d4ea4\" data-element_type=\"widget\" data-e-type=\"widget\" data-widget_type=\"image.default\">\n\t\t\t\t\t\t\t\t\t\t\t\t\t\t\t<img decoding=\"async\" width=\"672\" height=\"573\" src=\"https:\/\/chromsword.com\/wp-content\/uploads\/2024\/10\/reportviewer-image2.png\" class=\"attachment-full size-full wp-image-1105\" alt=\"ReportViewer\" srcset=\"https:\/\/chromsword.com\/wp-content\/uploads\/2024\/10\/reportviewer-image2.png 672w, https:\/\/chromsword.com\/wp-content\/uploads\/2024\/10\/reportviewer-image2-300x256.png 300w\" sizes=\"(max-width: 672px) 100vw, 672px\" title=\"ReportViewer\" \/>\t\t\t\t\t\t\t\t\t\t\t\t\t\t\t<\/div>\n\t\t\t\t<\/div>\n\t\t<div class=\"elementor-element elementor-element-2e42a94 e-con-full e-flex e-con e-child\" data-id=\"2e42a94\" data-element_type=\"container\" data-e-type=\"container\">\n\t\t\t\t<div class=\"elementor-element elementor-element-cef9af4 elementor-widget elementor-widget-heading\" data-id=\"cef9af4\" data-element_type=\"widget\" data-e-type=\"widget\" data-widget_type=\"heading.default\">\n\t\t\t\t\t<h1 class=\"elementor-heading-title elementor-size-default\">Soutien \u00e9tendu \u00e0 l'analyse des spectres<\/h1>\t\t\t\t<\/div>\n\t\t\t\t<div class=\"elementor-element elementor-element-b563a6a elementor-widget elementor-widget-text-editor\" data-id=\"b563a6a\" data-element_type=\"widget\" data-e-type=\"widget\" data-widget_type=\"text-editor.default\">\n\t\t\t\t\t\t\t\t\tAvec notre plateforme, vous pouvez facilement travailler avec des donn\u00e9es spectrales, y compris des trac\u00e9s ISO et des donn\u00e9es 3D. Cela vous permet d&rsquo;analyser et de comparer les donn\u00e9es des pics au sein d&rsquo;une m\u00eame s\u00e9rie ou entre diff\u00e9rentes s\u00e9ries de votre projet. Vous disposerez de tout ce dont vous avez besoin pour prendre des d\u00e9cisions \u00e9clair\u00e9es et obtenir des informations pr\u00e9cieuses \u00e0 partir de vos donn\u00e9es.  \t\t\t\t\t\t\t\t<\/div>\n\t\t\t\t<\/div>\n\t\t\t\t<\/div>\n\t\t\t\t\t<\/div>\n\t\t\t\t<\/section>\n\t\t<section class=\"elementor-element elementor-element-2968c94 e-con-full e-flex e-con e-parent\" data-id=\"2968c94\" data-element_type=\"container\" data-e-type=\"container\" data-settings=\"{&quot;background_background&quot;:&quot;classic&quot;}\">\n\t\t<div class=\"elementor-element elementor-element-e0b5f96 e-con-full e-flex e-con e-child\" data-id=\"e0b5f96\" data-element_type=\"container\" data-e-type=\"container\">\n\t\t<div class=\"elementor-element elementor-element-5fa3851 e-flex e-con-boxed e-con e-child\" data-id=\"5fa3851\" data-element_type=\"container\" data-e-type=\"container\">\n\t\t\t\t\t<div class=\"e-con-inner\">\n\t\t\t\t<div class=\"elementor-element elementor-element-6b8453a elementor-widget elementor-widget-heading\" data-id=\"6b8453a\" data-element_type=\"widget\" data-e-type=\"widget\" data-widget_type=\"heading.default\">\n\t\t\t\t\t<h1 class=\"elementor-heading-title elementor-size-default\">Comparaison des meilleurs r\u00e9sultats<\/h1>\t\t\t\t<\/div>\n\t\t\t\t<div class=\"elementor-element elementor-element-ef25d3b elementor-widget elementor-widget-text-editor\" data-id=\"ef25d3b\" data-element_type=\"widget\" data-e-type=\"widget\" data-widget_type=\"text-editor.default\">\n\t\t\t\t\t\t\t\t\t<p>Avec ReportViewer, vous aurez acc\u00e8s \u00e0 une plateforme puissante pour examiner et comparer les donn\u00e9es au sein d&rsquo;une m\u00eame s\u00e9rie ou entre plusieurs s\u00e9ries. Notre plateforme fournit tous les outils dont vous avez besoin pour \u00e9valuer les effets spectraux sur les r\u00e9sultats chromatographiques, et pour comparer et suivre les pics sur la base de leurs spectres. Vous serez en mesure d&rsquo;\u00e9valuer rapidement et facilement les donn\u00e9es des diff\u00e9rentes s\u00e9ries de votre projet, ce qui vous aidera \u00e0 prendre des d\u00e9cisions plus scientifiques.  <\/p>\t\t\t\t\t\t\t\t<\/div>\n\t\t\t\t\t<\/div>\n\t\t\t\t<\/div>\n\t\t\t\t<\/div>\n\t\t\t\t<\/section>\n\t\t<section class=\"elementor-element elementor-element-13ba1f8 e-flex e-con-boxed e-con e-parent\" data-id=\"13ba1f8\" data-element_type=\"container\" data-e-type=\"container\" data-settings=\"{&quot;background_background&quot;:&quot;gradient&quot;}\">\n\t\t\t\t\t<div class=\"e-con-inner\">\n\t\t<div class=\"elementor-element elementor-element-aecfa8a e-con-full e-flex e-con e-child\" data-id=\"aecfa8a\" data-element_type=\"container\" data-e-type=\"container\">\n\t\t<div class=\"elementor-element elementor-element-9287adb e-con-full e-flex e-con e-child\" data-id=\"9287adb\" data-element_type=\"container\" data-e-type=\"container\">\n\t\t\t\t<div class=\"elementor-element elementor-element-97b1d35 elementor-widget elementor-widget-heading\" data-id=\"97b1d35\" data-element_type=\"widget\" data-e-type=\"widget\" data-widget_type=\"heading.default\">\n\t\t\t\t\t<h1 class=\"elementor-heading-title elementor-size-default\">Rapport complet pour l'AQbD<\/h1>\t\t\t\t<\/div>\n\t\t\t\t<div class=\"elementor-element elementor-element-6c5e54d elementor-widget elementor-widget-text-editor\" data-id=\"6c5e54d\" data-element_type=\"widget\" data-e-type=\"widget\" data-widget_type=\"text-editor.default\">\n\t\t\t\t\t\t\t\t\t<p>ReportViewer offre un support complet pour la mise en \u0153uvre des proc\u00e9dures AQbD en documentant et en rapportant toutes les \u00e9tapes et conditions de d\u00e9veloppement de la m\u00e9thode. Notre logiciel est dot\u00e9 d&rsquo;algorithmes avanc\u00e9s, permettant aux utilisateurs d&rsquo;acc\u00e9der \u00e0 des fonctions avanc\u00e9es d&rsquo;exportation de donn\u00e9es et de cr\u00e9ation de rapports, qui peuvent \u00eatre utilis\u00e9es m\u00eame pour des projets de d\u00e9veloppement complexes. <\/p>\t\t\t\t\t\t\t\t<\/div>\n\t\t\t\t<\/div>\n\t\t<div class=\"elementor-element elementor-element-dad98a4 e-con-full e-flex e-con e-child\" data-id=\"dad98a4\" data-element_type=\"container\" data-e-type=\"container\">\n\t\t\t\t<div class=\"elementor-element elementor-element-0872157 elementor-widget elementor-widget-image\" data-id=\"0872157\" data-element_type=\"widget\" data-e-type=\"widget\" data-widget_type=\"image.default\">\n\t\t\t\t\t\t\t\t\t\t\t\t\t\t\t<img decoding=\"async\" width=\"781\" height=\"760\" src=\"https:\/\/chromsword.com\/wp-content\/uploads\/2024\/10\/reportviewer-image4.png\" class=\"attachment-full size-full wp-image-1151\" alt=\"ReportViewer\" srcset=\"https:\/\/chromsword.com\/wp-content\/uploads\/2024\/10\/reportviewer-image4.png 781w, https:\/\/chromsword.com\/wp-content\/uploads\/2024\/10\/reportviewer-image4-300x292.png 300w, https:\/\/chromsword.com\/wp-content\/uploads\/2024\/10\/reportviewer-image4-768x747.png 768w\" sizes=\"(max-width: 781px) 100vw, 781px\" title=\"ReportViewer\" \/>\t\t\t\t\t\t\t\t\t\t\t\t\t\t\t<\/div>\n\t\t\t\t<\/div>\n\t\t\t\t<\/div>\n\t\t<div class=\"elementor-element elementor-element-2e7462d e-con-full e-flex e-con e-child\" data-id=\"2e7462d\" data-element_type=\"container\" data-e-type=\"container\">\n\t\t<div class=\"elementor-element elementor-element-59df34d e-con-full e-flex e-con e-child\" data-id=\"59df34d\" data-element_type=\"container\" data-e-type=\"container\">\n\t\t\t\t<div class=\"elementor-element elementor-element-3ed4869 elementor-widget elementor-widget-heading\" data-id=\"3ed4869\" data-element_type=\"widget\" data-e-type=\"widget\" data-widget_type=\"heading.default\">\n\t\t\t\t\t<h1 class=\"elementor-heading-title elementor-size-default\">Orient\u00e9 vers les projets<\/h1>\t\t\t\t<\/div>\n\t\t\t\t<div class=\"elementor-element elementor-element-ab7bf79 elementor-widget elementor-widget-text-editor\" data-id=\"ab7bf79\" data-element_type=\"widget\" data-e-type=\"widget\" data-widget_type=\"text-editor.default\">\n\t\t\t\t\t\t\t\t\t<p>Notre logiciel permet de cr\u00e9er et de fusionner des projets issus de plusieurs exp\u00e9riences diff\u00e9rentes. ReportViewer simplifie la comparaison et l&rsquo;\u00e9valuation des donn\u00e9es de criblage, de d\u00e9veloppement, d&rsquo;am\u00e9lioration des m\u00e9thodes et de tests de robustesse gr\u00e2ce \u00e0 une interface conviviale. <\/p>\t\t\t\t\t\t\t\t<\/div>\n\t\t\t\t<\/div>\n\t\t<div class=\"elementor-element elementor-element-7ce565d e-con-full e-flex e-con e-child\" data-id=\"7ce565d\" data-element_type=\"container\" data-e-type=\"container\">\n\t\t\t\t<div class=\"elementor-element elementor-element-39189bd elementor-widget elementor-widget-image\" data-id=\"39189bd\" data-element_type=\"widget\" data-e-type=\"widget\" data-widget_type=\"image.default\">\n\t\t\t\t\t\t\t\t\t\t\t\t\t\t\t<img decoding=\"async\" width=\"974\" height=\"572\" src=\"https:\/\/chromsword.com\/wp-content\/uploads\/2024\/10\/reportviewer-image5.png\" class=\"attachment-full size-full wp-image-1152\" alt=\"ReportViewer\" srcset=\"https:\/\/chromsword.com\/wp-content\/uploads\/2024\/10\/reportviewer-image5.png 974w, https:\/\/chromsword.com\/wp-content\/uploads\/2024\/10\/reportviewer-image5-300x176.png 300w, https:\/\/chromsword.com\/wp-content\/uploads\/2024\/10\/reportviewer-image5-768x451.png 768w\" sizes=\"(max-width: 974px) 100vw, 974px\" title=\"ReportViewer\" \/>\t\t\t\t\t\t\t\t\t\t\t\t\t\t\t<\/div>\n\t\t\t\t<\/div>\n\t\t\t\t<\/div>\n\t\t<div class=\"elementor-element elementor-element-921903b e-con-full e-flex e-con e-child\" data-id=\"921903b\" data-element_type=\"container\" data-e-type=\"container\">\n\t\t<div class=\"elementor-element elementor-element-1cf5548 e-con-full e-flex e-con e-child\" data-id=\"1cf5548\" data-element_type=\"container\" data-e-type=\"container\">\n\t\t\t\t<div class=\"elementor-element elementor-element-6a65c9c elementor-widget elementor-widget-heading\" data-id=\"6a65c9c\" data-element_type=\"widget\" data-e-type=\"widget\" data-widget_type=\"heading.default\">\n\t\t\t\t\t<h1 class=\"elementor-heading-title elementor-size-default\">Prise en charge de plusieurs sources de donn\u00e9es<\/h1>\t\t\t\t<\/div>\n\t\t\t\t<div class=\"elementor-element elementor-element-6bd66e3 elementor-widget elementor-widget-text-editor\" data-id=\"6bd66e3\" data-element_type=\"widget\" data-e-type=\"widget\" data-widget_type=\"text-editor.default\">\n\t\t\t\t\t\t\t\t\t<p>ChromSword ReportViewer peut analyser les donn\u00e9es g\u00e9n\u00e9r\u00e9es par toutes les plateformes ChromSword et ouvrir les r\u00e9sultats d&rsquo;autres syst\u00e8mes de donn\u00e9es chromatographiques tels que Chemstation, OpenLab et Chromeleon.<\/p>\t\t\t\t\t\t\t\t<\/div>\n\t\t\t\t<\/div>\n\t\t<div class=\"elementor-element elementor-element-b9cb777 e-con-full e-flex e-con e-child\" data-id=\"b9cb777\" data-element_type=\"container\" data-e-type=\"container\">\n\t\t\t\t<div class=\"elementor-element elementor-element-f6c31c4 elementor-widget elementor-widget-image\" data-id=\"f6c31c4\" data-element_type=\"widget\" data-e-type=\"widget\" data-widget_type=\"image.default\">\n\t\t\t\t\t\t\t\t\t\t\t\t\t\t\t<img decoding=\"async\" width=\"1268\" height=\"499\" src=\"https:\/\/chromsword.com\/wp-content\/uploads\/2024\/10\/reportviewer-image6.png\" class=\"attachment-full size-full wp-image-1153\" alt=\"ReportViewer\" srcset=\"https:\/\/chromsword.com\/wp-content\/uploads\/2024\/10\/reportviewer-image6.png 1268w, https:\/\/chromsword.com\/wp-content\/uploads\/2024\/10\/reportviewer-image6-300x118.png 300w, https:\/\/chromsword.com\/wp-content\/uploads\/2024\/10\/reportviewer-image6-1024x403.png 1024w, https:\/\/chromsword.com\/wp-content\/uploads\/2024\/10\/reportviewer-image6-768x302.png 768w\" sizes=\"(max-width: 1268px) 100vw, 1268px\" title=\"ReportViewer\" \/>\t\t\t\t\t\t\t\t\t\t\t\t\t\t\t<\/div>\n\t\t\t\t<\/div>\n\t\t\t\t<\/div>\n\t\t\t\t\t<\/div>\n\t\t\t\t<\/section>\n\t\t\t\t<\/div>\n\t\t","protected":false},"excerpt":{"rendered":"<p>ReportViewer Parcourez vos donn\u00e9es plus efficacement et pr\u00e9parez des rapports personnalis\u00e9s Rapport universel pour tous les syst\u00e8mes de donn\u00e9es Caract\u00e9ristiques uniques pour l&rsquo;analyse spectrale Soutien au processus AQbD Exportation de donn\u00e9es et pr\u00e9paration de rapports avanc\u00e9s Ouvrez le rapport et voyez tout ce qui a \u00e9t\u00e9 int\u00e9gr\u00e9 et calcul\u00e9 Demande de d\u00e9mo pr\u00e9sentation Interface utilisateur [&hellip;]<\/p>\n","protected":false},"author":1,"featured_media":0,"parent":1116,"menu_order":0,"comment_status":"closed","ping_status":"closed","template":"","meta":{"_acf_changed":false,"inline_featured_image":false,"footnotes":""},"class_list":["post-1154","page","type-page","status-publish","hentry"],"acf":[],"_links":{"self":[{"href":"https:\/\/chromsword.com\/fr\/wp-json\/wp\/v2\/pages\/1154","targetHints":{"allow":["GET"]}}],"collection":[{"href":"https:\/\/chromsword.com\/fr\/wp-json\/wp\/v2\/pages"}],"about":[{"href":"https:\/\/chromsword.com\/fr\/wp-json\/wp\/v2\/types\/page"}],"author":[{"embeddable":true,"href":"https:\/\/chromsword.com\/fr\/wp-json\/wp\/v2\/users\/1"}],"replies":[{"embeddable":true,"href":"https:\/\/chromsword.com\/fr\/wp-json\/wp\/v2\/comments?post=1154"}],"version-history":[{"count":0,"href":"https:\/\/chromsword.com\/fr\/wp-json\/wp\/v2\/pages\/1154\/revisions"}],"up":[{"embeddable":true,"href":"https:\/\/chromsword.com\/fr\/wp-json\/wp\/v2\/pages\/1116"}],"wp:attachment":[{"href":"https:\/\/chromsword.com\/fr\/wp-json\/wp\/v2\/media?parent=1154"}],"curies":[{"name":"wp","href":"https:\/\/api.w.org\/{rel}","templated":true}]}}