{"id":1116,"date":"2024-10-23T14:40:24","date_gmt":"2024-10-23T11:40:24","guid":{"rendered":"https:\/\/chromsword.com\/produits\/"},"modified":"2026-03-06T13:26:47","modified_gmt":"2026-03-06T11:26:47","slug":"produits","status":"publish","type":"page","link":"https:\/\/chromsword.com\/fr\/produits\/","title":{"rendered":"Produits"},"content":{"rendered":"\t\t<div data-elementor-type=\"wp-page\" data-elementor-id=\"1116\" class=\"elementor elementor-1116 elementor-14\" data-elementor-post-type=\"page\">\n\t\t\t\t<section class=\"elementor-element elementor-element-0ae4cee e-flex e-con-boxed e-con e-parent\" data-id=\"0ae4cee\" data-element_type=\"container\" data-e-type=\"container\" data-settings=\"{&quot;background_background&quot;:&quot;gradient&quot;}\">\n\t\t\t\t\t<div class=\"e-con-inner\">\n\t\t<div class=\"elementor-element elementor-element-23e9fa9 e-con-full e-flex e-con e-child\" data-id=\"23e9fa9\" data-element_type=\"container\" data-e-type=\"container\">\n\t\t<div class=\"elementor-element elementor-element-9b350c3 e-con-full e-flex e-con e-child\" data-id=\"9b350c3\" data-element_type=\"container\" data-e-type=\"container\">\n\t\t\t\t<div class=\"elementor-element elementor-element-a6b0d4f elementor-widget elementor-widget-heading\" data-id=\"a6b0d4f\" data-element_type=\"widget\" data-e-type=\"widget\" data-widget_type=\"heading.default\">\n\t\t\t\t\t<h2 class=\"elementor-heading-title elementor-size-default\">Logiciel de d\u00e9veloppement de m\u00e9thodes HPLC Produits<\/h2>\t\t\t\t<\/div>\n\t\t\t\t<div class=\"elementor-element elementor-element-f0e3ef7 elementor-widget elementor-widget-heading\" data-id=\"f0e3ef7\" data-element_type=\"widget\" data-e-type=\"widget\" data-widget_type=\"heading.default\">\n\t\t\t\t\t<h5 class=\"elementor-heading-title elementor-size-default\">Produits pour le d\u00e9veloppement automatis\u00e9 de m\u00e9thodes HPLC afin de rationaliser et d'optimiser vos flux de travail analytiques.<\/h5>\t\t\t\t<\/div>\n\t\t\t\t<\/div>\n\t\t<div class=\"elementor-element elementor-element-330bfc8 e-con-full e-grid e-con e-child\" data-id=\"330bfc8\" data-element_type=\"container\" data-e-type=\"container\">\n\t\t<div class=\"elementor-element elementor-element-619e2fa e-con-full e-flex e-con e-child\" data-id=\"619e2fa\" data-element_type=\"container\" data-e-type=\"container\">\n\t\t\t\t<div class=\"elementor-element elementor-element-189dc29 elementor-widget elementor-widget-image\" data-id=\"189dc29\" data-element_type=\"widget\" data-e-type=\"widget\" data-widget_type=\"image.default\">\n\t\t\t\t\t\t\t\t\t\t\t\t\t\t\t<img decoding=\"async\" width=\"93\" height=\"93\" src=\"https:\/\/chromsword.com\/wp-content\/uploads\/2024\/10\/develop-hand.png\" class=\"attachment-medium size-medium wp-image-787\" alt=\"Developer\" title=\"Developer\" \/>\t\t\t\t\t\t\t\t\t\t\t\t\t\t\t<\/div>\n\t\t\t\t<div class=\"elementor-element elementor-element-f73e4f1 elementor-widget elementor-widget-heading\" data-id=\"f73e4f1\" data-element_type=\"widget\" data-e-type=\"widget\" data-widget_type=\"heading.default\">\n\t\t\t\t\t<h3 class=\"elementor-heading-title elementor-size-default\">Developer<\/h3>\t\t\t\t<\/div>\n\t\t\t\t<div class=\"elementor-element elementor-element-87e60cd elementor-widget elementor-widget-text-editor\" data-id=\"87e60cd\" data-element_type=\"widget\" data-e-type=\"widget\" data-widget_type=\"text-editor.default\">\n\t\t\t\t\t\t\t\t\tLogiciel de d\u00e9veloppement qui utilise l&rsquo;automatisation, o\u00f9 le syst\u00e8me ajuste les conditions sur la base des donn\u00e9es collect\u00e9es pr\u00e9c\u00e9demment.\t\t\t\t\t\t\t\t<\/div>\n\t\t\t\t<div class=\"elementor-element elementor-element-531a324 elementor-mobile-align-center elementor-widget elementor-widget-button\" data-id=\"531a324\" data-element_type=\"widget\" data-e-type=\"widget\" title=\"Learn more about &quot;Developer&quot;\" data-widget_type=\"button.default\">\n\t\t\t\t\t\t\t\t\t\t<a class=\"elementor-button elementor-button-link elementor-size-sm\" href=\"https:\/\/chromsword.com\/fr\/produits\/developer\/\" id=\"developer-button\">\n\t\t\t\t\t\t<span class=\"elementor-button-content-wrapper\">\n\t\t\t\t\t\t\t\t\t<span class=\"elementor-button-text\">Apprendre encore plus &gt;<\/span>\n\t\t\t\t\t<\/span>\n\t\t\t\t\t<\/a>\n\t\t\t\t\t\t\t\t<\/div>\n\t\t\t\t<\/div>\n\t\t<div class=\"elementor-element elementor-element-8b3552b e-con-full e-flex e-con e-child\" data-id=\"8b3552b\" data-element_type=\"container\" data-e-type=\"container\">\n\t\t\t\t<div class=\"elementor-element elementor-element-fcad9a4 elementor-widget elementor-widget-image\" data-id=\"fcad9a4\" data-element_type=\"widget\" data-e-type=\"widget\" data-widget_type=\"image.default\">\n\t\t\t\t\t\t\t\t\t\t\t\t\t\t\t<img decoding=\"async\" width=\"93\" height=\"93\" src=\"https:\/\/chromsword.com\/wp-content\/uploads\/2024\/10\/icon-autorobust.png\" class=\"attachment-medium size-medium wp-image-791\" alt=\"AutoRobust\" title=\"AutoRobust\" \/>\t\t\t\t\t\t\t\t\t\t\t\t\t\t\t<\/div>\n\t\t\t\t<div class=\"elementor-element elementor-element-8a4651f elementor-widget elementor-widget-heading\" data-id=\"8a4651f\" data-element_type=\"widget\" data-e-type=\"widget\" data-widget_type=\"heading.default\">\n\t\t\t\t\t<h3 class=\"elementor-heading-title elementor-size-default\">AutoRobust<\/h3>\t\t\t\t<\/div>\n\t\t\t\t<div class=\"elementor-element elementor-element-9c9937d elementor-widget elementor-widget-text-editor\" data-id=\"9c9937d\" data-element_type=\"widget\" data-e-type=\"widget\" data-widget_type=\"text-editor.default\">\n\t\t\t\t\t\t\t\t\t\u00c9valuation automatique de la robustesse des m\u00e9thodes HPLC. Le syst\u00e8me fournit une approche DoE qui conduit \u00e0 un espace de conception et \u00e0 la capacit\u00e9 de d\u00e9crire le MODR, et permet d&rsquo;am\u00e9liorer les m\u00e9thodes existantes. \t\t\t\t\t\t\t\t<\/div>\n\t\t\t\t<div class=\"elementor-element elementor-element-c6d5f7a elementor-mobile-align-center elementor-widget elementor-widget-button\" data-id=\"c6d5f7a\" data-element_type=\"widget\" data-e-type=\"widget\" title=\"Learn more about &quot;AutoRobust&quot;\" data-widget_type=\"button.default\">\n\t\t\t\t\t\t\t\t\t\t<a class=\"elementor-button elementor-button-link elementor-size-sm\" href=\"https:\/\/chromsword.com\/fr\/produits\/autorobust\/\" id=\"autorobust-button\">\n\t\t\t\t\t\t<span class=\"elementor-button-content-wrapper\">\n\t\t\t\t\t\t\t\t\t<span class=\"elementor-button-text\">Apprendre encore plus &gt;<\/span>\n\t\t\t\t\t<\/span>\n\t\t\t\t\t<\/a>\n\t\t\t\t\t\t\t\t<\/div>\n\t\t\t\t<\/div>\n\t\t<div class=\"elementor-element elementor-element-0cce56a e-con-full e-flex e-con e-child\" data-id=\"0cce56a\" data-element_type=\"container\" data-e-type=\"container\">\n\t\t\t\t<div class=\"elementor-element elementor-element-5de42f2 elementor-widget elementor-widget-image\" data-id=\"5de42f2\" data-element_type=\"widget\" data-e-type=\"widget\" data-widget_type=\"image.default\">\n\t\t\t\t\t\t\t\t\t\t\t\t\t\t\t<img decoding=\"async\" width=\"93\" height=\"93\" src=\"https:\/\/chromsword.com\/wp-content\/uploads\/2024\/10\/icon-reportviewer.png\" class=\"attachment-medium size-medium wp-image-792\" alt=\"ReportViewer\" title=\"ReportViewer\" \/>\t\t\t\t\t\t\t\t\t\t\t\t\t\t\t<\/div>\n\t\t\t\t<div class=\"elementor-element elementor-element-47e1442 elementor-widget elementor-widget-heading\" data-id=\"47e1442\" data-element_type=\"widget\" data-e-type=\"widget\" data-widget_type=\"heading.default\">\n\t\t\t\t\t<h3 class=\"elementor-heading-title elementor-size-default\">ReportViewer<\/h3>\t\t\t\t<\/div>\n\t\t\t\t<div class=\"elementor-element elementor-element-749874d elementor-widget elementor-widget-text-editor\" data-id=\"749874d\" data-element_type=\"widget\" data-e-type=\"widget\" data-widget_type=\"text-editor.default\">\n\t\t\t\t\t\t\t\t\tL&rsquo;outil permettant de naviguer rapidement dans les r\u00e9sultats du d\u00e9veloppement de m\u00e9thodes : parcourir les m\u00e9thodes et les chromatogrammes, int\u00e9grer, suivre les pics et g\u00e9n\u00e9rer des rapports.\t\t\t\t\t\t\t\t<\/div>\n\t\t\t\t<div class=\"elementor-element elementor-element-0560746 elementor-mobile-align-center elementor-widget elementor-widget-button\" data-id=\"0560746\" data-element_type=\"widget\" data-e-type=\"widget\" title=\"Learn more about &quot;ReportViewer&quot;\" data-widget_type=\"button.default\">\n\t\t\t\t\t\t\t\t\t\t<a class=\"elementor-button elementor-button-link elementor-size-sm\" href=\"https:\/\/chromsword.com\/fr\/produits\/reportviewer\/\" id=\"reportviewer-button\">\n\t\t\t\t\t\t<span class=\"elementor-button-content-wrapper\">\n\t\t\t\t\t\t\t\t\t<span class=\"elementor-button-text\">Apprendre encore plus &gt;<\/span>\n\t\t\t\t\t<\/span>\n\t\t\t\t\t<\/a>\n\t\t\t\t\t\t\t\t<\/div>\n\t\t\t\t<\/div>\n\t\t<div class=\"elementor-element elementor-element-6013aa2 e-con-full e-flex e-con e-child\" data-id=\"6013aa2\" data-element_type=\"container\" data-e-type=\"container\">\n\t\t\t\t<div class=\"elementor-element elementor-element-dbfead7 elementor-widget elementor-widget-image\" data-id=\"dbfead7\" data-element_type=\"widget\" data-e-type=\"widget\" data-widget_type=\"image.default\">\n\t\t\t\t\t\t\t\t\t\t\t\t\t\t\t<img decoding=\"async\" width=\"93\" height=\"93\" src=\"https:\/\/chromsword.com\/wp-content\/uploads\/2024\/10\/icon-offline.png\" class=\"attachment-medium size-medium wp-image-795\" alt=\"Offline\" title=\"Offline\" \/>\t\t\t\t\t\t\t\t\t\t\t\t\t\t\t<\/div>\n\t\t\t\t<div class=\"elementor-element elementor-element-0ed03b6 elementor-widget elementor-widget-heading\" data-id=\"0ed03b6\" data-element_type=\"widget\" data-e-type=\"widget\" data-widget_type=\"heading.default\">\n\t\t\t\t\t<h3 class=\"elementor-heading-title elementor-size-default\">Offline<\/h3>\t\t\t\t<\/div>\n\t\t\t\t<div class=\"elementor-element elementor-element-64e9bb6 elementor-widget elementor-widget-text-editor\" data-id=\"64e9bb6\" data-element_type=\"widget\" data-e-type=\"widget\" data-widget_type=\"text-editor.default\">\n\t\t\t\t\t\t\t\t\tUn logiciel puissant et flexible pour le d\u00e9veloppement de m\u00e9thodes HPLC assist\u00e9 par ordinateur qui permet de construire des mod\u00e8les de r\u00e9tention et de simuler des s\u00e9parations de pics.\t\t\t\t\t\t\t\t<\/div>\n\t\t\t\t<div class=\"elementor-element elementor-element-d2ff277 elementor-mobile-align-center elementor-widget elementor-widget-button\" data-id=\"d2ff277\" data-element_type=\"widget\" data-e-type=\"widget\" title=\"Learn more about &quot;Offline&quot;\" data-widget_type=\"button.default\">\n\t\t\t\t\t\t\t\t\t\t<a class=\"elementor-button elementor-button-link elementor-size-sm\" href=\"https:\/\/chromsword.com\/fr\/produits\/offline\/\" id=\"offline-button\">\n\t\t\t\t\t\t<span class=\"elementor-button-content-wrapper\">\n\t\t\t\t\t\t\t\t\t<span class=\"elementor-button-text\">Apprendre encore plus &gt;<\/span>\n\t\t\t\t\t<\/span>\n\t\t\t\t\t<\/a>\n\t\t\t\t\t\t\t\t<\/div>\n\t\t\t\t<\/div>\n\t\t<div class=\"elementor-element elementor-element-22c1fd2 e-con-full e-flex e-con e-child\" data-id=\"22c1fd2\" data-element_type=\"container\" data-e-type=\"container\">\n\t\t\t\t<div class=\"elementor-element elementor-element-c1f0666 elementor-widget elementor-widget-image\" data-id=\"c1f0666\" data-element_type=\"widget\" data-e-type=\"widget\" data-widget_type=\"image.default\">\n\t\t\t\t\t\t\t\t\t\t\t\t\t\t\t<img decoding=\"async\" width=\"93\" height=\"93\" src=\"https:\/\/chromsword.com\/wp-content\/uploads\/2024\/10\/icon-autorobust.png\" class=\"attachment-medium size-medium wp-image-791\" alt=\"AutoRobust\" title=\"AutoRobust\" \/>\t\t\t\t\t\t\t\t\t\t\t\t\t\t\t<\/div>\n\t\t\t\t<div class=\"elementor-element elementor-element-b710e0a elementor-widget elementor-widget-heading\" data-id=\"b710e0a\" data-element_type=\"widget\" data-e-type=\"widget\" data-widget_type=\"heading.default\">\n\t\t\t\t\t<h3 class=\"elementor-heading-title elementor-size-default\">DataSystem<\/h3>\t\t\t\t<\/div>\n\t\t\t\t<div class=\"elementor-element elementor-element-4cb84a7 elementor-widget elementor-widget-text-editor\" data-id=\"4cb84a7\" data-element_type=\"widget\" data-e-type=\"widget\" data-widget_type=\"text-editor.default\">\n\t\t\t\t\t\t\t\t\tSyst\u00e8me de donn\u00e9es chromatographiques pour le contr\u00f4le des instruments, l&rsquo;analyse des donn\u00e9es et l&rsquo;\u00e9tablissement de rapports.\t\t\t\t\t\t\t\t<\/div>\n\t\t\t\t<div class=\"elementor-element elementor-element-73f2651 elementor-mobile-align-center elementor-widget elementor-widget-button\" data-id=\"73f2651\" data-element_type=\"widget\" data-e-type=\"widget\" title=\"Learn more about &quot;DataSystem&quot;\" data-widget_type=\"button.default\">\n\t\t\t\t\t\t\t\t\t\t<a class=\"elementor-button elementor-button-link elementor-size-sm\" href=\"https:\/\/chromsword.com\/fr\/produits\/datasystem\/\" id=\"datasystem-button\">\n\t\t\t\t\t\t<span class=\"elementor-button-content-wrapper\">\n\t\t\t\t\t\t\t\t\t<span class=\"elementor-button-text\">Apprendre encore plus &gt;<\/span>\n\t\t\t\t\t<\/span>\n\t\t\t\t\t<\/a>\n\t\t\t\t\t\t\t\t<\/div>\n\t\t\t\t<\/div>\n\t\t<div class=\"elementor-element elementor-element-48450ee e-con-full e-flex e-con e-child\" data-id=\"48450ee\" data-element_type=\"container\" data-e-type=\"container\">\n\t\t\t\t<div class=\"elementor-element elementor-element-3280961 elementor-widget elementor-widget-image\" data-id=\"3280961\" data-element_type=\"widget\" data-e-type=\"widget\" data-widget_type=\"image.default\">\n\t\t\t\t\t\t\t\t\t\t\t\t\t\t\t<img decoding=\"async\" width=\"93\" height=\"93\" src=\"https:\/\/chromsword.com\/wp-content\/uploads\/2024\/10\/icon-scout.png\" class=\"attachment-medium size-medium wp-image-799\" alt=\"Scout\" title=\"Scout\" \/>\t\t\t\t\t\t\t\t\t\t\t\t\t\t\t<\/div>\n\t\t\t\t<div class=\"elementor-element elementor-element-99c08dc elementor-widget elementor-widget-heading\" data-id=\"99c08dc\" data-element_type=\"widget\" data-e-type=\"widget\" data-widget_type=\"heading.default\">\n\t\t\t\t\t<h3 class=\"elementor-heading-title elementor-size-default\">Scout<\/h3>\t\t\t\t<\/div>\n\t\t\t\t<div class=\"elementor-element elementor-element-20d9031 elementor-widget elementor-widget-text-editor\" data-id=\"20d9031\" data-element_type=\"widget\" data-e-type=\"widget\" data-widget_type=\"text-editor.default\">\n\t\t\t\t\t\t\t\t\tUn syst\u00e8me innovant qui permet de mettre en place rapidement des parcours de rep\u00e9rage et de cr\u00e9er des DoE.An innovative system that allows setting up scouting runs rapidly and create DoE.\t\t\t\t\t\t\t\t<\/div>\n\t\t\t\t<div class=\"elementor-element elementor-element-96e9825 elementor-mobile-align-center elementor-widget elementor-widget-button\" data-id=\"96e9825\" data-element_type=\"widget\" data-e-type=\"widget\" title=\"Learn more about &quot;Scout&quot;\" data-widget_type=\"button.default\">\n\t\t\t\t\t\t\t\t\t\t<a class=\"elementor-button elementor-button-link elementor-size-sm\" href=\"https:\/\/chromsword.com\/fr\/produits\/scout\/\" id=\"scout-button\">\n\t\t\t\t\t\t<span class=\"elementor-button-content-wrapper\">\n\t\t\t\t\t\t\t\t\t<span class=\"elementor-button-text\">Apprendre encore plus &gt;<\/span>\n\t\t\t\t\t<\/span>\n\t\t\t\t\t<\/a>\n\t\t\t\t\t\t\t\t<\/div>\n\t\t\t\t<\/div>\n\t\t\t\t<\/div>\n\t\t\t\t<\/div>\n\t\t\t\t\t<\/div>\n\t\t\t\t<\/section>\n\t\t\t\t<\/div>\n\t\t","protected":false},"excerpt":{"rendered":"<p>Logiciel de d\u00e9veloppement de m\u00e9thodes HPLC Produits Produits pour le d\u00e9veloppement automatis\u00e9 de m\u00e9thodes HPLC afin de rationaliser et d&rsquo;optimiser vos flux de travail analytiques. Developer Logiciel de d\u00e9veloppement qui utilise l&rsquo;automatisation, o\u00f9 le syst\u00e8me ajuste les conditions sur la base des donn\u00e9es collect\u00e9es pr\u00e9c\u00e9demment. Apprendre encore plus &gt; AutoRobust \u00c9valuation automatique de la robustesse [&hellip;]<\/p>\n","protected":false},"author":1,"featured_media":0,"parent":0,"menu_order":0,"comment_status":"closed","ping_status":"closed","template":"","meta":{"_acf_changed":false,"inline_featured_image":false,"footnotes":""},"class_list":["post-1116","page","type-page","status-publish","hentry"],"acf":[],"_links":{"self":[{"href":"https:\/\/chromsword.com\/fr\/wp-json\/wp\/v2\/pages\/1116","targetHints":{"allow":["GET"]}}],"collection":[{"href":"https:\/\/chromsword.com\/fr\/wp-json\/wp\/v2\/pages"}],"about":[{"href":"https:\/\/chromsword.com\/fr\/wp-json\/wp\/v2\/types\/page"}],"author":[{"embeddable":true,"href":"https:\/\/chromsword.com\/fr\/wp-json\/wp\/v2\/users\/1"}],"replies":[{"embeddable":true,"href":"https:\/\/chromsword.com\/fr\/wp-json\/wp\/v2\/comments?post=1116"}],"version-history":[{"count":9,"href":"https:\/\/chromsword.com\/fr\/wp-json\/wp\/v2\/pages\/1116\/revisions"}],"predecessor-version":[{"id":2930,"href":"https:\/\/chromsword.com\/fr\/wp-json\/wp\/v2\/pages\/1116\/revisions\/2930"}],"wp:attachment":[{"href":"https:\/\/chromsword.com\/fr\/wp-json\/wp\/v2\/media?parent=1116"}],"curies":[{"name":"wp","href":"https:\/\/api.w.org\/{rel}","templated":true}]}}