{"id":1111,"date":"2024-10-23T14:40:29","date_gmt":"2024-10-23T11:40:29","guid":{"rendered":"https:\/\/chromsword.com\/a-propos-de-nous\/"},"modified":"2025-11-05T22:05:33","modified_gmt":"2025-11-05T20:05:33","slug":"a-propos-de-nous","status":"publish","type":"page","link":"https:\/\/chromsword.com\/fr\/a-propos-de-nous\/","title":{"rendered":"A propos de nous"},"content":{"rendered":"\t\t<div data-elementor-type=\"wp-page\" data-elementor-id=\"1111\" class=\"elementor elementor-1111 elementor-16\" data-elementor-post-type=\"page\">\n\t\t\t\t<section class=\"elementor-element elementor-element-99db3ff e-flex e-con-boxed e-con e-parent\" data-id=\"99db3ff\" data-element_type=\"container\" data-e-type=\"container\" data-settings=\"{&quot;background_background&quot;:&quot;gradient&quot;}\">\n\t\t\t\t\t<div class=\"e-con-inner\">\n\t\t<div class=\"elementor-element elementor-element-1f886b5 e-con-full e-flex e-con e-child\" data-id=\"1f886b5\" data-element_type=\"container\" data-e-type=\"container\">\n\t\t<div class=\"elementor-element elementor-element-27efb14 e-con-full e-flex e-con e-child\" data-id=\"27efb14\" data-element_type=\"container\" data-e-type=\"container\">\n\t\t\t\t<div class=\"elementor-element elementor-element-8a4af7f elementor-widget elementor-widget-heading\" data-id=\"8a4af7f\" data-element_type=\"widget\" data-e-type=\"widget\" data-widget_type=\"heading.default\">\n\t\t\t\t\t<h1 class=\"elementor-heading-title elementor-size-default\">A propos de nous<\/h1>\t\t\t\t<\/div>\n\t\t\t\t<div class=\"elementor-element elementor-element-ed6b6e6 elementor-widget elementor-widget-text-editor\" data-id=\"ed6b6e6\" data-element_type=\"widget\" data-e-type=\"widget\" data-widget_type=\"text-editor.default\">\n\t\t\t\t\t\t\t\t\t<p>Depuis plus de 30 ans, nous d\u00e9veloppons des logiciels innovants pour soutenir le d\u00e9veloppement de m\u00e9thodes en chromatographie liquide.<br><br>Chez ChromSword, nous sommes motiv\u00e9s par la fa\u00e7on dont nos clients utilisent notre logiciel pour trouver des solutions aux probl\u00e8mes de s\u00e9paration et rester connect\u00e9s \u00e0 ce qui est le plus important pour eux.<br><br>ChromSword occupe une position de leader dans l&rsquo;automatisation du d\u00e9veloppement des m\u00e9thodes. Notre logiciel intelligent est utilis\u00e9 dans les plus grands laboratoires pharmaceutiques du monde entier. L&rsquo;\u00e9quipe de ChromSword est un groupe de sp\u00e9cialistes HPLC et IT hautement qualifi\u00e9s qui transf\u00e8rent leurs connaissances dans un puissant logiciel de d\u00e9veloppement et de validation de m\u00e9thodes.  <br><br>La mission de ChromSword est de fournir un process de travail enti\u00e8rement int\u00e9gr\u00e9 et automatis\u00e9 pour le d\u00e9veloppement de m\u00e9thodes HPLC, conform\u00e9ment aux tendances de l&rsquo;industrie et aux exigences r\u00e9glementaires.<\/p>\t\t\t\t\t\t\t\t<\/div>\n\t\t\t\t<\/div>\n\t\t<div class=\"elementor-element elementor-element-44ef9a0 e-con-full e-flex e-con e-child\" data-id=\"44ef9a0\" data-element_type=\"container\" data-e-type=\"container\">\n\t\t\t\t<div class=\"elementor-element elementor-element-0d5115c elementor-widget elementor-widget-image\" data-id=\"0d5115c\" data-element_type=\"widget\" data-e-type=\"widget\" data-widget_type=\"image.default\">\n\t\t\t\t\t\t\t\t\t\t\t\t\t\t\t<img decoding=\"async\" width=\"628\" height=\"725\" src=\"https:\/\/chromsword.com\/wp-content\/uploads\/2024\/10\/about-1.png\" class=\"attachment-full size-full wp-image-1109\" alt=\"A propos de nous\" srcset=\"https:\/\/chromsword.com\/wp-content\/uploads\/2024\/10\/about-1.png 628w, https:\/\/chromsword.com\/wp-content\/uploads\/2024\/10\/about-1-260x300.png 260w\" sizes=\"(max-width: 628px) 100vw, 628px\" title=\"A propos de nous\" \/>\t\t\t\t\t\t\t\t\t\t\t\t\t\t\t<\/div>\n\t\t\t\t<\/div>\n\t\t\t\t<\/div>\n\t\t\t\t\t<\/div>\n\t\t\t\t<\/section>\n\t\t<section class=\"elementor-element elementor-element-0e85f5a e-flex e-con-boxed e-con e-parent\" data-id=\"0e85f5a\" data-element_type=\"container\" data-e-type=\"container\" data-settings=\"{&quot;background_background&quot;:&quot;classic&quot;}\">\n\t\t\t\t\t<div class=\"e-con-inner\">\n\t\t<div class=\"elementor-element elementor-element-5ba70d2 e-con-full e-flex e-con e-child\" data-id=\"5ba70d2\" data-element_type=\"container\" data-e-type=\"container\">\n\t\t<div class=\"elementor-element elementor-element-be80ef7 e-con-full e-flex e-con e-child\" data-id=\"be80ef7\" data-element_type=\"container\" data-e-type=\"container\">\n\t\t\t\t<div class=\"elementor-element elementor-element-b264ed6 elementor-widget elementor-widget-heading\" data-id=\"b264ed6\" data-element_type=\"widget\" data-e-type=\"widget\" data-widget_type=\"heading.default\">\n\t\t\t\t\t<h1 class=\"elementor-heading-title elementor-size-default\">L'histoire<\/h1>\t\t\t\t<\/div>\n\t\t\t\t<\/div>\n\t\t<div class=\"elementor-element elementor-element-2190d9b e-con-full e-flex e-con e-child\" data-id=\"2190d9b\" data-element_type=\"container\" data-e-type=\"container\">\n\t\t<div class=\"elementor-element elementor-element-5e0c381 e-con-full e-flex e-con e-child\" data-id=\"5e0c381\" data-element_type=\"container\" data-e-type=\"container\">\n\t\t\t\t<div class=\"elementor-element elementor-element-9bfe988 elementor-widget elementor-widget-text-editor\" data-id=\"9bfe988\" data-element_type=\"widget\" data-e-type=\"widget\" data-widget_type=\"text-editor.default\">\n\t\t\t\t\t\t\t\t\t<p>Le d\u00e9veloppement d&rsquo;une th\u00e9orie et d&rsquo;un premier logiciel ChromDream permettant de pr\u00e9dire les conditions initiales de la chromatographie liquide en phase invers\u00e9e \u00e0 partir de la formule structurelle des compos\u00e9s et des propri\u00e9t\u00e9s de la colonne a d\u00e9but\u00e9 en 1990 par le Dr Sergey Galushko.<\/p><p>ChromSword\u00ae pour le d\u00e9veloppement de m\u00e9thodes HPLC assist\u00e9 par ordinateur a \u00e9t\u00e9 d\u00e9velopp\u00e9 entre 1990 et 1995 comme une extension du logiciel de d\u00e9veloppement de m\u00e9thodes HPLC ChromDream\u00ae.<\/p><p>En 1999, la premi\u00e8re version pour l&rsquo;optimisation automatique HPLC a \u00e9t\u00e9 d\u00e9velopp\u00e9e et lanc\u00e9e en collaboration avec Merck KGaA (Darmstadt, Allemagne). Gr\u00e2ce \u00e0 la coop\u00e9ration avec VWR International Scientific Instruments, Darmstadt, Allemagne, Hitachi High Technologies America, San Jose, CA, USA, et Scientific Software Inc, Pleasanton, CA, USA, des versions pour le mat\u00e9riel Hitachi LaChrom et LaChromElite et le logiciel EZChromElite ont \u00e9t\u00e9 lanc\u00e9es. <\/p><p>En 2000, la premi\u00e8re version de ChromSwordAuto a \u00e9t\u00e9 lanc\u00e9e pour prendre en charge les syst\u00e8mes Waters Millennium et Alliance LC.<br>Un partenariat ult\u00e9rieur avec Agilent Technologies a abouti \u00e0 la cr\u00e9ation d&rsquo;une version plus puissante qui prend en charge les syst\u00e8mes LC et LC\/MS Agilent 1100\/1200\/1290 avec jusqu&rsquo;\u00e0 8 colonnes et jusqu&rsquo;\u00e0 15 s\u00e9lecteurs de solvant.<\/p><p>La coop\u00e9ration avec Dionex a contribu\u00e9 \u00e0 la cr\u00e9ation des versions ChromSwordAuto et AutoRobust qui ont permis le d\u00e9veloppement automatique de m\u00e9thodes et de tests de robustesse en utilisant le syst\u00e8me de donn\u00e9es Chromeleon, les syst\u00e8mes LC Dionex Ultimate et Agilent.<\/p>\t\t\t\t\t\t\t\t<\/div>\n\t\t\t\t<\/div>\n\t\t<div class=\"elementor-element elementor-element-a25b35f e-con-full e-flex e-con e-child\" data-id=\"a25b35f\" data-element_type=\"container\" data-e-type=\"container\">\n\t\t\t\t<div class=\"elementor-element elementor-element-ed29960 elementor-widget elementor-widget-text-editor\" data-id=\"ed29960\" data-element_type=\"widget\" data-e-type=\"widget\" data-widget_type=\"text-editor.default\">\n\t\t\t\t\t\t\t\t\t<p>Actuellement, Chromsword dispose d&rsquo;un partenariat solide et d&rsquo;un soutien pour le d\u00e9veloppement de m\u00e9thodes automatiques avec les instruments Agilent, Hitachi, Thermo et Waters.<\/p><p>En 2009, la version 4.0 Professional de ChromSwordAuto a \u00e9t\u00e9 lanc\u00e9e avec la prise en charge de plusieurs instruments. Cette version permet d&rsquo;effectuer des t\u00e2ches de d\u00e9veloppement de m\u00e9thodes enti\u00e8rement automatis\u00e9es, telles que la recherche de m\u00e9thodes (screening), l&rsquo;optimisation rapide du gradient, l&rsquo;optimisation fine du gradient, les \u00e9tudes de robustesse et la g\u00e9n\u00e9ration de rapports. ChromSwordAuto 4.0 contr\u00f4le les instruments HPLC et UHPLC Hitachi, Waters, Agilent, Knauer, Dionex et les syst\u00e8mes de donn\u00e9es suivants : Agilent EZchromElite, ChemStation, Waters Empower, Dionex Chromeleon et Knauer ChromGate.  <\/p><p>En 2015, la nouvelle version de ChromSword 5.0 a \u00e9t\u00e9 publi\u00e9e. Cette version a \u00e9t\u00e9 d\u00e9velopp\u00e9e sur une plateforme enti\u00e8rement nouvelle et a constitu\u00e9 un grand pas en avant pour ChromSword en fournissant un contr\u00f4le direct sur les instruments HPLC. Cette version met l&rsquo;accent sur l&rsquo;efficacit\u00e9 du travail et la facilit\u00e9 d&rsquo;utilisation pour l&rsquo;utilisateur final. Dans le m\u00eame temps, un travail important a \u00e9t\u00e9 r\u00e9alis\u00e9 pour am\u00e9liorer les algorithmes en se concentrant particuli\u00e8rement sur les grandes mol\u00e9cules.   <\/p><p>En 2005, une nouvelle soci\u00e9t\u00e9, \u00ab\u00a0ChromSword Baltic HPLC Specialists\u00a0\u00bb Ltd, a \u00e9t\u00e9 enregistr\u00e9e. L&rsquo;entreprise se concentre sur le d\u00e9veloppement de nouveaux produits et sur la distribution mondiale. <\/p><p>En 2022, la licence de site a \u00e9t\u00e9 introduite dans le but de fournir une flexibilit\u00e9 et une efficacit\u00e9 totales aux laboratoires d&rsquo;analyse conform\u00e9ment aux exigences de l&rsquo;AQbD et aux lignes directrices de l&rsquo;ICH.<\/p><p>L&rsquo;objectif de la soci\u00e9t\u00e9 est de fournir aux clients les solutions les plus intelligentes pour le d\u00e9veloppement de m\u00e9thodes HPLC. Nous mettons constamment \u00e0 jour et am\u00e9liorons nos logiciels. <\/p>\t\t\t\t\t\t\t\t<\/div>\n\t\t\t\t<\/div>\n\t\t\t\t<\/div>\n\t\t\t\t<\/div>\n\t\t\t\t\t<\/div>\n\t\t\t\t<\/section>\n\t\t\t\t<\/div>\n\t\t","protected":false},"excerpt":{"rendered":"<p>A propos de nous Depuis plus de 30 ans, nous d\u00e9veloppons des logiciels innovants pour soutenir le d\u00e9veloppement de m\u00e9thodes en chromatographie liquide. Chez ChromSword, nous sommes motiv\u00e9s par la fa\u00e7on dont nos clients utilisent notre logiciel pour trouver des solutions aux probl\u00e8mes de s\u00e9paration et rester connect\u00e9s \u00e0 ce qui est le plus important [&hellip;]<\/p>\n","protected":false},"author":1,"featured_media":0,"parent":0,"menu_order":0,"comment_status":"closed","ping_status":"closed","template":"","meta":{"_acf_changed":false,"inline_featured_image":false,"footnotes":""},"class_list":["post-1111","page","type-page","status-publish","hentry"],"acf":[],"_links":{"self":[{"href":"https:\/\/chromsword.com\/fr\/wp-json\/wp\/v2\/pages\/1111","targetHints":{"allow":["GET"]}}],"collection":[{"href":"https:\/\/chromsword.com\/fr\/wp-json\/wp\/v2\/pages"}],"about":[{"href":"https:\/\/chromsword.com\/fr\/wp-json\/wp\/v2\/types\/page"}],"author":[{"embeddable":true,"href":"https:\/\/chromsword.com\/fr\/wp-json\/wp\/v2\/users\/1"}],"replies":[{"embeddable":true,"href":"https:\/\/chromsword.com\/fr\/wp-json\/wp\/v2\/comments?post=1111"}],"version-history":[{"count":1,"href":"https:\/\/chromsword.com\/fr\/wp-json\/wp\/v2\/pages\/1111\/revisions"}],"predecessor-version":[{"id":2129,"href":"https:\/\/chromsword.com\/fr\/wp-json\/wp\/v2\/pages\/1111\/revisions\/2129"}],"wp:attachment":[{"href":"https:\/\/chromsword.com\/fr\/wp-json\/wp\/v2\/media?parent=1111"}],"curies":[{"name":"wp","href":"https:\/\/api.w.org\/{rel}","templated":true}]}}