{"id":1920,"date":"2024-10-21T11:16:02","date_gmt":"2024-10-21T08:16:02","guid":{"rendered":"https:\/\/chromsword.com\/politica-de-privacidad\/"},"modified":"2025-10-24T10:48:26","modified_gmt":"2025-10-24T07:48:26","slug":"politica-de-privacidad","status":"publish","type":"page","link":"https:\/\/chromsword.com\/es\/politica-de-privacidad\/","title":{"rendered":"Pol\u00edtica de privacidad"},"content":{"rendered":"\t\t<div data-elementor-type=\"wp-page\" data-elementor-id=\"1920\" class=\"elementor elementor-1920 elementor-3\" data-elementor-post-type=\"page\">\n\t\t\t\t<section class=\"elementor-element elementor-element-fe976aa e-flex e-con-boxed e-con e-parent\" data-id=\"fe976aa\" data-element_type=\"container\" data-e-type=\"container\">\n\t\t\t\t\t<div class=\"e-con-inner\">\n\t\t<div class=\"elementor-element elementor-element-a11d008 e-con-full e-flex e-con e-child\" data-id=\"a11d008\" data-element_type=\"container\" data-e-type=\"container\">\n\t\t<div class=\"elementor-element elementor-element-96545d5 e-con-full e-flex e-con e-child\" data-id=\"96545d5\" data-element_type=\"container\" data-e-type=\"container\">\n\t\t<div class=\"elementor-element elementor-element-e3b66fd e-con-full e-flex e-con e-child\" data-id=\"e3b66fd\" data-element_type=\"container\" data-e-type=\"container\">\n\t\t\t\t<div class=\"elementor-element elementor-element-4244a26 elementor-widget elementor-widget-heading\" data-id=\"4244a26\" data-element_type=\"widget\" data-e-type=\"widget\" data-widget_type=\"heading.default\">\n\t\t\t\t\t<h1 class=\"elementor-heading-title elementor-size-default\">Pol\u00edtica de privacidad<\/h1>\t\t\t\t<\/div>\n\t\t\t\t<div class=\"elementor-element elementor-element-c5e40ec elementor-widget elementor-widget-text-editor\" data-id=\"c5e40ec\" data-element_type=\"widget\" data-e-type=\"widget\" data-widget_type=\"text-editor.default\">\n\t\t\t\t\t\t\t\t\t<p>Fecha de entrada en vigor: 04 de julio de 2018<br><br>ChromSword (\u00abnosotros\u00bb o \u00abnuestro\u00bb) gestiona el sitio web www.chromsword.com (el \u00abServicio\u00bb).<br><br>Esta p\u00e1gina le informa de nuestras pol\u00edticas relativas a la recopilaci\u00f3n, uso y divulgaci\u00f3n de datos personales cuando utiliza nuestro Servicio y de las opciones que tiene asociadas a dichos datos.<br><br>Utilizamos sus datos para proporcionar y mejorar el Servicio. Al utilizar el Servicio, usted acepta la recopilaci\u00f3n y el uso de la informaci\u00f3n de acuerdo con esta pol\u00edtica. A menos que se definan de otro modo en esta Pol\u00edtica de Privacidad, los t\u00e9rminos utilizados en la misma tienen el mismo significado que en nuestros T\u00e9rminos y Condiciones, accesibles desde <a href=\"https:\/\/chromsword.com\/es\/\">www.chromsword.com<\/a>.  <\/p>\t\t\t\t\t\t\t\t<\/div>\n\t\t\t\t<\/div>\n\t\t\t\t<\/div>\n\t\t<div class=\"elementor-element elementor-element-f48391d e-con-full e-flex e-con e-child\" data-id=\"f48391d\" data-element_type=\"container\" data-e-type=\"container\">\n\t\t<div class=\"elementor-element elementor-element-7caf00a e-con-full e-flex e-con e-child\" data-id=\"7caf00a\" data-element_type=\"container\" data-e-type=\"container\">\n\t\t\t\t<div class=\"elementor-element elementor-element-29293d4 elementor-widget elementor-widget-heading\" data-id=\"29293d4\" data-element_type=\"widget\" data-e-type=\"widget\" data-widget_type=\"heading.default\">\n\t\t\t\t\t<h3 class=\"elementor-heading-title elementor-size-default\">Recogida y uso de la informaci\u00f3n<\/h3>\t\t\t\t<\/div>\n\t\t\t\t<div class=\"elementor-element elementor-element-b23b13c elementor-widget elementor-widget-text-editor\" data-id=\"b23b13c\" data-element_type=\"widget\" data-e-type=\"widget\" data-widget_type=\"text-editor.default\">\n\t\t\t\t\t\t\t\t\t<p>Recopilamos diferentes tipos de informaci\u00f3n con diversos fines para proporcionarle y mejorar nuestro Servicio.<\/p>\t\t\t\t\t\t\t\t<\/div>\n\t\t\t\t<\/div>\n\t\t<div class=\"elementor-element elementor-element-7dc5be5 e-con-full e-flex e-con e-child\" data-id=\"7dc5be5\" data-element_type=\"container\" data-e-type=\"container\">\n\t\t\t\t<div class=\"elementor-element elementor-element-9affcce elementor-widget elementor-widget-heading\" data-id=\"9affcce\" data-element_type=\"widget\" data-e-type=\"widget\" data-widget_type=\"heading.default\">\n\t\t\t\t\t<h4 class=\"elementor-heading-title elementor-size-default\">Tipos de datos recogidos<\/h4>\t\t\t\t<\/div>\n\t\t\t\t<div class=\"elementor-element elementor-element-0d14bfd elementor-widget elementor-widget-text-editor\" data-id=\"0d14bfd\" data-element_type=\"widget\" data-e-type=\"widget\" data-widget_type=\"text-editor.default\">\n\t\t\t\t\t\t\t\t\t<div class=\"sub-section\">\n<h4 class=\"h-6\">Datos personales<\/h4>\n<p class=\"p-5\">Al utilizar nuestro Servicio, es posible que le pidamos que nos proporcione cierta informaci\u00f3n de identificaci\u00f3n personal que puede utilizarse para ponernos en contacto con usted o identificarle (\u00abDatos personales\u00bb). La informaci\u00f3n personal identificable puede incluir, pero no se limita a: <\/p>\n<div class=\"points\">\n<div class=\"point-container\">\n<ul>\n<li>Direcci\u00f3n de correo electr\u00f3nico<\/li>\n<li>Nombre y apellidos<\/li>\n<li>N\u00famero de tel\u00e9fono<\/li>\n<li>Cookies y datos de uso<\/li>\n<\/ul>\n<\/div>\n<\/div>\n<\/div>\n<div class=\"sub-section\">\n<h4> <\/h4>\n<h4 class=\"h-6\">Datos de uso<\/h4>\n<p class=\"p-5\">Tambi\u00e9n podemos recopilar informaci\u00f3n sobre c\u00f3mo se accede al Servicio y c\u00f3mo se utiliza (\u00abDatos de uso\u00bb). Estos Datos de uso pueden incluir informaci\u00f3n como la direcci\u00f3n de protocolo de Internet de su ordenador (por ejemplo, la direcci\u00f3n IP), el tipo de navegador, la versi\u00f3n del navegador, las p\u00e1ginas de nuestro Servicio que visita, la hora y la fecha de su visita, el tiempo que pasa en esas p\u00e1ginas, identificadores \u00fanicos de dispositivos y otros datos de diagn\u00f3stico. <\/p>\n<\/div>\n<div class=\"sub-section\">\n<h4> <\/h4>\n<h4 class=\"h-6\">Datos de seguimiento y cookies<\/h4>\n<p class=\"p-5\">Utilizamos cookies y tecnolog\u00edas de seguimiento similares para rastrear la actividad en nuestro Servicio y conservar cierta informaci\u00f3n.<br><br>Las cookies son archivos con peque\u00f1as cantidades de datos que pueden incluir un identificador \u00fanico an\u00f3nimo. Las cookies se env\u00edan a su navegador desde un sitio web y se almacenan en su dispositivo. Las tecnolog\u00edas de rastreo que tambi\u00e9n se utilizan son balizas, etiquetas y scripts para recopilar y rastrear informaci\u00f3n y para mejorar y analizar nuestro Servicio.  <br><br>Puede indicar a su navegador que rechace todas las cookies o que le indique cu\u00e1ndo se env\u00eda una cookie. Sin embargo, si no acepta las cookies, es posible que no pueda utilizar algunas partes de nuestro Servicio. <br><br>Ejemplos de cookies que utilizamos:<\/p>\n<div class=\"points\">\n<div class=\"point-container\">\n<ul>\n<li class=\"p-5 point-text\"><span class=\"bold\">Cookies de sesi\u00f3n.  <\/span>Utilizamos Cookies de Sesi\u00f3n para el funcionamiento de nuestro Servicio.<\/li>\n<li class=\"p-5 point-text\">Cookies de preferencias. Utilizamos Cookies de Preferencia para recordar sus preferencias y diversos ajustes. <\/li>\n<li class=\"p-5 point-text\">Cookies de seguridad. Utilizamos Cookies de Seguridad con fines de seguridad. <\/li>\n<\/ul>\n<\/div>\n<\/div>\n<\/div>\t\t\t\t\t\t\t\t<\/div>\n\t\t\t\t<\/div>\n\t\t<div class=\"elementor-element elementor-element-8d0ee01 e-con-full e-flex e-con e-child\" data-id=\"8d0ee01\" data-element_type=\"container\" data-e-type=\"container\">\n\t\t\t\t<div class=\"elementor-element elementor-element-76b6e22 elementor-widget elementor-widget-heading\" data-id=\"76b6e22\" data-element_type=\"widget\" data-e-type=\"widget\" data-widget_type=\"heading.default\">\n\t\t\t\t\t<h4 class=\"elementor-heading-title elementor-size-default\">Uso de los datos<\/h4>\t\t\t\t<\/div>\n\t\t\t\t<div class=\"elementor-element elementor-element-da3d924 elementor-widget elementor-widget-text-editor\" data-id=\"da3d924\" data-element_type=\"widget\" data-e-type=\"widget\" data-widget_type=\"text-editor.default\">\n\t\t\t\t\t\t\t\t\t<div class=\"sub-section\">\n<p class=\"p-4\">ChromSword utiliza los datos recogidos para diversos fines:<\/p>\n<div class=\"points\">\n<div class=\"point-container\">\n<ul>\n<li class=\"par-2 point-text\">Proporcionar y mantener el Servicio<\/li>\n<li class=\"par-2 point-text\">Para notificarle cambios en nuestro Servicio<\/li>\n<li class=\"par-2 point-text\">Para permitirle participar en funciones interactivas de nuestro Servicio cuando decida hacerlo<\/li>\n<li class=\"par-2 point-text\">Proporcionar atenci\u00f3n y apoyo al cliente<\/li>\n<li class=\"par-2 point-text\">Para proporcionar an\u00e1lisis o informaci\u00f3n valiosa para que podamos mejorar el Servicio<\/li>\n<li class=\"par-2 point-text\">Para supervisar el uso del Servicio<\/li>\n<li class=\"par-2 point-text\">Detectar, prevenir y resolver problemas t\u00e9cnicos<\/li>\n<\/ul>\n<\/div>\n<\/div>\n<\/div>\t\t\t\t\t\t\t\t<\/div>\n\t\t\t\t<\/div>\n\t\t<div class=\"elementor-element elementor-element-6b22c52 e-con-full e-flex e-con e-child\" data-id=\"6b22c52\" data-element_type=\"container\" data-e-type=\"container\">\n\t\t\t\t<div class=\"elementor-element elementor-element-a8c645c elementor-widget elementor-widget-heading\" data-id=\"a8c645c\" data-element_type=\"widget\" data-e-type=\"widget\" data-widget_type=\"heading.default\">\n\t\t\t\t\t<h4 class=\"elementor-heading-title elementor-size-default\">Transferencia de datos<\/h4>\t\t\t\t<\/div>\n\t\t\t\t<div class=\"elementor-element elementor-element-3e2369f elementor-widget elementor-widget-text-editor\" data-id=\"3e2369f\" data-element_type=\"widget\" data-e-type=\"widget\" data-widget_type=\"text-editor.default\">\n\t\t\t\t\t\t\t\t\t<div class=\"sub-section\">\n<p class=\"p-4\">Su informaci\u00f3n, incluidos los Datos Personales, puede ser transferida a -y mantenida en- ordenadores ubicados fuera de su estado, provincia, pa\u00eds u otra jurisdicci\u00f3n gubernamental donde las leyes de protecci\u00f3n de datos puedan diferir de las de su jurisdicci\u00f3n.<br><br>Si se encuentra fuera de Letonia y decide proporcionarnos informaci\u00f3n, tenga en cuenta que transferimos los datos, incluidos los datos personales, a Letonia y los procesamos all\u00ed.<br><br>Su consentimiento a esta Pol\u00edtica de Privacidad seguido de su env\u00edo de dicha informaci\u00f3n representa su acuerdo a dicha transferencia.<br><br>ChromSword tomar\u00e1 todas las medidas razonablemente necesarias para garantizar que sus datos sean tratados de forma segura y de acuerdo con esta Pol\u00edtica de Privacidad y no se realizar\u00e1 ninguna transferencia de sus Datos Personales a una organizaci\u00f3n o pa\u00eds a menos que existan controles adecuados que incluyan la seguridad de sus datos y otra informaci\u00f3n personal.<\/p>\n<\/div>\t\t\t\t\t\t\t\t<\/div>\n\t\t\t\t<\/div>\n\t\t<div class=\"elementor-element elementor-element-5339c36 e-con-full e-flex e-con e-child\" data-id=\"5339c36\" data-element_type=\"container\" data-e-type=\"container\">\n\t\t\t\t<div class=\"elementor-element elementor-element-7eb347e elementor-widget elementor-widget-heading\" data-id=\"7eb347e\" data-element_type=\"widget\" data-e-type=\"widget\" data-widget_type=\"heading.default\">\n\t\t\t\t\t<h4 class=\"elementor-heading-title elementor-size-default\">Divulgaci\u00f3n de datos<\/h4>\t\t\t\t<\/div>\n\t\t\t\t<div class=\"elementor-element elementor-element-5f1a34e elementor-widget elementor-widget-text-editor\" data-id=\"5f1a34e\" data-element_type=\"widget\" data-e-type=\"widget\" data-widget_type=\"text-editor.default\">\n\t\t\t\t\t\t\t\t\t<div class=\"sub-section\">\n<p class=\"p-4\">ChromSword puede revelar sus Datos Personales en la creencia de buena fe de que dicha acci\u00f3n es necesaria para:<\/p>\n<h4 class=\"h-5\">Requisitos legales<\/h4>\n<div class=\"points\">\n<div class=\"point-container\">\n<ul>\n<li class=\"par-2 point-text\">Para cumplir una obligaci\u00f3n legal<\/li>\n<li class=\"par-2 point-text\">Para proteger y defender los derechos o la propiedad de ChromSword<\/li>\n<li class=\"par-2 point-text\">Para prevenir o investigar posibles irregularidades en relaci\u00f3n con el Servicio<\/li>\n<li class=\"par-2 point-text\">Para proteger la seguridad personal de los usuarios del Servicio o del p\u00fablico<\/li>\n<li class=\"par-2 point-text\">Para protegerse de la responsabilidad legal<\/li>\n<\/ul>\n<\/div>\n<\/div>\n<\/div>\t\t\t\t\t\t\t\t<\/div>\n\t\t\t\t<\/div>\n\t\t<div class=\"elementor-element elementor-element-b849f4a e-con-full e-flex e-con e-child\" data-id=\"b849f4a\" data-element_type=\"container\" data-e-type=\"container\">\n\t\t\t\t<div class=\"elementor-element elementor-element-808a891 elementor-widget elementor-widget-heading\" data-id=\"808a891\" data-element_type=\"widget\" data-e-type=\"widget\" data-widget_type=\"heading.default\">\n\t\t\t\t\t<h4 class=\"elementor-heading-title elementor-size-default\">Seguridad de los datos<\/h4>\t\t\t\t<\/div>\n\t\t\t\t<div class=\"elementor-element elementor-element-ab63812 elementor-widget elementor-widget-text-editor\" data-id=\"ab63812\" data-element_type=\"widget\" data-e-type=\"widget\" data-widget_type=\"text-editor.default\">\n\t\t\t\t\t\t\t\t\t<div class=\"sub-section\">\n<p class=\"p-4\">La seguridad de sus datos es importante para nosotros, pero recuerde que ning\u00fan m\u00e9todo de transmisi\u00f3n a trav\u00e9s de Internet, o m\u00e9todo de almacenamiento electr\u00f3nico es 100% seguro. Aunque nos esforzamos por utilizar medios comercialmente aceptables para proteger sus Datos Personales, no podemos garantizar su seguridad absoluta. <\/p>\n<\/div>\t\t\t\t\t\t\t\t<\/div>\n\t\t\t\t<\/div>\n\t\t<div class=\"elementor-element elementor-element-acc091f e-con-full e-flex e-con e-child\" data-id=\"acc091f\" data-element_type=\"container\" data-e-type=\"container\">\n\t\t\t\t<div class=\"elementor-element elementor-element-21e8b8e elementor-widget elementor-widget-heading\" data-id=\"21e8b8e\" data-element_type=\"widget\" data-e-type=\"widget\" data-widget_type=\"heading.default\">\n\t\t\t\t\t<h4 class=\"elementor-heading-title elementor-size-default\">Proveedores de servicios<\/h4>\t\t\t\t<\/div>\n\t\t\t\t<div class=\"elementor-element elementor-element-e8c320c elementor-widget elementor-widget-text-editor\" data-id=\"e8c320c\" data-element_type=\"widget\" data-e-type=\"widget\" data-widget_type=\"text-editor.default\">\n\t\t\t\t\t\t\t\t\t<div class=\"sub-section\">\n<p class=\"p-4\">Podemos emplear a terceras empresas y personas para facilitar nuestro Servicio (\u00abProveedores de Servicios\u00bb), prestar el Servicio en nuestro nombre, realizar servicios relacionados con el Servicio o ayudarnos a analizar c\u00f3mo se utiliza nuestro Servicio.<br><br>Estos terceros tienen acceso a sus Datos Personales \u00fanicamente para realizar estas tareas en nuestro nombre y est\u00e1n obligados a no divulgarlos ni utilizarlos para ning\u00fan otro fin.<\/p>\n<p> <\/p>\n<h4 class=\"h-5\">Anal\u00edtica<\/h4>\n<p class=\"par-2\">Podemos utilizar proveedores de servicios externos para supervisar y analizar el uso de nuestro Servicio.<\/p>\n<div class=\"points\">\n<div class=\"point-container\">\n<ul>\n<li class=\"par-2 point-text bold\">Google Analytics<br><br>Google Analytics es un servicio de an\u00e1lisis web ofrecido por Google que rastrea e informa sobre el tr\u00e1fico del sitio web. Google utiliza los datos recopilados para rastrear y supervisar el uso de nuestro Servicio. Estos datos se comparten con otros servicios de Google. Google puede utilizar los datos recopilados para contextualizar y personalizar los anuncios de su propia red publicitaria.   <br><br>Puede optar por no poner su actividad en el Servicio a disposici\u00f3n de Google Analytics instalando el complemento de inhabilitaci\u00f3n para navegadores de Google Analytics. El complemento impide que el JavaScript de Google Analytics (ga.js, analytics.js y dc.js) comparta informaci\u00f3n con Google Analytics sobre la actividad de las visitas. <br><br>Para obtener m\u00e1s informaci\u00f3n sobre las pr\u00e1cticas de privacidad de Google, visite la p\u00e1gina web de privacidad y condiciones de Google: <a href=\"https:\/\/policies.google.com\/privacy\" target=\"_blank\" rel=\"noopener nofollow\">https:\/\/policies.google.com\/privacy<\/a>.<\/li>\n<\/ul>\n<\/div>\n<\/div>\n<\/div>\t\t\t\t\t\t\t\t<\/div>\n\t\t\t\t<\/div>\n\t\t<div class=\"elementor-element elementor-element-a4e0a5b e-con-full e-flex e-con e-child\" data-id=\"a4e0a5b\" data-element_type=\"container\" data-e-type=\"container\">\n\t\t\t\t<div class=\"elementor-element elementor-element-548070c elementor-widget elementor-widget-heading\" data-id=\"548070c\" data-element_type=\"widget\" data-e-type=\"widget\" data-widget_type=\"heading.default\">\n\t\t\t\t\t<h4 class=\"elementor-heading-title elementor-size-default\">Enlaces a otros sitios<\/h4>\t\t\t\t<\/div>\n\t\t\t\t<div class=\"elementor-element elementor-element-e142022 elementor-widget elementor-widget-text-editor\" data-id=\"e142022\" data-element_type=\"widget\" data-e-type=\"widget\" data-widget_type=\"text-editor.default\">\n\t\t\t\t\t\t\t\t\t<div class=\"sub-section\">\n<p class=\"p-4\">Nuestro Servicio puede contener enlaces a otros sitios que no son operados por nosotros. Si hace clic en un enlace de terceros, ser\u00e1 dirigido al sitio de ese tercero. Le recomendamos encarecidamente que revise la Pol\u00edtica de Privacidad de cada sitio que visite.  <br><br>No tenemos ning\u00fan control ni asumimos ninguna responsabilidad por el contenido, las pol\u00edticas de privacidad o las pr\u00e1cticas de los sitios o servicios de terceros.<\/p>\n<div class=\"points\">\n<div class=\"point-container\"> <\/div>\n<\/div>\n<\/div>\t\t\t\t\t\t\t\t<\/div>\n\t\t\t\t<\/div>\n\t\t<div class=\"elementor-element elementor-element-e18b5f0 e-con-full e-flex e-con e-child\" data-id=\"e18b5f0\" data-element_type=\"container\" data-e-type=\"container\">\n\t\t\t\t<div class=\"elementor-element elementor-element-a404ed8 elementor-widget elementor-widget-heading\" data-id=\"a404ed8\" data-element_type=\"widget\" data-e-type=\"widget\" data-widget_type=\"heading.default\">\n\t\t\t\t\t<h4 class=\"elementor-heading-title elementor-size-default\">Privacidad infantil<\/h4>\t\t\t\t<\/div>\n\t\t\t\t<div class=\"elementor-element elementor-element-c9413b1 elementor-widget elementor-widget-text-editor\" data-id=\"c9413b1\" data-element_type=\"widget\" data-e-type=\"widget\" data-widget_type=\"text-editor.default\">\n\t\t\t\t\t\t\t\t\t<div class=\"sub-section\">\n<p class=\"p-4\">Nuestro Servicio no se dirige a menores de 18 a\u00f1os (\u00abNi\u00f1os\u00bb).<br><br>No recopilamos conscientemente informaci\u00f3n personal identificable de ninguna persona menor de 18 a\u00f1os. Si usted es padre o tutor y tiene conocimiento de que sus hijos nos han proporcionado Datos personales, p\u00f3ngase en contacto con nosotros. Si tenemos conocimiento de que hemos recopilado Datos personales de ni\u00f1os sin verificar el consentimiento paterno, tomamos medidas para eliminar esa informaci\u00f3n de nuestros servidores.  <\/p>\n<\/div>\t\t\t\t\t\t\t\t<\/div>\n\t\t\t\t<\/div>\n\t\t<div class=\"elementor-element elementor-element-1ee43bf e-con-full e-flex e-con e-child\" data-id=\"1ee43bf\" data-element_type=\"container\" data-e-type=\"container\">\n\t\t\t\t<div class=\"elementor-element elementor-element-6d6df0b elementor-widget elementor-widget-heading\" data-id=\"6d6df0b\" data-element_type=\"widget\" data-e-type=\"widget\" data-widget_type=\"heading.default\">\n\t\t\t\t\t<h4 class=\"elementor-heading-title elementor-size-default\">Cambios en esta pol\u00edtica de privacidad<\/h4>\t\t\t\t<\/div>\n\t\t\t\t<div class=\"elementor-element elementor-element-f5a6090 elementor-widget elementor-widget-text-editor\" data-id=\"f5a6090\" data-element_type=\"widget\" data-e-type=\"widget\" data-widget_type=\"text-editor.default\">\n\t\t\t\t\t\t\t\t\t<div class=\"sub-section\">\n<p class=\"p-4\">Podemos actualizar nuestra Pol\u00edtica de Privacidad de vez en cuando. Le notificaremos cualquier cambio publicando la nueva Pol\u00edtica de Privacidad en esta p\u00e1gina. <br><br>Se lo comunicaremos por correo electr\u00f3nico y\/o mediante un aviso destacado en nuestro Servicio, antes de que el cambio entre en vigor y actualizaremos la \u00abfecha de entrada en vigor\u00bb en la parte superior de esta Pol\u00edtica de Privacidad.<br><br>Le aconsejamos que revise peri\u00f3dicamente esta Pol\u00edtica de Privacidad para comprobar si se ha producido alg\u00fan cambio. Los cambios en esta Pol\u00edtica de Privacidad entrar\u00e1n en vigor cuando se publiquen en esta p\u00e1gina. <\/p>\n<\/div>\t\t\t\t\t\t\t\t<\/div>\n\t\t\t\t<\/div>\n\t\t\t\t<\/div>\n\t\t\t\t<\/div>\n\t\t\t\t\t<\/div>\n\t\t\t\t<\/section>\n\t\t\t\t<\/div>\n\t\t","protected":false},"excerpt":{"rendered":"<p>Fecha de entrada en vigor: 04 de julio de 2018 ChromSword (\u00abnosotros\u00bb o \u00abnuestro\u00bb) gestiona el sitio web www.chromsword.com (el \u00abServicio\u00bb). Esta p\u00e1gina le informa de nuestras pol\u00edticas relativas a la recopilaci\u00f3n, uso y divulgaci\u00f3n de datos personales cuando utiliza nuestro Servicio y de las opciones que tiene asociadas a dichos datos. Utilizamos sus datos [&hellip;]<\/p>\n","protected":false},"author":1,"featured_media":0,"parent":0,"menu_order":0,"comment_status":"closed","ping_status":"open","template":"","meta":{"_acf_changed":false,"inline_featured_image":false,"footnotes":""},"class_list":["post-1920","page","type-page","status-publish","hentry"],"acf":[],"_links":{"self":[{"href":"https:\/\/chromsword.com\/es\/wp-json\/wp\/v2\/pages\/1920","targetHints":{"allow":["GET"]}}],"collection":[{"href":"https:\/\/chromsword.com\/es\/wp-json\/wp\/v2\/pages"}],"about":[{"href":"https:\/\/chromsword.com\/es\/wp-json\/wp\/v2\/types\/page"}],"author":[{"embeddable":true,"href":"https:\/\/chromsword.com\/es\/wp-json\/wp\/v2\/users\/1"}],"replies":[{"embeddable":true,"href":"https:\/\/chromsword.com\/es\/wp-json\/wp\/v2\/comments?post=1920"}],"version-history":[{"count":2,"href":"https:\/\/chromsword.com\/es\/wp-json\/wp\/v2\/pages\/1920\/revisions"}],"predecessor-version":[{"id":2030,"href":"https:\/\/chromsword.com\/es\/wp-json\/wp\/v2\/pages\/1920\/revisions\/2030"}],"wp:attachment":[{"href":"https:\/\/chromsword.com\/es\/wp-json\/wp\/v2\/media?parent=1920"}],"curies":[{"name":"wp","href":"https:\/\/api.w.org\/{rel}","templated":true}]}}