{"id":1637,"date":"2024-10-25T14:05:14","date_gmt":"2024-10-25T11:05:14","guid":{"rendered":"https:\/\/chromsword.com\/solicitar-demostracion\/"},"modified":"2025-10-24T11:04:59","modified_gmt":"2025-10-24T08:04:59","slug":"solicitar-demostracion","status":"publish","type":"page","link":"https:\/\/chromsword.com\/es\/solicitar-demostracion\/","title":{"rendered":"Solicitar demostraci\u00f3n"},"content":{"rendered":"\t\t<div data-elementor-type=\"wp-page\" data-elementor-id=\"1637\" class=\"elementor elementor-1637 elementor-419\" data-elementor-post-type=\"page\">\n\t\t\t\t<section class=\"elementor-element elementor-element-9ac8299 e-flex e-con-boxed e-con e-parent\" data-id=\"9ac8299\" data-element_type=\"container\" data-e-type=\"container\" data-settings=\"{&quot;background_background&quot;:&quot;gradient&quot;}\">\n\t\t\t\t\t<div class=\"e-con-inner\">\n\t\t<div class=\"elementor-element elementor-element-28886e7 e-con-full e-flex e-con e-child\" data-id=\"28886e7\" data-element_type=\"container\" data-e-type=\"container\">\n\t\t<div class=\"elementor-element elementor-element-1da74cd e-con-full e-flex e-con e-child\" data-id=\"1da74cd\" data-element_type=\"container\" data-e-type=\"container\">\n\t\t\t\t<div class=\"elementor-element elementor-element-3be5433 elementor-widget elementor-widget-heading\" data-id=\"3be5433\" data-element_type=\"widget\" data-e-type=\"widget\" data-widget_type=\"heading.default\">\n\t\t\t\t\t<h1 class=\"elementor-heading-title elementor-size-default\">Solicitar demostraci\u00f3n<\/h1>\t\t\t\t<\/div>\n\t\t\t\t<div class=\"elementor-element elementor-element-b918367 elementor-widget elementor-widget-text-editor\" data-id=\"b918367\" data-element_type=\"widget\" data-e-type=\"widget\" data-widget_type=\"text-editor.default\">\n\t\t\t\t\t\t\t\t\tComplete el formulario a continuaci\u00f3n y nuestro representante se comunicar\u00e1 con usted.\t\t\t\t\t\t\t\t<\/div>\n\t\t\t\t<div class=\"elementor-element elementor-element-eb7c1e0 elementor-button-align-stretch elementor-widget elementor-widget-form\" data-id=\"eb7c1e0\" data-element_type=\"widget\" data-e-type=\"widget\" data-settings=\"{&quot;button_width&quot;:&quot;50&quot;,&quot;step_next_label&quot;:&quot;Siguiente&quot;,&quot;step_previous_label&quot;:&quot;Anterior&quot;,&quot;step_type&quot;:&quot;none&quot;,&quot;step_icon_shape&quot;:&quot;none&quot;}\" data-widget_type=\"form.default\">\n\t\t\t\t\t\t\t<form class=\"elementor-form\" method=\"post\" id=\"demo_form\" name=\"Formulario de demostraci\u00f3n\" aria-label=\"Formulario de demostraci\u00f3n\">\n\t\t\t<input type=\"hidden\" name=\"post_id\" value=\"1637\"\/>\n\t\t\t<input type=\"hidden\" name=\"form_id\" value=\"eb7c1e0\"\/>\n\t\t\t<input type=\"hidden\" name=\"referer_title\" value=\"\" \/>\n\n\t\t\t\n\t\t\t<div class=\"elementor-form-fields-wrapper elementor-labels-\">\n\t\t\t\t\t\t\t\t<div class=\"elementor-field-type-text elementor-field-group elementor-column elementor-field-group-name elementor-col-33 elementor-field-required\">\n\t\t\t\t\t\t\t\t\t\t\t\t<label for=\"form-field-name\" class=\"elementor-field-label elementor-screen-only\">\n\t\t\t\t\t\t\t\tNombre\t\t\t\t\t\t\t<\/label>\n\t\t\t\t\t\t\t\t\t\t\t\t\t\t<input size=\"1\" type=\"text\" name=\"form_fields[name]\" id=\"form-field-name\" class=\"elementor-field elementor-size-sm  elementor-field-textual\" placeholder=\"Nombre\" required=\"required\">\n\t\t\t\t\t\t\t\t\t\t\t<\/div>\n\t\t\t\t\t\t\t\t<div class=\"elementor-field-type-email elementor-field-group elementor-column elementor-field-group-email elementor-col-33 elementor-field-required\">\n\t\t\t\t\t\t\t\t\t\t\t\t<label for=\"form-field-email\" class=\"elementor-field-label elementor-screen-only\">\n\t\t\t\t\t\t\t\tEmail\t\t\t\t\t\t\t<\/label>\n\t\t\t\t\t\t\t\t\t\t\t\t\t\t<input size=\"1\" type=\"email\" name=\"form_fields[email]\" id=\"form-field-email\" class=\"elementor-field elementor-size-sm  elementor-field-textual\" placeholder=\"Email*\" required=\"required\">\n\t\t\t\t\t\t\t\t\t\t\t<\/div>\n\t\t\t\t\t\t\t\t<div class=\"elementor-field-type-tel elementor-field-group elementor-column elementor-field-group-phone elementor-col-33 elementor-field-required\">\n\t\t\t\t\t\t\t\t\t\t\t\t<label for=\"form-field-phone\" class=\"elementor-field-label elementor-screen-only\">\n\t\t\t\t\t\t\t\tNombre\t\t\t\t\t\t\t<\/label>\n\t\t\t\t\t\t\t\t<input size=\"1\" type=\"tel\" name=\"form_fields[phone]\" id=\"form-field-phone\" class=\"elementor-field elementor-size-sm  elementor-field-textual\" placeholder=\"Nombre\" required=\"required\" pattern=\"[0-9()#&amp;+*-=.]+\" title=\"Solo se aceptan n\u00fameros y caracteres de tel\u00e9fono (#,-,*,etc).\">\n\n\t\t\t\t\t\t<\/div>\n\t\t\t\t\t\t\t\t<div class=\"elementor-field-type-text elementor-field-group elementor-column elementor-field-group-company elementor-col-50 elementor-field-required\">\n\t\t\t\t\t\t\t\t\t\t\t\t<label for=\"form-field-company\" class=\"elementor-field-label elementor-screen-only\">\n\t\t\t\t\t\t\t\tCompa\u00f1\u00eda\t\t\t\t\t\t\t<\/label>\n\t\t\t\t\t\t\t\t\t\t\t\t\t\t<input size=\"1\" type=\"text\" name=\"form_fields[company]\" id=\"form-field-company\" class=\"elementor-field elementor-size-sm  elementor-field-textual\" placeholder=\"Compa\u00f1\u00eda*\" required=\"required\">\n\t\t\t\t\t\t\t\t\t\t\t<\/div>\n\t\t\t\t\t\t\t\t<div class=\"elementor-field-type-text elementor-field-group elementor-column elementor-field-group-country elementor-col-50 elementor-field-required\">\n\t\t\t\t\t\t\t\t\t\t\t\t<label for=\"form-field-country\" class=\"elementor-field-label elementor-screen-only\">\n\t\t\t\t\t\t\t\tPa\u00eds\t\t\t\t\t\t\t<\/label>\n\t\t\t\t\t\t\t\t\t\t\t\t\t\t<input size=\"1\" type=\"text\" name=\"form_fields[country]\" id=\"form-field-country\" class=\"elementor-field elementor-size-sm  elementor-field-textual\" placeholder=\"Pa\u00eds\" required=\"required\">\n\t\t\t\t\t\t\t\t\t\t\t<\/div>\n\t\t\t\t\t\t\t\t<div class=\"elementor-field-type-select elementor-field-group elementor-column elementor-field-group-product elementor-col-100\">\n\t\t\t\t\t\t\t\t\t\t\t\t<label for=\"form-field-product\" class=\"elementor-field-label elementor-screen-only\">\n\t\t\t\t\t\t\t\tProducto\t\t\t\t\t\t\t<\/label>\n\t\t\t\t\t\t\t\t<div class=\"elementor-field elementor-select-wrapper remove-before \">\n\t\t\t<div class=\"select-caret-down-wrapper\">\n\t\t\t\t<svg aria-hidden=\"true\" class=\"e-font-icon-svg e-eicon-caret-down\" viewBox=\"0 0 571.4 571.4\" xmlns=\"http:\/\/www.w3.org\/2000\/svg\"><path d=\"M571 393Q571 407 561 418L311 668Q300 679 286 679T261 668L11 418Q0 407 0 393T11 368 36 357H536Q550 357 561 368T571 393Z\"><\/path><\/svg>\t\t\t<\/div>\n\t\t\t<select name=\"form_fields[product]\" id=\"form-field-product\" class=\"elementor-field-textual elementor-size-sm\">\n\t\t\t\t\t\t\t\t\t<option value=\"\">Seleccione un producto*<\/option>\n\t\t\t\t\t\t\t\t\t<option value=\"Developer\">Developer<\/option>\n\t\t\t\t\t\t\t\t\t<option value=\"AutoRobust\">AutoRobust<\/option>\n\t\t\t\t\t\t\t\t\t<option value=\"Offline\">Offline<\/option>\n\t\t\t\t\t\t\t\t\t<option value=\"ReportViewer\">ReportViewer<\/option>\n\t\t\t\t\t\t\t<\/select>\n\t\t<\/div>\n\t\t\t\t\t\t<\/div>\n\t\t\t\t\t\t\t\t<div class=\"elementor-field-type-text\">\n\t\t\t\t\t<input size=\"1\" type=\"text\" name=\"form_fields[medus]\" id=\"form-field-medus\" class=\"elementor-field elementor-size-sm \" style=\"display:none !important;\">\t\t\t\t<\/div>\n\t\t\t\t\t\t\t\t<div class=\"elementor-field-group elementor-column elementor-field-type-submit elementor-col-50 e-form__buttons\">\n\t\t\t\t\t<button class=\"elementor-button elementor-size-sm\" type=\"submit\">\n\t\t\t\t\t\t<span class=\"elementor-button-content-wrapper\">\n\t\t\t\t\t\t\t\t\t\t\t\t\t\t\t\t\t\t\t\t\t\t<span class=\"elementor-button-text\">Enviar solicitud<\/span>\n\t\t\t\t\t\t\t\t\t\t\t\t\t<\/span>\n\t\t\t\t\t<\/button>\n\t\t\t\t<\/div>\n\t\t\t<\/div>\n\t\t<\/form>\n\t\t\t\t\t\t<\/div>\n\t\t\t\t<\/div>\n\t\t<div class=\"elementor-element elementor-element-7d3a179 e-con-full e-flex e-con e-child\" data-id=\"7d3a179\" data-element_type=\"container\" data-e-type=\"container\">\n\t\t\t\t<div class=\"elementor-element elementor-element-0bf950b elementor-widget elementor-widget-image\" data-id=\"0bf950b\" data-element_type=\"widget\" data-e-type=\"widget\" data-widget_type=\"image.default\">\n\t\t\t\t\t\t\t\t\t\t\t\t\t\t\t<img decoding=\"async\" width=\"803\" height=\"626\" src=\"https:\/\/chromsword.com\/wp-content\/uploads\/2024\/10\/developer-image1.png\" class=\"attachment-full size-full wp-image-1634\" alt=\"Software de desarrollo de m\u00e9todos HPLC\" srcset=\"https:\/\/chromsword.com\/wp-content\/uploads\/2024\/10\/developer-image1.png 803w, https:\/\/chromsword.com\/wp-content\/uploads\/2024\/10\/developer-image1-300x234.png 300w, https:\/\/chromsword.com\/wp-content\/uploads\/2024\/10\/developer-image1-768x599.png 768w\" sizes=\"(max-width: 803px) 100vw, 803px\" title=\"Software de desarrollo de m\u00e9todos HPLC\" \/>\t\t\t\t\t\t\t\t\t\t\t\t\t\t\t<\/div>\n\t\t\t\t<\/div>\n\t\t\t\t<\/div>\n\t\t\t\t\t<\/div>\n\t\t\t\t<\/section>\n\t\t\t\t<\/div>\n\t\t","protected":false},"excerpt":{"rendered":"<p>Solicitar demostraci\u00f3n Complete el formulario a continuaci\u00f3n y nuestro representante se comunicar\u00e1 con usted.<\/p>\n","protected":false},"author":1,"featured_media":0,"parent":0,"menu_order":0,"comment_status":"closed","ping_status":"closed","template":"","meta":{"_acf_changed":false,"inline_featured_image":false,"footnotes":""},"class_list":["post-1637","page","type-page","status-publish","hentry"],"acf":[],"_links":{"self":[{"href":"https:\/\/chromsword.com\/es\/wp-json\/wp\/v2\/pages\/1637","targetHints":{"allow":["GET"]}}],"collection":[{"href":"https:\/\/chromsword.com\/es\/wp-json\/wp\/v2\/pages"}],"about":[{"href":"https:\/\/chromsword.com\/es\/wp-json\/wp\/v2\/types\/page"}],"author":[{"embeddable":true,"href":"https:\/\/chromsword.com\/es\/wp-json\/wp\/v2\/users\/1"}],"replies":[{"embeddable":true,"href":"https:\/\/chromsword.com\/es\/wp-json\/wp\/v2\/comments?post=1637"}],"version-history":[{"count":2,"href":"https:\/\/chromsword.com\/es\/wp-json\/wp\/v2\/pages\/1637\/revisions"}],"predecessor-version":[{"id":2042,"href":"https:\/\/chromsword.com\/es\/wp-json\/wp\/v2\/pages\/1637\/revisions\/2042"}],"wp:attachment":[{"href":"https:\/\/chromsword.com\/es\/wp-json\/wp\/v2\/media?parent=1637"}],"curies":[{"name":"wp","href":"https:\/\/api.w.org\/{rel}","templated":true}]}}