{"id":1635,"date":"2024-10-31T13:33:30","date_gmt":"2024-10-31T11:33:30","guid":{"rendered":"https:\/\/chromsword.com\/exito\/"},"modified":"2025-10-23T11:54:26","modified_gmt":"2025-10-23T08:54:26","slug":"exito","status":"publish","type":"page","link":"https:\/\/chromsword.com\/es\/solicitar-demostracion\/exito\/","title":{"rendered":"\u00c9xito"},"content":{"rendered":"\t\t<div data-elementor-type=\"wp-page\" data-elementor-id=\"1635\" class=\"elementor elementor-1635 elementor-614\" data-elementor-post-type=\"page\">\n\t\t\t\t<section class=\"elementor-element elementor-element-b4654ad e-flex e-con-boxed e-con e-parent\" data-id=\"b4654ad\" data-element_type=\"container\" data-e-type=\"container\" data-settings=\"{&quot;background_background&quot;:&quot;gradient&quot;}\">\n\t\t\t\t\t<div class=\"e-con-inner\">\n\t\t<div class=\"elementor-element elementor-element-2fe3d0e e-con-full e-flex e-con e-child\" data-id=\"2fe3d0e\" data-element_type=\"container\" data-e-type=\"container\">\n\t\t<div class=\"elementor-element elementor-element-633de1f e-con-full e-flex e-con e-child\" data-id=\"633de1f\" data-element_type=\"container\" data-e-type=\"container\">\n\t\t<div class=\"elementor-element elementor-element-70d46a1 e-con-full e-flex e-con e-child\" data-id=\"70d46a1\" data-element_type=\"container\" data-e-type=\"container\">\n\t\t\t\t<div class=\"elementor-element elementor-element-025f425 elementor-widget elementor-widget-heading\" data-id=\"025f425\" data-element_type=\"widget\" data-e-type=\"widget\" data-widget_type=\"heading.default\">\n\t\t\t\t\t<h1 class=\"elementor-heading-title elementor-size-default\">\u00a1Solicitud enviada con \u00e9xito!<\/h1>\t\t\t\t<\/div>\n\t\t\t\t<div class=\"elementor-element elementor-element-c0f1116 elementor-widget elementor-widget-text-editor\" data-id=\"c0f1116\" data-element_type=\"widget\" data-e-type=\"widget\" data-widget_type=\"text-editor.default\">\n\t\t\t\t\t\t\t\t\t<p>Gracias por solicitar una demostraci\u00f3n. En breve nos pondremos en contacto con usted. <\/p>\t\t\t\t\t\t\t\t<\/div>\n\t\t\t\t<div class=\"elementor-element elementor-element-8c076f2 elementor-tablet-align-center elementor-widget elementor-widget-button\" data-id=\"8c076f2\" data-element_type=\"widget\" data-e-type=\"widget\" data-widget_type=\"button.default\">\n\t\t\t\t\t\t\t\t\t\t<a class=\"elementor-button elementor-button-link elementor-size-sm\" href=\"https:\/\/chromsword.com\/es\/\">\n\t\t\t\t\t\t<span class=\"elementor-button-content-wrapper\">\n\t\t\t\t\t\t\t\t\t<span class=\"elementor-button-text\">Volver a casa<\/span>\n\t\t\t\t\t<\/span>\n\t\t\t\t\t<\/a>\n\t\t\t\t\t\t\t\t<\/div>\n\t\t\t\t<\/div>\n\t\t<div class=\"elementor-element elementor-element-4b69f02 e-con-full e-flex e-con e-child\" data-id=\"4b69f02\" data-element_type=\"container\" data-e-type=\"container\">\n\t\t\t\t<div class=\"elementor-element elementor-element-51c8b7b elementor-widget elementor-widget-text-editor\" data-id=\"51c8b7b\" data-element_type=\"widget\" data-e-type=\"widget\" data-widget_type=\"text-editor.default\">\n\t\t\t\t\t\t\t\t\t<p>Mant\u00e9ngase en contacto con nosotros a trav\u00e9s de LinkedIn.<\/p>\t\t\t\t\t\t\t\t<\/div>\n\t\t\t\t<div class=\"elementor-element elementor-element-c86178b elementor-tablet-align-center elementor-widget elementor-widget-button\" data-id=\"c86178b\" data-element_type=\"widget\" data-e-type=\"widget\" data-widget_type=\"button.default\">\n\t\t\t\t\t\t\t\t\t\t<a class=\"elementor-button elementor-button-link elementor-size-sm\" href=\"https:\/\/www.linkedin.com\/company\/chromsword\" target=\"_blank\" rel=\"nofollow noopener\">\n\t\t\t\t\t\t<span class=\"elementor-button-content-wrapper\">\n\t\t\t\t\t\t\t\t\t<span class=\"elementor-button-text\">\u00danase a LinkedIn<\/span>\n\t\t\t\t\t<\/span>\n\t\t\t\t\t<\/a>\n\t\t\t\t\t\t\t\t<\/div>\n\t\t\t\t<\/div>\n\t\t\t\t<\/div>\n\t\t<div class=\"elementor-element elementor-element-c3a97fc e-con-full e-flex e-con e-child\" data-id=\"c3a97fc\" data-element_type=\"container\" data-e-type=\"container\">\n\t\t\t\t<div class=\"elementor-element elementor-element-ecab217 elementor-widget elementor-widget-image\" data-id=\"ecab217\" data-element_type=\"widget\" data-e-type=\"widget\" data-widget_type=\"image.default\">\n\t\t\t\t\t\t\t\t\t\t\t\t\t\t\t<img decoding=\"async\" width=\"803\" height=\"626\" src=\"https:\/\/chromsword.com\/wp-content\/uploads\/2024\/10\/developer-image1.png\" class=\"attachment-full size-full wp-image-1634\" alt=\"Software de desarrollo de m\u00e9todos HPLC\" srcset=\"https:\/\/chromsword.com\/wp-content\/uploads\/2024\/10\/developer-image1.png 803w, https:\/\/chromsword.com\/wp-content\/uploads\/2024\/10\/developer-image1-300x234.png 300w, https:\/\/chromsword.com\/wp-content\/uploads\/2024\/10\/developer-image1-768x599.png 768w\" sizes=\"(max-width: 803px) 100vw, 803px\" title=\"Software de desarrollo de m\u00e9todos HPLC\" \/>\t\t\t\t\t\t\t\t\t\t\t\t\t\t\t<\/div>\n\t\t\t\t<\/div>\n\t\t\t\t<\/div>\n\t\t\t\t\t<\/div>\n\t\t\t\t<\/section>\n\t\t\t\t<\/div>\n\t\t","protected":false},"excerpt":{"rendered":"<p>\u00a1Solicitud enviada con \u00e9xito! Gracias por solicitar una demostraci\u00f3n. En breve nos pondremos en contacto con usted. Volver a casa Mant\u00e9ngase en contacto con nosotros a trav\u00e9s de LinkedIn. \u00danase a LinkedIn<\/p>\n","protected":false},"author":1,"featured_media":0,"parent":1637,"menu_order":0,"comment_status":"closed","ping_status":"closed","template":"","meta":{"_acf_changed":false,"inline_featured_image":false,"footnotes":""},"class_list":["post-1635","page","type-page","status-publish","hentry"],"acf":[],"_links":{"self":[{"href":"https:\/\/chromsword.com\/es\/wp-json\/wp\/v2\/pages\/1635","targetHints":{"allow":["GET"]}}],"collection":[{"href":"https:\/\/chromsword.com\/es\/wp-json\/wp\/v2\/pages"}],"about":[{"href":"https:\/\/chromsword.com\/es\/wp-json\/wp\/v2\/types\/page"}],"author":[{"embeddable":true,"href":"https:\/\/chromsword.com\/es\/wp-json\/wp\/v2\/users\/1"}],"replies":[{"embeddable":true,"href":"https:\/\/chromsword.com\/es\/wp-json\/wp\/v2\/comments?post=1635"}],"version-history":[{"count":0,"href":"https:\/\/chromsword.com\/es\/wp-json\/wp\/v2\/pages\/1635\/revisions"}],"up":[{"embeddable":true,"href":"https:\/\/chromsword.com\/es\/wp-json\/wp\/v2\/pages\/1637"}],"wp:attachment":[{"href":"https:\/\/chromsword.com\/es\/wp-json\/wp\/v2\/media?parent=1635"}],"curies":[{"name":"wp","href":"https:\/\/api.w.org\/{rel}","templated":true}]}}