{"id":1632,"date":"2024-10-23T14:40:24","date_gmt":"2024-10-23T11:40:24","guid":{"rendered":"https:\/\/chromsword.com\/productos\/"},"modified":"2026-03-06T13:26:47","modified_gmt":"2026-03-06T11:26:47","slug":"productos","status":"publish","type":"page","link":"https:\/\/chromsword.com\/es\/productos\/","title":{"rendered":"Productos"},"content":{"rendered":"\t\t<div data-elementor-type=\"wp-page\" data-elementor-id=\"1632\" class=\"elementor elementor-1632 elementor-14\" data-elementor-post-type=\"page\">\n\t\t\t\t<section class=\"elementor-element elementor-element-0ae4cee e-flex e-con-boxed e-con e-parent\" data-id=\"0ae4cee\" data-element_type=\"container\" data-e-type=\"container\" data-settings=\"{&quot;background_background&quot;:&quot;gradient&quot;}\">\n\t\t\t\t\t<div class=\"e-con-inner\">\n\t\t<div class=\"elementor-element elementor-element-23e9fa9 e-con-full e-flex e-con e-child\" data-id=\"23e9fa9\" data-element_type=\"container\" data-e-type=\"container\">\n\t\t<div class=\"elementor-element elementor-element-9b350c3 e-con-full e-flex e-con e-child\" data-id=\"9b350c3\" data-element_type=\"container\" data-e-type=\"container\">\n\t\t\t\t<div class=\"elementor-element elementor-element-a6b0d4f elementor-widget elementor-widget-heading\" data-id=\"a6b0d4f\" data-element_type=\"widget\" data-e-type=\"widget\" data-widget_type=\"heading.default\">\n\t\t\t\t\t<h2 class=\"elementor-heading-title elementor-size-default\">Productos de software de desarrollo de m\u00e9todos de HPLC<\/h2>\t\t\t\t<\/div>\n\t\t\t\t<div class=\"elementor-element elementor-element-f0e3ef7 elementor-widget elementor-widget-heading\" data-id=\"f0e3ef7\" data-element_type=\"widget\" data-e-type=\"widget\" data-widget_type=\"heading.default\">\n\t\t\t\t\t<h5 class=\"elementor-heading-title elementor-size-default\">Productos de software de desarrollo automatizado de m\u00e9todos HPLC para agilizar y optimizar tus flujos de trabajo anal\u00edticos.<\/h5>\t\t\t\t<\/div>\n\t\t\t\t<\/div>\n\t\t<div class=\"elementor-element elementor-element-330bfc8 e-con-full e-grid e-con e-child\" data-id=\"330bfc8\" data-element_type=\"container\" data-e-type=\"container\">\n\t\t<div class=\"elementor-element elementor-element-619e2fa e-con-full e-flex e-con e-child\" data-id=\"619e2fa\" data-element_type=\"container\" data-e-type=\"container\">\n\t\t\t\t<div class=\"elementor-element elementor-element-189dc29 elementor-widget elementor-widget-image\" data-id=\"189dc29\" data-element_type=\"widget\" data-e-type=\"widget\" data-widget_type=\"image.default\">\n\t\t\t\t\t\t\t\t\t\t\t\t\t\t\t<img decoding=\"async\" width=\"93\" height=\"93\" src=\"https:\/\/chromsword.com\/wp-content\/uploads\/2024\/10\/develop-hand.png\" class=\"attachment-medium size-medium wp-image-1614\" alt=\"Developer\" title=\"Developer\" \/>\t\t\t\t\t\t\t\t\t\t\t\t\t\t\t<\/div>\n\t\t\t\t<div class=\"elementor-element elementor-element-f73e4f1 elementor-widget elementor-widget-heading\" data-id=\"f73e4f1\" data-element_type=\"widget\" data-e-type=\"widget\" data-widget_type=\"heading.default\">\n\t\t\t\t\t<h3 class=\"elementor-heading-title elementor-size-default\">Developer<\/h3>\t\t\t\t<\/div>\n\t\t\t\t<div class=\"elementor-element elementor-element-87e60cd elementor-widget elementor-widget-text-editor\" data-id=\"87e60cd\" data-element_type=\"widget\" data-e-type=\"widget\" data-widget_type=\"text-editor.default\">\n\t\t\t\t\t\t\t\t\tSoftware de desarrollo que utiliza la automatizaci\u00f3n, en el que el sistema ajusta las condiciones bas\u00e1ndose en datos recogidos previamente.\t\t\t\t\t\t\t\t<\/div>\n\t\t\t\t<div class=\"elementor-element elementor-element-531a324 elementor-mobile-align-center elementor-widget elementor-widget-button\" data-id=\"531a324\" data-element_type=\"widget\" data-e-type=\"widget\" title=\"Learn more about &quot;Developer&quot;\" data-widget_type=\"button.default\">\n\t\t\t\t\t\t\t\t\t\t<a class=\"elementor-button elementor-button-link elementor-size-sm\" href=\"https:\/\/chromsword.com\/es\/productos\/developer\/\" id=\"developer-button\">\n\t\t\t\t\t\t<span class=\"elementor-button-content-wrapper\">\n\t\t\t\t\t\t\t\t\t<span class=\"elementor-button-text\">Aprende m\u00e1s &gt;<\/span>\n\t\t\t\t\t<\/span>\n\t\t\t\t\t<\/a>\n\t\t\t\t\t\t\t\t<\/div>\n\t\t\t\t<\/div>\n\t\t<div class=\"elementor-element elementor-element-8b3552b e-con-full e-flex e-con e-child\" data-id=\"8b3552b\" data-element_type=\"container\" data-e-type=\"container\">\n\t\t\t\t<div class=\"elementor-element elementor-element-fcad9a4 elementor-widget elementor-widget-image\" data-id=\"fcad9a4\" data-element_type=\"widget\" data-e-type=\"widget\" data-widget_type=\"image.default\">\n\t\t\t\t\t\t\t\t\t\t\t\t\t\t\t<img decoding=\"async\" width=\"93\" height=\"93\" src=\"https:\/\/chromsword.com\/wp-content\/uploads\/2024\/10\/icon-autorobust.png\" class=\"attachment-medium size-medium wp-image-1617\" alt=\"AutoRobust\" title=\"AutoRobust\" \/>\t\t\t\t\t\t\t\t\t\t\t\t\t\t\t<\/div>\n\t\t\t\t<div class=\"elementor-element elementor-element-8a4651f elementor-widget elementor-widget-heading\" data-id=\"8a4651f\" data-element_type=\"widget\" data-e-type=\"widget\" data-widget_type=\"heading.default\">\n\t\t\t\t\t<h3 class=\"elementor-heading-title elementor-size-default\">AutoRobust<\/h3>\t\t\t\t<\/div>\n\t\t\t\t<div class=\"elementor-element elementor-element-9c9937d elementor-widget elementor-widget-text-editor\" data-id=\"9c9937d\" data-element_type=\"widget\" data-e-type=\"widget\" data-widget_type=\"text-editor.default\">\n\t\t\t\t\t\t\t\t\tEvaluaci\u00f3n autom\u00e1tica de la robustez de los m\u00e9todos HPLC. El sistema proporciona un enfoque DoE que conduce al espacio de dise\u00f1o y la capacidad de describir MODR, y mejorar los m\u00e9todos existentes. \t\t\t\t\t\t\t\t<\/div>\n\t\t\t\t<div class=\"elementor-element elementor-element-c6d5f7a elementor-mobile-align-center elementor-widget elementor-widget-button\" data-id=\"c6d5f7a\" data-element_type=\"widget\" data-e-type=\"widget\" title=\"Learn more about &quot;AutoRobust&quot;\" data-widget_type=\"button.default\">\n\t\t\t\t\t\t\t\t\t\t<a class=\"elementor-button elementor-button-link elementor-size-sm\" href=\"https:\/\/chromsword.com\/es\/productos\/autorobust\/\" id=\"autorobust-button\">\n\t\t\t\t\t\t<span class=\"elementor-button-content-wrapper\">\n\t\t\t\t\t\t\t\t\t<span class=\"elementor-button-text\">Aprende m\u00e1s &gt;<\/span>\n\t\t\t\t\t<\/span>\n\t\t\t\t\t<\/a>\n\t\t\t\t\t\t\t\t<\/div>\n\t\t\t\t<\/div>\n\t\t<div class=\"elementor-element elementor-element-0cce56a e-con-full e-flex e-con e-child\" data-id=\"0cce56a\" data-element_type=\"container\" data-e-type=\"container\">\n\t\t\t\t<div class=\"elementor-element elementor-element-5de42f2 elementor-widget elementor-widget-image\" data-id=\"5de42f2\" data-element_type=\"widget\" data-e-type=\"widget\" data-widget_type=\"image.default\">\n\t\t\t\t\t\t\t\t\t\t\t\t\t\t\t<img decoding=\"async\" width=\"93\" height=\"93\" src=\"https:\/\/chromsword.com\/wp-content\/uploads\/2024\/10\/icon-reportviewer.png\" class=\"attachment-medium size-medium wp-image-1618\" alt=\"ReportViewer\" title=\"ReportViewer\" \/>\t\t\t\t\t\t\t\t\t\t\t\t\t\t\t<\/div>\n\t\t\t\t<div class=\"elementor-element elementor-element-47e1442 elementor-widget elementor-widget-heading\" data-id=\"47e1442\" data-element_type=\"widget\" data-e-type=\"widget\" data-widget_type=\"heading.default\">\n\t\t\t\t\t<h3 class=\"elementor-heading-title elementor-size-default\">ReportViewer<\/h3>\t\t\t\t<\/div>\n\t\t\t\t<div class=\"elementor-element elementor-element-749874d elementor-widget elementor-widget-text-editor\" data-id=\"749874d\" data-element_type=\"widget\" data-e-type=\"widget\" data-widget_type=\"text-editor.default\">\n\t\t\t\t\t\t\t\t\tLa herramienta para navegar r\u00e1pidamente por los resultados del desarrollo de m\u00e9todos: examinar m\u00e9todos y cromatogramas, integrar, rastrear picos y generar informes.\t\t\t\t\t\t\t\t<\/div>\n\t\t\t\t<div class=\"elementor-element elementor-element-0560746 elementor-mobile-align-center elementor-widget elementor-widget-button\" data-id=\"0560746\" data-element_type=\"widget\" data-e-type=\"widget\" title=\"Learn more about &quot;ReportViewer&quot;\" data-widget_type=\"button.default\">\n\t\t\t\t\t\t\t\t\t\t<a class=\"elementor-button elementor-button-link elementor-size-sm\" href=\"https:\/\/chromsword.com\/es\/productos\/reportviewer\/\" id=\"reportviewer-button\">\n\t\t\t\t\t\t<span class=\"elementor-button-content-wrapper\">\n\t\t\t\t\t\t\t\t\t<span class=\"elementor-button-text\">Aprende m\u00e1s &gt;<\/span>\n\t\t\t\t\t<\/span>\n\t\t\t\t\t<\/a>\n\t\t\t\t\t\t\t\t<\/div>\n\t\t\t\t<\/div>\n\t\t<div class=\"elementor-element elementor-element-6013aa2 e-con-full e-flex e-con e-child\" data-id=\"6013aa2\" data-element_type=\"container\" data-e-type=\"container\">\n\t\t\t\t<div class=\"elementor-element elementor-element-dbfead7 elementor-widget elementor-widget-image\" data-id=\"dbfead7\" data-element_type=\"widget\" data-e-type=\"widget\" data-widget_type=\"image.default\">\n\t\t\t\t\t\t\t\t\t\t\t\t\t\t\t<img decoding=\"async\" width=\"93\" height=\"93\" src=\"https:\/\/chromsword.com\/wp-content\/uploads\/2024\/10\/icon-offline.png\" class=\"attachment-medium size-medium wp-image-1621\" alt=\"Offline\" title=\"Offline\" \/>\t\t\t\t\t\t\t\t\t\t\t\t\t\t\t<\/div>\n\t\t\t\t<div class=\"elementor-element elementor-element-0ed03b6 elementor-widget elementor-widget-heading\" data-id=\"0ed03b6\" data-element_type=\"widget\" data-e-type=\"widget\" data-widget_type=\"heading.default\">\n\t\t\t\t\t<h3 class=\"elementor-heading-title elementor-size-default\">Offline<\/h3>\t\t\t\t<\/div>\n\t\t\t\t<div class=\"elementor-element elementor-element-64e9bb6 elementor-widget elementor-widget-text-editor\" data-id=\"64e9bb6\" data-element_type=\"widget\" data-e-type=\"widget\" data-widget_type=\"text-editor.default\">\n\t\t\t\t\t\t\t\t\tUn software potente y flexible para el desarrollo de m\u00e9todos HPLC asistidos por ordenador que permite construir modelos de retenci\u00f3n y simular separaciones de picos.\t\t\t\t\t\t\t\t<\/div>\n\t\t\t\t<div class=\"elementor-element elementor-element-d2ff277 elementor-mobile-align-center elementor-widget elementor-widget-button\" data-id=\"d2ff277\" data-element_type=\"widget\" data-e-type=\"widget\" title=\"Learn more about &quot;Offline&quot;\" data-widget_type=\"button.default\">\n\t\t\t\t\t\t\t\t\t\t<a class=\"elementor-button elementor-button-link elementor-size-sm\" href=\"https:\/\/chromsword.com\/es\/productos\/offline\/\" id=\"offline-button\">\n\t\t\t\t\t\t<span class=\"elementor-button-content-wrapper\">\n\t\t\t\t\t\t\t\t\t<span class=\"elementor-button-text\">Aprende m\u00e1s &gt;<\/span>\n\t\t\t\t\t<\/span>\n\t\t\t\t\t<\/a>\n\t\t\t\t\t\t\t\t<\/div>\n\t\t\t\t<\/div>\n\t\t<div class=\"elementor-element elementor-element-22c1fd2 e-con-full e-flex e-con e-child\" data-id=\"22c1fd2\" data-element_type=\"container\" data-e-type=\"container\">\n\t\t\t\t<div class=\"elementor-element elementor-element-c1f0666 elementor-widget elementor-widget-image\" data-id=\"c1f0666\" data-element_type=\"widget\" data-e-type=\"widget\" data-widget_type=\"image.default\">\n\t\t\t\t\t\t\t\t\t\t\t\t\t\t\t<img decoding=\"async\" width=\"93\" height=\"93\" src=\"https:\/\/chromsword.com\/wp-content\/uploads\/2024\/10\/icon-autorobust.png\" class=\"attachment-medium size-medium wp-image-1617\" alt=\"AutoRobust\" title=\"AutoRobust\" \/>\t\t\t\t\t\t\t\t\t\t\t\t\t\t\t<\/div>\n\t\t\t\t<div class=\"elementor-element elementor-element-b710e0a elementor-widget elementor-widget-heading\" data-id=\"b710e0a\" data-element_type=\"widget\" data-e-type=\"widget\" data-widget_type=\"heading.default\">\n\t\t\t\t\t<h3 class=\"elementor-heading-title elementor-size-default\">DataSystem<\/h3>\t\t\t\t<\/div>\n\t\t\t\t<div class=\"elementor-element elementor-element-4cb84a7 elementor-widget elementor-widget-text-editor\" data-id=\"4cb84a7\" data-element_type=\"widget\" data-e-type=\"widget\" data-widget_type=\"text-editor.default\">\n\t\t\t\t\t\t\t\t\tSistema de datos cromatogr\u00e1ficos para el control de instrumentos, el an\u00e1lisis de datos y la elaboraci\u00f3n de informes.\t\t\t\t\t\t\t\t<\/div>\n\t\t\t\t<div class=\"elementor-element elementor-element-73f2651 elementor-mobile-align-center elementor-widget elementor-widget-button\" data-id=\"73f2651\" data-element_type=\"widget\" data-e-type=\"widget\" title=\"Learn more about &quot;DataSystem&quot;\" data-widget_type=\"button.default\">\n\t\t\t\t\t\t\t\t\t\t<a class=\"elementor-button elementor-button-link elementor-size-sm\" href=\"https:\/\/chromsword.com\/es\/productos\/datasystem\/\" id=\"datasystem-button\">\n\t\t\t\t\t\t<span class=\"elementor-button-content-wrapper\">\n\t\t\t\t\t\t\t\t\t<span class=\"elementor-button-text\">Aprende m\u00e1s &gt;<\/span>\n\t\t\t\t\t<\/span>\n\t\t\t\t\t<\/a>\n\t\t\t\t\t\t\t\t<\/div>\n\t\t\t\t<\/div>\n\t\t<div class=\"elementor-element elementor-element-48450ee e-con-full e-flex e-con e-child\" data-id=\"48450ee\" data-element_type=\"container\" data-e-type=\"container\">\n\t\t\t\t<div class=\"elementor-element elementor-element-3280961 elementor-widget elementor-widget-image\" data-id=\"3280961\" data-element_type=\"widget\" data-e-type=\"widget\" data-widget_type=\"image.default\">\n\t\t\t\t\t\t\t\t\t\t\t\t\t\t\t<img decoding=\"async\" width=\"93\" height=\"93\" src=\"https:\/\/chromsword.com\/wp-content\/uploads\/2024\/10\/icon-scout.png\" class=\"attachment-medium size-medium wp-image-1625\" alt=\"Scout\" title=\"Scout\" \/>\t\t\t\t\t\t\t\t\t\t\t\t\t\t\t<\/div>\n\t\t\t\t<div class=\"elementor-element elementor-element-99c08dc elementor-widget elementor-widget-heading\" data-id=\"99c08dc\" data-element_type=\"widget\" data-e-type=\"widget\" data-widget_type=\"heading.default\">\n\t\t\t\t\t<h3 class=\"elementor-heading-title elementor-size-default\">Scout<\/h3>\t\t\t\t<\/div>\n\t\t\t\t<div class=\"elementor-element elementor-element-20d9031 elementor-widget elementor-widget-text-editor\" data-id=\"20d9031\" data-element_type=\"widget\" data-e-type=\"widget\" data-widget_type=\"text-editor.default\">\n\t\t\t\t\t\t\t\t\tUn sistema innovador que permite establecer recorridos de exploraci\u00f3n r\u00e1pidamente y crear DoE\t\t\t\t\t\t\t\t<\/div>\n\t\t\t\t<div class=\"elementor-element elementor-element-96e9825 elementor-mobile-align-center elementor-widget elementor-widget-button\" data-id=\"96e9825\" data-element_type=\"widget\" data-e-type=\"widget\" title=\"Learn more about &quot;Scout&quot;\" data-widget_type=\"button.default\">\n\t\t\t\t\t\t\t\t\t\t<a class=\"elementor-button elementor-button-link elementor-size-sm\" href=\"https:\/\/chromsword.com\/es\/productos\/scout\/\" id=\"scout-button\">\n\t\t\t\t\t\t<span class=\"elementor-button-content-wrapper\">\n\t\t\t\t\t\t\t\t\t<span class=\"elementor-button-text\">Aprende m\u00e1s &gt;<\/span>\n\t\t\t\t\t<\/span>\n\t\t\t\t\t<\/a>\n\t\t\t\t\t\t\t\t<\/div>\n\t\t\t\t<\/div>\n\t\t\t\t<\/div>\n\t\t\t\t<\/div>\n\t\t\t\t\t<\/div>\n\t\t\t\t<\/section>\n\t\t\t\t<\/div>\n\t\t","protected":false},"excerpt":{"rendered":"<p>Productos de software de desarrollo de m\u00e9todos de HPLC Productos de software de desarrollo automatizado de m\u00e9todos HPLC para agilizar y optimizar tus flujos de trabajo anal\u00edticos. Developer Software de desarrollo que utiliza la automatizaci\u00f3n, en el que el sistema ajusta las condiciones bas\u00e1ndose en datos recogidos previamente. Aprende m\u00e1s &gt; AutoRobust Evaluaci\u00f3n autom\u00e1tica de [&hellip;]<\/p>\n","protected":false},"author":1,"featured_media":0,"parent":0,"menu_order":0,"comment_status":"closed","ping_status":"closed","template":"","meta":{"_acf_changed":false,"inline_featured_image":false,"footnotes":""},"class_list":["post-1632","page","type-page","status-publish","hentry"],"acf":[],"_links":{"self":[{"href":"https:\/\/chromsword.com\/es\/wp-json\/wp\/v2\/pages\/1632","targetHints":{"allow":["GET"]}}],"collection":[{"href":"https:\/\/chromsword.com\/es\/wp-json\/wp\/v2\/pages"}],"about":[{"href":"https:\/\/chromsword.com\/es\/wp-json\/wp\/v2\/types\/page"}],"author":[{"embeddable":true,"href":"https:\/\/chromsword.com\/es\/wp-json\/wp\/v2\/users\/1"}],"replies":[{"embeddable":true,"href":"https:\/\/chromsword.com\/es\/wp-json\/wp\/v2\/comments?post=1632"}],"version-history":[{"count":11,"href":"https:\/\/chromsword.com\/es\/wp-json\/wp\/v2\/pages\/1632\/revisions"}],"predecessor-version":[{"id":2929,"href":"https:\/\/chromsword.com\/es\/wp-json\/wp\/v2\/pages\/1632\/revisions\/2929"}],"wp:attachment":[{"href":"https:\/\/chromsword.com\/es\/wp-json\/wp\/v2\/media?parent=1632"}],"curies":[{"name":"wp","href":"https:\/\/api.w.org\/{rel}","templated":true}]}}