{"id":1609,"date":"2024-10-23T14:40:29","date_gmt":"2024-10-23T11:40:29","guid":{"rendered":"https:\/\/chromsword.com\/quienes-somos\/"},"modified":"2025-11-11T14:23:03","modified_gmt":"2025-11-11T12:23:03","slug":"quienes-somos","status":"publish","type":"page","link":"https:\/\/chromsword.com\/es\/quienes-somos\/","title":{"rendered":"Qui\u00e9nes somos"},"content":{"rendered":"\t\t<div data-elementor-type=\"wp-page\" data-elementor-id=\"1609\" class=\"elementor elementor-1609 elementor-16\" data-elementor-post-type=\"page\">\n\t\t\t\t<section class=\"elementor-element elementor-element-99db3ff e-flex e-con-boxed e-con e-parent\" data-id=\"99db3ff\" data-element_type=\"container\" data-e-type=\"container\" data-settings=\"{&quot;background_background&quot;:&quot;gradient&quot;}\">\n\t\t\t\t\t<div class=\"e-con-inner\">\n\t\t<div class=\"elementor-element elementor-element-1f886b5 e-con-full e-flex e-con e-child\" data-id=\"1f886b5\" data-element_type=\"container\" data-e-type=\"container\">\n\t\t<div class=\"elementor-element elementor-element-27efb14 e-con-full e-flex e-con e-child\" data-id=\"27efb14\" data-element_type=\"container\" data-e-type=\"container\">\n\t\t\t\t<div class=\"elementor-element elementor-element-8a4af7f elementor-widget elementor-widget-heading\" data-id=\"8a4af7f\" data-element_type=\"widget\" data-e-type=\"widget\" data-widget_type=\"heading.default\">\n\t\t\t\t\t<h1 class=\"elementor-heading-title elementor-size-default\">Qui\u00e9nes somos<\/h1>\t\t\t\t<\/div>\n\t\t\t\t<div class=\"elementor-element elementor-element-ed6b6e6 elementor-widget elementor-widget-text-editor\" data-id=\"ed6b6e6\" data-element_type=\"widget\" data-e-type=\"widget\" data-widget_type=\"text-editor.default\">\n\t\t\t\t\t\t\t\t\t<p>Llevamos m\u00e1s de 30 a\u00f1os desarrollando productos de software innovadores para apoyar el desarrollo de m\u00e9todos en cromatograf\u00eda l\u00edquida.<br><br>En ChromSword nos motiva c\u00f3mo nuestros clientes utilizan nuestro software para encontrar soluciones a problemas de separaci\u00f3n y mantenerse conectados con lo que es m\u00e1s importante para ellos.<br><br>ChromSword ocupa posiciones de liderazgo en la automatizaci\u00f3n del desarrollo de m\u00e9todos. Nuestro software inteligente se utiliza en los mayores laboratorios farmac\u00e9uticos del mundo. El equipo de ChromSword est\u00e1 formado por un grupo de especialistas en HPLC y TI altamente cualificados que transfieren sus conocimientos en un potente software de desarrollo y validaci\u00f3n de m\u00e9todos.  <br><br>La misi\u00f3n de ChromSword es ofrecer un flujo de trabajo de desarrollo de m\u00e9todos HPLC totalmente integrado y automatizado de acuerdo con las tendencias del sector y los requisitos normativos.<\/p>\t\t\t\t\t\t\t\t<\/div>\n\t\t\t\t<\/div>\n\t\t<div class=\"elementor-element elementor-element-44ef9a0 e-con-full e-flex e-con e-child\" data-id=\"44ef9a0\" data-element_type=\"container\" data-e-type=\"container\">\n\t\t\t\t<div class=\"elementor-element elementor-element-0d5115c elementor-widget elementor-widget-image\" data-id=\"0d5115c\" data-element_type=\"widget\" data-e-type=\"widget\" data-widget_type=\"image.default\">\n\t\t\t\t\t\t\t\t\t\t\t\t\t\t\t<img decoding=\"async\" width=\"628\" height=\"725\" src=\"https:\/\/chromsword.com\/wp-content\/uploads\/2024\/10\/about-1.png\" class=\"attachment-full size-full wp-image-1603\" alt=\"Qui\u00e9nes somos\" srcset=\"https:\/\/chromsword.com\/wp-content\/uploads\/2024\/10\/about-1.png 628w, https:\/\/chromsword.com\/wp-content\/uploads\/2024\/10\/about-1-260x300.png 260w\" sizes=\"(max-width: 628px) 100vw, 628px\" title=\"Qui\u00e9nes somos\" \/>\t\t\t\t\t\t\t\t\t\t\t\t\t\t\t<\/div>\n\t\t\t\t<\/div>\n\t\t\t\t<\/div>\n\t\t\t\t\t<\/div>\n\t\t\t\t<\/section>\n\t\t<section class=\"elementor-element elementor-element-0e85f5a e-flex e-con-boxed e-con e-parent\" data-id=\"0e85f5a\" data-element_type=\"container\" data-e-type=\"container\" data-settings=\"{&quot;background_background&quot;:&quot;classic&quot;}\">\n\t\t\t\t\t<div class=\"e-con-inner\">\n\t\t<div class=\"elementor-element elementor-element-5ba70d2 e-con-full e-flex e-con e-child\" data-id=\"5ba70d2\" data-element_type=\"container\" data-e-type=\"container\">\n\t\t<div class=\"elementor-element elementor-element-be80ef7 e-con-full e-flex e-con e-child\" data-id=\"be80ef7\" data-element_type=\"container\" data-e-type=\"container\">\n\t\t\t\t<div class=\"elementor-element elementor-element-b264ed6 elementor-widget elementor-widget-heading\" data-id=\"b264ed6\" data-element_type=\"widget\" data-e-type=\"widget\" data-widget_type=\"heading.default\">\n\t\t\t\t\t<h1 class=\"elementor-heading-title elementor-size-default\">Historia<\/h1>\t\t\t\t<\/div>\n\t\t\t\t<\/div>\n\t\t<div class=\"elementor-element elementor-element-2190d9b e-con-full e-flex e-con e-child\" data-id=\"2190d9b\" data-element_type=\"container\" data-e-type=\"container\">\n\t\t<div class=\"elementor-element elementor-element-5e0c381 e-con-full e-flex e-con e-child\" data-id=\"5e0c381\" data-element_type=\"container\" data-e-type=\"container\">\n\t\t\t\t<div class=\"elementor-element elementor-element-9bfe988 elementor-widget elementor-widget-text-editor\" data-id=\"9bfe988\" data-element_type=\"widget\" data-e-type=\"widget\" data-widget_type=\"text-editor.default\">\n\t\t\t\t\t\t\t\t\t<p>Los desarrollos de una teor\u00eda y un primer software ChromDream que predec\u00eda las condiciones iniciales en cromatograf\u00eda l\u00edquida en fase inversa a partir de la f\u00f3rmula estructural de los compuestos y las propiedades de la columna fueron iniciados en 1990 por el Dr. Sergey Galushko.<\/p><p>ChromSword\u00ae para el desarrollo de m\u00e9todos de HPLC asistidos por ordenador se desarroll\u00f3 entre 1990 y 1995 como una extensi\u00f3n del software de desarrollo de m\u00e9todos de HPLC ChromDream\u00ae.<\/p><p>En 1999, se desarroll\u00f3 y lanz\u00f3 la primera versi\u00f3n para la optimizaci\u00f3n autom\u00e1tica de HPLC en colaboraci\u00f3n con Merck KGaA (Darmstadt, Alemania). Como resultado de la cooperaci\u00f3n con VWR International Scientific Instruments, Darmstadt, Alemania, Hitachi High Technologies America,San Jose, CA, EE.UU., y Scientific Software Inc., Pleasanton, CA, EE.UU., se lanzaron versiones para el hardware Hitachi LaChrom y LaChromElite y el software EZChromElite. <\/p><p>En 2000 se lanz\u00f3 la primera versi\u00f3n de ChromSwordAuto compatible con el sistema Waters Millennium y Alliance LC. La posterior asociaci\u00f3n con Agilent Technologies dio lugar a la creaci\u00f3n de una versi\u00f3n m\u00e1s potente compatible con los sistemas LC y LC\/MS Agilent 1100\/1200\/1290 con hasta 8 columnas y hasta 15 selectores de disolvente.<\/p><p>La cooperaci\u00f3n con Dionex contribuy\u00f3 a la creaci\u00f3n de las versiones ChromSwordAuto y AutoRobust, compatibles con el desarrollo autom\u00e1tico de m\u00e9todos y las pruebas de robustez mediante el sistema de datos Chromeleon y los sistemas LC Dionex Ultimate y Agilent.<\/p>\t\t\t\t\t\t\t\t<\/div>\n\t\t\t\t<\/div>\n\t\t<div class=\"elementor-element elementor-element-a25b35f e-con-full e-flex e-con e-child\" data-id=\"a25b35f\" data-element_type=\"container\" data-e-type=\"container\">\n\t\t\t\t<div class=\"elementor-element elementor-element-ed29960 elementor-widget elementor-widget-text-editor\" data-id=\"ed29960\" data-element_type=\"widget\" data-e-type=\"widget\" data-widget_type=\"text-editor.default\">\n\t\t\t\t\t\t\t\t\t<p>En la actualidad, Chromsword cuenta con una s\u00f3lida asociaci\u00f3n y apoyo para el desarrollo de m\u00e9todos autom\u00e1ticos con instrumentos Agilent, Hitachi, Thermo y Waters.<\/p><p>En 2009 se lanz\u00f3 la versi\u00f3n ChromSwordAuto 4.0 Professional con soporte multi-instrumento. Esta versi\u00f3n realiza tareas de desarrollo de m\u00e9todos totalmente automatizadas como la exploraci\u00f3n de m\u00e9todos (screening), la optimizaci\u00f3n r\u00e1pida del gradiente, la optimizaci\u00f3n fina del gradiente, los estudios de robustez y la generaci\u00f3n de informes. ChromSwordAuto 4.0 controla los instrumentos HPLC y UHPLC de Hitachi, Waters, Agilent, Knauer, Dionex y los siguientes sistemas de datos: Agilent EZchromElite, ChemStation, Waters Empower, Dionex Chromeleon y Knauer ChromGate.  <\/p><p>En 2015 se lanz\u00f3 la nueva versi\u00f3n de ChromSword 5.0. Esta versi\u00f3n se ha desarrollado en una plataforma completamente nueva y ha supuesto un gran paso para ChromSword al proporcionar un control directo sobre los instrumentos de HPLC. La versi\u00f3n se ha centrado en la eficiencia del trabajo y la facilidad de uso para el usuario final. Al mismo tiempo, se ha realizado un gran trabajo para mejorar los algoritmos, con especial atenci\u00f3n a las mol\u00e9culas de gran tama\u00f1o.   <\/p><p>En 2005 se registr\u00f3 la nueva empresa \u00abChromSword Baltic HPLC Specialists\u00bb Ltd. La empresa se centra en el desarrollo de nuevos productos y la distribuci\u00f3n mundial. <\/p><p>En 2022 se introdujo la licencia de sitio con el objetivo de proporcionar plena flexibilidad y eficiencia a los laboratorios anal\u00edticos de acuerdo con los requisitos de la AQbD y las directrices de la ICH.<\/p><p>El objetivo de la empresa es proporcionar a los clientes las soluciones de desarrollo de m\u00e9todos HPLC m\u00e1s inteligentes. Actualizamos y mejoramos constantemente nuestro software. <\/p>\t\t\t\t\t\t\t\t<\/div>\n\t\t\t\t<\/div>\n\t\t\t\t<\/div>\n\t\t\t\t<\/div>\n\t\t\t\t\t<\/div>\n\t\t\t\t<\/section>\n\t\t\t\t<\/div>\n\t\t","protected":false},"excerpt":{"rendered":"<p>Qui\u00e9nes somos Llevamos m\u00e1s de 30 a\u00f1os desarrollando productos de software innovadores para apoyar el desarrollo de m\u00e9todos en cromatograf\u00eda l\u00edquida. En ChromSword nos motiva c\u00f3mo nuestros clientes utilizan nuestro software para encontrar soluciones a problemas de separaci\u00f3n y mantenerse conectados con lo que es m\u00e1s importante para ellos. ChromSword ocupa posiciones de liderazgo en [&hellip;]<\/p>\n","protected":false},"author":1,"featured_media":0,"parent":0,"menu_order":0,"comment_status":"closed","ping_status":"closed","template":"","meta":{"_acf_changed":false,"inline_featured_image":false,"footnotes":""},"class_list":["post-1609","page","type-page","status-publish","hentry"],"acf":[],"_links":{"self":[{"href":"https:\/\/chromsword.com\/es\/wp-json\/wp\/v2\/pages\/1609","targetHints":{"allow":["GET"]}}],"collection":[{"href":"https:\/\/chromsword.com\/es\/wp-json\/wp\/v2\/pages"}],"about":[{"href":"https:\/\/chromsword.com\/es\/wp-json\/wp\/v2\/types\/page"}],"author":[{"embeddable":true,"href":"https:\/\/chromsword.com\/es\/wp-json\/wp\/v2\/users\/1"}],"replies":[{"embeddable":true,"href":"https:\/\/chromsword.com\/es\/wp-json\/wp\/v2\/comments?post=1609"}],"version-history":[{"count":5,"href":"https:\/\/chromsword.com\/es\/wp-json\/wp\/v2\/pages\/1609\/revisions"}],"predecessor-version":[{"id":2179,"href":"https:\/\/chromsword.com\/es\/wp-json\/wp\/v2\/pages\/1609\/revisions\/2179"}],"wp:attachment":[{"href":"https:\/\/chromsword.com\/es\/wp-json\/wp\/v2\/media?parent=1609"}],"curies":[{"name":"wp","href":"https:\/\/api.w.org\/{rel}","templated":true}]}}