{"id":1846,"date":"2024-10-21T11:16:02","date_gmt":"2024-10-21T08:16:02","guid":{"rendered":"https:\/\/chromsword.com\/datenschutzbestimmungen\/"},"modified":"2025-10-24T10:47:25","modified_gmt":"2025-10-24T07:47:25","slug":"datenschutzbestimmungen","status":"publish","type":"page","link":"https:\/\/chromsword.com\/de\/datenschutzbestimmungen\/","title":{"rendered":"Datenschutzbestimmungen"},"content":{"rendered":"\t\t<div data-elementor-type=\"wp-page\" data-elementor-id=\"1846\" class=\"elementor elementor-1846 elementor-3\" data-elementor-post-type=\"page\">\n\t\t\t\t<section class=\"elementor-element elementor-element-fe976aa e-flex e-con-boxed e-con e-parent\" data-id=\"fe976aa\" data-element_type=\"container\" data-e-type=\"container\">\n\t\t\t\t\t<div class=\"e-con-inner\">\n\t\t<div class=\"elementor-element elementor-element-a11d008 e-con-full e-flex e-con e-child\" data-id=\"a11d008\" data-element_type=\"container\" data-e-type=\"container\">\n\t\t<div class=\"elementor-element elementor-element-96545d5 e-con-full e-flex e-con e-child\" data-id=\"96545d5\" data-element_type=\"container\" data-e-type=\"container\">\n\t\t<div class=\"elementor-element elementor-element-e3b66fd e-con-full e-flex e-con e-child\" data-id=\"e3b66fd\" data-element_type=\"container\" data-e-type=\"container\">\n\t\t\t\t<div class=\"elementor-element elementor-element-4244a26 elementor-widget elementor-widget-heading\" data-id=\"4244a26\" data-element_type=\"widget\" data-e-type=\"widget\" data-widget_type=\"heading.default\">\n\t\t\t\t\t<h1 class=\"elementor-heading-title elementor-size-default\">Datenschutzbestimmungen<\/h1>\t\t\t\t<\/div>\n\t\t\t\t<div class=\"elementor-element elementor-element-c5e40ec elementor-widget elementor-widget-text-editor\" data-id=\"c5e40ec\" data-element_type=\"widget\" data-e-type=\"widget\" data-widget_type=\"text-editor.default\">\n\t\t\t\t\t\t\t\t\t<p>Datum des Inkrafttretens: Juli 04, 2018<br><br>ChromSword (&#8222;wir&#8220;, &#8222;wir&#8220; oder &#8222;unser&#8220;) betreibt die Website www.chromsword.com (der &#8222;Dienst&#8220;).<br><br>Diese Seite informiert Sie \u00fcber unsere Richtlinien bez\u00fcglich der Erfassung, Verwendung und Weitergabe personenbezogener Daten, wenn Sie unseren Service nutzen, sowie \u00fcber die Wahlm\u00f6glichkeiten, die Sie im Zusammenhang mit diesen Daten haben.<br><br>Wir verwenden Ihre Daten, um den Service bereitzustellen und zu verbessern. Durch die Nutzung des Dienstes erkl\u00e4ren Sie sich mit der Erfassung und Verwendung von Daten in \u00dcbereinstimmung mit dieser Richtlinie einverstanden. Sofern in dieser Datenschutzrichtlinie nicht anders definiert, haben die in dieser Datenschutzrichtlinie verwendeten Begriffe dieselbe Bedeutung wie in unseren Allgemeinen Gesch\u00e4ftsbedingungen, die Sie unter <a href=\"https:\/\/chromsword.com\/de\/\">www.chromsword.com<\/a> einsehen k\u00f6nnen.  <\/p>\t\t\t\t\t\t\t\t<\/div>\n\t\t\t\t<\/div>\n\t\t\t\t<\/div>\n\t\t<div class=\"elementor-element elementor-element-f48391d e-con-full e-flex e-con e-child\" data-id=\"f48391d\" data-element_type=\"container\" data-e-type=\"container\">\n\t\t<div class=\"elementor-element elementor-element-7caf00a e-con-full e-flex e-con e-child\" data-id=\"7caf00a\" data-element_type=\"container\" data-e-type=\"container\">\n\t\t\t\t<div class=\"elementor-element elementor-element-29293d4 elementor-widget elementor-widget-heading\" data-id=\"29293d4\" data-element_type=\"widget\" data-e-type=\"widget\" data-widget_type=\"heading.default\">\n\t\t\t\t\t<h3 class=\"elementor-heading-title elementor-size-default\">Sammlung und Verwendung von Informationen<\/h3>\t\t\t\t<\/div>\n\t\t\t\t<div class=\"elementor-element elementor-element-b23b13c elementor-widget elementor-widget-text-editor\" data-id=\"b23b13c\" data-element_type=\"widget\" data-e-type=\"widget\" data-widget_type=\"text-editor.default\">\n\t\t\t\t\t\t\t\t\t<p>Wir sammeln verschiedene Arten von Informationen zu unterschiedlichen Zwecken, um unseren Service f\u00fcr Sie bereitzustellen und zu verbessern.<\/p>\t\t\t\t\t\t\t\t<\/div>\n\t\t\t\t<\/div>\n\t\t<div class=\"elementor-element elementor-element-7dc5be5 e-con-full e-flex e-con e-child\" data-id=\"7dc5be5\" data-element_type=\"container\" data-e-type=\"container\">\n\t\t\t\t<div class=\"elementor-element elementor-element-9affcce elementor-widget elementor-widget-heading\" data-id=\"9affcce\" data-element_type=\"widget\" data-e-type=\"widget\" data-widget_type=\"heading.default\">\n\t\t\t\t\t<h4 class=\"elementor-heading-title elementor-size-default\">Arten von gesammelten Daten<\/h4>\t\t\t\t<\/div>\n\t\t\t\t<div class=\"elementor-element elementor-element-0d14bfd elementor-widget elementor-widget-text-editor\" data-id=\"0d14bfd\" data-element_type=\"widget\" data-e-type=\"widget\" data-widget_type=\"text-editor.default\">\n\t\t\t\t\t\t\t\t\t<div class=\"sub-section\">\n<h4 class=\"h-6\">Pers\u00f6nliche Daten<\/h4>\n<p class=\"p-5\">W\u00e4hrend der Nutzung unseres Dienstes bitten wir Sie m\u00f6glicherweise, uns bestimmte personenbezogene Daten mitzuteilen, die dazu verwendet werden k\u00f6nnen, Sie zu kontaktieren oder zu identifizieren (&#8222;personenbezogene Daten&#8220;). Zu den personenbezogenen Daten k\u00f6nnen unter anderem geh\u00f6ren: <\/p>\n<div class=\"points\">\n<div class=\"point-container\">\n<ul>\n<li>E-Mail Adresse<\/li>\n<li>Vorname und Nachname<\/li>\n<li>Rufnummer<\/li>\n<li>Cookies und Nutzungsdaten<\/li>\n<\/ul>\n<\/div>\n<\/div>\n<\/div>\n<div class=\"sub-section\">\n<h4> <\/h4>\n<h4 class=\"h-6\">Verwendungsdaten<\/h4>\n<p class=\"p-5\">Wir k\u00f6nnen auch Informationen dar\u00fcber sammeln, wie auf den Dienst zugegriffen wird und wie er genutzt wird (&#8222;Nutzungsdaten&#8220;). Diese Nutzungsdaten k\u00f6nnen Informationen wie die Internetprotokolladresse Ihres Computers (z.B. IP-Adresse), den Browsertyp, die Browserversion, die von Ihnen besuchten Seiten unseres Dienstes, die Uhrzeit und das Datum Ihres Besuchs, die auf diesen Seiten verbrachte Zeit, eindeutige Ger\u00e4tekennungen und andere Diagnosedaten enthalten. <\/p>\n<\/div>\n<div class=\"sub-section\">\n<h4> <\/h4>\n<h4 class=\"h-6\">Tracking &amp; Cookies Daten<\/h4>\n<p class=\"p-5\">Wir verwenden Cookies und \u00e4hnliche Tracking-Technologien, um die Aktivit\u00e4ten in unserem Service zu verfolgen und bestimmte Informationen zu speichern.<br><br>Cookies sind Dateien mit kleinen Datenmengen, die eine anonyme eindeutige Kennung enthalten k\u00f6nnen. Cookies werden von einer Website an Ihren Browser gesendet und auf Ihrem Ger\u00e4t gespeichert. Als Tracking-Technologien werden auch Beacons, Tags und Skripte verwendet, um Informationen zu sammeln und zu verfolgen und um unseren Service zu verbessern und zu analysieren.  <br><br>Sie k\u00f6nnen Ihren Browser so einstellen, dass alle Cookies abgelehnt werden oder dass er anzeigt, wenn ein Cookie gesendet wird. Wenn Sie jedoch keine Cookies akzeptieren, k\u00f6nnen Sie m\u00f6glicherweise einige Teile unseres Service nicht nutzen. <br><br>Beispiele f\u00fcr Cookies, die wir verwenden:<\/p>\n<div class=\"points\">\n<div class=\"point-container\">\n<ul>\n<li class=\"p-5 point-text\"><span class=\"bold\">Sitzungs-Cookies.  <\/span>Wir verwenden Session-Cookies, um unseren Service zu betreiben.<\/li>\n<li class=\"p-5 point-text\">Pr\u00e4ferenz-Cookies. Wir verwenden Pr\u00e4ferenz-Cookies, um Ihre Pr\u00e4ferenzen und verschiedene Einstellungen zu speichern. <\/li>\n<li class=\"p-5 point-text\">Sicherheits-Cookies. Wir verwenden Sicherheits-Cookies f\u00fcr Sicherheitszwecke. <\/li>\n<\/ul>\n<\/div>\n<\/div>\n<\/div>\t\t\t\t\t\t\t\t<\/div>\n\t\t\t\t<\/div>\n\t\t<div class=\"elementor-element elementor-element-8d0ee01 e-con-full e-flex e-con e-child\" data-id=\"8d0ee01\" data-element_type=\"container\" data-e-type=\"container\">\n\t\t\t\t<div class=\"elementor-element elementor-element-76b6e22 elementor-widget elementor-widget-heading\" data-id=\"76b6e22\" data-element_type=\"widget\" data-e-type=\"widget\" data-widget_type=\"heading.default\">\n\t\t\t\t\t<h4 class=\"elementor-heading-title elementor-size-default\">Verwendung von Daten<\/h4>\t\t\t\t<\/div>\n\t\t\t\t<div class=\"elementor-element elementor-element-da3d924 elementor-widget elementor-widget-text-editor\" data-id=\"da3d924\" data-element_type=\"widget\" data-e-type=\"widget\" data-widget_type=\"text-editor.default\">\n\t\t\t\t\t\t\t\t\t<div class=\"sub-section\">\n<p class=\"p-4\">ChromSword verwendet die gesammelten Daten f\u00fcr verschiedene Zwecke:<\/p>\n<div class=\"points\">\n<div class=\"point-container\">\n<ul>\n<li class=\"par-2 point-text\">Zur Bereitstellung und Pflege des Dienstes<\/li>\n<li class=\"par-2 point-text\">Um Sie \u00fcber \u00c4nderungen an unserem Service zu informieren<\/li>\n<li class=\"par-2 point-text\">Um Ihnen die Teilnahme an interaktiven Funktionen unseres Dienstes zu erm\u00f6glichen, wenn Sie dies w\u00fcnschen<\/li>\n<li class=\"par-2 point-text\">Kundenbetreuung und -unterst\u00fctzung<\/li>\n<li class=\"par-2 point-text\">Um Analysen oder wertvolle Informationen zu liefern, damit wir den Service verbessern k\u00f6nnen<\/li>\n<li class=\"par-2 point-text\">Um die Nutzung des Dienstes zu \u00fcberwachen<\/li>\n<li class=\"par-2 point-text\">Um technische Probleme zu erkennen, zu verhindern und zu beheben<\/li>\n<\/ul>\n<\/div>\n<\/div>\n<\/div>\t\t\t\t\t\t\t\t<\/div>\n\t\t\t\t<\/div>\n\t\t<div class=\"elementor-element elementor-element-6b22c52 e-con-full e-flex e-con e-child\" data-id=\"6b22c52\" data-element_type=\"container\" data-e-type=\"container\">\n\t\t\t\t<div class=\"elementor-element elementor-element-a8c645c elementor-widget elementor-widget-heading\" data-id=\"a8c645c\" data-element_type=\"widget\" data-e-type=\"widget\" data-widget_type=\"heading.default\">\n\t\t\t\t\t<h4 class=\"elementor-heading-title elementor-size-default\">\u00dcbertragung von Daten<\/h4>\t\t\t\t<\/div>\n\t\t\t\t<div class=\"elementor-element elementor-element-3e2369f elementor-widget elementor-widget-text-editor\" data-id=\"3e2369f\" data-element_type=\"widget\" data-e-type=\"widget\" data-widget_type=\"text-editor.default\">\n\t\t\t\t\t\t\t\t\t<div class=\"sub-section\">\n<p class=\"p-4\">Ihre Informationen, einschlie\u00dflich personenbezogener Daten, k\u00f6nnen an Computer au\u00dferhalb Ihres Staates, Ihrer Provinz, Ihres Landes oder einer anderen staatlichen Gerichtsbarkeit, in der andere Datenschutzgesetze als in Ihrer Gerichtsbarkeit gelten, \u00fcbertragen und dort gespeichert werden.<br><br>Wenn Sie sich au\u00dferhalb Lettlands befinden und sich daf\u00fcr entscheiden, uns Informationen zu \u00fcbermitteln, beachten Sie bitte, dass wir die Daten, einschlie\u00dflich personenbezogener Daten, nach Lettland \u00fcbertragen und sie dort verarbeiten.<br><br>Ihre Zustimmung zu dieser Datenschutzrichtlinie und die anschlie\u00dfende \u00dcbermittlung dieser Informationen stellt Ihr Einverst\u00e4ndnis mit dieser \u00dcbertragung dar.<br><br>ChromSword wird alle angemessenen Schritte unternehmen, um sicherzustellen, dass Ihre Daten sicher und in \u00dcbereinstimmung mit dieser Datenschutzrichtlinie behandelt werden, und es wird keine \u00dcbertragung Ihrer pers\u00f6nlichen Daten an eine Organisation oder ein Land stattfinden, es sei denn, es sind angemessene Kontrollen vorhanden, die die Sicherheit Ihrer Daten und anderer pers\u00f6nlicher Informationen beinhalten.<\/p>\n<\/div>\t\t\t\t\t\t\t\t<\/div>\n\t\t\t\t<\/div>\n\t\t<div class=\"elementor-element elementor-element-5339c36 e-con-full e-flex e-con e-child\" data-id=\"5339c36\" data-element_type=\"container\" data-e-type=\"container\">\n\t\t\t\t<div class=\"elementor-element elementor-element-7eb347e elementor-widget elementor-widget-heading\" data-id=\"7eb347e\" data-element_type=\"widget\" data-e-type=\"widget\" data-widget_type=\"heading.default\">\n\t\t\t\t\t<h4 class=\"elementor-heading-title elementor-size-default\">Offenlegung von Daten<\/h4>\t\t\t\t<\/div>\n\t\t\t\t<div class=\"elementor-element elementor-element-5f1a34e elementor-widget elementor-widget-text-editor\" data-id=\"5f1a34e\" data-element_type=\"widget\" data-e-type=\"widget\" data-widget_type=\"text-editor.default\">\n\t\t\t\t\t\t\t\t\t<div class=\"sub-section\">\n<p class=\"p-4\">ChromSword kann Ihre pers\u00f6nlichen Daten in dem guten Glauben offenlegen, dass dies notwendig ist, um:<\/p>\n<h4 class=\"h-5\">Gesetzliche Anforderungen<\/h4>\n<div class=\"points\">\n<div class=\"point-container\">\n<ul>\n<li class=\"par-2 point-text\">Um einer gesetzlichen Verpflichtung nachzukommen<\/li>\n<li class=\"par-2 point-text\">Zum Schutz und zur Verteidigung der Rechte oder des Eigentums von ChromSword<\/li>\n<li class=\"par-2 point-text\">Um m\u00f6gliches Fehlverhalten im Zusammenhang mit dem Service zu verhindern oder zu untersuchen<\/li>\n<li class=\"par-2 point-text\">Zum Schutz der pers\u00f6nlichen Sicherheit von Nutzern des Dienstes oder der \u00d6ffentlichkeit<\/li>\n<li class=\"par-2 point-text\">Zum Schutz vor rechtlicher Haftung<\/li>\n<\/ul>\n<\/div>\n<\/div>\n<\/div>\t\t\t\t\t\t\t\t<\/div>\n\t\t\t\t<\/div>\n\t\t<div class=\"elementor-element elementor-element-b849f4a e-con-full e-flex e-con e-child\" data-id=\"b849f4a\" data-element_type=\"container\" data-e-type=\"container\">\n\t\t\t\t<div class=\"elementor-element elementor-element-808a891 elementor-widget elementor-widget-heading\" data-id=\"808a891\" data-element_type=\"widget\" data-e-type=\"widget\" data-widget_type=\"heading.default\">\n\t\t\t\t\t<h4 class=\"elementor-heading-title elementor-size-default\">Sicherheit der Daten<\/h4>\t\t\t\t<\/div>\n\t\t\t\t<div class=\"elementor-element elementor-element-ab63812 elementor-widget elementor-widget-text-editor\" data-id=\"ab63812\" data-element_type=\"widget\" data-e-type=\"widget\" data-widget_type=\"text-editor.default\">\n\t\t\t\t\t\t\t\t\t<div class=\"sub-section\">\n<p class=\"p-4\">Die Sicherheit Ihrer Daten ist uns wichtig, aber denken Sie daran, dass keine Methode der \u00dcbertragung \u00fcber das Internet und keine Methode der elektronischen Speicherung 100% sicher ist. Obwohl wir uns bem\u00fchen, kommerziell akzeptable Mittel zum Schutz Ihrer pers\u00f6nlichen Daten einzusetzen, k\u00f6nnen wir deren absolute Sicherheit nicht garantieren. <\/p>\n<\/div>\t\t\t\t\t\t\t\t<\/div>\n\t\t\t\t<\/div>\n\t\t<div class=\"elementor-element elementor-element-acc091f e-con-full e-flex e-con e-child\" data-id=\"acc091f\" data-element_type=\"container\" data-e-type=\"container\">\n\t\t\t\t<div class=\"elementor-element elementor-element-21e8b8e elementor-widget elementor-widget-heading\" data-id=\"21e8b8e\" data-element_type=\"widget\" data-e-type=\"widget\" data-widget_type=\"heading.default\">\n\t\t\t\t\t<h4 class=\"elementor-heading-title elementor-size-default\">Anbieter von Dienstleistungen<\/h4>\t\t\t\t<\/div>\n\t\t\t\t<div class=\"elementor-element elementor-element-e8c320c elementor-widget elementor-widget-text-editor\" data-id=\"e8c320c\" data-element_type=\"widget\" data-e-type=\"widget\" data-widget_type=\"text-editor.default\">\n\t\t\t\t\t\t\t\t\t<div class=\"sub-section\">\n<p class=\"p-4\">Wir k\u00f6nnen Drittunternehmen und Einzelpersonen damit beauftragen, unseren Dienst zu erleichtern (&#8222;Dienstanbieter&#8220;), den Dienst in unserem Namen bereitzustellen, dienstleistungsbezogene Dienstleistungen zu erbringen oder uns bei der Analyse der Nutzung unseres Dienstes zu unterst\u00fctzen.<br><br>Diese Drittunternehmen haben nur Zugang zu Ihren pers\u00f6nlichen Daten, um diese Aufgaben in unserem Namen zu erf\u00fcllen, und sind verpflichtet, sie nicht weiterzugeben oder f\u00fcr andere Zwecke zu verwenden.<\/p>\n<p> <\/p>\n<h4 class=\"h-5\">Analytik<\/h4>\n<p class=\"par-2\">Wir k\u00f6nnen Drittanbieter einsetzen, um die Nutzung unseres Dienstes zu \u00fcberwachen und zu analysieren.<\/p>\n<div class=\"points\">\n<div class=\"point-container\">\n<ul>\n<li class=\"par-2 point-text bold\">Google Analytics<br><br>Google Analytics ist ein von Google angebotener Webanalysedienst, der den Website-Verkehr verfolgt und berichtet. Google verwendet die gesammelten Daten, um die Nutzung unseres Dienstes zu verfolgen und zu \u00fcberwachen. Diese Daten werden mit anderen Google-Diensten geteilt. Google kann die gesammelten Daten verwenden, um die Anzeigen des eigenen Werbenetzwerks zu kontextualisieren und zu personalisieren.   <br><br>Sie k\u00f6nnen sich dagegen wehren, dass Ihre Aktivit\u00e4ten auf dem Service Google Analytics zur Verf\u00fcgung gestellt werden, indem Sie das Browser-Add-on Google Analytics opt-out installieren. Das Add-on verhindert, dass das Google Analytics JavaScript (ga.js, analytics.js und dc.js) Informationen \u00fcber die Besuchsaktivit\u00e4ten mit Google Analytics austauscht. <br><br>Weitere Informationen \u00fcber die Datenschutzpraktiken von Google finden Sie auf der Webseite von Google zum Thema Datenschutz und Nutzungsbedingungen: <a href=\"https:\/\/policies.google.com\/privacy\" target=\"_blank\" rel=\"noopener nofollow\">https:\/\/policies.google.com\/privacy<\/a><\/li>\n<\/ul>\n<\/div>\n<\/div>\n<\/div>\t\t\t\t\t\t\t\t<\/div>\n\t\t\t\t<\/div>\n\t\t<div class=\"elementor-element elementor-element-a4e0a5b e-con-full e-flex e-con e-child\" data-id=\"a4e0a5b\" data-element_type=\"container\" data-e-type=\"container\">\n\t\t\t\t<div class=\"elementor-element elementor-element-548070c elementor-widget elementor-widget-heading\" data-id=\"548070c\" data-element_type=\"widget\" data-e-type=\"widget\" data-widget_type=\"heading.default\">\n\t\t\t\t\t<h4 class=\"elementor-heading-title elementor-size-default\">Links zu anderen Websites<\/h4>\t\t\t\t<\/div>\n\t\t\t\t<div class=\"elementor-element elementor-element-e142022 elementor-widget elementor-widget-text-editor\" data-id=\"e142022\" data-element_type=\"widget\" data-e-type=\"widget\" data-widget_type=\"text-editor.default\">\n\t\t\t\t\t\t\t\t\t<div class=\"sub-section\">\n<p class=\"p-4\">Unser Service kann Links zu anderen Websites enthalten, die nicht von uns betrieben werden. Wenn Sie auf einen Link eines Dritten klicken, werden Sie auf die Seite dieses Dritten weitergeleitet. Wir raten Ihnen dringend, die Datenschutzrichtlinien jeder Seite, die Sie besuchen, zu lesen.  <br><br>Wir haben keine Kontrolle \u00fcber und \u00fcbernehmen keine Verantwortung f\u00fcr den Inhalt, die Datenschutzrichtlinien oder die Praktiken von Websites oder Diensten Dritter.<\/p>\n<div class=\"points\">\n<div class=\"point-container\"> <\/div>\n<\/div>\n<\/div>\t\t\t\t\t\t\t\t<\/div>\n\t\t\t\t<\/div>\n\t\t<div class=\"elementor-element elementor-element-e18b5f0 e-con-full e-flex e-con e-child\" data-id=\"e18b5f0\" data-element_type=\"container\" data-e-type=\"container\">\n\t\t\t\t<div class=\"elementor-element elementor-element-a404ed8 elementor-widget elementor-widget-heading\" data-id=\"a404ed8\" data-element_type=\"widget\" data-e-type=\"widget\" data-widget_type=\"heading.default\">\n\t\t\t\t\t<h4 class=\"elementor-heading-title elementor-size-default\">Datenschutz f\u00fcr Kinder<\/h4>\t\t\t\t<\/div>\n\t\t\t\t<div class=\"elementor-element elementor-element-c9413b1 elementor-widget elementor-widget-text-editor\" data-id=\"c9413b1\" data-element_type=\"widget\" data-e-type=\"widget\" data-widget_type=\"text-editor.default\">\n\t\t\t\t\t\t\t\t\t<div class=\"sub-section\">\n<p class=\"p-4\">Unser Service richtet sich nicht an Personen unter 18 Jahren (&#8222;Kinder&#8220;).<br><br>Wir sammeln nicht wissentlich personenbezogene Daten von Personen unter 18 Jahren. Wenn Sie ein Elternteil oder Erziehungsberechtigter sind und wissen, dass Ihr Kind uns pers\u00f6nliche Daten zur Verf\u00fcgung gestellt hat, kontaktieren Sie uns bitte. Wenn wir erfahren, dass wir personenbezogene Daten von Kindern ohne \u00dcberpr\u00fcfung der elterlichen Zustimmung erfasst haben, ergreifen wir Ma\u00dfnahmen, um diese Daten von unseren Servern zu entfernen.  <\/p>\n<\/div>\t\t\t\t\t\t\t\t<\/div>\n\t\t\t\t<\/div>\n\t\t<div class=\"elementor-element elementor-element-1ee43bf e-con-full e-flex e-con e-child\" data-id=\"1ee43bf\" data-element_type=\"container\" data-e-type=\"container\">\n\t\t\t\t<div class=\"elementor-element elementor-element-6d6df0b elementor-widget elementor-widget-heading\" data-id=\"6d6df0b\" data-element_type=\"widget\" data-e-type=\"widget\" data-widget_type=\"heading.default\">\n\t\t\t\t\t<h4 class=\"elementor-heading-title elementor-size-default\">\u00c4nderungen an dieser Datenschutzrichtlinie<\/h4>\t\t\t\t<\/div>\n\t\t\t\t<div class=\"elementor-element elementor-element-f5a6090 elementor-widget elementor-widget-text-editor\" data-id=\"f5a6090\" data-element_type=\"widget\" data-e-type=\"widget\" data-widget_type=\"text-editor.default\">\n\t\t\t\t\t\t\t\t\t<div class=\"sub-section\">\n<p class=\"p-4\">Wir k\u00f6nnen unsere Datenschutzrichtlinie von Zeit zu Zeit aktualisieren. Wir werden Sie \u00fcber alle \u00c4nderungen informieren, indem wir die neue Datenschutzrichtlinie auf dieser Seite ver\u00f6ffentlichen. <br><br>Wir werden Sie per E-Mail und\/oder durch einen auff\u00e4lligen Hinweis in unserem Service informieren, bevor die \u00c4nderung in Kraft tritt, und das &#8222;Datum des Inkrafttretens&#8220; oben in dieser Datenschutzrichtlinie aktualisieren.<br><br>Wir empfehlen Ihnen, diese Datenschutzrichtlinie regelm\u00e4\u00dfig auf \u00c4nderungen zu \u00fcberpr\u00fcfen. \u00c4nderungen an dieser Datenschutzerkl\u00e4rung werden wirksam, wenn sie auf dieser Seite ver\u00f6ffentlicht werden. <\/p>\n<\/div>\t\t\t\t\t\t\t\t<\/div>\n\t\t\t\t<\/div>\n\t\t\t\t<\/div>\n\t\t\t\t<\/div>\n\t\t\t\t\t<\/div>\n\t\t\t\t<\/section>\n\t\t\t\t<\/div>\n\t\t","protected":false},"excerpt":{"rendered":"<p>Datum des Inkrafttretens: Juli 04, 2018 ChromSword (&#8222;wir&#8220;, &#8222;wir&#8220; oder &#8222;unser&#8220;) betreibt die Website www.chromsword.com (der &#8222;Dienst&#8220;). Diese Seite informiert Sie \u00fcber unsere Richtlinien bez\u00fcglich der Erfassung, Verwendung und Weitergabe personenbezogener Daten, wenn Sie unseren Service nutzen, sowie \u00fcber die Wahlm\u00f6glichkeiten, die Sie im Zusammenhang mit diesen Daten haben. Wir verwenden Ihre Daten, um den [&hellip;]<\/p>\n","protected":false},"author":1,"featured_media":0,"parent":0,"menu_order":0,"comment_status":"closed","ping_status":"open","template":"","meta":{"_acf_changed":false,"inline_featured_image":false,"footnotes":""},"class_list":["post-1846","page","type-page","status-publish","hentry"],"acf":[],"_links":{"self":[{"href":"https:\/\/chromsword.com\/de\/wp-json\/wp\/v2\/pages\/1846","targetHints":{"allow":["GET"]}}],"collection":[{"href":"https:\/\/chromsword.com\/de\/wp-json\/wp\/v2\/pages"}],"about":[{"href":"https:\/\/chromsword.com\/de\/wp-json\/wp\/v2\/types\/page"}],"author":[{"embeddable":true,"href":"https:\/\/chromsword.com\/de\/wp-json\/wp\/v2\/users\/1"}],"replies":[{"embeddable":true,"href":"https:\/\/chromsword.com\/de\/wp-json\/wp\/v2\/comments?post=1846"}],"version-history":[{"count":2,"href":"https:\/\/chromsword.com\/de\/wp-json\/wp\/v2\/pages\/1846\/revisions"}],"predecessor-version":[{"id":2019,"href":"https:\/\/chromsword.com\/de\/wp-json\/wp\/v2\/pages\/1846\/revisions\/2019"}],"wp:attachment":[{"href":"https:\/\/chromsword.com\/de\/wp-json\/wp\/v2\/media?parent=1846"}],"curies":[{"name":"wp","href":"https:\/\/api.w.org\/{rel}","templated":true}]}}