{"id":1290,"date":"2024-10-25T15:04:46","date_gmt":"2024-10-25T12:04:46","guid":{"rendered":"https:\/\/chromsword.com\/produkte\/autorobust\/"},"modified":"2025-10-23T11:54:06","modified_gmt":"2025-10-23T08:54:06","slug":"autorobust","status":"publish","type":"page","link":"https:\/\/chromsword.com\/de\/produkte\/autorobust\/","title":{"rendered":"AutoRobust"},"content":{"rendered":"\t\t<div data-elementor-type=\"wp-page\" data-elementor-id=\"1290\" class=\"elementor elementor-1290 elementor-450\" data-elementor-post-type=\"page\">\n\t\t\t\t<section class=\"elementor-element elementor-element-5dc568d e-flex e-con-boxed e-con e-parent\" data-id=\"5dc568d\" data-element_type=\"container\" data-e-type=\"container\" data-settings=\"{&quot;background_background&quot;:&quot;gradient&quot;}\">\n\t\t\t\t\t<div class=\"e-con-inner\">\n\t\t<div class=\"elementor-element elementor-element-f0f435e e-con-full e-flex e-con e-child\" data-id=\"f0f435e\" data-element_type=\"container\" data-e-type=\"container\">\n\t\t<div class=\"elementor-element elementor-element-cc7cd39 e-con-full e-flex e-con e-child\" data-id=\"cc7cd39\" data-element_type=\"container\" data-e-type=\"container\">\n\t\t<div class=\"elementor-element elementor-element-f9092fb e-con-full e-flex e-con e-child\" data-id=\"f9092fb\" data-element_type=\"container\" data-e-type=\"container\">\n\t\t\t\t<div class=\"elementor-element elementor-element-16df09e elementor-widget elementor-widget-heading\" data-id=\"16df09e\" data-element_type=\"widget\" data-e-type=\"widget\" data-widget_type=\"heading.default\">\n\t\t\t\t\t<h1 class=\"elementor-heading-title elementor-size-default\">AutoRobust<\/h1>\t\t\t\t<\/div>\n\t\t\t\t<div class=\"elementor-element elementor-element-66a716a elementor-widget elementor-widget-heading\" data-id=\"66a716a\" data-element_type=\"widget\" data-e-type=\"widget\" data-widget_type=\"heading.default\">\n\t\t\t\t\t<h3 class=\"elementor-heading-title elementor-size-default\">Verbessern Sie alte Methoden und testen Sie die Robustheit Ihrer neuen Methoden mit dem Design of Experiment (DoE) Ansatz:<\/h3>\t\t\t\t<\/div>\n\t\t\t\t<div class=\"elementor-element elementor-element-e429b2f elementor-tablet-align-center elementor-icon-list--layout-traditional elementor-list-item-link-full_width elementor-widget elementor-widget-icon-list\" data-id=\"e429b2f\" data-element_type=\"widget\" data-e-type=\"widget\" data-widget_type=\"icon-list.default\">\n\t\t\t\t\t\t\t<ul class=\"elementor-icon-list-items\">\n\t\t\t\t\t\t\t<li class=\"elementor-icon-list-item\">\n\t\t\t\t\t\t\t\t\t\t\t<span class=\"elementor-icon-list-icon\">\n\t\t\t\t\t\t\t<svg aria-hidden=\"true\" class=\"e-font-icon-svg e-fas-angle-right\" viewBox=\"0 0 256 512\" xmlns=\"http:\/\/www.w3.org\/2000\/svg\"><path d=\"M224.3 273l-136 136c-9.4 9.4-24.6 9.4-33.9 0l-22.6-22.6c-9.4-9.4-9.4-24.6 0-33.9l96.4-96.4-96.4-96.4c-9.4-9.4-9.4-24.6 0-33.9L54.3 103c9.4-9.4 24.6-9.4 33.9 0l136 136c9.5 9.4 9.5 24.6.1 34z\"><\/path><\/svg>\t\t\t\t\t\t<\/span>\n\t\t\t\t\t\t\t\t\t\t<span class=\"elementor-icon-list-text\">Erarbeitung statistischer und systematischer Ans\u00e4tze<\/span>\n\t\t\t\t\t\t\t\t\t<\/li>\n\t\t\t\t\t\t\t\t<li class=\"elementor-icon-list-item\">\n\t\t\t\t\t\t\t\t\t\t\t<span class=\"elementor-icon-list-icon\">\n\t\t\t\t\t\t\t<svg aria-hidden=\"true\" class=\"e-font-icon-svg e-fas-angle-right\" viewBox=\"0 0 256 512\" xmlns=\"http:\/\/www.w3.org\/2000\/svg\"><path d=\"M224.3 273l-136 136c-9.4 9.4-24.6 9.4-33.9 0l-22.6-22.6c-9.4-9.4-9.4-24.6 0-33.9l96.4-96.4-96.4-96.4c-9.4-9.4-9.4-24.6 0-33.9L54.3 103c9.4-9.4 24.6-9.4 33.9 0l136 136c9.5 9.4 9.5 24.6.1 34z\"><\/path><\/svg>\t\t\t\t\t\t<\/span>\n\t\t\t\t\t\t\t\t\t\t<span class=\"elementor-icon-list-text\">W\u00e4hlen Sie bis zu 9 Variablen und Faktoren zum Testen aus<\/span>\n\t\t\t\t\t\t\t\t\t<\/li>\n\t\t\t\t\t\t\t\t<li class=\"elementor-icon-list-item\">\n\t\t\t\t\t\t\t\t\t\t\t<span class=\"elementor-icon-list-icon\">\n\t\t\t\t\t\t\t<svg aria-hidden=\"true\" class=\"e-font-icon-svg e-fas-angle-right\" viewBox=\"0 0 256 512\" xmlns=\"http:\/\/www.w3.org\/2000\/svg\"><path d=\"M224.3 273l-136 136c-9.4 9.4-24.6 9.4-33.9 0l-22.6-22.6c-9.4-9.4-9.4-24.6 0-33.9l96.4-96.4-96.4-96.4c-9.4-9.4-9.4-24.6 0-33.9L54.3 103c9.4-9.4 24.6-9.4 33.9 0l136 136c9.5 9.4 9.5 24.6.1 34z\"><\/path><\/svg>\t\t\t\t\t\t<\/span>\n\t\t\t\t\t\t\t\t\t\t<span class=\"elementor-icon-list-text\">Erstellen Sie in Minutenschnelle einen einfaktoriellen oder einen multivariaten Versuchsplan<\/span>\n\t\t\t\t\t\t\t\t\t<\/li>\n\t\t\t\t\t\t\t\t<li class=\"elementor-icon-list-item\">\n\t\t\t\t\t\t\t\t\t\t\t<span class=\"elementor-icon-list-icon\">\n\t\t\t\t\t\t\t<svg aria-hidden=\"true\" class=\"e-font-icon-svg e-fas-angle-right\" viewBox=\"0 0 256 512\" xmlns=\"http:\/\/www.w3.org\/2000\/svg\"><path d=\"M224.3 273l-136 136c-9.4 9.4-24.6 9.4-33.9 0l-22.6-22.6c-9.4-9.4-9.4-24.6 0-33.9l96.4-96.4-96.4-96.4c-9.4-9.4-9.4-24.6 0-33.9L54.3 103c9.4-9.4 24.6-9.4 33.9 0l136 136c9.5 9.4 9.5 24.6.1 34z\"><\/path><\/svg>\t\t\t\t\t\t<\/span>\n\t\t\t\t\t\t\t\t\t\t<span class=\"elementor-icon-list-text\">Entwicklung der Methode Operable Design Region (MODR)<\/span>\n\t\t\t\t\t\t\t\t\t<\/li>\n\t\t\t\t\t\t\t\t<li class=\"elementor-icon-list-item\">\n\t\t\t\t\t\t\t\t\t\t\t<span class=\"elementor-icon-list-icon\">\n\t\t\t\t\t\t\t<svg aria-hidden=\"true\" class=\"e-font-icon-svg e-fas-angle-right\" viewBox=\"0 0 256 512\" xmlns=\"http:\/\/www.w3.org\/2000\/svg\"><path d=\"M224.3 273l-136 136c-9.4 9.4-24.6 9.4-33.9 0l-22.6-22.6c-9.4-9.4-9.4-24.6 0-33.9l96.4-96.4-96.4-96.4c-9.4-9.4-9.4-24.6 0-33.9L54.3 103c9.4-9.4 24.6-9.4 33.9 0l136 136c9.5 9.4 9.5 24.6.1 34z\"><\/path><\/svg>\t\t\t\t\t\t<\/span>\n\t\t\t\t\t\t\t\t\t\t<span class=\"elementor-icon-list-text\">Detaillierte Berichte automatisch generieren<\/span>\n\t\t\t\t\t\t\t\t\t<\/li>\n\t\t\t\t\t\t\t\t<li class=\"elementor-icon-list-item\">\n\t\t\t\t\t\t\t\t\t\t\t<span class=\"elementor-icon-list-icon\">\n\t\t\t\t\t\t\t<svg aria-hidden=\"true\" class=\"e-font-icon-svg e-fas-angle-right\" viewBox=\"0 0 256 512\" xmlns=\"http:\/\/www.w3.org\/2000\/svg\"><path d=\"M224.3 273l-136 136c-9.4 9.4-24.6 9.4-33.9 0l-22.6-22.6c-9.4-9.4-9.4-24.6 0-33.9l96.4-96.4-96.4-96.4c-9.4-9.4-9.4-24.6 0-33.9L54.3 103c9.4-9.4 24.6-9.4 33.9 0l136 136c9.5 9.4 9.5 24.6.1 34z\"><\/path><\/svg>\t\t\t\t\t\t<\/span>\n\t\t\t\t\t\t\t\t\t\t<span class=\"elementor-icon-list-text\">Verbessern Sie die Methode im Rahmen der Vorschriften<\/span>\n\t\t\t\t\t\t\t\t\t<\/li>\n\t\t\t\t\t\t<\/ul>\n\t\t\t\t\t\t<\/div>\n\t\t\t\t<div class=\"elementor-element elementor-element-f3dfece elementor-tablet-align-center elementor-widget elementor-widget-button\" data-id=\"f3dfece\" data-element_type=\"widget\" data-e-type=\"widget\" data-widget_type=\"button.default\">\n\t\t\t\t\t\t\t\t\t\t<a class=\"elementor-button elementor-button-link elementor-size-sm\" href=\"https:\/\/chromsword.com\/de\/demo-anfordern\/\">\n\t\t\t\t\t\t<span class=\"elementor-button-content-wrapper\">\n\t\t\t\t\t\t\t\t\t<span class=\"elementor-button-text\">Demo anfordern<\/span>\n\t\t\t\t\t<\/span>\n\t\t\t\t\t<\/a>\n\t\t\t\t\t\t\t\t<\/div>\n\t\t\t\t<\/div>\n\t\t<div class=\"elementor-element elementor-element-893f913 e-con-full e-flex e-con e-child\" data-id=\"893f913\" data-element_type=\"container\" data-e-type=\"container\">\n\t\t\t\t<div class=\"elementor-element elementor-element-15989cd elementor-widget elementor-widget-image\" data-id=\"15989cd\" data-element_type=\"widget\" data-e-type=\"widget\" data-widget_type=\"image.default\">\n\t\t\t\t\t\t\t\t\t\t\t\t\t\t\t<img decoding=\"async\" width=\"599\" height=\"669\" src=\"https:\/\/chromsword.com\/wp-content\/uploads\/2024\/10\/autorobust-image1.png\" class=\"attachment-full size-full wp-image-1285\" alt=\"AutoRobust\" srcset=\"https:\/\/chromsword.com\/wp-content\/uploads\/2024\/10\/autorobust-image1.png 599w, https:\/\/chromsword.com\/wp-content\/uploads\/2024\/10\/autorobust-image1-269x300.png 269w\" sizes=\"(max-width: 599px) 100vw, 599px\" title=\"AutoRobust\" \/>\t\t\t\t\t\t\t\t\t\t\t\t\t\t\t<\/div>\n\t\t\t\t<\/div>\n\t\t\t\t<\/div>\n\t\t\t\t<\/div>\n\t\t<div class=\"elementor-element elementor-element-eb51157 e-con-full e-flex e-con e-child\" data-id=\"eb51157\" data-element_type=\"container\" data-e-type=\"container\">\n\t\t<div class=\"elementor-element elementor-element-8b93abc e-con-full e-flex e-con e-child\" data-id=\"8b93abc\" data-element_type=\"container\" data-e-type=\"container\">\n\t\t\t\t<div class=\"elementor-element elementor-element-376b04a elementor-widget elementor-widget-heading\" data-id=\"376b04a\" data-element_type=\"widget\" data-e-type=\"widget\" data-widget_type=\"heading.default\">\n\t\t\t\t\t<h1 class=\"elementor-heading-title elementor-size-default\">Einfacher und effektiver Ansatz zur Erstellung des Testplans<\/h1>\t\t\t\t<\/div>\n\t\t\t\t<div class=\"elementor-element elementor-element-42c440f elementor-widget elementor-widget-text-editor\" data-id=\"42c440f\" data-element_type=\"widget\" data-e-type=\"widget\" data-widget_type=\"text-editor.default\">\n\t\t\t\t\t\t\t\t\t<p>Erstellen Sie DoE, indem Sie steuerbare kontrollierte Parameter, deren Werte und die Anzahl der Schritte zur Fertigstellung eines Plans f\u00fcr Design Space ausw\u00e4hlen.<\/p>\t\t\t\t\t\t\t\t<\/div>\n\t\t\t\t<\/div>\n\t\t<div class=\"elementor-element elementor-element-d55eae9 e-con-full e-flex e-con e-child\" data-id=\"d55eae9\" data-element_type=\"container\" data-e-type=\"container\">\n\t\t\t\t<div class=\"elementor-element elementor-element-365ec14 elementor-widget elementor-widget-image\" data-id=\"365ec14\" data-element_type=\"widget\" data-e-type=\"widget\" data-widget_type=\"image.default\">\n\t\t\t\t\t\t\t\t\t\t\t\t\t\t\t<img decoding=\"async\" width=\"1202\" height=\"599\" src=\"https:\/\/chromsword.com\/wp-content\/uploads\/2024\/10\/autorobust-image2.png\" class=\"attachment-full size-full wp-image-1286\" alt=\"AutoRobust-Tabelle\" srcset=\"https:\/\/chromsword.com\/wp-content\/uploads\/2024\/10\/autorobust-image2.png 1202w, https:\/\/chromsword.com\/wp-content\/uploads\/2024\/10\/autorobust-image2-300x150.png 300w, https:\/\/chromsword.com\/wp-content\/uploads\/2024\/10\/autorobust-image2-1024x510.png 1024w, https:\/\/chromsword.com\/wp-content\/uploads\/2024\/10\/autorobust-image2-768x383.png 768w\" sizes=\"(max-width: 1202px) 100vw, 1202px\" title=\"AutoRobust-Tabelle\" \/>\t\t\t\t\t\t\t\t\t\t\t\t\t\t\t<\/div>\n\t\t\t\t<\/div>\n\t\t\t\t<\/div>\n\t\t<div class=\"elementor-element elementor-element-905254e e-con-full e-flex e-con e-child\" data-id=\"905254e\" data-element_type=\"container\" data-e-type=\"container\">\n\t\t<div class=\"elementor-element elementor-element-76d003a e-con-full e-flex e-con e-child\" data-id=\"76d003a\" data-element_type=\"container\" data-e-type=\"container\">\n\t\t\t\t<div class=\"elementor-element elementor-element-6923ad1 elementor-widget elementor-widget-heading\" data-id=\"6923ad1\" data-element_type=\"widget\" data-e-type=\"widget\" data-widget_type=\"heading.default\">\n\t\t\t\t\t<h1 class=\"elementor-heading-title elementor-size-default\">Systemstabilit\u00e4tstests<\/h1>\t\t\t\t<\/div>\n\t\t\t\t<div class=\"elementor-element elementor-element-dde04f8 elementor-widget elementor-widget-text-editor\" data-id=\"dde04f8\" data-element_type=\"widget\" data-e-type=\"widget\" data-widget_type=\"text-editor.default\">\n\t\t\t\t\t\t\t\t\tErstellen Sie Tests und bewerten Sie die Systemstabilit\u00e4t w\u00e4hrend anderer Robustheitstests, um die Wiederholbarkeit der von Ihrem Ger\u00e4t gelieferten Ergebnisse zu beurteilen.\t\t\t\t\t\t\t\t<\/div>\n\t\t\t\t<\/div>\n\t\t<div class=\"elementor-element elementor-element-7ca8659 e-con-full e-flex e-con e-child\" data-id=\"7ca8659\" data-element_type=\"container\" data-e-type=\"container\">\n\t\t\t\t<div class=\"elementor-element elementor-element-917aae6 elementor-widget elementor-widget-image\" data-id=\"917aae6\" data-element_type=\"widget\" data-e-type=\"widget\" data-widget_type=\"image.default\">\n\t\t\t\t\t\t\t\t\t\t\t\t\t\t\t<img decoding=\"async\" width=\"1374\" height=\"636\" src=\"https:\/\/chromsword.com\/wp-content\/uploads\/2024\/10\/autorobust-image4.png\" class=\"attachment-full size-full wp-image-1287\" alt=\"AutoRobust-Verfahren\" srcset=\"https:\/\/chromsword.com\/wp-content\/uploads\/2024\/10\/autorobust-image4.png 1374w, https:\/\/chromsword.com\/wp-content\/uploads\/2024\/10\/autorobust-image4-300x139.png 300w, https:\/\/chromsword.com\/wp-content\/uploads\/2024\/10\/autorobust-image4-1024x474.png 1024w, https:\/\/chromsword.com\/wp-content\/uploads\/2024\/10\/autorobust-image4-768x355.png 768w\" sizes=\"(max-width: 1374px) 100vw, 1374px\" title=\"AutoRobust-Verfahren\" \/>\t\t\t\t\t\t\t\t\t\t\t\t\t\t\t<\/div>\n\t\t\t\t<\/div>\n\t\t\t\t<\/div>\n\t\t<div class=\"elementor-element elementor-element-f21f727 e-con-full e-flex e-con e-child\" data-id=\"f21f727\" data-element_type=\"container\" data-e-type=\"container\">\n\t\t<div class=\"elementor-element elementor-element-5e0ec54 e-con-full e-flex e-con e-child\" data-id=\"5e0ec54\" data-element_type=\"container\" data-e-type=\"container\">\n\t\t\t\t<div class=\"elementor-element elementor-element-99356fd elementor-widget elementor-widget-heading\" data-id=\"99356fd\" data-element_type=\"widget\" data-e-type=\"widget\" data-widget_type=\"heading.default\">\n\t\t\t\t\t<h1 class=\"elementor-heading-title elementor-size-default\">Funktionalit\u00e4t zur Bewertung der Auswirkungen aller chromatographischen Variablen<\/h1>\t\t\t\t<\/div>\n\t\t\t\t<div class=\"elementor-element elementor-element-73c0a36 elementor-widget elementor-widget-text-editor\" data-id=\"73c0a36\" data-element_type=\"widget\" data-e-type=\"widget\" data-widget_type=\"text-editor.default\">\n\t\t\t\t\t\t\t\t\t<p>Definieren Sie bis zu 9 Parameter, die w\u00e4hrend der Studie getestet und bewertet werden sollen.<\/p>\t\t\t\t\t\t\t\t<\/div>\n\t\t\t\t<\/div>\n\t\t<div class=\"elementor-element elementor-element-d538250 e-con-full e-flex e-con e-child\" data-id=\"d538250\" data-element_type=\"container\" data-e-type=\"container\">\n\t\t\t\t<div class=\"elementor-element elementor-element-2de83c1 elementor-widget elementor-widget-image\" data-id=\"2de83c1\" data-element_type=\"widget\" data-e-type=\"widget\" data-widget_type=\"image.default\">\n\t\t\t\t\t\t\t\t\t\t\t\t\t\t\t<img decoding=\"async\" width=\"891\" height=\"1000\" src=\"https:\/\/chromsword.com\/wp-content\/uploads\/2024\/10\/autorobust-image5.png\" class=\"attachment-full size-full wp-image-1288\" alt=\"AutoRobust Netzwerk\" srcset=\"https:\/\/chromsword.com\/wp-content\/uploads\/2024\/10\/autorobust-image5.png 891w, https:\/\/chromsword.com\/wp-content\/uploads\/2024\/10\/autorobust-image5-267x300.png 267w, https:\/\/chromsword.com\/wp-content\/uploads\/2024\/10\/autorobust-image5-768x862.png 768w\" sizes=\"(max-width: 891px) 100vw, 891px\" title=\"AutoRobust Netzwerk\" \/>\t\t\t\t\t\t\t\t\t\t\t\t\t\t\t<\/div>\n\t\t\t\t<\/div>\n\t\t\t\t<\/div>\n\t\t<div class=\"elementor-element elementor-element-4b66bbf e-con-full e-flex e-con e-child\" data-id=\"4b66bbf\" data-element_type=\"container\" data-e-type=\"container\">\n\t\t<div class=\"elementor-element elementor-element-bc69bcc e-con-full e-flex e-con e-child\" data-id=\"bc69bcc\" data-element_type=\"container\" data-e-type=\"container\">\n\t\t\t\t<div class=\"elementor-element elementor-element-74a2910 elementor-widget elementor-widget-heading\" data-id=\"74a2910\" data-element_type=\"widget\" data-e-type=\"widget\" data-widget_type=\"heading.default\">\n\t\t\t\t\t<h1 class=\"elementor-heading-title elementor-size-default\">Umfangreiches Reporting mit Tabellen und Diagrammen im ReportViewer<\/h1>\t\t\t\t<\/div>\n\t\t\t\t<div class=\"elementor-element elementor-element-e6f5125 elementor-widget elementor-widget-text-editor\" data-id=\"e6f5125\" data-element_type=\"widget\" data-e-type=\"widget\" data-widget_type=\"text-editor.default\">\n\t\t\t\t\t\t\t\t\t<p>We provide an excellent platform to review the data, make comparisons and evaluation. A detailed report of your experiments shows critical parameters of method and their effect to method stability. Report of method robustness is a subject for future of method validation.  <\/p>\t\t\t\t\t\t\t\t<\/div>\n\t\t\t\t<\/div>\n\t\t<div class=\"elementor-element elementor-element-80664c2 e-con-full e-flex e-con e-child\" data-id=\"80664c2\" data-element_type=\"container\" data-e-type=\"container\">\n\t\t\t\t<div class=\"elementor-element elementor-element-ddd57d7 elementor-widget elementor-widget-image\" data-id=\"ddd57d7\" data-element_type=\"widget\" data-e-type=\"widget\" data-widget_type=\"image.default\">\n\t\t\t\t\t\t\t\t\t\t\t\t\t\t\t<img decoding=\"async\" width=\"1342\" height=\"777\" src=\"https:\/\/chromsword.com\/wp-content\/uploads\/2024\/10\/autorobust-image6.png\" class=\"attachment-full size-full wp-image-1289\" alt=\"AutoRobust Ansicht\" srcset=\"https:\/\/chromsword.com\/wp-content\/uploads\/2024\/10\/autorobust-image6.png 1342w, https:\/\/chromsword.com\/wp-content\/uploads\/2024\/10\/autorobust-image6-300x174.png 300w, https:\/\/chromsword.com\/wp-content\/uploads\/2024\/10\/autorobust-image6-1024x593.png 1024w, https:\/\/chromsword.com\/wp-content\/uploads\/2024\/10\/autorobust-image6-768x445.png 768w\" sizes=\"(max-width: 1342px) 100vw, 1342px\" title=\"AutoRobust Ansicht\" \/>\t\t\t\t\t\t\t\t\t\t\t\t\t\t\t<\/div>\n\t\t\t\t<\/div>\n\t\t\t\t<\/div>\n\t\t\t\t\t<\/div>\n\t\t\t\t<\/section>\n\t\t\t\t<\/div>\n\t\t","protected":false},"excerpt":{"rendered":"<p>AutoRobust Verbessern Sie alte Methoden und testen Sie die Robustheit Ihrer neuen Methoden mit dem Design of Experiment (DoE) Ansatz: Erarbeitung statistischer und systematischer Ans\u00e4tze W\u00e4hlen Sie bis zu 9 Variablen und Faktoren zum Testen aus Erstellen Sie in Minutenschnelle einen einfaktoriellen oder einen multivariaten Versuchsplan Entwicklung der Methode Operable Design Region (MODR) Detaillierte Berichte [&hellip;]<\/p>\n","protected":false},"author":1,"featured_media":0,"parent":1283,"menu_order":0,"comment_status":"closed","ping_status":"closed","template":"","meta":{"_acf_changed":false,"inline_featured_image":false,"footnotes":""},"class_list":["post-1290","page","type-page","status-publish","hentry"],"acf":[],"_links":{"self":[{"href":"https:\/\/chromsword.com\/de\/wp-json\/wp\/v2\/pages\/1290","targetHints":{"allow":["GET"]}}],"collection":[{"href":"https:\/\/chromsword.com\/de\/wp-json\/wp\/v2\/pages"}],"about":[{"href":"https:\/\/chromsword.com\/de\/wp-json\/wp\/v2\/types\/page"}],"author":[{"embeddable":true,"href":"https:\/\/chromsword.com\/de\/wp-json\/wp\/v2\/users\/1"}],"replies":[{"embeddable":true,"href":"https:\/\/chromsword.com\/de\/wp-json\/wp\/v2\/comments?post=1290"}],"version-history":[{"count":0,"href":"https:\/\/chromsword.com\/de\/wp-json\/wp\/v2\/pages\/1290\/revisions"}],"up":[{"embeddable":true,"href":"https:\/\/chromsword.com\/de\/wp-json\/wp\/v2\/pages\/1283"}],"wp:attachment":[{"href":"https:\/\/chromsword.com\/de\/wp-json\/wp\/v2\/media?parent=1290"}],"curies":[{"name":"wp","href":"https:\/\/api.w.org\/{rel}","templated":true}]}}