{"id":1260,"date":"2024-10-23T14:40:29","date_gmt":"2024-10-23T11:40:29","guid":{"rendered":"https:\/\/chromsword.com\/ueber-uns\/"},"modified":"2025-11-11T14:23:03","modified_gmt":"2025-11-11T12:23:03","slug":"ueber-uns","status":"publish","type":"page","link":"https:\/\/chromsword.com\/de\/ueber-uns\/","title":{"rendered":"\u00dcber uns"},"content":{"rendered":"\t\t<div data-elementor-type=\"wp-page\" data-elementor-id=\"1260\" class=\"elementor elementor-1260 elementor-16\" data-elementor-post-type=\"page\">\n\t\t\t\t<section class=\"elementor-element elementor-element-99db3ff e-flex e-con-boxed e-con e-parent\" data-id=\"99db3ff\" data-element_type=\"container\" data-e-type=\"container\" data-settings=\"{&quot;background_background&quot;:&quot;gradient&quot;}\">\n\t\t\t\t\t<div class=\"e-con-inner\">\n\t\t<div class=\"elementor-element elementor-element-1f886b5 e-con-full e-flex e-con e-child\" data-id=\"1f886b5\" data-element_type=\"container\" data-e-type=\"container\">\n\t\t<div class=\"elementor-element elementor-element-27efb14 e-con-full e-flex e-con e-child\" data-id=\"27efb14\" data-element_type=\"container\" data-e-type=\"container\">\n\t\t\t\t<div class=\"elementor-element elementor-element-8a4af7f elementor-widget elementor-widget-heading\" data-id=\"8a4af7f\" data-element_type=\"widget\" data-e-type=\"widget\" data-widget_type=\"heading.default\">\n\t\t\t\t\t<h1 class=\"elementor-heading-title elementor-size-default\">\u00dcber uns<\/h1>\t\t\t\t<\/div>\n\t\t\t\t<div class=\"elementor-element elementor-element-ed6b6e6 elementor-widget elementor-widget-text-editor\" data-id=\"ed6b6e6\" data-element_type=\"widget\" data-e-type=\"widget\" data-widget_type=\"text-editor.default\">\n\t\t\t\t\t\t\t\t\t<p>Seit \u00fcber 30 Jahren entwickeln wir innovative Softwareprodukte zur Unterst\u00fctzung der Methodenentwicklung in der Fl\u00fcssigkeitschromatographie.<br><br>Bei ChromSword motiviert uns, wie unsere Kunden unsere Software nutzen, um L\u00f6sungen f\u00fcr Trennungsprobleme zu finden und mit dem in Verbindung zu bleiben, was ihnen am wichtigsten ist.<br><br>ChromSword ist f\u00fchrend in der Automatisierung der Methodenentwicklung. Unsere intelligente Software wird in verschiedenen gro\u00dfen Pharmalabors weltweit eingesetzt. Das ChromSword-Team besteht aus einer Gruppe hochqualifizierter HPLC- und IT-Spezialisten, die ihr Wissen in eine leistungsstarke Software zur Methodenentwicklung und -validierung \u00fcbertragen.  <br><br>ChromSword hat es sich zur Aufgabe gemacht, einen vollst\u00e4ndig integrierten und automatisierten HPLC-Methodenentwicklungs-Workflow zu liefern, der den Branchentrends und gesetzlichen Anforderungen entspricht.<\/p>\t\t\t\t\t\t\t\t<\/div>\n\t\t\t\t<\/div>\n\t\t<div class=\"elementor-element elementor-element-44ef9a0 e-con-full e-flex e-con e-child\" data-id=\"44ef9a0\" data-element_type=\"container\" data-e-type=\"container\">\n\t\t\t\t<div class=\"elementor-element elementor-element-0d5115c elementor-widget elementor-widget-image\" data-id=\"0d5115c\" data-element_type=\"widget\" data-e-type=\"widget\" data-widget_type=\"image.default\">\n\t\t\t\t\t\t\t\t\t\t\t\t\t\t\t<img decoding=\"async\" width=\"628\" height=\"725\" src=\"https:\/\/chromsword.com\/wp-content\/uploads\/2024\/10\/about-1.png\" class=\"attachment-full size-full wp-image-1254\" alt=\"\u00dcber uns\" srcset=\"https:\/\/chromsword.com\/wp-content\/uploads\/2024\/10\/about-1.png 628w, https:\/\/chromsword.com\/wp-content\/uploads\/2024\/10\/about-1-260x300.png 260w\" sizes=\"(max-width: 628px) 100vw, 628px\" title=\"\u00dcber uns\" \/>\t\t\t\t\t\t\t\t\t\t\t\t\t\t\t<\/div>\n\t\t\t\t<\/div>\n\t\t\t\t<\/div>\n\t\t\t\t\t<\/div>\n\t\t\t\t<\/section>\n\t\t<section class=\"elementor-element elementor-element-0e85f5a e-flex e-con-boxed e-con e-parent\" data-id=\"0e85f5a\" data-element_type=\"container\" data-e-type=\"container\" data-settings=\"{&quot;background_background&quot;:&quot;classic&quot;}\">\n\t\t\t\t\t<div class=\"e-con-inner\">\n\t\t<div class=\"elementor-element elementor-element-5ba70d2 e-con-full e-flex e-con e-child\" data-id=\"5ba70d2\" data-element_type=\"container\" data-e-type=\"container\">\n\t\t<div class=\"elementor-element elementor-element-be80ef7 e-con-full e-flex e-con e-child\" data-id=\"be80ef7\" data-element_type=\"container\" data-e-type=\"container\">\n\t\t\t\t<div class=\"elementor-element elementor-element-b264ed6 elementor-widget elementor-widget-heading\" data-id=\"b264ed6\" data-element_type=\"widget\" data-e-type=\"widget\" data-widget_type=\"heading.default\">\n\t\t\t\t\t<h1 class=\"elementor-heading-title elementor-size-default\">Geschichte<\/h1>\t\t\t\t<\/div>\n\t\t\t\t<\/div>\n\t\t<div class=\"elementor-element elementor-element-2190d9b e-con-full e-flex e-con e-child\" data-id=\"2190d9b\" data-element_type=\"container\" data-e-type=\"container\">\n\t\t<div class=\"elementor-element elementor-element-5e0c381 e-con-full e-flex e-con e-child\" data-id=\"5e0c381\" data-element_type=\"container\" data-e-type=\"container\">\n\t\t\t\t<div class=\"elementor-element elementor-element-9bfe988 elementor-widget elementor-widget-text-editor\" data-id=\"9bfe988\" data-element_type=\"widget\" data-e-type=\"widget\" data-widget_type=\"text-editor.default\">\n\t\t\t\t\t\t\t\t\t<p>Dr. Sergey Galushko begann 1990 mit der Entwicklung einer Theorie und einer ersten ChromDream-Software, die die Anfangsbedingungen in der Umkehrphasen-Fl\u00fcssigkeitschromatographie aus der Strukturformel der Verbindungen und den Eigenschaften der S\u00e4ule vorhersagte.<\/p><p>ChromSword\u00ae f\u00fcr die computergest\u00fctzte HPLC-Methodenentwicklung wurde zwischen 1990 und 1995 als Erweiterung der ChromDream\u00ae HPLC-Methodenentwicklungssoftware entwickelt.<\/p><p>1999 wurde die erste Version f\u00fcr die automatische HPLC-Optimierung in Zusammenarbeit mit der Merck KGaA (Darmstadt, Deutschland) entwickelt und auf den Markt gebracht. In Zusammenarbeit mit VWR International Scientific Instruments, Darmstadt, Deutschland, Hitachi High Technologies America, San Jose, Kalifornien, USA, und Scientific Software Inc. in Pleasanton, Kalifornien, USA, wurden Versionen f\u00fcr Hitachi LaChrom und LaChromElite Hardware und EZChromElite Software auf den Markt gebracht. <\/p><p>Im Jahr 2000 wurde die erste Version von ChromSwordAuto zur Unterst\u00fctzung der Systeme Waters Millennium und Alliance LC eingef\u00fchrt.<br>Eine sp\u00e4tere Partnerschaft mit Agilent Technologies f\u00fchrte zur Entwicklung einer leistungsf\u00e4higeren Version, die Agilent 1100\/1200\/1290 LC- und LC\/MS-Systeme mit bis zu 8 S\u00e4ulen und bis zu 15 L\u00f6sungsmittelselektoren unterst\u00fctzt.<\/p><p>In Zusammenarbeit mit Dionex Thermo Scientific wurden die Versionen ChromSwordAuto und AutoRobust entwickelt, die die automatische Methodenentwicklung und Robustheitstests mit dem Chromeleon-Datensystem, Dionex Thermo Scientific instruments Ultimate und Agilent LC-Systemen unterst\u00fctzen.<\/p>\t\t\t\t\t\t\t\t<\/div>\n\t\t\t\t<\/div>\n\t\t<div class=\"elementor-element elementor-element-a25b35f e-con-full e-flex e-con e-child\" data-id=\"a25b35f\" data-element_type=\"container\" data-e-type=\"container\">\n\t\t\t\t<div class=\"elementor-element elementor-element-ed29960 elementor-widget elementor-widget-text-editor\" data-id=\"ed29960\" data-element_type=\"widget\" data-e-type=\"widget\" data-widget_type=\"text-editor.default\">\n\t\t\t\t\t\t\t\t\t<p>Derzeit verf\u00fcgt Chromsword \u00fcber eine starke Partnerschaft und Unterst\u00fctzung bei der automatischen Methodenentwicklung mit Ger\u00e4ten von Agilent, Hitachi, Thermo und Waters.<\/p><p>Im Jahr 2009 wurde die Version ChromSwordAuto 4.0 Professional mit Unterst\u00fctzung f\u00fcr mehrere Instrumente eingef\u00fchrt. Diese Version f\u00fchrte vollautomatische Methodenentwicklungsaufgaben wie Methodenscouting (Screening), schnelle Optimierung des Gradienten, Feinoptimierung des Gradienten, Robustheitsstudien und Berichterstellung durch. ChromSwordAuto 4.0 steuert Hitachi, Waters, Agilent, Knauer, Dionex HPLC- und UHPLC-Ger\u00e4te und folgende Datensysteme: Agilent EZchromElite, ChemStation, Waters Empower, Dionex Chromeleon und Knauer ChromGate.  <\/p><p>Im Jahr 2015 wurde eine neue Version von ChromSword 5.0 ver\u00f6ffentlicht. Diese Version wurde auf einer komplett neuen Plattform entwickelt und war ein gro\u00dfer Schritt f\u00fcr ChromSword, da sie eine direkte Kontrolle \u00fcber HPLC-Ger\u00e4te bietet. Die Version hat einen gro\u00dfen Fokus auf Arbeitseffizienz und Benutzerfreundlichkeit f\u00fcr den Endbenutzer. Gleichzeitig wurde viel Arbeit in die Verbesserung der Algorithmen gesteckt, mit besonderem Fokus auf gro\u00dfe Molek\u00fcle.   <\/p><p>Im Jahr 2005 wurde die neue Firma &#8222;ChromSword Baltic HPLC Specialists&#8220; Ltd. gegr\u00fcndet. Das Unternehmen konzentriert sich auf die Entwicklung neuer Produkte und den weltweiten Vertrieb. <\/p><p>Das Ziel des Unternehmens ist es, den Kunden die intelligentesten L\u00f6sungen f\u00fcr die Entwicklung von HPLC-Methoden anzubieten. Wir aktualisieren und verbessern unsere Software st\u00e4ndig.<\/p><p>Im Jahr 2022 wurde die Standortlizenz mit dem Ziel eingef\u00fchrt, den analytischen Laboratorien volle Flexibilit\u00e4t und Effizienz in \u00dcbereinstimmung mit den AQbD-Anforderungen und den ICH-Richtlinien zu bieten. <\/p>\t\t\t\t\t\t\t\t<\/div>\n\t\t\t\t<\/div>\n\t\t\t\t<\/div>\n\t\t\t\t<\/div>\n\t\t\t\t\t<\/div>\n\t\t\t\t<\/section>\n\t\t\t\t<\/div>\n\t\t","protected":false},"excerpt":{"rendered":"<p>\u00dcber uns Seit \u00fcber 30 Jahren entwickeln wir innovative Softwareprodukte zur Unterst\u00fctzung der Methodenentwicklung in der Fl\u00fcssigkeitschromatographie. Bei ChromSword motiviert uns, wie unsere Kunden unsere Software nutzen, um L\u00f6sungen f\u00fcr Trennungsprobleme zu finden und mit dem in Verbindung zu bleiben, was ihnen am wichtigsten ist. ChromSword ist f\u00fchrend in der Automatisierung der Methodenentwicklung. Unsere intelligente [&hellip;]<\/p>\n","protected":false},"author":1,"featured_media":0,"parent":0,"menu_order":0,"comment_status":"closed","ping_status":"closed","template":"","meta":{"_acf_changed":false,"inline_featured_image":false,"footnotes":""},"class_list":["post-1260","page","type-page","status-publish","hentry"],"acf":[],"_links":{"self":[{"href":"https:\/\/chromsword.com\/de\/wp-json\/wp\/v2\/pages\/1260","targetHints":{"allow":["GET"]}}],"collection":[{"href":"https:\/\/chromsword.com\/de\/wp-json\/wp\/v2\/pages"}],"about":[{"href":"https:\/\/chromsword.com\/de\/wp-json\/wp\/v2\/types\/page"}],"author":[{"embeddable":true,"href":"https:\/\/chromsword.com\/de\/wp-json\/wp\/v2\/users\/1"}],"replies":[{"embeddable":true,"href":"https:\/\/chromsword.com\/de\/wp-json\/wp\/v2\/comments?post=1260"}],"version-history":[{"count":3,"href":"https:\/\/chromsword.com\/de\/wp-json\/wp\/v2\/pages\/1260\/revisions"}],"predecessor-version":[{"id":2177,"href":"https:\/\/chromsword.com\/de\/wp-json\/wp\/v2\/pages\/1260\/revisions\/2177"}],"wp:attachment":[{"href":"https:\/\/chromsword.com\/de\/wp-json\/wp\/v2\/media?parent=1260"}],"curies":[{"name":"wp","href":"https:\/\/api.w.org\/{rel}","templated":true}]}}